{"id":28175,"date":"2026-01-21T23:17:23","date_gmt":"2026-01-21T23:17:23","guid":{"rendered":"https:\/\/www.racefinder.pt\/?post_type=product&#038;p=28175"},"modified":"2026-03-25T15:15:41","modified_gmt":"2026-03-25T15:15:41","slug":"trail-mineiro","status":"publish","type":"product","link":"https:\/\/racefinder.pt\/pt\/event\/trail-mineiro\/","title":{"rendered":"Trail Mineiro"},"content":{"rendered":"","protected":false},"excerpt":{"rendered":"","protected":false},"featured_media":31111,"comment_status":"open","ping_status":"closed","template":"","meta":{"_acf_changed":false,"footnotes":""},"product_brand":[],"product_cat":[139,140,129],"product_tag":[],"class_list":{"0":"post-28175","1":"product","2":"type-product","3":"status-publish","4":"has-post-thumbnail","6":"product_cat-trail-run-pt","7":"product_cat-caminhada","8":"product_cat-corrida","10":"first","11":"instock","12":"shipping-taxable","13":"purchasable","14":"product-type-variable"},"acf":{"event_short_description":"<p>A 3\u00aa edi\u00e7\u00e3o do Trail Mineiro \u00e9 uma prova de atletismo em natureza que se realiza a 24 de maio de 2026, em Aljustrel, Beja, Portugal. Oferece tr\u00eas dist\u00e2ncias: Trail Sprint (24 km), Mini Trail (12 km) e Caminhada (8 km).<\/p>\n<p>Aberto a atletas federados e n\u00e3o federados de todos os n\u00edveis, o evento aceita participantes individuais e coletivos em v\u00e1rias categorias et\u00e1rias. Os percursos decorrem maioritariamente em trilhos naturais e caminhos de terra, destacando o patrim\u00f3nio mineiro e as paisagens naturais singulares de Aljustrel.<\/p>\n<p>O evento promove a supera\u00e7\u00e3o pessoal, o esp\u00edrito desportivo e a valoriza\u00e7\u00e3o do territ\u00f3rio local, com uma atmosfera amig\u00e1vel e inclusiva para corredores e caminhantes.<\/p>\n","organizer_description":"<p><strong><a class=\"\" href=\"https:\/\/assets.acorrer.pt\/media\/8619\/6970c5f18be70_Regulamento.pdf\" target=\"_new\" rel=\"noopener\">Regulamento \u2197<\/a><\/strong><\/p>\n<p><strong>Locais de partida\/chegada:<\/strong> Est\u00e1dio Municipal, Piscinas Cobertas e Pavilh\u00e3o Municipal, Aljustrel<\/p>\n<p><strong>Hor\u00e1rios de partida por categoria\/dist\u00e2ncia:<\/strong><br \/>\n\u2022 Trail Sprint e Mini Trail: 09:00<br \/>\n\u2022 Caminhada: 09:30<\/p>\n<p><strong>Escal\u00f5es\/categorias:<\/strong><br \/>\n\u2022 M Juvenil (16-17 anos, at\u00e9 12 km)<br \/>\n\u2022 F Juvenil (16-17 anos, at\u00e9 12 km)<br \/>\n\u2022 M J\u00fanior (18-19 anos, at\u00e9 25 km)<br \/>\n\u2022 F J\u00fanior (18-19 anos, at\u00e9 25 km)<br \/>\n\u2022 M Sub23 (20-22 anos)<br \/>\n\u2022 F Sub23 (20-22 anos)<br \/>\n\u2022 M Seniores (23-34 anos)<br \/>\n\u2022 F Seniores (23-34 anos)<br \/>\n\u2022 M35 (35-39 anos)<br \/>\n\u2022 F35 (35-39 anos)<br \/>\n\u2022 M40 (40-44 anos)<br \/>\n\u2022 F40 (40-44 anos)<br \/>\n\u2022 M45 (45-49 anos)<br \/>\n\u2022 F45 (45-49 anos)<br \/>\n\u2022 M50 (50-54 anos)<br \/>\n\u2022 F50 (50-54 anos)<br \/>\n\u2022 M55 (55-59 anos)<br \/>\n\u2022 F55 (55-59 anos)<br \/>\n\u2022 M60 (60-64 anos)<br \/>\n\u2022 F60 (60-64 anos)<br \/>\n\u2022 M65 (65-69 anos)<br \/>\n\u2022 F65 (65-69 anos)<br \/>\n\u2022 M70 (70+ anos)<br \/>\n\u2022 F70 (70+ anos)<\/p>\n<p><strong>Levantamento de dorsais (data\/hora e local):<\/strong><br \/>\n\u2022 22 e 23 de maio, das 10h00 \u00e0s 19h00, no Secretariado da Feira de Desporto e Sa\u00fade de Aljustrel<br \/>\n\u2022 Dia 24 de maio, a partir das 07h00, no local da partida<\/p>\n<p><strong>Tipos de piso:<\/strong> Maioritariamente trilhos naturais, caminhos rurais e estradas de terra batida, com pequenos tro\u00e7os alcatroados perto da partida e chegada<\/p>\n<p><strong>Percursos da prova:<\/strong> Trail Sprint (24 km), Mini Trail (12 km), Caminhada (8 km)<\/p>\n<p><strong>Pr\u00e9mios:<\/strong> Os pr\u00e9mios destinam-se aos 3 primeiros classificados na classifica\u00e7\u00e3o geral.<\/p>\n","race_benefits":"<p>\ud83d\udee1\ufe0f Seguro: seguro de acidentes pessoais v\u00e1lido durante a prova<br \/>\n\ud83e\udd64 Abastecimentos: l\u00edquidos e s\u00f3lidos dispon\u00edveis ao longo do percurso<br \/>\n\ud83c\udfc6 Os pr\u00e9mios destinam-se aos 3 primeiros classificados na classifica\u00e7\u00e3o geral.<br \/>\n\ud83c\udfbd Todos os participantes recebem lembran\u00e7as\/ofertas<br \/>\n\ud83d\udedf Apoio de emerg\u00eancia assegurado pelos Bombeiros de Aljustrel e elementos da organiza\u00e7\u00e3o ao longo do percurso<\/p>\n","event_date_start":"20260524","event_date_end":"20260524","event_start_time":"","event_country":"portugal","event_rating":"","event_participants_count":"0","organizer_avatar":false,"event_gallery":false,"event_location_text":"Aljustrel, Beja","event_latitude":"37.8763","event_longitude":"-8.1648","event_faq_headline":"","event_faq_items":false,"event_ticket_url":"","event_full_address":"","organizer_name":"","is_hot_event":false,"purchasing_all_variations_through_woocommerce":false,"organizer_website":{"title":"","url":"","target":"","0":""},"optional_extras":false},"_links":{"self":[{"href":"https:\/\/racefinder.pt\/pt\/wp-json\/wp\/v2\/product\/28175","targetHints":{"allow":["GET"]}}],"collection":[{"href":"https:\/\/racefinder.pt\/pt\/wp-json\/wp\/v2\/product"}],"about":[{"href":"https:\/\/racefinder.pt\/pt\/wp-json\/wp\/v2\/types\/product"}],"replies":[{"embeddable":true,"href":"https:\/\/racefinder.pt\/pt\/wp-json\/wp\/v2\/comments?post=28175"}],"version-history":[{"count":1,"href":"https:\/\/racefinder.pt\/pt\/wp-json\/wp\/v2\/product\/28175\/revisions"}],"predecessor-version":[{"id":31125,"href":"https:\/\/racefinder.pt\/pt\/wp-json\/wp\/v2\/product\/28175\/revisions\/31125"}],"wp:featuredmedia":[{"embeddable":true,"href":"https:\/\/racefinder.pt\/pt\/wp-json\/wp\/v2\/media\/31111"}],"wp:attachment":[{"href":"https:\/\/racefinder.pt\/pt\/wp-json\/wp\/v2\/media?parent=28175"}],"wp:term":[{"taxonomy":"product_brand","embeddable":true,"href":"https:\/\/racefinder.pt\/pt\/wp-json\/wp\/v2\/product_brand?post=28175"},{"taxonomy":"product_cat","embeddable":true,"href":"https:\/\/racefinder.pt\/pt\/wp-json\/wp\/v2\/product_cat?post=28175"},{"taxonomy":"product_tag","embeddable":true,"href":"https:\/\/racefinder.pt\/pt\/wp-json\/wp\/v2\/product_tag?post=28175"}],"curies":[{"name":"wp","href":"https:\/\/api.w.org\/{rel}","templated":true}]}}