{"id":27695,"date":"2026-01-20T19:14:06","date_gmt":"2026-01-20T19:14:06","guid":{"rendered":"https:\/\/www.racefinder.pt\/?post_type=product&#038;p=27695"},"modified":"2026-01-23T12:46:30","modified_gmt":"2026-01-23T12:46:30","slug":"trail-dos-diabos-2026-vinhais","status":"publish","type":"product","link":"https:\/\/racefinder.pt\/pt\/event\/trail-dos-diabos-2026-vinhais\/","title":{"rendered":"Trail dos Diabos 2026 &#8211; Vinhais"},"content":{"rendered":"","protected":false},"excerpt":{"rendered":"","protected":false},"featured_media":28401,"comment_status":"open","ping_status":"closed","template":"","meta":{"_acf_changed":false,"footnotes":""},"product_brand":[],"product_cat":[140,129,139],"product_tag":[],"class_list":{"0":"post-27695","1":"product","2":"type-product","3":"status-publish","4":"has-post-thumbnail","6":"product_cat-caminhada","7":"product_cat-corrida","8":"product_cat-trail-run-pt","10":"first","11":"instock","12":"shipping-taxable","13":"purchasable","14":"product-type-variable"},"acf":{"event_short_description":"<p>O 7\u00ba Trail dos Diabos \u00e9 uma prova de trail running que se realiza a 21 de fevereiro de 2026, em Vinhais, Portugal. A corrida apresenta uma dist\u00e2ncia \u00fanica de aproximadamente 16 km, com partida e chegada no centro de Vinhais.<\/p>\n<p>A competi\u00e7\u00e3o est\u00e1 aberta a atletas filiados na Federa\u00e7\u00e3o Portuguesa de Atletismo e a populares em representa\u00e7\u00e3o individual, sendo que atletas estrangeiros s\u00f3 podem participar mediante convite. Existem v\u00e1rias categorias et\u00e1rias desde Sub-20 at\u00e9 Veterano 70+.<\/p>\n<p>Os participantes ir\u00e3o percorrer trilhos naturais do Parque Natural de Montesinho e vivenciar a atmosfera cultural associada \u00e0 tradicional celebra\u00e7\u00e3o dos Diabos em Vinhais. No mesmo dia realiza-se tamb\u00e9m uma caminhada n\u00e3o competitiva.<\/p>\n","organizer_description":"<p><strong><a class=\"\" href=\"https:\/\/www.sinctime.com\/storage\/files\/eventos\/43b8\/0913\/8765\/4e5f\/a475\/25a0\/d9cc\/99f1.pdf\" target=\"_new\" rel=\"noopener\">Regulamento \u2197<\/a><\/strong><\/p>\n<p><strong>Locais de partida\/chegada:<\/strong> Partida e chegada no centro de Vinhais<\/p>\n<p><strong>Hor\u00e1rios de partida por categoria\/dist\u00e2ncia:<\/strong> 09:30 para todas as categorias e caminhada<\/p>\n<p><strong>Prazo de inscri\u00e7\u00e3o:<\/strong> 17 de fevereiro de 2026<\/p>\n<p><strong>Levantamento de dorsais (data\/hora e local):<\/strong> A partir das 08:30 no local do secretariado at\u00e9 30 minutos antes da prova<\/p>\n<p><strong>Escal\u00f5es\/categorias:<\/strong><br \/>\n\u2022 Sub-20 (16-19 anos)<br \/>\n\u2022 S\u00e9nior (20-39 anos)<br \/>\n\u2022 Veterano 40 (40-49 anos)<br \/>\n\u2022 Veterano 50 (50-59 anos)<br \/>\n\u2022 Veterano 60 (60-69 anos)<br \/>\n\u2022 Veterano 70+ (70 anos ou mais)<\/p>\n<p><strong>Pr\u00e9mios:<\/strong> Trof\u00e9us para os tr\u00eas primeiros classificados por categoria e g\u00e9nero; pr\u00e9mios monet\u00e1rios para os 10 primeiros classificados gerais masculinos e femininos<\/p>\n<p><strong>Tipos de piso:<\/strong> Trilhos naturais no Parque Natural de Montesinho<\/p>\n<p><strong>WC e localiza\u00e7\u00e3o dos abastecimentos:<\/strong> Banho quente dispon\u00edvel ap\u00f3s a prova no Complexo das Piscinas Cobertas em Vinhais<\/p>\n<p><strong>Formato do percurso:<\/strong> Prova de trail com cerca de 16 km<\/p>\n","race_benefits":"","event_date_start":"20260221","event_date_end":"20260221","event_start_time":"","event_country":"portugal","event_ticket_url":"https:\/\/www.sinctime.com\/evento\/438","event_latitude":"41.8336","event_longitude":"-7.0077","event_rating":"","is_hot_event":false,"event_participants_count":"0","organizer_avatar":false,"event_gallery":false,"event_location_text":"Vinhais","organizer_website":{"title":"","url":"","target":"","0":""}},"_links":{"self":[{"href":"https:\/\/racefinder.pt\/pt\/wp-json\/wp\/v2\/product\/27695","targetHints":{"allow":["GET"]}}],"collection":[{"href":"https:\/\/racefinder.pt\/pt\/wp-json\/wp\/v2\/product"}],"about":[{"href":"https:\/\/racefinder.pt\/pt\/wp-json\/wp\/v2\/types\/product"}],"replies":[{"embeddable":true,"href":"https:\/\/racefinder.pt\/pt\/wp-json\/wp\/v2\/comments?post=27695"}],"version-history":[{"count":0,"href":"https:\/\/racefinder.pt\/pt\/wp-json\/wp\/v2\/product\/27695\/revisions"}],"wp:featuredmedia":[{"embeddable":true,"href":"https:\/\/racefinder.pt\/pt\/wp-json\/wp\/v2\/media\/28401"}],"wp:attachment":[{"href":"https:\/\/racefinder.pt\/pt\/wp-json\/wp\/v2\/media?parent=27695"}],"wp:term":[{"taxonomy":"product_brand","embeddable":true,"href":"https:\/\/racefinder.pt\/pt\/wp-json\/wp\/v2\/product_brand?post=27695"},{"taxonomy":"product_cat","embeddable":true,"href":"https:\/\/racefinder.pt\/pt\/wp-json\/wp\/v2\/product_cat?post=27695"},{"taxonomy":"product_tag","embeddable":true,"href":"https:\/\/racefinder.pt\/pt\/wp-json\/wp\/v2\/product_tag?post=27695"}],"curies":[{"name":"wp","href":"https:\/\/api.w.org\/{rel}","templated":true}]}}