{"id":27656,"date":"2026-01-20T19:07:09","date_gmt":"2026-01-20T19:07:09","guid":{"rendered":"https:\/\/www.racefinder.pt\/?post_type=product&#038;p=27656"},"modified":"2026-02-03T12:45:00","modified_gmt":"2026-02-03T12:45:00","slug":"corrida-4-estacoes-coimbrashopping-2026","status":"publish","type":"product","link":"https:\/\/racefinder.pt\/pt\/event\/corrida-4-estacoes-coimbrashopping-2026\/","title":{"rendered":"Corrida 4 Esta\u00e7\u00f5es CoimbraShopping 2026"},"content":{"rendered":"","protected":false},"excerpt":{"rendered":"","protected":false},"featured_media":30412,"comment_status":"open","ping_status":"closed","template":"","meta":{"_acf_changed":false,"footnotes":""},"product_brand":[],"product_cat":[140,129,225],"product_tag":[],"class_list":{"0":"post-27656","1":"product","2":"type-product","3":"status-publish","4":"has-post-thumbnail","6":"product_cat-caminhada","7":"product_cat-corrida","8":"product_cat-10-km-pt","10":"first","11":"instock","12":"shipping-taxable","13":"purchasable","14":"product-type-variable"},"acf":{"event_short_description":"<p>A Corrida 4 Esta\u00e7\u00f5es CoimbraShopping 2026 \u00e9 um evento de corrida com prova de 10 km e caminhada de 5 km. Realiza-se em Coimbra, Portugal, e \u00e9 aberta a participantes com 18 anos ou mais.<\/p>\n<p>O evento aceita atletas federados e n\u00e3o federados, promovendo um ambiente inclusivo para todos os n\u00edveis. Faz parte do circuito Corrida 4 Esta\u00e7\u00f5es Portugal, oferecendo uma competi\u00e7\u00e3o amig\u00e1vel e acess\u00edvel.<\/p>\n","organizer_description":"<p><strong><a class=\"\" href=\"https:\/\/goinonline.pt\/home\/athlete\/6c53091172c8ece5dd1e004f34efde3de1274a54f6bbab6740\" target=\"_new\" rel=\"noopener\">Regulamento \u2197<\/a><\/strong><\/p>\n<p><strong>Escal\u00f5es\/categorias:<\/strong><br \/>\n\u2022 Caixa A Masculinos menos 40min<br \/>\n\u2022 Caixa A Feminino menos 50min<br \/>\n\u2022 Caixa B Masculinos 40min a 45min<br \/>\n\u2022 Caixa B Feminino 50min a 55min<br \/>\n\u2022 Caixa C Masculinos mais de 46min<br \/>\n\u2022 Caixa C Femininos mais de 56min<\/p>\n","race_benefits":"","event_date_start":"20260215","event_date_end":"20260215","event_start_time":"","event_country":"portugal","event_ticket_url":"https:\/\/corrida4estacoesportugal.wordpress.com\/inscricoes-26\/","event_latitude":"40.2111","event_longitude":"-8.4294","event_rating":"","is_hot_event":false,"event_participants_count":"0","organizer_avatar":false,"event_gallery":false,"event_location_text":"Coimbra","organizer_website":{"title":"","url":"","target":"","0":""}},"_links":{"self":[{"href":"https:\/\/racefinder.pt\/pt\/wp-json\/wp\/v2\/product\/27656","targetHints":{"allow":["GET"]}}],"collection":[{"href":"https:\/\/racefinder.pt\/pt\/wp-json\/wp\/v2\/product"}],"about":[{"href":"https:\/\/racefinder.pt\/pt\/wp-json\/wp\/v2\/types\/product"}],"replies":[{"embeddable":true,"href":"https:\/\/racefinder.pt\/pt\/wp-json\/wp\/v2\/comments?post=27656"}],"version-history":[{"count":1,"href":"https:\/\/racefinder.pt\/pt\/wp-json\/wp\/v2\/product\/27656\/revisions"}],"predecessor-version":[{"id":30414,"href":"https:\/\/racefinder.pt\/pt\/wp-json\/wp\/v2\/product\/27656\/revisions\/30414"}],"wp:featuredmedia":[{"embeddable":true,"href":"https:\/\/racefinder.pt\/pt\/wp-json\/wp\/v2\/media\/30412"}],"wp:attachment":[{"href":"https:\/\/racefinder.pt\/pt\/wp-json\/wp\/v2\/media?parent=27656"}],"wp:term":[{"taxonomy":"product_brand","embeddable":true,"href":"https:\/\/racefinder.pt\/pt\/wp-json\/wp\/v2\/product_brand?post=27656"},{"taxonomy":"product_cat","embeddable":true,"href":"https:\/\/racefinder.pt\/pt\/wp-json\/wp\/v2\/product_cat?post=27656"},{"taxonomy":"product_tag","embeddable":true,"href":"https:\/\/racefinder.pt\/pt\/wp-json\/wp\/v2\/product_tag?post=27656"}],"curies":[{"name":"wp","href":"https:\/\/api.w.org\/{rel}","templated":true}]}}