{"id":26900,"date":"2026-01-15T12:27:36","date_gmt":"2026-01-15T12:27:36","guid":{"rendered":"https:\/\/www.racefinder.pt\/?post_type=product&#038;p=26900"},"modified":"2026-01-16T13:24:01","modified_gmt":"2026-01-16T13:24:01","slug":"spirit-of-78-triathlon","status":"publish","type":"product","link":"https:\/\/racefinder.pt\/pt\/event\/spirit-of-78-triathlon\/","title":{"rendered":"Spirit of 78 Triathlon"},"content":{"rendered":"","protected":false},"excerpt":{"rendered":"","protected":false},"featured_media":27381,"comment_status":"open","ping_status":"closed","template":"","meta":{"_acf_changed":false,"footnotes":""},"product_brand":[],"product_cat":[132,252],"product_tag":[],"class_list":{"0":"post-26900","1":"product","2":"type-product","3":"status-publish","4":"has-post-thumbnail","6":"product_cat-triatlo","7":"product_cat-triatlo-de-longa-distancia","9":"first","10":"instock","11":"shipping-taxable","12":"purchasable","13":"product-type-variable"},"acf":{"event_short_description":"<p>O Spirit of 78 Triathlon \u00e9 um evento de triatlo \u00fanico que se realiza a 10 de outubro de 2026, na margem do rio Douro, entre Porto e Gondomar, Portugal. A partida e chegada s\u00e3o no Freixo \u2013 Porto, homenageando o esp\u00edrito do triatlo original do Havai de 1978, com foco na espontaneidade, amizade e ambiente festivo.<\/p>\n<p>A participa\u00e7\u00e3o \u00e9 limitada a 80 atletas, incluindo finishers de edi\u00e7\u00f5es anteriores e selecionados. O evento preserva as condi\u00e7\u00f5es originais de competi\u00e7\u00e3o, incluindo nata\u00e7\u00e3o em \u00e1guas abertas supervisionada por amigos em embarca\u00e7\u00f5es e tr\u00e2nsito aberto com cumprimento das regras de tr\u00e2nsito. Os atletas s\u00e3o respons\u00e1veis pelas suas pr\u00f3prias equipas de apoio para alimenta\u00e7\u00e3o e hidrata\u00e7\u00e3o, promovendo um ambiente comunit\u00e1rio e de apoio.<\/p>\n","organizer_description":"<p><strong><a class=\"\" href=\"https:\/\/www.spiritof78.com\/aprova.html\" target=\"_new\" rel=\"noopener\">Regulamento \u2197<\/a><\/strong><\/p>\n<p><strong>Limite de participantes:<\/strong> 80 atletas no m\u00e1ximo<\/p>\n<p><strong>Prazo de inscri\u00e7\u00e3o:<\/strong> 1 de janeiro a 30 de abril de 2026<\/p>\n<p><strong>Locais de partida\/chegada:<\/strong> Freixo \u2013 Porto<\/p>\n<p><strong>Percursos da prova:<\/strong> Margem do rio Douro entre Freixo e barragem de Crestuma, com dois parques de transi\u00e7\u00e3o: PT1 atr\u00e1s do Pal\u00e1cio do Freixo e PT2 na entrada do parque de estacionamento da Marina do Freixo<\/p>\n<p><strong>WC e localiza\u00e7\u00e3o dos abastecimentos:<\/strong> Um posto de abastecimento no PT2 (Marina do Freixo), abastecimento no ciclismo a cada 30 km e na corrida a cada 3,5 km; os atletas devem coordenar as suas pr\u00f3prias equipas de apoio<\/p>\n","race_benefits":"","event_date_start":"20261010","event_date_end":"20261010","event_start_time":"","event_country":"portugal","event_ticket_url":"https:\/\/www.spiritof78.com\/inscricoesso78.html","event_latitude":"41.1502","event_longitude":"-8.6103","event_rating":"","is_hot_event":false,"event_participants_count":"0","organizer_website":{"title":"","url":"","target":"","0":""},"organizer_avatar":false,"event_gallery":false},"_links":{"self":[{"href":"https:\/\/racefinder.pt\/pt\/wp-json\/wp\/v2\/product\/26900","targetHints":{"allow":["GET"]}}],"collection":[{"href":"https:\/\/racefinder.pt\/pt\/wp-json\/wp\/v2\/product"}],"about":[{"href":"https:\/\/racefinder.pt\/pt\/wp-json\/wp\/v2\/types\/product"}],"replies":[{"embeddable":true,"href":"https:\/\/racefinder.pt\/pt\/wp-json\/wp\/v2\/comments?post=26900"}],"version-history":[{"count":0,"href":"https:\/\/racefinder.pt\/pt\/wp-json\/wp\/v2\/product\/26900\/revisions"}],"wp:featuredmedia":[{"embeddable":true,"href":"https:\/\/racefinder.pt\/pt\/wp-json\/wp\/v2\/media\/27381"}],"wp:attachment":[{"href":"https:\/\/racefinder.pt\/pt\/wp-json\/wp\/v2\/media?parent=26900"}],"wp:term":[{"taxonomy":"product_brand","embeddable":true,"href":"https:\/\/racefinder.pt\/pt\/wp-json\/wp\/v2\/product_brand?post=26900"},{"taxonomy":"product_cat","embeddable":true,"href":"https:\/\/racefinder.pt\/pt\/wp-json\/wp\/v2\/product_cat?post=26900"},{"taxonomy":"product_tag","embeddable":true,"href":"https:\/\/racefinder.pt\/pt\/wp-json\/wp\/v2\/product_tag?post=26900"}],"curies":[{"name":"wp","href":"https:\/\/api.w.org\/{rel}","templated":true}]}}