{"id":26583,"date":"2026-01-13T23:05:54","date_gmt":"2026-01-13T23:05:54","guid":{"rendered":"https:\/\/www.racefinder.pt\/?post_type=product&#038;p=26583"},"modified":"2026-03-31T16:21:19","modified_gmt":"2026-03-31T15:21:19","slug":"duatlo-de-vinhais","status":"publish","type":"product","link":"https:\/\/racefinder.pt\/pt\/event\/duatlo-de-vinhais\/","title":{"rendered":"Duatlo de Vinhais"},"content":{"rendered":"","protected":false},"excerpt":{"rendered":"","protected":false},"featured_media":26821,"comment_status":"open","ping_status":"closed","template":"","meta":{"_acf_changed":false,"footnotes":""},"product_brand":[],"product_cat":[141,239],"product_tag":[],"class_list":{"0":"post-26583","1":"product","2":"type-product","3":"status-publish","4":"has-post-thumbnail","6":"product_cat-duatlo","7":"product_cat-duatlo-2","9":"first","10":"instock","11":"shipping-taxable","12":"purchasable","13":"product-type-variable"},"acf":{"event_short_description":"<p data-start=\"689\" data-end=\"962\">O Duatlo de Vinhais realiza-se a 10 de maio de 2026, em Vinhais, e inclui um campeonato jovem e uma prova aberta no formato de duatlo cross. A competi\u00e7\u00e3o combina segmentos de corrida e ciclismo em percursos mistos, com passagem pelo Est\u00e1dio Municipal e zonas envolventes.<\/p>\n<p data-start=\"964\" data-end=\"1167\">Destinado a atletas de v\u00e1rios n\u00edveis, desde jovens iniciantes a adultos, o evento promove o desenvolvimento competitivo num ambiente acess\u00edvel e organizado, com apoio da Federa\u00e7\u00e3o de Triatlo de Portugal.<\/p>\n","organizer_description":"<p data-start=\"2351\" data-end=\"2408\"><a href=\"https:\/\/www.federacao-triatlo.pt\/ftp2015\/wp-content\/uploads\/2026\/03\/2026-05-10-regulamento-duatlo-vinhais-rev03.pdf\">Regulamento \u2197<\/a><\/p>\n<p data-start=\"2410\" data-end=\"2499\"><strong data-start=\"2410\" data-end=\"2419\">Data:<\/strong> 10 de maio de 2026<br data-start=\"2438\" data-end=\"2441\" \/><strong data-start=\"2441\" data-end=\"2451\">Local:<\/strong> Vinhais, Portugal<br data-start=\"2469\" data-end=\"2472\" \/><strong data-start=\"2472\" data-end=\"2491\">Hora de in\u00edcio:<\/strong> 10:00<\/p>\n<p data-start=\"2501\" data-end=\"2522\"><strong data-start=\"2501\" data-end=\"2520\">Tipos de prova:<\/strong><\/p>\n<ul data-start=\"2523\" data-end=\"2566\">\n<li data-section-id=\"avn2z4\" data-start=\"2523\" data-end=\"2549\">Campeonato Norte Jovem<\/li>\n<li data-section-id=\"pr7fhv\" data-start=\"2550\" data-end=\"2566\">Prova Aberta<\/li>\n<\/ul>\n<p data-start=\"2568\" data-end=\"2585\"><strong data-start=\"2568\" data-end=\"2583\">Dist\u00e2ncias:<\/strong><\/p>\n<ul data-start=\"2586\" data-end=\"2810\">\n<li data-section-id=\"ky99sh\" data-start=\"2586\" data-end=\"2696\">Escal\u00f5es jovens: dist\u00e2ncias adaptadas por idade (350m\u20132000m corrida \/ 1km\u20138km ciclismo \/ 200m\u20131km corrida)<\/li>\n<li data-section-id=\"18xrulv\" data-start=\"2697\" data-end=\"2810\">Prova aberta:\n<ul data-start=\"2717\" data-end=\"2810\">\n<li data-section-id=\"9s72t8\" data-start=\"2717\" data-end=\"2733\">2 km corrida<\/li>\n<li data-section-id=\"50th9n\" data-start=\"2736\" data-end=\"2753\">8 km ciclismo<\/li>\n<li data-section-id=\"1dyh5r6\" data-start=\"2756\" data-end=\"2810\">1 km corrida<\/li>\n<\/ul>\n<\/li>\n<\/ul>\n<p data-start=\"2812\" data-end=\"2827\"><strong data-start=\"2812\" data-end=\"2825\">Percurso:<\/strong><\/p>\n<ul data-start=\"2828\" data-end=\"2969\">\n<li data-section-id=\"1mgj2ry\" data-start=\"2828\" data-end=\"2921\">Terreno misto: tartan, alcatr\u00e3o e paralelo (corrida) e terra batida + alcatr\u00e3o (ciclismo)<\/li>\n<li data-section-id=\"mgswc5\" data-start=\"2922\" data-end=\"2969\">Desn\u00edvel reduzido e dificuldade m\u00e9dia\/baixa<\/li>\n<\/ul>\n<p data-start=\"2971\" data-end=\"2989\"><strong data-start=\"2971\" data-end=\"2987\">Localiza\u00e7\u00e3o:<\/strong><\/p>\n<ul data-start=\"2990\" data-end=\"3062\">\n<li data-section-id=\"1a6ihip\" data-start=\"2990\" data-end=\"3036\">Partida\/Meta: Est\u00e1dio Municipal de Vinhais<\/li>\n<li data-section-id=\"6poydh\" data-start=\"3037\" data-end=\"3062\">Percursos envolventes<\/li>\n<\/ul>\n<p data-start=\"3064\" data-end=\"3159\"><strong data-start=\"3064\" data-end=\"3093\">Data limite de inscri\u00e7\u00e3o:<\/strong> 4 de maio de 2026 (23:59)<\/p>\n<p data-start=\"3161\" data-end=\"3174\"><strong data-start=\"3161\" data-end=\"3172\">Pre\u00e7os:<\/strong><\/p>\n<ul data-start=\"3175\" data-end=\"3319\">\n<li data-section-id=\"1i5reyu\" data-start=\"3175\" data-end=\"3205\">Jovens (federados): 2,50 \u20ac<\/li>\n<li data-section-id=\"1syyig6\" data-start=\"3206\" data-end=\"3240\">Jovens (n\u00e3o federados): 5,00 \u20ac<\/li>\n<li data-section-id=\"1bbrksr\" data-start=\"3241\" data-end=\"3319\">Prova aberta (n\u00e3o federados): 5,00 \u20ac<\/li>\n<\/ul>\n<p data-start=\"3321\" data-end=\"3334\"><strong data-start=\"3321\" data-end=\"3332\">Inclui:<\/strong><\/p>\n<ul data-start=\"3335\" data-end=\"3480\">\n<li data-section-id=\"1epaqua\" data-start=\"3335\" data-end=\"3367\">Participa\u00e7\u00e3o e classifica\u00e7\u00e3o<\/li>\n<li data-section-id=\"thx0ch\" data-start=\"3368\" data-end=\"3407\">Abastecimentos (l\u00edquidos e s\u00f3lidos)<\/li>\n<li data-section-id=\"10jkeqy\" data-start=\"3408\" data-end=\"3480\">Seguro de acidentes pessoais<\/li>\n<\/ul>\n","race_benefits":"<p>\ud83c\udfbd Kit de atleta: dorsal<br data-start=\"833\" data-end=\"836\" \/>\ud83c\udfc5 Pr\u00e9mio de finaliza\u00e7\u00e3o: trof\u00e9us para os melhores classificados (escal\u00f5es jovens e prova aberta)<br data-start=\"933\" data-end=\"936\" \/>\u23f1\ufe0f Cronometragem: classifica\u00e7\u00e3o oficial por escal\u00e3o e geral<br data-start=\"995\" data-end=\"998\" \/>\ud83d\udedf Seguran\u00e7a: apoio da organiza\u00e7\u00e3o e oficiais ao longo do percurso<br data-start=\"1064\" data-end=\"1067\" \/>\ud83d\udee1\ufe0f Seguro: seguro de acidentes pessoais inclu\u00eddo<br data-start=\"1116\" data-end=\"1119\" \/>\ud83e\udd64 Abastecimentos: l\u00edquidos e s\u00f3lidos na meta e zona de recupera\u00e7\u00e3o<br data-start=\"1186\" data-end=\"1189\" data-is-only-node=\"\" \/>\ud83d\udebf Banhos: balne\u00e1rios dispon\u00edveis no Est\u00e1dio Municipal de Vinhais<br data-start=\"1254\" data-end=\"1257\" \/>\ud83c\udfdf\ufe0f Local: recinto centralizado com partida e meta no est\u00e1dio<br data-start=\"1318\" data-end=\"1321\" \/>\ud83c\udfc6 Pr\u00e9mios: trof\u00e9us para os 3 primeiros masculinos e femininos e classifica\u00e7\u00e3o por equipas<\/p>\n","event_date_start":"20260510","event_date_end":"20260510","event_start_time":"","event_country":"portugal","event_latitude":"41.8336","event_longitude":"-7.0077","event_ticket_url":"https:\/\/www.federacao-triatlo.pt\/","event_rating":"","is_hot_event":false,"event_participants_count":"0","organizer_avatar":false,"event_gallery":false,"event_location_text":"Vinhais","optional_extras":false,"organizer_website":{"title":"","url":"","target":"","0":""},"event_faq_headline":"","event_faq_items":false},"_links":{"self":[{"href":"https:\/\/racefinder.pt\/pt\/wp-json\/wp\/v2\/product\/26583","targetHints":{"allow":["GET"]}}],"collection":[{"href":"https:\/\/racefinder.pt\/pt\/wp-json\/wp\/v2\/product"}],"about":[{"href":"https:\/\/racefinder.pt\/pt\/wp-json\/wp\/v2\/types\/product"}],"replies":[{"embeddable":true,"href":"https:\/\/racefinder.pt\/pt\/wp-json\/wp\/v2\/comments?post=26583"}],"version-history":[{"count":1,"href":"https:\/\/racefinder.pt\/pt\/wp-json\/wp\/v2\/product\/26583\/revisions"}],"predecessor-version":[{"id":40718,"href":"https:\/\/racefinder.pt\/pt\/wp-json\/wp\/v2\/product\/26583\/revisions\/40718"}],"wp:featuredmedia":[{"embeddable":true,"href":"https:\/\/racefinder.pt\/pt\/wp-json\/wp\/v2\/media\/26821"}],"wp:attachment":[{"href":"https:\/\/racefinder.pt\/pt\/wp-json\/wp\/v2\/media?parent=26583"}],"wp:term":[{"taxonomy":"product_brand","embeddable":true,"href":"https:\/\/racefinder.pt\/pt\/wp-json\/wp\/v2\/product_brand?post=26583"},{"taxonomy":"product_cat","embeddable":true,"href":"https:\/\/racefinder.pt\/pt\/wp-json\/wp\/v2\/product_cat?post=26583"},{"taxonomy":"product_tag","embeddable":true,"href":"https:\/\/racefinder.pt\/pt\/wp-json\/wp\/v2\/product_tag?post=26583"}],"curies":[{"name":"wp","href":"https:\/\/api.w.org\/{rel}","templated":true}]}}