{"id":26348,"date":"2026-01-09T23:12:39","date_gmt":"2026-01-09T23:12:39","guid":{"rendered":"https:\/\/www.racefinder.pt\/?post_type=product&#038;p=26348"},"modified":"2026-01-27T11:32:13","modified_gmt":"2026-01-27T11:32:13","slug":"campeonato-concelhio-de-resistencia-3h-btt-famalicao","status":"publish","type":"product","link":"https:\/\/racefinder.pt\/pt\/event\/campeonato-concelhio-de-resistencia-3h-btt-famalicao\/","title":{"rendered":"CAMPEONATO CONCELHIO DE RESIST\u00caNCIA 3H BTT FAMALIC\u00c3O"},"content":{"rendered":"","protected":false},"excerpt":{"rendered":"","protected":false},"featured_media":29195,"comment_status":"open","ping_status":"closed","template":"","meta":{"_acf_changed":false,"footnotes":""},"product_brand":[],"product_cat":[193,130],"product_tag":[],"class_list":{"0":"post-26348","1":"product","2":"type-product","3":"status-publish","4":"has-post-thumbnail","6":"product_cat-btt-pt-2","7":"product_cat-ciclismo","9":"first","10":"instock","11":"shipping-taxable","12":"purchasable","13":"product-type-variable"},"acf":{"event_short_description":"<p>O Campeonato Concelhio de Resist\u00eancia 3H BTT Famalic\u00e3o \u00e9 um campeonato de resist\u00eancia em BTT realizado em 2026, composto por seis provas independentes de 3 horas em v\u00e1rias localidades rurais e arborizadas do concelho de Vila Nova de Famalic\u00e3o.<\/p>\n<p>As provas decorrem em circuitos fechados com piso em terra, desafiando os atletas a completar o maior n\u00famero de voltas poss\u00edveis dentro do tempo limite. O campeonato est\u00e1 aberto a todos os atletas de BTT com 17 anos ou mais, incluindo categorias solo, duplas e e-bikes, sem necessidade de licen\u00e7a.<\/p>\n<p>O evento promove um ambiente competitivo e saud\u00e1vel, incentivando a uni\u00e3o entre atletas e comunidades locais. A pontua\u00e7\u00e3o \u00e9 atribu\u00edda com base nos resultados das provas, considerando as melhores presta\u00e7\u00f5es em pelo menos cinco provas, culminando numa gala final com entrega de pr\u00e9mios aos l\u00edderes e melhores classificados.<\/p>\n","organizer_description":"<p><strong><a class=\"\" href=\"https:\/\/sinctime.com\/storage\/files\/eventos\/90ed\/46f2\/106e\/4c27\/8670\/3d53\/7ce4\/6982.pdf\" target=\"_new\" rel=\"noopener\">Regulamento \u2197<\/a><\/strong><\/p>\n<p><strong>Locais de partida\/chegada:<\/strong><br \/>\n\u2022 1\u00aa prova: Brufe \u2013 V.N. Famalic\u00e3o<br \/>\n\u2022 2\u00aa prova: Cruz S. Tiago \u2013 V.N. Famalic\u00e3o<br \/>\n\u2022 3\u00aa prova: Avidos &#8211; V.N. Famalic\u00e3o<br \/>\n\u2022 4\u00aa prova: Joane &#8211; V.N. Famalic\u00e3o<br \/>\n\u2022 5\u00aa prova: Vermoim &#8211; V.N. Famalic\u00e3o<br \/>\n\u2022 6\u00aa prova: Gavi\u00e3o &#8211; V.N. Famalic\u00e3o<\/p>\n<p><strong>Hor\u00e1rios de partida por categoria\/dist\u00e2ncia:<\/strong> Todas as provas come\u00e7am \u00e0s 15:00, 16:00 ou 9:00 conforme o dia da prova<\/p>\n<p><strong>Limite de participantes:<\/strong> 450 atletas por prova<\/p>\n<p><strong>Prazo de inscri\u00e7\u00e3o:<\/strong> 23:59 da segunda-feira anterior a cada prova<\/p>\n<p><strong>Formato do percurso:<\/strong> Circuito fechado, prova de resist\u00eancia de 3 horas<\/p>\n<p><strong>M\u00e9todo de cronometragem:<\/strong> Registo de voltas na linha de chegada; s\u00f3 contam voltas completas dentro das 3 horas<\/p>\n<p><strong>Pr\u00e9mios:<\/strong> P\u00f3dio para os 3 primeiros de cada categoria em cada prova; gala final com pr\u00e9mios para os 5 primeiros de cada escal\u00e3o, incluindo camisolas de l\u00edder e trof\u00e9us<\/p>\n","race_benefits":"","event_date_start":"20260328","event_date_end":"20260328","event_start_time":"","event_country":"portugal","event_ticket_url":"https:\/\/sinctime.com\/evento\/431","event_latitude":"41.4064","event_longitude":"-8.5187","event_rating":"","is_hot_event":false,"event_participants_count":"0","organizer_avatar":false,"event_gallery":false,"event_location_text":"Vila Nova de Famalic\u00e3o","organizer_website":{"title":"","url":"","target":"","0":""}},"_links":{"self":[{"href":"https:\/\/racefinder.pt\/pt\/wp-json\/wp\/v2\/product\/26348","targetHints":{"allow":["GET"]}}],"collection":[{"href":"https:\/\/racefinder.pt\/pt\/wp-json\/wp\/v2\/product"}],"about":[{"href":"https:\/\/racefinder.pt\/pt\/wp-json\/wp\/v2\/types\/product"}],"replies":[{"embeddable":true,"href":"https:\/\/racefinder.pt\/pt\/wp-json\/wp\/v2\/comments?post=26348"}],"version-history":[{"count":1,"href":"https:\/\/racefinder.pt\/pt\/wp-json\/wp\/v2\/product\/26348\/revisions"}],"predecessor-version":[{"id":29198,"href":"https:\/\/racefinder.pt\/pt\/wp-json\/wp\/v2\/product\/26348\/revisions\/29198"}],"wp:featuredmedia":[{"embeddable":true,"href":"https:\/\/racefinder.pt\/pt\/wp-json\/wp\/v2\/media\/29195"}],"wp:attachment":[{"href":"https:\/\/racefinder.pt\/pt\/wp-json\/wp\/v2\/media?parent=26348"}],"wp:term":[{"taxonomy":"product_brand","embeddable":true,"href":"https:\/\/racefinder.pt\/pt\/wp-json\/wp\/v2\/product_brand?post=26348"},{"taxonomy":"product_cat","embeddable":true,"href":"https:\/\/racefinder.pt\/pt\/wp-json\/wp\/v2\/product_cat?post=26348"},{"taxonomy":"product_tag","embeddable":true,"href":"https:\/\/racefinder.pt\/pt\/wp-json\/wp\/v2\/product_tag?post=26348"}],"curies":[{"name":"wp","href":"https:\/\/api.w.org\/{rel}","templated":true}]}}