{"id":26330,"date":"2026-01-09T23:09:58","date_gmt":"2026-01-09T23:09:58","guid":{"rendered":"https:\/\/www.racefinder.pt\/?post_type=product&#038;p=26330"},"modified":"2026-02-09T14:30:31","modified_gmt":"2026-02-09T14:30:31","slug":"duatlo-sprint-de-vila-do-conde","status":"publish","type":"product","link":"https:\/\/racefinder.pt\/pt\/event\/duatlo-sprint-de-vila-do-conde\/","title":{"rendered":"Duatlo Sprint De Vila do Conde"},"content":{"rendered":"","protected":false},"excerpt":{"rendered":"","protected":false},"featured_media":29709,"comment_status":"open","ping_status":"closed","template":"","meta":{"_acf_changed":false,"footnotes":""},"product_brand":[],"product_cat":[141,239],"product_tag":[],"class_list":{"0":"post-26330","1":"product","2":"type-product","3":"status-publish","4":"has-post-thumbnail","6":"product_cat-duatlo","7":"product_cat-duatlo-2","9":"first","10":"instock","11":"shipping-taxable","12":"purchasable","13":"product-type-variable"},"acf":{"event_short_description":"<p>O Duatlo Sprint de Vila do Conde \u00e9 um evento de duatlo sprint que se realiza a 22 de fevereiro de 2026 em Vila do Conde, Portugal. A prova inclui 5 km de corrida, seguidos de 20 km de ciclismo pela frente ribeirinha e atl\u00e2ntica da cidade, terminando com 2,5 km de corrida.<\/p>\n<p>Este evento \u00e9 aberto a todos os participantes e integra o Desafio Norte de Triatlo 2026, sendo a segunda etapa do circuito Duatlo DNT 2026. O percurso passa por pontos emblem\u00e1ticos da cidade, como a Nau Quinhentista e o rel\u00f3gio solar da Pra\u00e7a D. Jo\u00e3o II, oferecendo um trajeto urbano costeiro e panor\u00e2mico.<\/p>\n<p>Os atletas podem competir individualmente ou em estafetas, tornando a prova acess\u00edvel a diversos perfis. A atmosfera combina o esp\u00edrito competitivo com o aproveitamento cultural e tur\u00edstico de Vila do Conde.<\/p>\n","organizer_description":"<p><strong><a class=\"\" href=\"https:\/\/sinctime.com\/storage\/files\/eventos\/6591\/bf62\/0605\/4f66\/83b5\/7f81\/1540\/434f.pdf\" target=\"_new\" rel=\"noopener\">Regulamento \u2197<\/a><\/strong><\/p>\n<p><strong>Locais de partida\/chegada:<\/strong> Vila do Conde &#8211; Pra\u00e7a D. Jo\u00e3o II, R. do Cais dos Assentos 31D, 4480-754 Vila do Conde<\/p>\n<p><strong>Levantamento de dorsais (data\/hora e local):<\/strong><br \/>\n\u2022 20 de fevereiro, 17h\u201319h<br \/>\n\u2022 21 de fevereiro, 17h\u201319h<br \/>\n\u2022 22 de fevereiro, 08h\u201309h (secretariado de \u00faltima hora)<br \/>\n\u2022 Local: Largo da Alf\u00e2ndega (Nau Quinhentista)<\/p>\n<p><strong>Hor\u00e1rio de partida por categoria\/dist\u00e2ncia:<\/strong> 10:00<\/p>\n<p><strong>Formato do percurso:<\/strong> Duatlo sprint com 3 segmentos: 5 km corrida (1 volta), 20 km ciclismo (3 voltas), 2,5 km corrida (1 volta)<\/p>\n<p><strong>Percursos:<\/strong><br \/>\n\u2022 1\u00ba segmento (corrida): 5 km pela marginal passando lateralmente ao parque de transi\u00e7\u00e3o<br \/>\n\u2022 2\u00ba segmento (ciclismo): 20 km na marginal com 3 voltas, entrada e sa\u00edda do parque de transi\u00e7\u00e3o pela mesma rua<br \/>\n\u2022 3\u00ba segmento (corrida): 2,5 km terminando na Pra\u00e7a D. Jo\u00e3o II<\/p>\n<p><strong>WC e localiza\u00e7\u00e3o dos abastecimentos:<\/strong><br \/>\n\u2022 Abastecimentos com \u00e1gua ao km 2,5 e 4,9 do primeiro segmento de corrida<br \/>\n\u2022 Abastecimentos com \u00e1gua ao km 0,1 do segmento final de corrida e na meta<\/p>\n<p><strong>Estacionamento e shuttles:<\/strong> Estacionamento aconselhado pr\u00f3ximo ao parque de jogos de Vila do Conde e Jardins J\u00falio Gra\u00e7a; refer\u00eancia Pavilh\u00e3o do Parque de Jogos<\/p>\n<p><strong>Pr\u00e9mios:<\/strong> Premia\u00e7\u00e3o para os 3 primeiros classificados por escal\u00e3o<\/p>\n","race_benefits":"","event_date_start":"20260222","event_date_end":"20260222","event_start_time":"","event_country":"portugal","event_ticket_url":"https:\/\/sinctime.com\/evento\/434","event_latitude":"41.354","event_longitude":"-8.7435","event_rating":"","is_hot_event":false,"event_participants_count":"0","organizer_avatar":false,"event_gallery":false,"event_location_text":"Vila do Conde","event_faq_headline":"","event_faq_items":false,"organizer_website":{"title":"","url":"","target":"","0":""}},"_links":{"self":[{"href":"https:\/\/racefinder.pt\/pt\/wp-json\/wp\/v2\/product\/26330","targetHints":{"allow":["GET"]}}],"collection":[{"href":"https:\/\/racefinder.pt\/pt\/wp-json\/wp\/v2\/product"}],"about":[{"href":"https:\/\/racefinder.pt\/pt\/wp-json\/wp\/v2\/types\/product"}],"replies":[{"embeddable":true,"href":"https:\/\/racefinder.pt\/pt\/wp-json\/wp\/v2\/comments?post=26330"}],"version-history":[{"count":1,"href":"https:\/\/racefinder.pt\/pt\/wp-json\/wp\/v2\/product\/26330\/revisions"}],"predecessor-version":[{"id":29713,"href":"https:\/\/racefinder.pt\/pt\/wp-json\/wp\/v2\/product\/26330\/revisions\/29713"}],"wp:featuredmedia":[{"embeddable":true,"href":"https:\/\/racefinder.pt\/pt\/wp-json\/wp\/v2\/media\/29709"}],"wp:attachment":[{"href":"https:\/\/racefinder.pt\/pt\/wp-json\/wp\/v2\/media?parent=26330"}],"wp:term":[{"taxonomy":"product_brand","embeddable":true,"href":"https:\/\/racefinder.pt\/pt\/wp-json\/wp\/v2\/product_brand?post=26330"},{"taxonomy":"product_cat","embeddable":true,"href":"https:\/\/racefinder.pt\/pt\/wp-json\/wp\/v2\/product_cat?post=26330"},{"taxonomy":"product_tag","embeddable":true,"href":"https:\/\/racefinder.pt\/pt\/wp-json\/wp\/v2\/product_tag?post=26330"}],"curies":[{"name":"wp","href":"https:\/\/api.w.org\/{rel}","templated":true}]}}