{"id":26093,"date":"2026-01-08T23:15:01","date_gmt":"2026-01-08T23:15:01","guid":{"rendered":"https:\/\/www.racefinder.pt\/?post_type=product&#038;p=26093"},"modified":"2026-01-09T12:12:21","modified_gmt":"2026-01-09T12:12:21","slug":"caminhada-e-corrida-noturna-de-reis","status":"publish","type":"product","link":"https:\/\/racefinder.pt\/pt\/event\/caminhada-e-corrida-noturna-de-reis\/","title":{"rendered":"Caminhada e Corrida Noturna de Reis"},"content":{"rendered":"","protected":false},"excerpt":{"rendered":"","protected":false},"featured_media":26227,"comment_status":"open","ping_status":"closed","template":"","meta":{"_acf_changed":false,"footnotes":""},"product_brand":[],"product_cat":[140,129,246],"product_tag":[],"class_list":{"0":"post-26093","1":"product","2":"type-product","3":"status-publish","4":"has-post-thumbnail","6":"product_cat-caminhada","7":"product_cat-corrida","8":"product_cat-corrida-de-rua","10":"first","11":"instock","12":"shipping-taxable","13":"purchasable","14":"product-type-variable"},"acf":{"event_short_description":"<p>A Caminhada e Corrida Noturna de Reis \u00e9 um evento de caminhada e corrida realizado em Albergaria-a-Velha. O evento tem hor\u00e1rios de partida distintos para a caminhada e corrida, com a caminhada a come\u00e7ar \u00e0s 17:35 e a corrida \u00e0s 17:30.<\/p>\n<p>\u00c9 obrigat\u00f3rio o uso de lanterna ou frontal, destacando o car\u00e1ter noturno do evento. Estar\u00e3o dispon\u00edveis balne\u00e1rios no pavilh\u00e3o municipal para todos os participantes.<\/p>\n","organizer_description":"<p><strong>Locais de partida\/chegada:<\/strong> Partida na Junta de Freguesia<\/p>\n<p><strong>Hor\u00e1rios de partida por categoria\/dist\u00e2ncia:<\/strong><br \/>\n\u2022 Corrida: 17:30<br \/>\n\u2022 Caminhada: 17:35<\/p>\n<p><strong>Levantamento de dorsais (data\/hora e local):<\/strong> Entrega do kit das 15:00 \u00e0s 17:00 na Junta de Freguesia<\/p>\n<p><strong>WC e localiza\u00e7\u00e3o dos abastecimentos:<\/strong> Balne\u00e1rios dispon\u00edveis no pavilh\u00e3o municipal<\/p>\n","race_benefits":"","event_date_start":"20260110","event_date_end":"20260110","event_start_time":"","event_country":"portugal","event_ticket_url":"https:\/\/www.jf-albergaria.pt\/inscricao-caminhada\/","event_latitude":"40.6404","event_longitude":"-8.6537","event_rating":"","is_hot_event":false,"event_participants_count":"0","organizer_avatar":false,"event_gallery":false,"event_location_text":"Aveiro","event_full_address":"","organizer_name":"","organizer_website":{"title":"","url":"","target":"","0":""}},"_links":{"self":[{"href":"https:\/\/racefinder.pt\/pt\/wp-json\/wp\/v2\/product\/26093","targetHints":{"allow":["GET"]}}],"collection":[{"href":"https:\/\/racefinder.pt\/pt\/wp-json\/wp\/v2\/product"}],"about":[{"href":"https:\/\/racefinder.pt\/pt\/wp-json\/wp\/v2\/types\/product"}],"replies":[{"embeddable":true,"href":"https:\/\/racefinder.pt\/pt\/wp-json\/wp\/v2\/comments?post=26093"}],"version-history":[{"count":0,"href":"https:\/\/racefinder.pt\/pt\/wp-json\/wp\/v2\/product\/26093\/revisions"}],"wp:featuredmedia":[{"embeddable":true,"href":"https:\/\/racefinder.pt\/pt\/wp-json\/wp\/v2\/media\/26227"}],"wp:attachment":[{"href":"https:\/\/racefinder.pt\/pt\/wp-json\/wp\/v2\/media?parent=26093"}],"wp:term":[{"taxonomy":"product_brand","embeddable":true,"href":"https:\/\/racefinder.pt\/pt\/wp-json\/wp\/v2\/product_brand?post=26093"},{"taxonomy":"product_cat","embeddable":true,"href":"https:\/\/racefinder.pt\/pt\/wp-json\/wp\/v2\/product_cat?post=26093"},{"taxonomy":"product_tag","embeddable":true,"href":"https:\/\/racefinder.pt\/pt\/wp-json\/wp\/v2\/product_tag?post=26093"}],"curies":[{"name":"wp","href":"https:\/\/api.w.org\/{rel}","templated":true}]}}