{"id":25866,"date":"2026-01-07T18:24:46","date_gmt":"2026-01-07T18:24:46","guid":{"rendered":"https:\/\/www.racefinder.pt\/?post_type=product&#038;p=25866"},"modified":"2026-01-08T11:14:12","modified_gmt":"2026-01-08T11:14:12","slug":"trofeu-pista-artur-lopes","status":"publish","type":"product","link":"https:\/\/racefinder.pt\/pt\/event\/trofeu-pista-artur-lopes\/","title":{"rendered":"Trof\u00e9u Pista Artur Lopes"},"content":{"rendered":"","protected":false},"excerpt":{"rendered":"","protected":false},"featured_media":25933,"comment_status":"open","ping_status":"closed","template":"","meta":{"_acf_changed":false,"footnotes":""},"product_brand":[],"product_cat":[130,212],"product_tag":[],"class_list":{"0":"post-25866","1":"product","2":"type-product","3":"status-publish","4":"has-post-thumbnail","6":"product_cat-ciclismo","7":"product_cat-ciclismo-de-estrada","9":"first","10":"instock","11":"shipping-taxable","12":"product-type-variable"},"acf":{"event_short_description":"<p>O Trof\u00e9u Internacional de Pista Artur Lopes \u00e9 um evento de ciclismo de pista Classe C1 organizado pela Federa\u00e7\u00e3o Portuguesa de Ciclismo, que decorrer\u00e1 de 15 a 17 de janeiro de 2026 em Anadia, Portugal. Inclui competi\u00e7\u00f5es para as categorias Elite Masculina, Elite Feminina, Sub-23 Masculina, Sub-23 Feminina, J\u00fanior Masculina e J\u00fanior Feminina.<\/p>\n<p>O evento apresenta v\u00e1rias disciplinas como Corrida de Elimina\u00e7\u00e3o, Madison, Corrida por Pontos, Scratch, Persegui\u00e7\u00e3o Individual e Contra-rel\u00f3gio, todas realizadas segundo as regras da UCI. A participa\u00e7\u00e3o est\u00e1 aberta a todos os ciclistas, com categorias definidas por idade e regulamentos da UCI, sendo que as competi\u00e7\u00f5es Elite s\u00e3o para atletas com 18 anos ou mais.<\/p>\n<p>Esta competi\u00e7\u00e3o internacional de ciclismo de pista oferece um ambiente profissional e competitivo, com pr\u00e9mios em dinheiro pagos em numer\u00e1rio, e inclui sess\u00f5es oficiais de treino antes do evento. O local \u00e9 uma pista coberta de madeira com 250 metros e inclina\u00e7\u00e3o de 41,2\u00ba, situada no Centro de Alto Rendimento Sangalhos em Anadia.<\/p>\n","organizer_description":"<p><strong><a class=\"\" href=\"https:\/\/www.fpciclismo.pt\/calendarios_ficheiros\/2026\/anexo_guia_tecnico-17577825843YDCh7Vjxr4gF1o7MU6VK1767617094.pdf\" target=\"_new\" rel=\"noopener\">Regulamento \u2197<\/a><\/strong><\/p>\n<p><strong>Escal\u00f5es\/categorias:<\/strong><br \/>\n\u2022 Elite Masculino<br \/>\n\u2022 Elite Feminino<br \/>\n\u2022 Sub-23 Masculino<br \/>\n\u2022 Sub-23 Feminino<br \/>\n\u2022 J\u00fanior Masculino<br \/>\n\u2022 J\u00fanior Feminino<\/p>\n<p><strong>Locais de partida\/chegada:<\/strong> Centro de Alto Rendimento Sangalhos, Anadia<\/p>\n<p><strong>Levantamento de dorsais (data\/hora e local):<\/strong> Quinta-feira 14:00-20:00, Sexta-feira 07:30-08:45 no N\u00edvel 0 do Vel\u00f3dromo<\/p>\n<p><strong>Hor\u00e1rios de partida por categoria\/dist\u00e2ncia:<\/strong><br \/>\n\u2022 Sexta-feira 16 de janeiro: Scratch, Corrida por Pontos para v\u00e1rias categorias<br \/>\n\u2022 S\u00e1bado 17 de janeiro: Contra-rel\u00f3gio, Corrida de Elimina\u00e7\u00e3o, Persegui\u00e7\u00e3o Individual, Madison<\/p>\n<p><strong>Tipos de piso:<\/strong> Pista coberta de madeira<\/p>\n<p><strong>Formato do percurso:<\/strong> Provas de ciclismo de pista incluindo Scratch, Corrida por Pontos, Madison, Elimina\u00e7\u00e3o, Persegui\u00e7\u00e3o Individual, Contra-rel\u00f3gio<\/p>\n<p><strong>M\u00e9todo de cronometragem:<\/strong> Cronometragem eletr\u00f3nica com fotofinish<\/p>\n<p><strong>Pr\u00e9mios:<\/strong> Pr\u00e9mios em dinheiro totalizando 6.300 EUR, pagos em numer\u00e1rio aos atletas<\/p>\n","race_benefits":"","event_date_start":"20260116","event_date_end":"20260117","event_start_time":"","event_country":"portugal","event_ticket_url":"https:\/\/www.fpciclismo.pt\/pagina\/trofeu-pista-artur-lopes-prova","event_latitude":"40.4426","event_longitude":"-8.4359","event_rating":"","is_hot_event":false,"event_participants_count":"0","organizer_avatar":false,"event_gallery":false,"event_location_text":"Anadia","event_full_address":"","organizer_name":"","organizer_website":{"title":"","url":"","target":"","0":""}},"_links":{"self":[{"href":"https:\/\/racefinder.pt\/pt\/wp-json\/wp\/v2\/product\/25866","targetHints":{"allow":["GET"]}}],"collection":[{"href":"https:\/\/racefinder.pt\/pt\/wp-json\/wp\/v2\/product"}],"about":[{"href":"https:\/\/racefinder.pt\/pt\/wp-json\/wp\/v2\/types\/product"}],"replies":[{"embeddable":true,"href":"https:\/\/racefinder.pt\/pt\/wp-json\/wp\/v2\/comments?post=25866"}],"version-history":[{"count":0,"href":"https:\/\/racefinder.pt\/pt\/wp-json\/wp\/v2\/product\/25866\/revisions"}],"wp:featuredmedia":[{"embeddable":true,"href":"https:\/\/racefinder.pt\/pt\/wp-json\/wp\/v2\/media\/25933"}],"wp:attachment":[{"href":"https:\/\/racefinder.pt\/pt\/wp-json\/wp\/v2\/media?parent=25866"}],"wp:term":[{"taxonomy":"product_brand","embeddable":true,"href":"https:\/\/racefinder.pt\/pt\/wp-json\/wp\/v2\/product_brand?post=25866"},{"taxonomy":"product_cat","embeddable":true,"href":"https:\/\/racefinder.pt\/pt\/wp-json\/wp\/v2\/product_cat?post=25866"},{"taxonomy":"product_tag","embeddable":true,"href":"https:\/\/racefinder.pt\/pt\/wp-json\/wp\/v2\/product_tag?post=25866"}],"curies":[{"name":"wp","href":"https:\/\/api.w.org\/{rel}","templated":true}]}}