{"id":25614,"date":"2026-01-06T23:12:06","date_gmt":"2026-01-06T23:12:06","guid":{"rendered":"https:\/\/www.racefinder.pt\/?post_type=product&#038;p=25614"},"modified":"2026-01-07T12:57:14","modified_gmt":"2026-01-07T12:57:14","slug":"maia-urban-race","status":"publish","type":"product","link":"https:\/\/racefinder.pt\/pt\/event\/maia-urban-race\/","title":{"rendered":"Maia Urban Race"},"content":{"rendered":"","protected":false},"excerpt":{"rendered":"","protected":false},"featured_media":25676,"comment_status":"open","ping_status":"closed","template":"","meta":{"_acf_changed":false,"footnotes":""},"product_brand":[],"product_cat":[193,130,212,236],"product_tag":[],"class_list":{"0":"post-25614","1":"product","2":"type-product","3":"status-publish","4":"has-post-thumbnail","6":"product_cat-btt-pt-2","7":"product_cat-ciclismo","8":"product_cat-ciclismo-de-estrada","9":"product_cat-gravel-pt","11":"first","12":"instock","13":"shipping-taxable","14":"purchasable","15":"product-type-variable"},"acf":{"event_short_description":"<p data-start=\"3794\" data-end=\"4179\">O <strong data-start=\"3796\" data-end=\"3820\">Maia Urban Race 2026<\/strong> \u00e9 um evento urbano de ciclismo em formato noturno, a realizar-se no dia <strong data-start=\"3893\" data-end=\"3917\">29 de agosto de 2026<\/strong>, na <strong data-start=\"3922\" data-end=\"3950\">Maia (distrito do Porto)<\/strong>. A prova decorre num <strong data-start=\"3972\" data-end=\"3992\">circuito fechado<\/strong> no centro urbano e acontece entre as <strong data-start=\"4030\" data-end=\"4050\">19h30 e as 22h30<\/strong>. O objetivo \u00e9 completar o <strong data-start=\"4077\" data-end=\"4123\">maior n\u00famero de voltas poss\u00edvel em 3 horas<\/strong>, com controlo de voltas atrav\u00e9s de <strong data-start=\"4159\" data-end=\"4178\">chip eletr\u00f3nico<\/strong>.<\/p>\n<p data-start=\"4181\" data-end=\"4615\">Apesar de ser descrito como um evento de <strong data-start=\"4222\" data-end=\"4268\">ciclismo para todos, sem cariz competitivo<\/strong>, os participantes s\u00e3o cronometrados e classificados com base no n\u00famero de voltas completas. O percurso passa pela zona hist\u00f3rica, pra\u00e7as e jardins emblem\u00e1ticos da cidade. A organiza\u00e7\u00e3o \u00e9 da <strong data-start=\"4459\" data-end=\"4481\">Cabreira Solutions<\/strong> e da <strong data-start=\"4487\" data-end=\"4515\">C\u00e2mara Municipal da Maia<\/strong>, seguindo os regulamentos da <strong data-start=\"4545\" data-end=\"4581\">Federa\u00e7\u00e3o Portuguesa de Ciclismo<\/strong> e da <strong data-start=\"4587\" data-end=\"4594\">UCI<\/strong> para Provas Abertas.<\/p>\n","organizer_description":"<p><strong><a class=\"\" href=\"https:\/\/cabreirasolutions.com\/maia-urban-race\/regulamento\/\" target=\"_new\" rel=\"noopener\">Regulamento \u2197<\/a><\/strong><\/p>\n<p data-start=\"4694\" data-end=\"4850\"><strong data-start=\"4694\" data-end=\"4723\">Local de partida\/chegada:<\/strong> Pra\u00e7a Dr. Jos\u00e9 Vieira de Carvalho, <strong data-start=\"4759\" data-end=\"4776\">4474-006 Maia<\/strong> (em frente \u00e0 C\u00e2mara Municipal da Maia)<br data-start=\"4815\" data-end=\"4818\" \/><strong data-start=\"4818\" data-end=\"4828\">Local:<\/strong> Maia, Porto, Portugal<\/p>\n<p data-start=\"4852\" data-end=\"4998\"><strong data-start=\"4852\" data-end=\"4861\">Data:<\/strong> 29 de agosto de 2026<br data-start=\"4882\" data-end=\"4885\" \/><strong data-start=\"4885\" data-end=\"4907\">Hor\u00e1rio do evento:<\/strong> 19h30\u201322h30<br data-start=\"4919\" data-end=\"4922\" \/><strong data-start=\"4922\" data-end=\"4942\">Hora de partida:<\/strong> 19h30<br data-start=\"4948\" data-end=\"4951\" \/><strong data-start=\"4951\" data-end=\"4974\">Cerim\u00f3nia de p\u00f3dio:<\/strong> 23h00 (zona de partida)<\/p>\n<p data-start=\"5000\" data-end=\"5193\"><strong data-start=\"5000\" data-end=\"5020\">Perfil de prova:<\/strong> circuito urbano fechado no centro da Maia<br data-start=\"5062\" data-end=\"5065\" \/><strong data-start=\"5065\" data-end=\"5090\">Extens\u00e3o do circuito:<\/strong> aprox. <strong data-start=\"5098\" data-end=\"5108\">3,5 km<\/strong> (percurso \u00fanico)<br data-start=\"5125\" data-end=\"5128\" \/><strong data-start=\"5128\" data-end=\"5140\">Formato:<\/strong> desafio de 3 horas (maior n\u00famero de voltas poss\u00edvel)<\/p>\n<p data-start=\"5195\" data-end=\"5409\"><strong data-start=\"5195\" data-end=\"5213\">Classifica\u00e7\u00e3o:<\/strong> n\u00famero de voltas completas at\u00e9 \u00e0s <strong data-start=\"5248\" data-end=\"5257\">22h30<\/strong> (voltas terminadas depois das 22h30 n\u00e3o contam)<br data-start=\"5305\" data-end=\"5308\" \/><strong data-start=\"5308\" data-end=\"5329\">Para classificar:<\/strong> \u00e9 necess\u00e1rio completar pelo menos <strong data-start=\"5364\" data-end=\"5375\">1 volta<\/strong> (a volta de lan\u00e7amento n\u00e3o conta)<\/p>\n<p data-start=\"5411\" data-end=\"5804\"><strong data-start=\"5411\" data-end=\"5428\">Idade m\u00ednima:<\/strong> 16 anos (\u00e0 data do evento)<br data-start=\"5455\" data-end=\"5458\" \/><strong data-start=\"5458\" data-end=\"5479\">Licen\u00e7as aceites:<\/strong><br data-start=\"5479\" data-end=\"5482\" \/>\u2022 Sem licen\u00e7a (inscri\u00e7\u00e3o como n\u00e3o federado inclui seguro di\u00e1rio)<br data-start=\"5546\" data-end=\"5549\" \/>\u2022 Licen\u00e7a Master<br data-start=\"5565\" data-end=\"5568\" \/>\u2022 Licen\u00e7a Ciclismo para Todos<br data-start=\"5597\" data-end=\"5600\" \/><strong data-start=\"5600\" data-end=\"5609\">Nota:<\/strong> atletas profissionais federados na FPC s\u00f3 participam por convite e n\u00e3o podem constar nas classifica\u00e7\u00f5es\/trof\u00e9us. Licen\u00e7as estrangeiras s\u00e3o consideradas como n\u00e3o federadas para efeitos de seguro.<\/p>\n<p data-start=\"5806\" data-end=\"6001\"><strong data-start=\"5806\" data-end=\"5832\">Bicicletas permitidas:<\/strong> BTT sem motoriza\u00e7\u00e3o (bicicletas de estrada, gravel, ciclocross podem participar, mas n\u00e3o contam para classifica\u00e7\u00e3o)<br data-start=\"5948\" data-end=\"5951\" \/><strong data-start=\"5951\" data-end=\"5969\">N\u00e3o permitido:<\/strong> tandems e bicicletas reclinadas<\/p>\n<p data-start=\"6003\" data-end=\"6101\"><strong data-start=\"6003\" data-end=\"6031\">Equipamento obrigat\u00f3rio:<\/strong> capacete homologado + <strong data-start=\"6054\" data-end=\"6084\">luzes dianteira e traseira<\/strong> (evento noturno)<\/p>\n<p data-start=\"6103\" data-end=\"6286\"><strong data-start=\"6198\" data-end=\"6227\">Data limite de inscri\u00e7\u00e3o:<\/strong> <strong data-start=\"6228\" data-end=\"6251\">25\/08\/2026 \u00e0s 23h59<\/strong>, ou at\u00e9 esgotarem as <strong data-start=\"6273\" data-end=\"6286\">500 vagas<\/strong><\/p>\n<p data-start=\"6288\" data-end=\"6422\"><strong data-start=\"6288\" data-end=\"6325\">Secretariado\/levantamento de kit:<\/strong> 29\/08\/2026, <strong data-start=\"6338\" data-end=\"6353\">15h00\u201319h00<\/strong>, na Pra\u00e7a Dr. Jos\u00e9 Vieira de Carvalho<br data-start=\"6391\" data-end=\"6394\" \/><strong data-start=\"6394\" data-end=\"6416\">Sem entregas ap\u00f3s:<\/strong> 19h00<\/p>\n<p data-start=\"6424\" data-end=\"6727\"><strong data-start=\"6424\" data-end=\"6451\">Seguro (n\u00e3o federados):<\/strong> seguro de acidentes pessoais inclu\u00eddo<br data-start=\"6489\" data-end=\"6492\" \/>\u2022 Morte ou Invalidez Permanente: <strong data-start=\"6525\" data-end=\"6539\">31.672,04\u20ac<\/strong><br data-start=\"6539\" data-end=\"6542\" \/>\u2022 Despesas de tratamento, transporte sanit\u00e1rio e repatriamento: <strong data-start=\"6606\" data-end=\"6619\">5.067,53\u20ac<\/strong><br data-start=\"6619\" data-end=\"6622\" \/>\u2022 Despesas de funeral: <strong data-start=\"6645\" data-end=\"6658\">2.700,00\u20ac<\/strong><br data-start=\"6658\" data-end=\"6661\" \/>\u2022 Franquia: <strong data-start=\"6673\" data-end=\"6683\">90,00\u20ac<\/strong> por pessoa\/sinistro (suportada pelo atleta)<\/p>\n<p data-start=\"6729\" data-end=\"6879\"><strong data-start=\"6729\" data-end=\"6754\">Valores de inscri\u00e7\u00e3o:<\/strong><br data-start=\"6754\" data-end=\"6757\" \/>\u2022 1\u00aa fase: Federados 15\u20ac \/ N\u00e3o Federados 17\u20ac<br data-start=\"6801\" data-end=\"6804\" \/>\u2022 2\u00aa fase: Federados 20\u20ac \/ N\u00e3o Federados 22\u20ac<br data-start=\"6848\" data-end=\"6851\" \/>(Datas das fases: a definir)<\/p>\n<p data-start=\"6881\" data-end=\"7126\"><strong data-start=\"6881\" data-end=\"6905\">Categorias (resumo):<\/strong><br data-start=\"6905\" data-end=\"6908\" \/>\u2022 Solos geral (Masculina 16\u201379, Feminina 16\u201369) + escal\u00f5es (Junior\/Elites\/Masters)<br data-start=\"6990\" data-end=\"6993\" \/>\u2022 Paraciclismo (mediante pedido por email ap\u00f3s inscri\u00e7\u00e3o)<br data-start=\"7050\" data-end=\"7053\" \/>\u2022 Duplas (Masculinas\/Femininas\/Mistas)<br data-start=\"7091\" data-end=\"7094\" \/>\u2022 Triplas (Masculinas\/Femininas)<\/p>\n<p data-start=\"7128\" data-end=\"7225\"><strong data-start=\"7128\" data-end=\"7158\">Contactos durante a prova:<\/strong><br data-start=\"7158\" data-end=\"7161\" \/>\u2022 Emerg\u00eancia: +351 964 506 856<br data-start=\"7191\" data-end=\"7194\" \/>\u2022 Assist\u00eancia: +351 919 882 675<\/p>\n","race_benefits":"<p>\u23f1\ufe0f Cronometragem por chip e classifica\u00e7\u00e3o por voltas<br data-start=\"7294\" data-end=\"7297\" \/>\ud83c\udfc5 Medalha de finisher + trof\u00e9us por escal\u00e3o + pr\u00e9mio de volta mais r\u00e1pida (a partir da 2\u00aa volta, solos)<br data-start=\"7401\" data-end=\"7404\" \/>\ud83c\udf81 Brindes de oferta<br data-start=\"7424\" data-end=\"7427\" \/>\ud83e\udd64 Abastecimento l\u00edquido na zona de transi\u00e7\u00e3o<br data-start=\"7472\" data-end=\"7475\" \/>\ud83d\udcf8 1 a 2 fotografias por atleta no Facebook oficial<br data-start=\"7526\" data-end=\"7529\" \/>\ud83e\ude7a Primeiros socorros e assist\u00eancia m\u00e9dica<br data-start=\"7571\" data-end=\"7574\" \/>\ud83d\udee0\ufe0f Assist\u00eancia mec\u00e2nica na zona de transi\u00e7\u00e3o (m\u00e3o de obra gratuita; pe\u00e7as pagas pelo atleta; furos exclu\u00eddos)<br data-start=\"7684\" data-end=\"7687\" \/>\ud83d\udee1\ufe0f Seguro inclu\u00eddo para n\u00e3o federados (franquia 90\u20ac)<\/p>\n","event_date_start":"20260829","event_date_end":"20260829","event_start_time":"","event_country":"portugal","event_ticket_url":"https:\/\/cabreirasolutions.com\/event\/maia-urban-race\/","event_latitude":"41.2373","event_longitude":"-8.6299","event_rating":"","is_hot_event":false,"event_participants_count":"0","organizer_avatar":false,"event_gallery":false,"event_location_text":"Maia, Porto","organizer_website":{"title":"","url":"","target":"","0":""}},"_links":{"self":[{"href":"https:\/\/racefinder.pt\/pt\/wp-json\/wp\/v2\/product\/25614","targetHints":{"allow":["GET"]}}],"collection":[{"href":"https:\/\/racefinder.pt\/pt\/wp-json\/wp\/v2\/product"}],"about":[{"href":"https:\/\/racefinder.pt\/pt\/wp-json\/wp\/v2\/types\/product"}],"replies":[{"embeddable":true,"href":"https:\/\/racefinder.pt\/pt\/wp-json\/wp\/v2\/comments?post=25614"}],"version-history":[{"count":0,"href":"https:\/\/racefinder.pt\/pt\/wp-json\/wp\/v2\/product\/25614\/revisions"}],"wp:featuredmedia":[{"embeddable":true,"href":"https:\/\/racefinder.pt\/pt\/wp-json\/wp\/v2\/media\/25676"}],"wp:attachment":[{"href":"https:\/\/racefinder.pt\/pt\/wp-json\/wp\/v2\/media?parent=25614"}],"wp:term":[{"taxonomy":"product_brand","embeddable":true,"href":"https:\/\/racefinder.pt\/pt\/wp-json\/wp\/v2\/product_brand?post=25614"},{"taxonomy":"product_cat","embeddable":true,"href":"https:\/\/racefinder.pt\/pt\/wp-json\/wp\/v2\/product_cat?post=25614"},{"taxonomy":"product_tag","embeddable":true,"href":"https:\/\/racefinder.pt\/pt\/wp-json\/wp\/v2\/product_tag?post=25614"}],"curies":[{"name":"wp","href":"https:\/\/api.w.org\/{rel}","templated":true}]}}