{"id":25592,"date":"2026-01-06T23:10:44","date_gmt":"2026-01-06T23:10:44","guid":{"rendered":"https:\/\/www.racefinder.pt\/?post_type=product&#038;p=25592"},"modified":"2026-01-07T12:48:31","modified_gmt":"2026-01-07T12:48:31","slug":"granfondo-portimao-2","status":"publish","type":"product","link":"https:\/\/racefinder.pt\/pt\/event\/granfondo-portimao-2\/","title":{"rendered":"Granfondo Portim\u00e3o"},"content":{"rendered":"","protected":false},"excerpt":{"rendered":"","protected":false},"featured_media":25665,"comment_status":"open","ping_status":"closed","template":"","meta":{"_acf_changed":false,"footnotes":""},"product_brand":[],"product_cat":[130,212],"product_tag":[],"class_list":{"0":"post-25592","1":"product","2":"type-product","3":"status-publish","4":"has-post-thumbnail","6":"product_cat-ciclismo","7":"product_cat-ciclismo-de-estrada","9":"first","10":"instock","11":"shipping-taxable","12":"product-type-variable"},"acf":{"event_short_description":"<div class=\"edgtf-section-title edgtf-section-align-left\">Apresenta\u00e7\u00e3o<\/div>\n<div class=\"vc_empty_space\"><\/div>\n<div class=\"edgtf-tabs clearfix edgtf-horizontal-tab edgtf-tab-without-icon ui-tabs ui-corner-all ui-widget ui-widget-content\">\n<div id=\"tab-tab-193\" class=\"edgtf-tab-container\" data-icon-pack=\"font_awesome\" data-icon-html=\"&lt;i class=&quot;edgtf-icon-font-awesome fa  &quot; &gt;&lt;\/i&gt;\">\n<div class=\"wpb_text_column wpb_content_element \">\n<div class=\"wpb_wrapper\">\n<div id=\"imCellStyleGraphics_14\">\n<p data-start=\"270\" data-end=\"731\">O\u00a0<strong data-start=\"272\" data-end=\"294\">Granfondo Portim\u00e3o<\/strong>\u00a0regressa para a sua\u00a0<strong data-start=\"315\" data-end=\"328\">3\u00aa edi\u00e7\u00e3o<\/strong>\u00a0no dia\u00a0<strong data-start=\"336\" data-end=\"354\">08 de novembro<\/strong>, voltando a afirmar-se como um dos eventos mais emblem\u00e1ticos do calend\u00e1rio de ciclismo de resist\u00eancia no sul do pa\u00eds. Inserido num dos cen\u00e1rios mais impressionantes do Algarve, o evento convida atletas, amantes do ciclismo e entusiastas da aventura a viver uma experi\u00eancia \u00fanica que combina desafio f\u00edsico, paisagens deslumbrantes e o ambiente acolhedor da cidade de Portim\u00e3o.<\/p>\n<p data-start=\"733\" data-end=\"1158\">Com percursos cuidadosamente desenhados para diferentes n\u00edveis de exig\u00eancia, o Granfondo Portim\u00e3o promete um dia memor\u00e1vel sobre duas rodas, onde cada participante poder\u00e1 testar os seus limites, superar-se e desfrutar de um territ\u00f3rio marcado por serras, vales e uma costa de beleza singular. A organiza\u00e7\u00e3o mant\u00e9m o compromisso com a qualidade, seguran\u00e7a e excel\u00eancia log\u00edstica, assegurando uma prova vibrante e inesquec\u00edvel.<\/p>\n<p data-start=\"1160\" data-end=\"1446\">Mais do que uma competi\u00e7\u00e3o, o Granfondo Portim\u00e3o \u00e9 uma celebra\u00e7\u00e3o do ciclismo, da supera\u00e7\u00e3o e do esp\u00edrito de comunidade. No dia 08 de novembro, Portim\u00e3o volta a ser palco de um grande encontro entre atletas, p\u00fablico e toda a energia que caracteriza este evento em constante crescimento.<\/p>\n<\/div>\n<\/div>\n<\/div>\n<\/div>\n<\/div>\n","organizer_description":"<p><strong><a class=\"\" href=\"https:\/\/cabreirasolutions.com\/granfondo-portimao\/apresentacao\/\" target=\"_new\" rel=\"noopener\">Regulamento \u2197<\/a><\/strong><\/p>\n","race_benefits":"","event_date_start":"20261108","event_date_end":"20261108","event_start_time":"","event_country":"portugal","event_ticket_url":"https:\/\/cabreirasolutions.com\/event\/granfondo-portimao\/","event_latitude":"37.1375","event_longitude":"-8.5368","event_rating":"","is_hot_event":false,"event_participants_count":"0","organizer_avatar":false,"event_gallery":false,"event_location_text":"Portim\u00e3o","organizer_website":{"title":"","url":"","target":"","0":""}},"_links":{"self":[{"href":"https:\/\/racefinder.pt\/pt\/wp-json\/wp\/v2\/product\/25592","targetHints":{"allow":["GET"]}}],"collection":[{"href":"https:\/\/racefinder.pt\/pt\/wp-json\/wp\/v2\/product"}],"about":[{"href":"https:\/\/racefinder.pt\/pt\/wp-json\/wp\/v2\/types\/product"}],"replies":[{"embeddable":true,"href":"https:\/\/racefinder.pt\/pt\/wp-json\/wp\/v2\/comments?post=25592"}],"version-history":[{"count":0,"href":"https:\/\/racefinder.pt\/pt\/wp-json\/wp\/v2\/product\/25592\/revisions"}],"wp:featuredmedia":[{"embeddable":true,"href":"https:\/\/racefinder.pt\/pt\/wp-json\/wp\/v2\/media\/25665"}],"wp:attachment":[{"href":"https:\/\/racefinder.pt\/pt\/wp-json\/wp\/v2\/media?parent=25592"}],"wp:term":[{"taxonomy":"product_brand","embeddable":true,"href":"https:\/\/racefinder.pt\/pt\/wp-json\/wp\/v2\/product_brand?post=25592"},{"taxonomy":"product_cat","embeddable":true,"href":"https:\/\/racefinder.pt\/pt\/wp-json\/wp\/v2\/product_cat?post=25592"},{"taxonomy":"product_tag","embeddable":true,"href":"https:\/\/racefinder.pt\/pt\/wp-json\/wp\/v2\/product_tag?post=25592"}],"curies":[{"name":"wp","href":"https:\/\/api.w.org\/{rel}","templated":true}]}}