{"id":25586,"date":"2026-01-06T23:10:08","date_gmt":"2026-01-06T23:10:08","guid":{"rendered":"https:\/\/www.racefinder.pt\/?post_type=product&#038;p=25586"},"modified":"2026-01-07T12:47:30","modified_gmt":"2026-01-07T12:47:30","slug":"granfondo-serra-dossa-2","status":"publish","type":"product","link":"https:\/\/racefinder.pt\/pt\/event\/granfondo-serra-dossa-2\/","title":{"rendered":"Granfondo Serra D\u2019Ossa"},"content":{"rendered":"","protected":false},"excerpt":{"rendered":"","protected":false},"featured_media":25660,"comment_status":"open","ping_status":"closed","template":"","meta":{"_acf_changed":false,"footnotes":""},"product_brand":[],"product_cat":[130,212],"product_tag":[],"class_list":{"0":"post-25586","1":"product","2":"type-product","3":"status-publish","4":"has-post-thumbnail","6":"product_cat-ciclismo","7":"product_cat-ciclismo-de-estrada","9":"first","10":"instock","11":"shipping-taxable","12":"product-type-variable"},"acf":{"event_short_description":"<div class=\"edgtf-section-title edgtf-section-align-left\">Apresenta\u00e7\u00e3o<\/div>\n<div class=\"vc_empty_space\"><\/div>\n<div class=\"edgtf-tabs clearfix edgtf-horizontal-tab edgtf-tab-without-icon ui-tabs ui-corner-all ui-widget ui-widget-content\">\n<div id=\"tab-tab-372\" class=\"edgtf-tab-container\" data-icon-pack=\"font_awesome\" data-icon-html=\"&lt;i class=&quot;edgtf-icon-font-awesome fa  &quot; &gt;&lt;\/i&gt;\">\n<div class=\"wpb_text_column wpb_content_element \">\n<div class=\"wpb_wrapper\">\n<p><strong>Sentir o Alentejo Central na 4\u00aa Edi\u00e7\u00e3o do Granfondo Serra D`Ossa\u2026<\/strong><\/p>\n<p data-start=\"266\" data-end=\"638\">A 4\u00aa edi\u00e7\u00e3o do\u00a0<strong data-start=\"281\" data-end=\"307\">Granfondo Serra D\u2019Ossa<\/strong>\u00a0realiza-se no dia\u00a0<strong data-start=\"326\" data-end=\"350\">4 de outubro de 2026<\/strong>, consolidando-se como um dos eventos de ciclismo mais emblem\u00e1ticos da regi\u00e3o do Alentejo. Com partida e chegada na vila do Alandroal, este desafio volta a reunir ciclistas de todo o pa\u00eds e do estrangeiro, atra\u00eddos pela combina\u00e7\u00e3o \u00fanica de natureza, patrim\u00f3nio e exig\u00eancia desportiva.<\/p>\n<p data-start=\"640\" data-end=\"1057\">Situada entre paisagens vastas e onduladas, a Serra d\u2019Ossa oferece um cen\u00e1rio ideal para a pr\u00e1tica do ciclismo, juntando subidas desafiantes, estradas tranquilas, e uma envolvente natural preservada. A edi\u00e7\u00e3o de 2026 promete percursos renovados, que valorizam a diversidade do territ\u00f3rio e proporcionam uma experi\u00eancia inesquec\u00edvel a todos os participantes \u2014 dos mais competitivos aos amantes de cicloturismo.<\/p>\n<p data-start=\"1059\" data-end=\"1323\">O Alandroal, conhecido pelo seu castelo e pelas suas ra\u00edzes hist\u00f3ricas ligadas \u00e0s fronteiras do Alentejo, ser\u00e1 novamente o centro nevr\u00e1lgico do evento, acolhendo atletas, equipas, fam\u00edlias e aficionados do ciclismo com a hospitalidade que caracteriza a regi\u00e3o.<\/p>\n<p data-start=\"1325\" data-end=\"1608\">Al\u00e9m da vertente desportiva, o Granfondo Serra D\u2019Ossa continua a apostar na promo\u00e7\u00e3o tur\u00edstica e cultural do territ\u00f3rio, incentivando os participantes a descobrir a gastronomia local, os vinhos alentejanos, o patrim\u00f3nio megal\u00edtico e os trilhos que marcam a identidade deste concelho.<\/p>\n<p data-start=\"1610\" data-end=\"1826\">A organiza\u00e7\u00e3o trabalha para oferecer seguran\u00e7a, qualidade e profissionalismo, garantindo abastecimentos completos, sinaliza\u00e7\u00e3o rigorosa, assist\u00eancia t\u00e9cnica e um acolhimento exemplar na zona de partida e chegada.<\/p>\n<p data-start=\"1828\" data-end=\"2064\">A 4\u00aa edi\u00e7\u00e3o promete ser a maior e mais envolvente de sempre \u2014 um evento que celebra o ciclismo, a natureza e o Alentejo profundo.<\/p>\n<\/div>\n<\/div>\n<\/div>\n<\/div>\n","organizer_description":"<p><strong><a class=\"\" href=\"https:\/\/cabreirasolutions.com\/gf-serra-dossa\/apresentacao\/\" target=\"_new\" rel=\"noopener\">Regulamento \u2197<\/a><\/strong><\/p>\n","race_benefits":"","event_date_start":"20261004","event_date_end":"20261004","event_start_time":"","event_country":"portugal","event_ticket_url":"https:\/\/cabreirasolutions.com\/event\/granfondo-serra-de-ossa\/","event_latitude":"38.6024","event_longitude":"-7.3844","event_rating":"","is_hot_event":false,"event_participants_count":"0","organizer_avatar":false,"event_gallery":false,"event_location_text":"Alandroal","organizer_website":{"title":"","url":"","target":"","0":""}},"_links":{"self":[{"href":"https:\/\/racefinder.pt\/pt\/wp-json\/wp\/v2\/product\/25586","targetHints":{"allow":["GET"]}}],"collection":[{"href":"https:\/\/racefinder.pt\/pt\/wp-json\/wp\/v2\/product"}],"about":[{"href":"https:\/\/racefinder.pt\/pt\/wp-json\/wp\/v2\/types\/product"}],"replies":[{"embeddable":true,"href":"https:\/\/racefinder.pt\/pt\/wp-json\/wp\/v2\/comments?post=25586"}],"version-history":[{"count":0,"href":"https:\/\/racefinder.pt\/pt\/wp-json\/wp\/v2\/product\/25586\/revisions"}],"wp:featuredmedia":[{"embeddable":true,"href":"https:\/\/racefinder.pt\/pt\/wp-json\/wp\/v2\/media\/25660"}],"wp:attachment":[{"href":"https:\/\/racefinder.pt\/pt\/wp-json\/wp\/v2\/media?parent=25586"}],"wp:term":[{"taxonomy":"product_brand","embeddable":true,"href":"https:\/\/racefinder.pt\/pt\/wp-json\/wp\/v2\/product_brand?post=25586"},{"taxonomy":"product_cat","embeddable":true,"href":"https:\/\/racefinder.pt\/pt\/wp-json\/wp\/v2\/product_cat?post=25586"},{"taxonomy":"product_tag","embeddable":true,"href":"https:\/\/racefinder.pt\/pt\/wp-json\/wp\/v2\/product_tag?post=25586"}],"curies":[{"name":"wp","href":"https:\/\/api.w.org\/{rel}","templated":true}]}}