{"id":25544,"date":"2026-01-06T23:07:50","date_gmt":"2026-01-06T23:07:50","guid":{"rendered":"https:\/\/www.racefinder.pt\/?post_type=product&#038;p=25544"},"modified":"2026-03-03T17:16:08","modified_gmt":"2026-03-03T17:16:08","slug":"melgaco-alvarinho-trail-2026","status":"publish","type":"product","link":"https:\/\/racefinder.pt\/pt\/event\/melgaco-alvarinho-trail-2026\/","title":{"rendered":"MELGA\u00c7O ALVARINHO TRAIL 2026"},"content":{"rendered":"","protected":false},"excerpt":{"rendered":"","protected":false},"featured_media":25639,"comment_status":"open","ping_status":"closed","template":"","meta":{"_acf_changed":false,"footnotes":""},"product_brand":[],"product_cat":[140,129,139,247],"product_tag":[],"class_list":{"0":"post-25544","1":"product","2":"type-product","3":"status-publish","4":"has-post-thumbnail","6":"product_cat-caminhada","7":"product_cat-corrida","8":"product_cat-trail-run-pt","9":"product_cat-ultra-maratonas","11":"first","12":"instock","13":"shipping-taxable","14":"purchasable","15":"product-type-variable"},"acf":{"event_short_description":"<p data-start=\"3151\" data-end=\"3565\">O <strong data-start=\"3153\" data-end=\"3185\">Melga\u00e7o Alvarinho Trail 2026<\/strong> \u00e9 um evento de trail running que se realiza no dia <strong data-start=\"3237\" data-end=\"3260\">15 de mar\u00e7o de 2026<\/strong>, em <strong data-start=\"3265\" data-end=\"3276\">Melga\u00e7o<\/strong>, no norte de Portugal. A prova \u00e9 organizada pela <strong data-start=\"3326\" data-end=\"3343\">Melsport E.M.<\/strong>, com o apoio da <strong data-start=\"3360\" data-end=\"3391\">C\u00e2mara Municipal de Melga\u00e7o<\/strong>, da <strong data-start=\"3396\" data-end=\"3443\">Associa\u00e7\u00e3o Trail Running de Portugal (ATRP)<\/strong>, da <strong data-start=\"3448\" data-end=\"3495\">Associa\u00e7\u00e3o de Atletismo de Viana do Castelo<\/strong> e da <strong data-start=\"3501\" data-end=\"3564\">Associa\u00e7\u00e3o Humanit\u00e1ria dos Bombeiros Volunt\u00e1rios de Melga\u00e7o<\/strong>.<\/p>\n<p data-start=\"3567\" data-end=\"3934\">Inserido numa regi\u00e3o marcada pela montanha, rios e aldeias t\u00edpicas, o evento percorre trilhos de montanha, caminhos rurais e zonas de elevado valor natural e hist\u00f3rico do concelho de Melga\u00e7o. A prova integra v\u00e1rias dist\u00e2ncias, desde caminhada at\u00e9 provas de longa dist\u00e2ncia, promovendo o fair-play, o respeito pela natureza e o princ\u00edpio de semi-autonomia em montanha.<\/p>\n","organizer_description":"<p data-start=\"1139\" data-end=\"1171\"><strong data-start=\"1139\" data-end=\"1154\"><a class=\"\" href=\"https:\/\/stopandgo.com.pt\/files\/melgaco-alvarinho-trail-2026\/6954913ed24ad_Regulamento_MAT2026.pdf\" target=\"_new\" rel=\"noopener\">Link do regulamento\u2197<\/a><\/strong><\/p>\n<ul data-start=\"3969\" data-end=\"4172\">\n<li data-start=\"3969\" data-end=\"4002\">\n<p data-start=\"3971\" data-end=\"4002\"><strong data-start=\"3971\" data-end=\"3980\">Data:<\/strong> 15 de mar\u00e7o de 2026<\/p>\n<\/li>\n<li data-start=\"4003\" data-end=\"4035\">\n<p data-start=\"4005\" data-end=\"4035\"><strong data-start=\"4005\" data-end=\"4015\">Local:<\/strong> Melga\u00e7o, Portugal<\/p>\n<\/li>\n<li data-start=\"4036\" data-end=\"4090\">\n<p data-start=\"4038\" data-end=\"4090\"><strong data-start=\"4038\" data-end=\"4060\">Partida e chegada:<\/strong> Largo Hermenegildo Solheiro<\/p>\n<\/li>\n<li data-start=\"4091\" data-end=\"4125\">\n<p data-start=\"4093\" data-end=\"4125\"><strong data-start=\"4093\" data-end=\"4109\">Organiza\u00e7\u00e3o:<\/strong> Melsport E.M.<\/p>\n<\/li>\n<li data-start=\"4126\" data-end=\"4172\">\n<p data-start=\"4128\" data-end=\"4172\"><strong data-start=\"4128\" data-end=\"4156\">Limite de participantes:<\/strong> 1.000 atletas<\/p>\n<\/li>\n<\/ul>\n<h3 data-start=\"4174\" data-end=\"4201\"><strong data-start=\"4178\" data-end=\"4201\">Provas e dist\u00e2ncias<\/strong><\/h3>\n<ul data-start=\"4202\" data-end=\"4509\">\n<li data-start=\"4202\" data-end=\"4273\">\n<p data-start=\"4204\" data-end=\"4273\"><strong data-start=\"4204\" data-end=\"4220\">Ultra Trail:<\/strong> 50 km | cerca de 2.800 m D+ | a partir dos 18 anos<\/p>\n<\/li>\n<li data-start=\"4274\" data-end=\"4345\">\n<p data-start=\"4276\" data-end=\"4345\"><strong data-start=\"4276\" data-end=\"4292\">Trail Longo:<\/strong> 33 km | cerca de 1.850 m D+ | a partir dos 18 anos<\/p>\n<\/li>\n<li data-start=\"4346\" data-end=\"4415\">\n<p data-start=\"4348\" data-end=\"4415\"><strong data-start=\"4348\" data-end=\"4364\">Trail Curto:<\/strong> 20 km | cerca de 1.100 m D+ | a partir dos 18 anos<\/p>\n<\/li>\n<li data-start=\"4416\" data-end=\"4509\">\n<p data-start=\"4418\" data-end=\"4509\"><strong data-start=\"4418\" data-end=\"4432\">Caminhada:<\/strong> 11 km | cerca de 400 m D+ | aberta a todos (menores de 14 anos acompanhados)<\/p>\n<\/li>\n<\/ul>\n<p data-start=\"4511\" data-end=\"4584\"><em data-start=\"4511\" data-end=\"4584\">(As dist\u00e2ncias s\u00e3o aproximadas e podem n\u00e3o coincidir com todos os GPS.)<\/em><\/p>\n<h3 data-start=\"4586\" data-end=\"4613\"><strong data-start=\"4590\" data-end=\"4613\">Hor\u00e1rios de partida<\/strong><\/h3>\n<ul data-start=\"4614\" data-end=\"4719\">\n<li data-start=\"4614\" data-end=\"4640\">\n<p data-start=\"4616\" data-end=\"4640\"><strong data-start=\"4616\" data-end=\"4632\">Ultra Trail:<\/strong> 08:00<\/p>\n<\/li>\n<li data-start=\"4641\" data-end=\"4667\">\n<p data-start=\"4643\" data-end=\"4667\"><strong data-start=\"4643\" data-end=\"4659\">Trail Longo:<\/strong> 08:30<\/p>\n<\/li>\n<li data-start=\"4668\" data-end=\"4694\">\n<p data-start=\"4670\" data-end=\"4694\"><strong data-start=\"4670\" data-end=\"4686\">Trail Curto:<\/strong> 09:00<\/p>\n<\/li>\n<li data-start=\"4695\" data-end=\"4719\">\n<p data-start=\"4697\" data-end=\"4719\"><strong data-start=\"4697\" data-end=\"4711\">Caminhada:<\/strong> 09:15<\/p>\n<\/li>\n<\/ul>\n<h3 data-start=\"4721\" data-end=\"4742\"><strong data-start=\"4725\" data-end=\"4742\">Cronometragem<\/strong><\/h3>\n<ul data-start=\"4743\" data-end=\"4830\">\n<li data-start=\"4743\" data-end=\"4798\">\n<p data-start=\"4745\" data-end=\"4798\">Sistema eletr\u00f3nico por <strong data-start=\"4768\" data-end=\"4796\">chip integrado no dorsal<\/strong><\/p>\n<\/li>\n<li data-start=\"4799\" data-end=\"4830\">\n<p data-start=\"4801\" data-end=\"4830\">Caminhada sem cronometragem<\/p>\n<\/li>\n<\/ul>\n<h3 data-start=\"4832\" data-end=\"4854\"><strong data-start=\"4836\" data-end=\"4854\">Abastecimentos<\/strong><\/h3>\n<ul data-start=\"4855\" data-end=\"5062\">\n<li data-start=\"4855\" data-end=\"4929\">\n<p data-start=\"4857\" data-end=\"4929\">Abastecimentos l\u00edquidos e s\u00f3lidos ao longo de todas as provas de trail<\/p>\n<\/li>\n<li data-start=\"4930\" data-end=\"4983\">\n<p data-start=\"4932\" data-end=\"4983\">Abastecimento na meta para todos os participantes<\/p>\n<\/li>\n<li data-start=\"4984\" data-end=\"5062\">\n<p data-start=\"4986\" data-end=\"5062\">Cada atleta deve transportar o seu pr\u00f3prio recipiente (eco-responsabilidade)<\/p>\n<\/li>\n<\/ul>\n<h3 data-start=\"5064\" data-end=\"5092\"><strong data-start=\"5068\" data-end=\"5092\">Kit do atleta inclui<\/strong><\/h3>\n<ul data-start=\"5093\" data-end=\"5466\">\n<li data-start=\"5093\" data-end=\"5103\">\n<p data-start=\"5095\" data-end=\"5103\">Dorsal<\/p>\n<\/li>\n<li data-start=\"5104\" data-end=\"5148\">\n<p data-start=\"5106\" data-end=\"5148\">Chip de cronometragem (exceto caminhada)<\/p>\n<\/li>\n<li data-start=\"5149\" data-end=\"5183\">\n<p data-start=\"5151\" data-end=\"5183\">Abastecimentos durante a prova<\/p>\n<\/li>\n<li data-start=\"5184\" data-end=\"5253\">\n<p data-start=\"5186\" data-end=\"5253\">Seguro desportivo, de acidentes pessoais e responsabilidade civil<\/p>\n<\/li>\n<li data-start=\"5254\" data-end=\"5308\">\n<p data-start=\"5256\" data-end=\"5308\">Medalha de finalista para todas as provas de trail<\/p>\n<\/li>\n<li data-start=\"5309\" data-end=\"5339\">\n<p data-start=\"5311\" data-end=\"5339\">Brindes alusivos ao evento<\/p>\n<\/li>\n<li data-start=\"5340\" data-end=\"5389\">\n<p data-start=\"5342\" data-end=\"5389\">Banhos de \u00e1gua quente nas Piscinas Municipais<\/p>\n<\/li>\n<li data-start=\"5390\" data-end=\"5431\">\n<p data-start=\"5392\" data-end=\"5431\">Sorteio de produtos regionais na meta<\/p>\n<\/li>\n<li data-start=\"5432\" data-end=\"5466\">\n<p data-start=\"5434\" data-end=\"5466\">Reportagem fotogr\u00e1fica oficial<\/p>\n<\/li>\n<\/ul>\n<p>&nbsp;<\/p>\n","race_benefits":"<p>\ud83c\udfd4\ufe0f Percursos de montanha em trilhos naturais do concelho de Melga\u00e7o<br data-start=\"5568\" data-end=\"5571\" \/>\ud83c\udfc3 Diferentes dist\u00e2ncias adaptadas a v\u00e1rios n\u00edveis de experi\u00eancia<br data-start=\"5636\" data-end=\"5639\" \/>\u23f1\ufe0f Cronometragem eletr\u00f3nica nas provas de trail<br data-start=\"5686\" data-end=\"5689\" \/>\ud83e\udd64 Abastecimentos s\u00f3lidos e l\u00edquidos ao longo dos percursos<br data-start=\"5748\" data-end=\"5751\" \/>\ud83d\udee1\ufe0f Seguro desportivo e de acidentes pessoais inclu\u00eddo<br data-start=\"5805\" data-end=\"5808\" \/>\ud83c\udfc5 Medalha de finalista para todos os atletas de trail<br data-start=\"5862\" data-end=\"5865\" \/>\ud83d\udebf Acesso a banhos de \u00e1gua quente no final da prova<br data-start=\"5916\" data-end=\"5919\" \/>\ud83d\udcf8 Reportagem fotogr\u00e1fica oficial<br data-start=\"5952\" data-end=\"5955\" \/>\ud83c\udf3f Forte compromisso com a preserva\u00e7\u00e3o ambiental e fair-play<\/p>\n","event_date_start":"20260315","event_date_end":"20260315","event_start_time":"","event_country":"portugal","event_ticket_url":"https:\/\/stopandgo.net\/events\/melgaco-alvarinho-trail-2026\/","event_latitude":"42.113","event_longitude":"-8.2593","event_rating":"","is_hot_event":false,"event_participants_count":"0","organizer_avatar":false,"event_gallery":false,"event_location_text":"Melga\u00e7o","organizer_website":{"title":"","url":"","target":"","0":""}},"_links":{"self":[{"href":"https:\/\/racefinder.pt\/pt\/wp-json\/wp\/v2\/product\/25544","targetHints":{"allow":["GET"]}}],"collection":[{"href":"https:\/\/racefinder.pt\/pt\/wp-json\/wp\/v2\/product"}],"about":[{"href":"https:\/\/racefinder.pt\/pt\/wp-json\/wp\/v2\/types\/product"}],"replies":[{"embeddable":true,"href":"https:\/\/racefinder.pt\/pt\/wp-json\/wp\/v2\/comments?post=25544"}],"version-history":[{"count":1,"href":"https:\/\/racefinder.pt\/pt\/wp-json\/wp\/v2\/product\/25544\/revisions"}],"predecessor-version":[{"id":35489,"href":"https:\/\/racefinder.pt\/pt\/wp-json\/wp\/v2\/product\/25544\/revisions\/35489"}],"wp:featuredmedia":[{"embeddable":true,"href":"https:\/\/racefinder.pt\/pt\/wp-json\/wp\/v2\/media\/25639"}],"wp:attachment":[{"href":"https:\/\/racefinder.pt\/pt\/wp-json\/wp\/v2\/media?parent=25544"}],"wp:term":[{"taxonomy":"product_brand","embeddable":true,"href":"https:\/\/racefinder.pt\/pt\/wp-json\/wp\/v2\/product_brand?post=25544"},{"taxonomy":"product_cat","embeddable":true,"href":"https:\/\/racefinder.pt\/pt\/wp-json\/wp\/v2\/product_cat?post=25544"},{"taxonomy":"product_tag","embeddable":true,"href":"https:\/\/racefinder.pt\/pt\/wp-json\/wp\/v2\/product_tag?post=25544"}],"curies":[{"name":"wp","href":"https:\/\/api.w.org\/{rel}","templated":true}]}}