{"id":25328,"date":"2026-01-06T11:59:35","date_gmt":"2026-01-06T11:59:35","guid":{"rendered":"https:\/\/www.racefinder.pt\/?post_type=product&#038;p=25328"},"modified":"2026-03-11T14:31:35","modified_gmt":"2026-03-11T14:31:35","slug":"i-grande-premio-zeus","status":"publish","type":"product","link":"https:\/\/racefinder.pt\/pt\/event\/i-grande-premio-zeus\/","title":{"rendered":"I GRANDE PR\u00c9MIO ZEUS"},"content":{"rendered":"","protected":false},"excerpt":{"rendered":"","protected":false},"featured_media":25452,"comment_status":"open","ping_status":"closed","template":"","meta":{"_acf_changed":false,"footnotes":""},"product_brand":[],"product_cat":[233,131],"product_tag":[],"class_list":{"0":"post-25328","1":"product","2":"type-product","3":"status-publish","4":"has-post-thumbnail","6":"product_cat-aguas-abertas","7":"product_cat-natacao","9":"first","10":"instock","11":"shipping-taxable","12":"purchasable","13":"product-type-variable"},"acf":{"event_short_description":"<p data-start=\"3166\" data-end=\"3372\">O I GRANDE PR\u00c9MIO ZEUS 2026 \u00e9 uma prova nacional e internacional de nata\u00e7\u00e3o em \u00e1guas abertas que se realiza no dia 10 de junho de 2026, na Praia Fluvial do Alqueid\u00e3o (Rio Z\u00eazere), Tomar.<\/p>\n<p data-start=\"3374\" data-end=\"3521\">Organizado pela Sociedade Filarm\u00f3nica Gualdim Pais (SFGP), o evento inclui v\u00e1rias dist\u00e2ncias adaptadas a diferentes idades e n\u00edveis competitivos.<\/p>\n<p data-start=\"3523\" data-end=\"3618\">As provas dispon\u00edveis s\u00e3o: 500 m, 1.500 m, 1.500 m com fato de neopreno, 3.000 m e 25 km.<\/p>\n<p data-start=\"3620\" data-end=\"3775\">A prova de 25 km liga Dornes (Ferreira do Z\u00eazere) \u00e0 Praia Fluvial do Alqueid\u00e3o, enquanto as restantes decorrem em circuito na Praia Fluvial do Alqueid\u00e3o.<\/p>\n<p data-start=\"3777\" data-end=\"3908\">Hor\u00e1rios de partida:<br data-start=\"3797\" data-end=\"3800\" \/>\u2022 07h30 \u2013 25 km<br data-start=\"3815\" data-end=\"3818\" \/>\u2022 11h00 \u2013 500 m<br data-start=\"3833\" data-end=\"3836\" \/>\u2022 11h30 \u2013 3.000 m<br data-start=\"3853\" data-end=\"3856\" \/>\u2022 11h45 \u2013 1.500 m com neopreno<br data-start=\"3886\" data-end=\"3889\" \/>\u2022 11h50 \u2013 1.500 m<\/p>\n","organizer_description":"<p data-start=\"3932\" data-end=\"3985\"><a href=\"file:\/\/\/C:\/Users\/camar\/Downloads\/Telegram%20Desktop\/REGULAMENTO-I-Grande-Pre%CC%81mio-de-A%CC%81guas-Abertas-ZEUS.pdf\">Regulamento \u2197\u00a0<\/a><\/p>\n<p class=\"not-prose mt-0! mb-0! flex-auto truncate\">REGULAMENTO-I-Grande-Pre\u0301mio-de\u2026<\/p>\n<p data-start=\"3987\" data-end=\"4030\">Local<br data-start=\"3992\" data-end=\"3995\" \/>Praia Fluvial do Alqueid\u00e3o, Tomar<\/p>\n<p data-start=\"4032\" data-end=\"4060\">Data<br data-start=\"4036\" data-end=\"4039\" \/>10 de junho de 2026<\/p>\n<p data-start=\"4062\" data-end=\"4205\">Dist\u00e2ncias<br data-start=\"4072\" data-end=\"4075\" \/>\u2022 500 m \u2013 1 volta<br data-start=\"4092\" data-end=\"4095\" \/>\u2022 1.500 m \u2013 1 volta<br data-start=\"4114\" data-end=\"4117\" \/>\u2022 1.500 m com neopreno \u2013 1 volta<br data-start=\"4149\" data-end=\"4152\" \/>\u2022 3.000 m \u2013 2 voltas<br data-start=\"4172\" data-end=\"4175\" \/>\u2022 25 km \u2013 Dornes \u2192 Alqueid\u00e3o<\/p>\n<p data-start=\"4207\" data-end=\"4366\">Idade m\u00ednima<br data-start=\"4219\" data-end=\"4222\" \/>\u2022 25 km \u2013 18 anos (mediante aprova\u00e7\u00e3o)<br data-start=\"4260\" data-end=\"4263\" \/>\u2022 3.000 m \u2013 14 anos<br data-start=\"4282\" data-end=\"4285\" \/>\u2022 1.500 m \u2013 12 anos<br data-start=\"4304\" data-end=\"4307\" \/>\u2022 500 m \u2013 Federados desde 9 anos; populares desde 12 anos<\/p>\n<p data-start=\"4368\" data-end=\"4416\">Inscri\u00e7\u00e3o<br data-start=\"4377\" data-end=\"4380\" \/>Aberta a federados e n\u00e3o federados<\/p>\n<p data-start=\"4418\" data-end=\"4520\">Taxas<br data-start=\"4423\" data-end=\"4426\" \/>Conforme tabela oficial do regulamento (10\u20ac a 200\u20ac, dependendo da prova e data de inscri\u00e7\u00e3o)<\/p>\n<p data-start=\"4522\" data-end=\"4589\">Seguran\u00e7a<br data-start=\"4531\" data-end=\"4534\" \/>Assist\u00eancia m\u00e9dica, embarca\u00e7\u00f5es de apoio e ambul\u00e2ncia<\/p>\n","race_benefits":"<p>\ud83c\udfbd Kit oficial com t-shirt e brindes<br data-start=\"4658\" data-end=\"4661\" \/>\ud83c\udfc5 Medalha finisher (500 m)<br data-start=\"4688\" data-end=\"4691\" \/>\ud83d\udcb0 Prize money para top 3 absolutos masculino e feminino (25 km)<br data-start=\"4755\" data-end=\"4758\" \/>\ud83c\udf81 Sorteio de pr\u00e9mios surpresa<br data-start=\"4788\" data-end=\"4791\" \/>\u23f1\ufe0f Cronometragem eletr\u00f3nica<br data-start=\"4818\" data-end=\"4821\" \/>\ud83d\udedf Apoio m\u00e9dico e embarca\u00e7\u00f5es de seguran\u00e7a<br data-start=\"4863\" data-end=\"4866\" \/>\ud83d\udebf Infraestruturas no local<\/p>\n","event_date_start":"20260610","event_date_end":"20260610","event_start_time":"","event_country":"portugal","event_latitude":"39.6036","event_longitude":"-8.415","event_rating":"","is_hot_event":false,"event_participants_count":"0","organizer_avatar":false,"event_gallery":false,"event_location_text":"Tomar","purchasing_all_variations_through_woocommerce":false,"event_faq_headline":"","event_faq_items":false,"event_ticket_url":"https:\/\/multicrono.com\/v1\/zeus-open-water-grand-prix-2026\/","organizer_website":{"title":"","url":"","target":"","0":""},"optional_extras":false},"_links":{"self":[{"href":"https:\/\/racefinder.pt\/pt\/wp-json\/wp\/v2\/product\/25328","targetHints":{"allow":["GET"]}}],"collection":[{"href":"https:\/\/racefinder.pt\/pt\/wp-json\/wp\/v2\/product"}],"about":[{"href":"https:\/\/racefinder.pt\/pt\/wp-json\/wp\/v2\/types\/product"}],"replies":[{"embeddable":true,"href":"https:\/\/racefinder.pt\/pt\/wp-json\/wp\/v2\/comments?post=25328"}],"version-history":[{"count":1,"href":"https:\/\/racefinder.pt\/pt\/wp-json\/wp\/v2\/product\/25328\/revisions"}],"predecessor-version":[{"id":32783,"href":"https:\/\/racefinder.pt\/pt\/wp-json\/wp\/v2\/product\/25328\/revisions\/32783"}],"wp:featuredmedia":[{"embeddable":true,"href":"https:\/\/racefinder.pt\/pt\/wp-json\/wp\/v2\/media\/25452"}],"wp:attachment":[{"href":"https:\/\/racefinder.pt\/pt\/wp-json\/wp\/v2\/media?parent=25328"}],"wp:term":[{"taxonomy":"product_brand","embeddable":true,"href":"https:\/\/racefinder.pt\/pt\/wp-json\/wp\/v2\/product_brand?post=25328"},{"taxonomy":"product_cat","embeddable":true,"href":"https:\/\/racefinder.pt\/pt\/wp-json\/wp\/v2\/product_cat?post=25328"},{"taxonomy":"product_tag","embeddable":true,"href":"https:\/\/racefinder.pt\/pt\/wp-json\/wp\/v2\/product_tag?post=25328"}],"curies":[{"name":"wp","href":"https:\/\/api.w.org\/{rel}","templated":true}]}}