{"id":25121,"date":"2026-01-05T23:16:32","date_gmt":"2026-01-05T23:16:32","guid":{"rendered":"https:\/\/www.racefinder.pt\/?post_type=product&#038;p=25121"},"modified":"2026-01-07T14:39:49","modified_gmt":"2026-01-07T14:39:49","slug":"run4-children-almada-forum","status":"publish","type":"product","link":"https:\/\/racefinder.pt\/pt\/event\/run4-children-almada-forum\/","title":{"rendered":"RUN4 CHILDREN | ALMADA FORUM"},"content":{"rendered":"","protected":false},"excerpt":{"rendered":"","protected":false},"featured_media":24882,"comment_status":"open","ping_status":"closed","template":"","meta":{"_acf_changed":false,"footnotes":""},"product_brand":[],"product_cat":[140,130,212,129,225,224,161],"product_tag":[],"class_list":{"0":"post-25121","1":"product","2":"type-product","3":"status-publish","4":"has-post-thumbnail","6":"product_cat-caminhada","7":"product_cat-ciclismo","8":"product_cat-ciclismo-de-estrada","9":"product_cat-corrida","10":"product_cat-10-km-pt","11":"product_cat-5-km-pt","12":"product_cat-kids-pt","14":"first","15":"instock","16":"shipping-taxable","17":"purchasable","18":"product-type-variable"},"acf":{"event_short_description":"<p data-start=\"162\" data-end=\"551\">O <strong data-start=\"164\" data-end=\"201\">RUN4 CHILDREN | Almada Forum 2026<\/strong> \u00e9 um evento desportivo e solid\u00e1rio que se realiza no dia <strong data-start=\"259\" data-end=\"281\">31 de maio de 2026<\/strong>, em <strong data-start=\"286\" data-end=\"296\">Almada<\/strong>, com partida no <strong data-start=\"313\" data-end=\"329\">Almada Forum<\/strong> e chegada no <strong data-start=\"343\" data-end=\"360\">Parque da Paz<\/strong>. A iniciativa \u00e9 organizada pela <strong data-start=\"393\" data-end=\"411\">Play4 Children<\/strong>, com organiza\u00e7\u00e3o t\u00e9cnica da <strong data-start=\"440\" data-end=\"452\">Xistarca<\/strong>, e tem como principal objetivo promover a pr\u00e1tica desportiva aliada a uma forte componente social.<\/p>\n<p data-start=\"553\" data-end=\"938\">O evento inclui v\u00e1rias atividades pensadas para todas as idades e n\u00edveis de condi\u00e7\u00e3o f\u00edsica: <strong data-start=\"646\" data-end=\"666\">corrida de 10 km<\/strong>, <strong data-start=\"668\" data-end=\"710\">passeio solid\u00e1rio de bicicleta de 5 km<\/strong>, <strong data-start=\"712\" data-end=\"755\">caminhada familiar e C\u00e3ominhada de 5 km<\/strong>, e a prova infantil <strong data-start=\"776\" data-end=\"802\">Mini Champions (500 m)<\/strong>. O ambiente \u00e9 inclusivo, familiar e solid\u00e1rio, convidando participantes individuais, fam\u00edlias e grupos a juntarem-se por uma boa causa.<\/p>\n<p data-start=\"940\" data-end=\"1103\">Parte das receitas reverte para os projetos sociais da Play4 Children, refor\u00e7ando o compromisso do evento com a solidariedade, a comunidade e o bem-estar infantil.<\/p>\n","organizer_description":"<p><strong><a class=\"\" href=\"https:\/\/play4children.com\/wp-content\/uploads\/2025\/12\/REGULAMENTOS-RUN4-CHILDREN-ALMADA-FORUM-1.pdf\" target=\"_new\" rel=\"noopener\">Regulamento \u2197<\/a><\/strong><\/p>\n<p data-start=\"1128\" data-end=\"1199\"><strong data-start=\"1128\" data-end=\"1140\">\ud83d\udccd Local<\/strong><br data-start=\"1140\" data-end=\"1143\" \/>Partida: Almada Forum<br data-start=\"1164\" data-end=\"1167\" \/>Chegada: Parque da Paz, Almada<\/p>\n<p data-start=\"1201\" data-end=\"1235\"><strong data-start=\"1201\" data-end=\"1212\">\ud83d\udcc5 Data<\/strong><br data-start=\"1212\" data-end=\"1215\" \/>31 de maio de 2026<\/p>\n<h3 data-start=\"1237\" data-end=\"1260\">Provas e hor\u00e1rios<\/h3>\n<ul data-start=\"1261\" data-end=\"1493\">\n<li data-start=\"1261\" data-end=\"1298\">\n<p data-start=\"1263\" data-end=\"1298\"><strong data-start=\"1263\" data-end=\"1289\">Mini Champions (500 m)<\/strong>: 09:00<\/p>\n<\/li>\n<li data-start=\"1299\" data-end=\"1348\">\n<p data-start=\"1301\" data-end=\"1348\"><strong data-start=\"1301\" data-end=\"1318\">Corrida 10 km<\/strong>: 09:30 (tempo limite: 1h30)<\/p>\n<\/li>\n<li data-start=\"1349\" data-end=\"1420\">\n<p data-start=\"1351\" data-end=\"1420\"><strong data-start=\"1351\" data-end=\"1390\">Passeio Solid\u00e1rio de Bicicleta 5 km<\/strong>: 10:00 (tempo limite: 1h00)<\/p>\n<\/li>\n<li data-start=\"1421\" data-end=\"1493\">\n<p data-start=\"1423\" data-end=\"1493\"><strong data-start=\"1423\" data-end=\"1463\">Caminhada Familiar \/ C\u00e3ominhada 5 km<\/strong>: 10:05 (tempo limite: 1h30)<\/p>\n<\/li>\n<\/ul>\n<h3 data-start=\"1495\" data-end=\"1515\">Abastecimentos<\/h3>\n<ul data-start=\"1516\" data-end=\"1597\">\n<li data-start=\"1516\" data-end=\"1553\">\n<p data-start=\"1518\" data-end=\"1553\">Corrida 10 km: aos 5 km e na meta<\/p>\n<\/li>\n<li data-start=\"1554\" data-end=\"1597\">\n<p data-start=\"1556\" data-end=\"1597\">Restantes provas: abastecimento na meta<\/p>\n<\/li>\n<\/ul>\n<h3 data-start=\"1599\" data-end=\"1618\">Kit do atleta<\/h3>\n<ul data-start=\"1619\" data-end=\"1906\">\n<li data-start=\"1619\" data-end=\"1728\">\n<p data-start=\"1621\" data-end=\"1728\"><strong data-start=\"1621\" data-end=\"1638\">Corrida 10 km<\/strong>: dorsal, chip de cronometragem e saco (T-shirt oficial opcional, custo adicional de 8\u20ac)<\/p>\n<\/li>\n<li data-start=\"1729\" data-end=\"1826\">\n<p data-start=\"1731\" data-end=\"1826\"><strong data-start=\"1731\" data-end=\"1767\">Passeio de bicicleta e caminhada<\/strong>: dorsal e saco (T-shirt opcional, custo adicional de 8\u20ac)<\/p>\n<\/li>\n<li data-start=\"1827\" data-end=\"1906\">\n<p data-start=\"1829\" data-end=\"1906\"><strong data-start=\"1829\" data-end=\"1847\">Mini Champions<\/strong>: dorsal e saco (T-shirt opcional, custo adicional de 8\u20ac)<\/p>\n<\/li>\n<\/ul>\n<h3 data-start=\"1908\" data-end=\"1934\">Levantamento de kits<\/h3>\n<p data-start=\"1935\" data-end=\"1960\"><strong data-start=\"1935\" data-end=\"1945\">Local:<\/strong> Almada Forum<\/p>\n<ul data-start=\"1961\" data-end=\"2037\">\n<li data-start=\"1961\" data-end=\"2001\">\n<p data-start=\"1963\" data-end=\"2001\">Sexta-feira, 29 de maio: 10:00\u201320:00<\/p>\n<\/li>\n<li data-start=\"2002\" data-end=\"2037\">\n<p data-start=\"2004\" data-end=\"2037\">S\u00e1bado, 30 de maio: 10:00\u201320:00<\/p>\n<\/li>\n<\/ul>\n<h3 data-start=\"2039\" data-end=\"2052\">Pr\u00e9mios<\/h3>\n<ul data-start=\"2053\" data-end=\"2398\">\n<li data-start=\"2053\" data-end=\"2247\">\n<p data-start=\"2055\" data-end=\"2075\"><strong data-start=\"2055\" data-end=\"2072\">Corrida 10 km<\/strong>:<\/p>\n<ul data-start=\"2078\" data-end=\"2247\">\n<li data-start=\"2078\" data-end=\"2133\">\n<p data-start=\"2080\" data-end=\"2133\">1.\u00ba classificado masculino e feminino: vale de 150\u20ac<\/p>\n<\/li>\n<li data-start=\"2136\" data-end=\"2190\">\n<p data-start=\"2138\" data-end=\"2190\">2.\u00ba classificado masculino e feminino: vale de 75\u20ac<\/p>\n<\/li>\n<li data-start=\"2193\" data-end=\"2247\">\n<p data-start=\"2195\" data-end=\"2247\">3.\u00ba classificado masculino e feminino: vale de 25\u20ac<\/p>\n<\/li>\n<\/ul>\n<\/li>\n<li data-start=\"2248\" data-end=\"2316\">\n<p data-start=\"2250\" data-end=\"2316\">Trof\u00e9us para os 3 primeiros classificados masculinos e femininos<\/p>\n<\/li>\n<li data-start=\"2317\" data-end=\"2398\">\n<p data-start=\"2319\" data-end=\"2398\">Todos os participantes recebem <strong data-start=\"2350\" data-end=\"2373\">medalha de finisher<\/strong> e <strong data-start=\"2376\" data-end=\"2398\">diploma eletr\u00f3nico<\/strong><\/p>\n<\/li>\n<\/ul>\n<h3 data-start=\"2400\" data-end=\"2431\">Condi\u00e7\u00f5es de participa\u00e7\u00e3o<\/h3>\n<ul data-start=\"2432\" data-end=\"2649\">\n<li data-start=\"2432\" data-end=\"2485\">\n<p data-start=\"2434\" data-end=\"2485\">Idade m\u00ednima para a corrida de 10 km: <strong data-start=\"2472\" data-end=\"2483\">18 anos<\/strong><\/p>\n<\/li>\n<li data-start=\"2486\" data-end=\"2522\">\n<p data-start=\"2488\" data-end=\"2522\">Uso obrigat\u00f3rio de dorsal e chip<\/p>\n<\/li>\n<li data-start=\"2523\" data-end=\"2591\">\n<p data-start=\"2525\" data-end=\"2591\">N\u00e3o \u00e9 permitido acompanhamento por bicicletas, patins ou animais<\/p>\n<\/li>\n<li data-start=\"2592\" data-end=\"2649\">\n<p data-start=\"2594\" data-end=\"2649\">Comportamento antidesportivo implica desclassifica\u00e7\u00e3o<\/p>\n<\/li>\n<\/ul>\n<h3 data-start=\"2651\" data-end=\"2678\">Seguro e apoio m\u00e9dico<\/h3>\n<ul data-start=\"2679\" data-end=\"2767\">\n<li data-start=\"2679\" data-end=\"2720\">\n<p data-start=\"2681\" data-end=\"2720\">Seguro de acidentes pessoais inclu\u00eddo<\/p>\n<\/li>\n<li data-start=\"2721\" data-end=\"2767\">\n<p data-start=\"2723\" data-end=\"2767\">Apoio m\u00e9dico dispon\u00edvel ao longo do evento<\/p>\n<\/li>\n<\/ul>\n","race_benefits":"<p>\ud83c\udfc3 Evento acess\u00edvel a todas as idades e n\u00edveis de condi\u00e7\u00e3o f\u00edsica<br data-start=\"3053\" data-end=\"3056\" \/>\u2764\ufe0f Forte componente solid\u00e1ria, com apoio direto a projetos sociais infantis<br data-start=\"3131\" data-end=\"3134\" \/>\u23f1\ufe0f Cronometragem eletr\u00f3nica por chip na corrida de 10 km<br data-start=\"3190\" data-end=\"3193\" \/>\ud83e\udd64 Abastecimentos garantidos durante e no final das provas<br data-start=\"3251\" data-end=\"3254\" \/>\ud83d\udee1\ufe0f Seguro de acidentes pessoais inclu\u00eddo<br data-start=\"3295\" data-end=\"3298\" \/>\ud83e\ude7a Apoio m\u00e9dico durante todo o evento<br data-start=\"3335\" data-end=\"3338\" \/>\ud83c\udfc5 Medalha de finisher para todos os participantes<br data-start=\"3388\" data-end=\"3391\" \/>\ud83d\udcc4 Diploma eletr\u00f3nico de participa\u00e7\u00e3o<br data-start=\"3428\" data-end=\"3431\" \/>\ud83d\udc68\u200d\ud83d\udc69\u200d\ud83d\udc67 Ambiente familiar, inclusivo e comunit\u00e1rio<br data-start=\"3482\" data-end=\"3485\" \/>\ud83d\udeb4 Op\u00e7\u00f5es de participa\u00e7\u00e3o em corrida, caminhada, ciclismo e prova infantil<\/p>\n","event_date_start":"20260531","event_date_end":"20260531","event_start_time":"","event_country":"portugal","event_ticket_url":"https:\/\/play4children.com\/run4-children-almada-forum\/","event_latitude":"38.6831","event_longitude":"-9.1576","event_rating":"","is_hot_event":false,"event_participants_count":"0","organizer_avatar":false,"event_gallery":false,"event_location_text":"Almada","purchasing_all_variations_through_woocommerce":false,"organizer_website":{"title":"","url":"","target":"","0":""},"optional_extras":false},"_links":{"self":[{"href":"https:\/\/racefinder.pt\/pt\/wp-json\/wp\/v2\/product\/25121","targetHints":{"allow":["GET"]}}],"collection":[{"href":"https:\/\/racefinder.pt\/pt\/wp-json\/wp\/v2\/product"}],"about":[{"href":"https:\/\/racefinder.pt\/pt\/wp-json\/wp\/v2\/types\/product"}],"replies":[{"embeddable":true,"href":"https:\/\/racefinder.pt\/pt\/wp-json\/wp\/v2\/comments?post=25121"}],"version-history":[{"count":0,"href":"https:\/\/racefinder.pt\/pt\/wp-json\/wp\/v2\/product\/25121\/revisions"}],"wp:featuredmedia":[{"embeddable":true,"href":"https:\/\/racefinder.pt\/pt\/wp-json\/wp\/v2\/media\/24882"}],"wp:attachment":[{"href":"https:\/\/racefinder.pt\/pt\/wp-json\/wp\/v2\/media?parent=25121"}],"wp:term":[{"taxonomy":"product_brand","embeddable":true,"href":"https:\/\/racefinder.pt\/pt\/wp-json\/wp\/v2\/product_brand?post=25121"},{"taxonomy":"product_cat","embeddable":true,"href":"https:\/\/racefinder.pt\/pt\/wp-json\/wp\/v2\/product_cat?post=25121"},{"taxonomy":"product_tag","embeddable":true,"href":"https:\/\/racefinder.pt\/pt\/wp-json\/wp\/v2\/product_tag?post=25121"}],"curies":[{"name":"wp","href":"https:\/\/api.w.org\/{rel}","templated":true}]}}