{"id":25073,"date":"2026-01-05T23:11:27","date_gmt":"2026-01-05T23:11:27","guid":{"rendered":"https:\/\/www.racefinder.pt\/?post_type=product&#038;p=25073"},"modified":"2026-04-02T23:09:27","modified_gmt":"2026-04-02T22:09:27","slug":"grande-premio-lxtriathlon","status":"publish","type":"product","link":"https:\/\/racefinder.pt\/pt\/event\/grande-premio-lxtriathlon\/","title":{"rendered":"Grande Pr\u00e9mio LXTRIATHLON"},"content":{"rendered":"","protected":false},"excerpt":{"rendered":"","protected":false},"featured_media":25383,"comment_status":"open","ping_status":"closed","template":"","meta":{"_acf_changed":false,"footnotes":""},"product_brand":[],"product_cat":[244,140,129,225,161],"product_tag":[],"class_list":{"0":"post-25073","1":"product","2":"type-product","3":"status-publish","4":"has-post-thumbnail","6":"product_cat-meia-maratona","7":"product_cat-caminhada","8":"product_cat-corrida","9":"product_cat-10-km-pt","10":"product_cat-kids-pt","12":"first","13":"instock","14":"shipping-taxable","15":"purchasable","16":"product-type-variable"},"acf":{"event_short_description":"<p data-start=\"20\" data-end=\"343\">O <strong data-start=\"22\" data-end=\"56\">Grande Pr\u00e9mio LXTRIATHLON 2026<\/strong> \u00e9 um evento de <strong data-start=\"72\" data-end=\"85\">atletismo<\/strong> que decorre no dia <strong data-start=\"105\" data-end=\"128\">18 de abril de 2026<\/strong>, na <strong data-start=\"133\" data-end=\"151\">Alta de Lisboa<\/strong>, organizado pelo <strong data-start=\"169\" data-end=\"213\">Lxtriathlon \u2013 Clube de Triatlo de Lisboa<\/strong>, com o apoio da <strong data-start=\"230\" data-end=\"260\">C\u00e2mara Municipal de Lisboa<\/strong>, <strong data-start=\"262\" data-end=\"299\">Junta de Freguesia de Santa Clara<\/strong> e da <strong data-start=\"305\" data-end=\"342\">Associa\u00e7\u00e3o de Atletismo de Lisboa<\/strong>.<\/p>\n<p data-start=\"345\" data-end=\"646\">O evento integra v\u00e1rias provas, pensadas para diferentes perfis de participantes: <strong data-start=\"427\" data-end=\"452\">Meia Maratona (21 km)<\/strong>, <strong data-start=\"454\" data-end=\"474\">Corrida de 10 km<\/strong>, <strong data-start=\"476\" data-end=\"497\">Caminhada de 3 km<\/strong> e <strong data-start=\"500\" data-end=\"516\">Corrida Kids<\/strong>. Trata-se de uma competi\u00e7\u00e3o aberta a atletas <strong data-start=\"562\" data-end=\"591\">federados e n\u00e3o federados<\/strong>, de ambos os sexos, num ambiente inclusivo e familiar.<\/p>\n<p data-start=\"648\" data-end=\"957\">Com uma forte vertente <strong data-start=\"671\" data-end=\"684\">solid\u00e1ria<\/strong>, o Grande Pr\u00e9mio LXTRIATHLON apoia a <strong data-start=\"722\" data-end=\"735\">Valentina<\/strong>, uma crian\u00e7a diagnosticada com s\u00edndrome cong\u00e9nita do v\u00edrus Zika, destinando <strong data-start=\"812\" data-end=\"843\">10% do valor das inscri\u00e7\u00f5es<\/strong> \u00e0 angaria\u00e7\u00e3o de fundos para a aquisi\u00e7\u00e3o de equipamentos ortop\u00e9dicos e outros materiais essenciais \u00e0 sua condi\u00e7\u00e3o.<\/p>\n","organizer_description":"<p data-start=\"983\" data-end=\"1075\"><strong data-start=\"983\" data-end=\"1014\">Local de partida e chegada:<\/strong><br data-start=\"1014\" data-end=\"1017\" \/>Pista de Atletismo Prof. Moniz Pereira, <strong data-start=\"1057\" data-end=\"1075\">Alta de Lisboa<\/strong><\/p>\n<p data-start=\"1077\" data-end=\"1121\"><strong data-start=\"1077\" data-end=\"1086\">Data:<\/strong><br data-start=\"1086\" data-end=\"1089\" \/>Domingo, <strong data-start=\"1098\" data-end=\"1121\">18 de abril de 2026<\/strong><\/p>\n<p data-start=\"1123\" data-end=\"1337\"><strong data-start=\"1123\" data-end=\"1147\">Programa \/ Hor\u00e1rios:<\/strong><br data-start=\"1147\" data-end=\"1150\" \/>\u2022 16:00 \u2013 Partida Corrida 10 km<br data-start=\"1181\" data-end=\"1184\" \/>\u2022 16:00 \u2013 Partida Meia Maratona 21 km<br data-start=\"1221\" data-end=\"1224\" \/>\u2022 16:00 \u2013 Partida Caminhada 3 km<br data-start=\"1256\" data-end=\"1259\" \/>\u2022 16:00 \u2013 Corrida Kids<br data-start=\"1281\" data-end=\"1284\" \/>\n<\/p>\n<p data-start=\"1339\" data-end=\"1622\"><strong data-start=\"1339\" data-end=\"1362\">Provas e percursos:<\/strong><br data-start=\"1362\" data-end=\"1365\" \/>\u2022 <strong data-start=\"1367\" data-end=\"1392\">Meia Maratona (21 km)<\/strong><br data-start=\"1392\" data-end=\"1395\" \/>\u2022 <strong data-start=\"1397\" data-end=\"1414\">Corrida 10 km<\/strong> \u2013 uma volta grande e uma pequena<br data-start=\"1447\" data-end=\"1450\" \/>\u2022 <strong data-start=\"1452\" data-end=\"1470\">Caminhada 3 km<\/strong><br data-start=\"1470\" data-end=\"1473\" \/>\u2022 <strong data-start=\"1475\" data-end=\"1491\">Corrida Kids<\/strong> \u2013 realizada dentro da pista de atletismo, com dist\u00e2ncias adaptadas a cada escal\u00e3o et\u00e1rio<br data-start=\"1580\" data-end=\"1583\" \/><em data-start=\"1583\" data-end=\"1622\">(As dist\u00e2ncias podem ser aproximadas)<\/em><\/p>\n<p data-start=\"1624\" data-end=\"1700\"><strong data-start=\"1624\" data-end=\"1641\">Tempo limite:<\/strong><br data-start=\"1641\" data-end=\"1644\" \/>\u2022 Meia Maratona: <strong data-start=\"1661\" data-end=\"1672\">3 horas<\/strong> (controlo efetuado na meta)<\/p>\n<p data-start=\"1702\" data-end=\"1776\"><strong data-start=\"1702\" data-end=\"1720\">Cronometragem:<\/strong><br data-start=\"1720\" data-end=\"1723\" \/>\u23f1\ufe0f Sistema eletr\u00f3nico por <strong data-start=\"1749\" data-end=\"1776\">chip inclu\u00eddo no dorsal<\/strong><\/p>\n<p data-start=\"1778\" data-end=\"1999\"><strong data-start=\"1778\" data-end=\"1793\">Inscri\u00e7\u00f5es:<\/strong><br data-start=\"1793\" data-end=\"1796\" \/>\u2022 Realizadas exclusivamente no site oficial<br data-start=\"1839\" data-end=\"1842\" \/>\u2022 Pagamento por refer\u00eancia multibanco<br data-start=\"1879\" data-end=\"1882\" \/>\u2022 Inscri\u00e7\u00f5es de \u00faltima hora no secretariado (sujeitas a disponibilidade), com acr\u00e9scimo de <strong data-start=\"1973\" data-end=\"1979\">5\u20ac<\/strong> e apenas com dorsal<\/p>\n<p data-start=\"2001\" data-end=\"2097\"><strong data-start=\"2001\" data-end=\"2029\">Limite de participantes:<\/strong><br data-start=\"2029\" data-end=\"2032\" \/>\u2022 M\u00e1ximo de <strong data-start=\"2044\" data-end=\"2066\">3000 participantes<\/strong>, no conjunto das quatro provas<\/p>\n<p data-start=\"2099\" data-end=\"2218\"><strong data-start=\"2099\" data-end=\"2117\">Kit do atleta:<\/strong><br data-start=\"2117\" data-end=\"2120\" \/><em data-start=\"2120\" data-end=\"2143\">Meia Maratona e 10 km<\/em><br data-start=\"2143\" data-end=\"2146\" \/>\u2022 Dorsal<br data-start=\"2154\" data-end=\"2157\" \/>\u2022 Chip<br data-start=\"2163\" data-end=\"2166\" \/>\u2022 Saco<br data-start=\"2172\" data-end=\"2175\" \/>\u2022 T-shirt t\u00e9cnica opcional (acresce <strong data-start=\"2211\" data-end=\"2217\">6\u20ac<\/strong>)<\/p>\n<p data-start=\"2220\" data-end=\"2302\"><em data-start=\"2220\" data-end=\"2236\">Caminhada 3 km<\/em><br data-start=\"2236\" data-end=\"2239\" \/>\u2022 Dorsal<br data-start=\"2247\" data-end=\"2250\" \/>\u2022 Saco<br data-start=\"2256\" data-end=\"2259\" \/>\u2022 T-shirt t\u00e9cnica opcional (acresce <strong data-start=\"2295\" data-end=\"2301\">6\u20ac<\/strong>)<\/p>\n<p data-start=\"2304\" data-end=\"2369\"><em data-start=\"2304\" data-end=\"2318\">Corrida Kids<\/em><br data-start=\"2318\" data-end=\"2321\" \/>\u2022 Dorsal<br data-start=\"2329\" data-end=\"2332\" \/>\u2022 Saco<br data-start=\"2338\" data-end=\"2341\" \/>\u2022 T-shirt t\u00e9cnica inclu\u00edda<\/p>\n<p data-start=\"2371\" data-end=\"2576\"><strong data-start=\"2371\" data-end=\"2401\">Outros servi\u00e7os inclu\u00eddos:<\/strong><br data-start=\"2401\" data-end=\"2404\" \/>\u2022 Abastecimentos s\u00f3lidos e l\u00edquidos<br data-start=\"2439\" data-end=\"2442\" \/>\u2022 \u00c1gua, fruta e isot\u00f3nico na meta<br data-start=\"2475\" data-end=\"2478\" \/>\u2022 Seguro desportivo<br data-start=\"2497\" data-end=\"2500\" \/>\u2022 Diploma eletr\u00f3nico de participa\u00e7\u00e3o<br data-start=\"2536\" data-end=\"2539\" \/>\u2022 Brindes oferecidos pela organiza\u00e7\u00e3o<\/p>\n<p data-start=\"2578\" data-end=\"2672\"><strong data-start=\"2578\" data-end=\"2597\">Abastecimentos:<\/strong><br data-start=\"2597\" data-end=\"2600\" \/>\ud83e\udd64 V\u00e1rios postos ao longo do percurso com abastecimento s\u00f3lido e l\u00edquido<\/p>\n<p data-start=\"2674\" data-end=\"2815\"><strong data-start=\"2674\" data-end=\"2706\">Seguro e assist\u00eancia m\u00e9dica:<\/strong><br data-start=\"2706\" data-end=\"2709\" \/>\ud83d\udee1\ufe0f Seguro de acidentes pessoais para todos os participantes<br data-start=\"2769\" data-end=\"2772\" \/>\ud83e\ude7a Apoio m\u00e9dico na partida, percurso e meta<\/p>\n","race_benefits":"<p>\ud83c\udfc3\u200d\u2642\ufe0f Provas para todos os n\u00edveis, desde crian\u00e7as a atletas experientes<br data-start=\"2908\" data-end=\"2911\" \/>\u2764\ufe0f Evento com forte componente solid\u00e1ria<br data-start=\"2951\" data-end=\"2954\" \/>\u23f1\ufe0f Cronometragem eletr\u00f3nica por chip<br data-start=\"2990\" data-end=\"2993\" \/>\ud83e\udd64 Abastecimentos e apoio m\u00e9dico garantidos<br data-start=\"3036\" data-end=\"3039\" \/>\ud83d\udc68\u200d\ud83d\udc69\u200d\ud83d\udc67 Ambiente familiar e inclusivo<br data-start=\"3077\" data-end=\"3080\" \/>\ud83c\udfc5 Trof\u00e9us, medalhas e pr\u00e9mios por escal\u00f5es e equipas<br data-start=\"3133\" data-end=\"3136\" \/>\ud83c\udfbd Kit do atleta e diploma eletr\u00f3nico<br data-start=\"3173\" data-end=\"3176\" \/>\ud83c\udf31 Promo\u00e7\u00e3o do desporto, conv\u00edvio e responsabilidade social<\/p>\n","event_start_time":"","event_country":"portugal","event_ticket_url":"https:\/\/werun.pt\/eventos\/grande-premio-lxtriatlhon\/","event_rating":"","event_participants_count":"0","organizer_avatar":false,"event_gallery":false,"event_location_text":"Lisboa","is_hot_event":true,"event_faq_headline":"","event_faq_items":false,"event_latitude":"38.7826","event_longitude":"-9.1536","optional_extras":[{"extra":{"ID":39506,"post_author":"692","post_date":"2026-03-25 10:52:29","post_date_gmt":"2026-03-25 10:52:29","post_content":"","post_title":"T-shirt","post_excerpt":"","post_status":"publish","comment_status":"closed","ping_status":"closed","post_password":"","post_name":"t-shirt","to_ping":"","pinged":"","post_modified":"2026-03-25 10:52:29","post_modified_gmt":"2026-03-25 10:52:29","post_content_filtered":"","post_parent":0,"guid":"https:\/\/racefinder.pt\/optional-extras\/t-shirt\/","menu_order":0,"post_type":"optional_extra","post_mime_type":"","comment_count":"0","filter":"raw"},"price":"10"}],"event_full_address":"","organizer_name":"","event_date_start":"20260418","event_date_end":"20260418","purchasing_all_variations_through_woocommerce":false,"organizer_website":{"title":"","url":"","target":"","0":""}},"_links":{"self":[{"href":"https:\/\/racefinder.pt\/pt\/wp-json\/wp\/v2\/product\/25073","targetHints":{"allow":["GET"]}}],"collection":[{"href":"https:\/\/racefinder.pt\/pt\/wp-json\/wp\/v2\/product"}],"about":[{"href":"https:\/\/racefinder.pt\/pt\/wp-json\/wp\/v2\/types\/product"}],"replies":[{"embeddable":true,"href":"https:\/\/racefinder.pt\/pt\/wp-json\/wp\/v2\/comments?post=25073"}],"version-history":[{"count":3,"href":"https:\/\/racefinder.pt\/pt\/wp-json\/wp\/v2\/product\/25073\/revisions"}],"predecessor-version":[{"id":35476,"href":"https:\/\/racefinder.pt\/pt\/wp-json\/wp\/v2\/product\/25073\/revisions\/35476"}],"wp:featuredmedia":[{"embeddable":true,"href":"https:\/\/racefinder.pt\/pt\/wp-json\/wp\/v2\/media\/25383"}],"wp:attachment":[{"href":"https:\/\/racefinder.pt\/pt\/wp-json\/wp\/v2\/media?parent=25073"}],"wp:term":[{"taxonomy":"product_brand","embeddable":true,"href":"https:\/\/racefinder.pt\/pt\/wp-json\/wp\/v2\/product_brand?post=25073"},{"taxonomy":"product_cat","embeddable":true,"href":"https:\/\/racefinder.pt\/pt\/wp-json\/wp\/v2\/product_cat?post=25073"},{"taxonomy":"product_tag","embeddable":true,"href":"https:\/\/racefinder.pt\/pt\/wp-json\/wp\/v2\/product_tag?post=25073"}],"curies":[{"name":"wp","href":"https:\/\/api.w.org\/{rel}","templated":true}]}}