{"id":24839,"date":"2026-01-04T18:09:48","date_gmt":"2026-01-04T18:09:48","guid":{"rendered":"https:\/\/www.racefinder.pt\/?post_type=product&#038;p=24839"},"modified":"2026-01-05T10:50:24","modified_gmt":"2026-01-05T10:50:24","slug":"pr1-tabua-na-peugada-de-joao-brandao-2026","status":"publish","type":"product","link":"https:\/\/racefinder.pt\/pt\/event\/pr1-tabua-na-peugada-de-joao-brandao-2026\/","title":{"rendered":"PR1 T\u00c1BUA &#8211; Na Peugada de Jo\u00e3o Brand\u00e3o 2026"},"content":{"rendered":"","protected":false},"excerpt":{"rendered":"","protected":false},"featured_media":24886,"comment_status":"open","ping_status":"closed","template":"","meta":{"_acf_changed":false,"footnotes":""},"product_brand":[],"product_cat":[140,129],"product_tag":[],"class_list":{"0":"post-24839","1":"product","2":"type-product","3":"status-publish","4":"has-post-thumbnail","6":"product_cat-caminhada","7":"product_cat-corrida","9":"first","10":"instock","11":"shipping-taxable","12":"purchasable","13":"product-type-variable"},"acf":{"event_short_description":"<p>O PR1 T\u00c1BUA &#8211; Na Peugada de Jo\u00e3o Brand\u00e3o 2026 \u00e9 um evento de atletismo que se realizar\u00e1 a 8 de fevereiro de 2026, em T\u00e1bua, Portugal.<\/p>\n<p>Inclui v\u00e1rias dist\u00e2ncias, aberto a todos os participantes sem necessidade de licen\u00e7a. Celebra o legado de Jo\u00e3o Brand\u00e3o, proporcionando uma experi\u00eancia cultural e atl\u00e9tica na regi\u00e3o.<\/p>\n<p>A atmosfera do evento \u00e9 comunit\u00e1ria, incentivando a participa\u00e7\u00e3o de atletas de todos os n\u00edveis e idades.<\/p>\n","organizer_description":"<p><strong>Locais de partida\/chegada:<\/strong> T\u00e1bua, Portugal<\/p>\n","race_benefits":"","event_date_start":"20260208","event_date_end":"20260208","event_start_time":"","event_country":"portugal","event_ticket_url":"https:\/\/stopandgo.net\/events\/pr1-tabua-na-peugada-de-joao-brandao-2026","event_latitude":"40.3602","event_longitude":"-8.0284","event_rating":"","is_hot_event":false,"event_participants_count":"0","organizer_avatar":false,"event_gallery":false,"event_location_text":"T\u00e1bua","event_full_address":"","organizer_name":"","organizer_website":{"title":"","url":"","target":"","0":""}},"_links":{"self":[{"href":"https:\/\/racefinder.pt\/pt\/wp-json\/wp\/v2\/product\/24839","targetHints":{"allow":["GET"]}}],"collection":[{"href":"https:\/\/racefinder.pt\/pt\/wp-json\/wp\/v2\/product"}],"about":[{"href":"https:\/\/racefinder.pt\/pt\/wp-json\/wp\/v2\/types\/product"}],"replies":[{"embeddable":true,"href":"https:\/\/racefinder.pt\/pt\/wp-json\/wp\/v2\/comments?post=24839"}],"version-history":[{"count":0,"href":"https:\/\/racefinder.pt\/pt\/wp-json\/wp\/v2\/product\/24839\/revisions"}],"wp:featuredmedia":[{"embeddable":true,"href":"https:\/\/racefinder.pt\/pt\/wp-json\/wp\/v2\/media\/24886"}],"wp:attachment":[{"href":"https:\/\/racefinder.pt\/pt\/wp-json\/wp\/v2\/media?parent=24839"}],"wp:term":[{"taxonomy":"product_brand","embeddable":true,"href":"https:\/\/racefinder.pt\/pt\/wp-json\/wp\/v2\/product_brand?post=24839"},{"taxonomy":"product_cat","embeddable":true,"href":"https:\/\/racefinder.pt\/pt\/wp-json\/wp\/v2\/product_cat?post=24839"},{"taxonomy":"product_tag","embeddable":true,"href":"https:\/\/racefinder.pt\/pt\/wp-json\/wp\/v2\/product_tag?post=24839"}],"curies":[{"name":"wp","href":"https:\/\/api.w.org\/{rel}","templated":true}]}}