{"id":24226,"date":"2025-12-31T17:51:25","date_gmt":"2025-12-31T17:51:25","guid":{"rendered":"https:\/\/www.racefinder.pt\/?post_type=product&#038;p=24226"},"modified":"2026-01-02T11:47:02","modified_gmt":"2026-01-02T11:47:02","slug":"open-torres-vedras","status":"publish","type":"product","link":"https:\/\/racefinder.pt\/pt\/event\/open-torres-vedras\/","title":{"rendered":"OPEN TORRES VEDRAS"},"content":{"rendered":"","protected":false},"excerpt":{"rendered":"","protected":false},"featured_media":24431,"comment_status":"open","ping_status":"closed","template":"","meta":{"_acf_changed":false,"footnotes":""},"product_brand":[],"product_cat":[193,130],"product_tag":[],"class_list":{"0":"post-24226","1":"product","2":"type-product","3":"status-publish","4":"has-post-thumbnail","6":"product_cat-btt-pt-2","7":"product_cat-ciclismo","9":"first","10":"instock","11":"shipping-taxable","12":"purchasable","13":"product-type-variable"},"acf":{"event_short_description":"<p>O Open Torres Vedras \u00e9 um evento de corrida que acontecer\u00e1 no domingo, 15 de mar\u00e7o de 2026, no Parque Expotorres em Torres Vedras, Lisboa. Conta com dist\u00e2ncias de maratona e meia maratona, ideal para corredores de longa dist\u00e2ncia que buscam uma prova competitiva e com boa organiza\u00e7\u00e3o.<\/p>\n<p>O evento \u00e9 aberto a todos os participantes, sem necessidade de licen\u00e7a, acolhendo tanto atletas de elite quanto amadores. A atmosfera da prova \u00e9 organizada e competitiva, com categorias de idade e g\u00eanero que promovem a inclus\u00e3o de corredores de v\u00e1rios n\u00edveis.<\/p>\n<p>Os participantes poder\u00e3o desfrutar de um percurso bem demarcado em Torres Vedras, com o suporte da organiza\u00e7\u00e3o. O evento integra o calend\u00e1rio local de corridas e oferece uma \u00f3tima oportunidade para competir no in\u00edcio da primavera numa regi\u00e3o culturalmente rica de Portugal.<\/p>\n","organizer_description":"<p><a href=\"https:\/\/apedalar.pt\/open-torres-vedras\/regulamento\"><strong>Regulamento \u2197<\/strong><\/a><\/p>\n<p><strong>Escal\u00f5es\/Divis\u00f5es et\u00e1rias:<\/strong><br \/>\n\u2022 Elites Masculino (18-29)<br \/>\n\u2022 M30 (30-39)<br \/>\n\u2022 M40 (40-49)<br \/>\n\u2022 M50 (50-59)<br \/>\n\u2022 M60 (60+)<br \/>\n\u2022 Geral Feminina<br \/>\n\u2022 Elites Feminino (0-39)<br \/>\n\u2022 Masters Feminino (40+)<\/p>\n<p><strong>Local de partida\/chegada:<\/strong> Parque Expotorres, Torres Vedras, Lisboa<\/p>\n<p><strong>Hor\u00e1rios de partida por categoria\/dist\u00e2ncia:<\/strong> 09:00, 15 de mar\u00e7o de 2026<\/p>\n<p><strong>Data limite de inscri\u00e7\u00e3o:<\/strong> 10 de mar\u00e7o de 2026 \u00e0s 23:59<\/p>\n<p><strong>Tipo de superf\u00edcie:<\/strong> Asfalto\/estrada<\/p>\n<p><strong>Formato do percurso:<\/strong> Rotas de Maratona e Meia Maratona<\/p>\n<p><strong>Pr\u00e9mios:<\/strong> N\u00e3o especificados<\/p>\n","race_benefits":"<p>\ud83c\udfbd Kit atleta: dorsal<br \/>\n\u23f1\ufe0f Cronometragem + resultados ao vivo por categoria<br \/>\n\ud83d\udee1\ufe0f Seguro: inclu\u00eddo na inscri\u00e7\u00e3o<\/p>\n","event_date_start":"20260315","event_date_end":"20260315","event_start_time":"","event_country":"portugal","event_ticket_url":"https:\/\/apedalar.pt\/eventos\/4094\/info","event_latitude":"39.093","event_longitude":"-9.2607","event_rating":"","is_hot_event":false,"event_participants_count":"0","organizer_avatar":false,"event_gallery":false,"event_location_text":"Torres Vedras","organizer_website":{"title":"","url":"","target":"","0":""}},"_links":{"self":[{"href":"https:\/\/racefinder.pt\/pt\/wp-json\/wp\/v2\/product\/24226","targetHints":{"allow":["GET"]}}],"collection":[{"href":"https:\/\/racefinder.pt\/pt\/wp-json\/wp\/v2\/product"}],"about":[{"href":"https:\/\/racefinder.pt\/pt\/wp-json\/wp\/v2\/types\/product"}],"replies":[{"embeddable":true,"href":"https:\/\/racefinder.pt\/pt\/wp-json\/wp\/v2\/comments?post=24226"}],"version-history":[{"count":0,"href":"https:\/\/racefinder.pt\/pt\/wp-json\/wp\/v2\/product\/24226\/revisions"}],"wp:featuredmedia":[{"embeddable":true,"href":"https:\/\/racefinder.pt\/pt\/wp-json\/wp\/v2\/media\/24431"}],"wp:attachment":[{"href":"https:\/\/racefinder.pt\/pt\/wp-json\/wp\/v2\/media?parent=24226"}],"wp:term":[{"taxonomy":"product_brand","embeddable":true,"href":"https:\/\/racefinder.pt\/pt\/wp-json\/wp\/v2\/product_brand?post=24226"},{"taxonomy":"product_cat","embeddable":true,"href":"https:\/\/racefinder.pt\/pt\/wp-json\/wp\/v2\/product_cat?post=24226"},{"taxonomy":"product_tag","embeddable":true,"href":"https:\/\/racefinder.pt\/pt\/wp-json\/wp\/v2\/product_tag?post=24226"}],"curies":[{"name":"wp","href":"https:\/\/api.w.org\/{rel}","templated":true}]}}