{"id":24049,"date":"2025-12-31T17:18:55","date_gmt":"2025-12-31T17:18:55","guid":{"rendered":"https:\/\/www.racefinder.pt\/?post_type=product&#038;p=24049"},"modified":"2026-01-02T10:55:14","modified_gmt":"2026-01-02T10:55:14","slug":"campeonato-de-resistencia-btt-do-concelho-de-agueda-inscricao-6-etapas","status":"publish","type":"product","link":"https:\/\/racefinder.pt\/pt\/event\/campeonato-de-resistencia-btt-do-concelho-de-agueda-inscricao-6-etapas\/","title":{"rendered":"Campeonato de Resist\u00eancia BTT do Concelho de \u00c1gueda | Inscri\u00e7\u00e3o 6 Etapas"},"content":{"rendered":"","protected":false},"excerpt":{"rendered":"","protected":false},"featured_media":24341,"comment_status":"open","ping_status":"closed","template":"","meta":{"_acf_changed":false,"footnotes":""},"product_brand":[],"product_cat":[130,193],"product_tag":[],"class_list":{"0":"post-24049","1":"product","2":"type-product","3":"status-publish","4":"has-post-thumbnail","6":"product_cat-ciclismo","7":"product_cat-btt-pt-2","9":"first","10":"instock","11":"shipping-taxable","12":"purchasable","13":"product-type-variable"},"acf":{"event_short_description":"<p>O Campeonato de Resist\u00eancia BTT do Concelho de \u00c1gueda \u00e9 um campeonato de resist\u00eancia em bicicleta de montanha que acontece em \u00c1gueda, Portugal, com in\u00edcio a 31 de janeiro de 2026. O evento \u00e9 composto por 6 etapas independentes organizadas por v\u00e1rias associa\u00e7\u00f5es sob a coordena\u00e7\u00e3o do Clube \u00c1gueda Bike Friends com o apoio da C\u00e2mara Municipal de \u00c1gueda.<\/p>\n<p>O campeonato oferece v\u00e1rias dura\u00e7\u00f5es de prova, incluindo 1h30 solo, 2h solo, 3h solo, bem como categorias especiais como duplas, duplas business, triplas e ebikes. Est\u00e1 aberto a atletas federados em diversas categorias et\u00e1rias, desde juniores a masters e elite.<\/p>\n<p>Este evento proporciona uma experi\u00eancia competitiva e desafiadora de BTT, distribu\u00edda pelo cen\u00e1rio natural de \u00c1gueda, combinando resist\u00eancia e emo\u00e7\u00e3o. Promove um ambiente comunit\u00e1rio forte com op\u00e7\u00f5es de equipa e estafetas, sendo atrativo tanto para competidores individuais como para grupos.<\/p>\n","organizer_description":"<p><strong><a class=\"\" href=\"https:\/\/lap2go.com\/pt\/event\/campeonato-btt-agueda-2026\/regulamento.html\" target=\"_new\" rel=\"noopener\">Link do regulamento \u2197<\/a><\/strong><\/p>\n<p><strong>Categorias\/divis\u00f5es et\u00e1rias:<\/strong><br \/>\n\u2022 Juniores Feminino e Masculino<br \/>\n\u2022 Cadetes Feminino e Masculino<br \/>\n\u2022 Elite Feminino e Masculino<br \/>\n\u2022 Master 30 Feminino e Masculino<br \/>\n\u2022 Master 40 Feminino e Masculino<br \/>\n\u2022 Master 50 Feminino e Masculino<br \/>\n\u2022 Master 60 Masculino<br \/>\n\u2022 Master 70 Masculino<\/p>\n<p><strong>Local de partida\/chegada:<\/strong> \u00c1gueda<\/p>\n<p><strong>Prazo de inscri\u00e7\u00e3o:<\/strong> 27 de janeiro de 2026 \u00e0s 23:59 (hora local)<\/p>\n<p><strong>Tipos de superf\u00edcie:<\/strong> Trilhos de bicicleta de montanha na regi\u00e3o de \u00c1gueda<\/p>\n<p><strong>Formato do percurso:<\/strong> 6 etapas independentes com formatos diversos por associa\u00e7\u00e3o<\/p>\n<p><strong>M\u00e9todo de cronometragem:<\/strong> Cronometragem eletr\u00f3nica<\/p>\n","race_benefits":"<p>\ud83c\udfbd Kit atleta: dorsal e autocolantes<br \/>\n\u23f1\ufe0f Cronometragem eletr\u00f3nica com resultados em direto<br \/>\n\ud83d\udedf Apoio de seguran\u00e7a fornecido pelos organizadores<br \/>\n\ud83d\udee1\ufe0f Seguro inclu\u00eddo para os participantes<br \/>\n\ud83e\udd64 Postos de apoio com hidrata\u00e7\u00e3o durante as provas<\/p>\n","event_date_start":"20260131","event_date_end":"20260131","event_start_time":"","event_country":"portugal","event_ticket_url":"https:\/\/lap2go.com\/pt\/event\/campeonato-btt-agueda-2026","event_latitude":"40.5785","event_longitude":"-8.4438","event_rating":"","is_hot_event":false,"event_participants_count":"0","organizer_avatar":false,"event_gallery":false,"event_location_text":"\u00c1gueda","organizer_website":{"title":"","url":"","target":"","0":""}},"_links":{"self":[{"href":"https:\/\/racefinder.pt\/pt\/wp-json\/wp\/v2\/product\/24049","targetHints":{"allow":["GET"]}}],"collection":[{"href":"https:\/\/racefinder.pt\/pt\/wp-json\/wp\/v2\/product"}],"about":[{"href":"https:\/\/racefinder.pt\/pt\/wp-json\/wp\/v2\/types\/product"}],"replies":[{"embeddable":true,"href":"https:\/\/racefinder.pt\/pt\/wp-json\/wp\/v2\/comments?post=24049"}],"version-history":[{"count":0,"href":"https:\/\/racefinder.pt\/pt\/wp-json\/wp\/v2\/product\/24049\/revisions"}],"wp:featuredmedia":[{"embeddable":true,"href":"https:\/\/racefinder.pt\/pt\/wp-json\/wp\/v2\/media\/24341"}],"wp:attachment":[{"href":"https:\/\/racefinder.pt\/pt\/wp-json\/wp\/v2\/media?parent=24049"}],"wp:term":[{"taxonomy":"product_brand","embeddable":true,"href":"https:\/\/racefinder.pt\/pt\/wp-json\/wp\/v2\/product_brand?post=24049"},{"taxonomy":"product_cat","embeddable":true,"href":"https:\/\/racefinder.pt\/pt\/wp-json\/wp\/v2\/product_cat?post=24049"},{"taxonomy":"product_tag","embeddable":true,"href":"https:\/\/racefinder.pt\/pt\/wp-json\/wp\/v2\/product_tag?post=24049"}],"curies":[{"name":"wp","href":"https:\/\/api.w.org\/{rel}","templated":true}]}}