{"id":24013,"date":"2025-12-31T17:13:45","date_gmt":"2025-12-31T17:13:45","guid":{"rendered":"https:\/\/www.racefinder.pt\/?post_type=product&#038;p=24013"},"modified":"2026-03-27T15:51:43","modified_gmt":"2026-03-27T15:51:43","slug":"swim-grand-prix-2","status":"publish","type":"product","link":"https:\/\/racefinder.pt\/pt\/event\/swim-grand-prix-2\/","title":{"rendered":"SWIM GRAND PRIX"},"content":{"rendered":"","protected":false},"excerpt":{"rendered":"","protected":false},"featured_media":27351,"comment_status":"open","ping_status":"closed","template":"","meta":{"_acf_changed":false,"footnotes":""},"product_brand":[],"product_cat":[233,248,131],"product_tag":[],"class_list":{"0":"post-24013","1":"product","2":"type-product","3":"status-publish","4":"has-post-thumbnail","6":"product_cat-aguas-abertas","7":"product_cat-kids-pt-2","8":"product_cat-natacao","10":"first","11":"instock","12":"shipping-taxable","13":"purchasable","14":"product-type-variable"},"acf":{"event_short_description":"<p>O Swim Grand Prix 2026 \u00e9 o maior evento de nata\u00e7\u00e3o em \u00e1guas abertas de Portugal. Esta prova de nata\u00e7\u00e3o oferece v\u00e1rias dist\u00e2ncias para acomodar diferentes n\u00edveis de nadadores, tornando-a acess\u00edvel tanto para amadores quanto para atletas experientes.O evento \u00e9 aberto a todos os participantes, incluindo aqueles sem licen\u00e7a, promovendo um ambiente comunit\u00e1rio amplo. Faz parte de uma s\u00e9rie que re\u00fane nadadores competitivos e recreativos em uma atmosfera festiva e motivadora.Os nadadores ir\u00e3o experienciar paisagens \u00fanicas em \u00e1guas abertas, acrescentando um elemento natural inspirador \u00e0 competi\u00e7\u00e3o. O evento tamb\u00e9m inclui provas paralelas para diferentes faixas et\u00e1rias ou categorias, promovendo a inclus\u00e3o e a participa\u00e7\u00e3o familiar.<\/p>\n","organizer_description":"<p><strong><a class=\"\" href=\"https:\/\/lap2go.com\/pt\/event\/swim-grand-prix-2026\/regulamento.html\" target=\"_new\" rel=\"noopener\">Regulamento \u2197<\/a><\/strong><\/p>\n<ul>\n<li data-start=\"2916\" data-end=\"2965\">\n<p data-start=\"2918\" data-end=\"2965\"><strong data-start=\"2918\" data-end=\"2938\">Datas do evento:<\/strong> 18 e 19 de julho de 2026<\/p>\n<\/li>\n<li data-start=\"2966\" data-end=\"3075\">\n<p data-start=\"2968\" data-end=\"3075\"><strong data-start=\"2968\" data-end=\"2979\">Locais:<\/strong> Lisboa (Bel\u00e9m), Oeiras (Praia da Torre), S\u00e3o Pedro do Estoril, Cascais (Praia dos Pescadores)<\/p>\n<\/li>\n<li data-start=\"3076\" data-end=\"3247\">\n<p data-start=\"3078\" data-end=\"3107\"><strong data-start=\"3078\" data-end=\"3105\">Dist\u00e2ncias dispon\u00edveis:<\/strong><\/p>\n<ul data-start=\"3110\" data-end=\"3247\">\n<li data-start=\"3110\" data-end=\"3136\">\n<p data-start=\"3112\" data-end=\"3136\">20 km (Lisboa\u2013Cascais)<\/p>\n<\/li>\n<li data-start=\"3139\" data-end=\"3165\">\n<p data-start=\"3141\" data-end=\"3165\">10 km (Oeiras\u2013Cascais)<\/p>\n<\/li>\n<li data-start=\"3168\" data-end=\"3176\">\n<p data-start=\"3170\" data-end=\"3176\">5 km<\/p>\n<\/li>\n<li data-start=\"3179\" data-end=\"3189\">\n<p data-start=\"3181\" data-end=\"3189\">3,8 km<\/p>\n<\/li>\n<li data-start=\"3192\" data-end=\"3202\">\n<p data-start=\"3194\" data-end=\"3202\">1,9 km<\/p>\n<\/li>\n<li data-start=\"3205\" data-end=\"3213\">\n<p data-start=\"3207\" data-end=\"3213\">1 km<\/p>\n<\/li>\n<li data-start=\"3216\" data-end=\"3247\">\n<p data-start=\"3218\" data-end=\"3247\">Provas Kids (400 m e 200 m)<\/p>\n<\/li>\n<\/ul>\n<\/li>\n<li data-start=\"3248\" data-end=\"3319\">\n<p data-start=\"3250\" data-end=\"3319\"><strong data-start=\"3250\" data-end=\"3268\">Cronometragem:<\/strong> Sistema eletr\u00f3nico por chip (exceto provas Kids)<\/p>\n<\/li>\n<li data-start=\"3320\" data-end=\"3390\">\n<p data-start=\"3322\" data-end=\"3390\"><strong data-start=\"3322\" data-end=\"3339\">Regulamentos:<\/strong> World Aquatics e Federa\u00e7\u00e3o Portuguesa de Nata\u00e7\u00e3o<\/p>\n<\/li>\n<li data-start=\"3391\" data-end=\"3479\">\n<p data-start=\"3393\" data-end=\"3479\"><strong data-start=\"3393\" data-end=\"3407\">Seguran\u00e7a:<\/strong> Equipas m\u00e9dicas, autoridades mar\u00edtimas, kayaks e embarca\u00e7\u00f5es de apoio<\/p>\n<\/li>\n<\/ul>\n","race_benefits":"<p>\ud83c\udfca Diversas dist\u00e2ncias para todos os n\u00edveis, desde crian\u00e7as a nadadores de ultra-resist\u00eancia<br data-start=\"3719\" data-end=\"3722\" \/>\u23f1\ufe0f Cronometragem eletr\u00f3nica para resultados precisos<br data-start=\"3774\" data-end=\"3777\" \/>\ud83d\udedf Sistema de seguran\u00e7a completo com equipas m\u00e9dicas, kayaks e apoio mar\u00edtimo<br data-start=\"3854\" data-end=\"3857\" \/>\ud83c\udfc5 Medalha de finisher para todos os atletas que concluam a prova<br data-start=\"3922\" data-end=\"3925\" \/>\ud83e\udde2 Touca oficial da prova inclu\u00edda<br data-start=\"3959\" data-end=\"3962\" \/>\ud83e\ude7a Seguro de acidentes pessoais inclu\u00eddo\u00a0<br data-start=\"4041\" data-end=\"4044\" \/>\ud83c\udf0a Percursos ic\u00f3nicos em \u00e1guas abertas ao longo da costa portuguesa<br data-start=\"4111\" data-end=\"4114\" \/>\ud83d\udc68\u200d\ud83d\udc69\u200d\ud83d\udc67 Ambiente familiar com provas Kids e zona EXPO<br data-start=\"4168\" data-end=\"4171\" \/>\ud83c\udfc6 P\u00f3dios, pr\u00e9mios por escal\u00e3o e classifica\u00e7\u00f5es por equipas<\/p>\n","event_date_start":"20260718","event_date_end":"20260719","event_start_time":"","event_country":"portugal","event_ticket_url":"https:\/\/swimgp.com\/","event_latitude":"38.7008","event_longitude":"-9.4179","event_rating":"","event_participants_count":"0","organizer_avatar":false,"event_gallery":false,"event_location_text":"Cascais","is_hot_event":true,"event_faq_headline":"","event_faq_items":false,"optional_extras":false,"purchasing_all_variations_through_woocommerce":false,"organizer_website":{"title":"","url":"","target":"","0":""}},"_links":{"self":[{"href":"https:\/\/racefinder.pt\/pt\/wp-json\/wp\/v2\/product\/24013","targetHints":{"allow":["GET"]}}],"collection":[{"href":"https:\/\/racefinder.pt\/pt\/wp-json\/wp\/v2\/product"}],"about":[{"href":"https:\/\/racefinder.pt\/pt\/wp-json\/wp\/v2\/types\/product"}],"replies":[{"embeddable":true,"href":"https:\/\/racefinder.pt\/pt\/wp-json\/wp\/v2\/comments?post=24013"}],"version-history":[{"count":1,"href":"https:\/\/racefinder.pt\/pt\/wp-json\/wp\/v2\/product\/24013\/revisions"}],"predecessor-version":[{"id":37955,"href":"https:\/\/racefinder.pt\/pt\/wp-json\/wp\/v2\/product\/24013\/revisions\/37955"}],"wp:featuredmedia":[{"embeddable":true,"href":"https:\/\/racefinder.pt\/pt\/wp-json\/wp\/v2\/media\/27351"}],"wp:attachment":[{"href":"https:\/\/racefinder.pt\/pt\/wp-json\/wp\/v2\/media?parent=24013"}],"wp:term":[{"taxonomy":"product_brand","embeddable":true,"href":"https:\/\/racefinder.pt\/pt\/wp-json\/wp\/v2\/product_brand?post=24013"},{"taxonomy":"product_cat","embeddable":true,"href":"https:\/\/racefinder.pt\/pt\/wp-json\/wp\/v2\/product_cat?post=24013"},{"taxonomy":"product_tag","embeddable":true,"href":"https:\/\/racefinder.pt\/pt\/wp-json\/wp\/v2\/product_tag?post=24013"}],"curies":[{"name":"wp","href":"https:\/\/api.w.org\/{rel}","templated":true}]}}