{"id":22895,"date":"2025-12-18T05:25:38","date_gmt":"2025-12-18T05:25:38","guid":{"rendered":"https:\/\/www.racefinder.pt\/?post_type=product&#038;p=22895"},"modified":"2025-12-18T13:36:04","modified_gmt":"2025-12-18T13:36:04","slug":"lynx-race-promocional-circuito-2026","status":"publish","type":"product","link":"https:\/\/racefinder.pt\/pt\/event\/lynx-race-promocional-circuito-2026\/","title":{"rendered":"LYNX RACE &#8211; PROMOCIONAL CIRCUITO 2026"},"content":{"rendered":"","protected":false},"excerpt":{"rendered":"","protected":false},"featured_media":22924,"comment_status":"open","ping_status":"closed","template":"","meta":{"_acf_changed":false,"footnotes":""},"product_brand":[],"product_cat":[129,245],"product_tag":[],"class_list":{"0":"post-22895","1":"product","2":"type-product","3":"status-publish","4":"has-post-thumbnail","6":"product_cat-corrida","7":"product_cat-corridas-de-obstaculos","9":"first","10":"instock","11":"shipping-taxable","12":"purchasable","13":"product-type-variable"},"acf":{"event_short_description":"<p>A Lynx Race Promocional Circuito 2026 \u00e9 uma s\u00e9rie de corridas de obst\u00e1culos composta por tr\u00eas etapas realizadas em Vouzela, Mafra e Oeiras, nos dias 14 de junho, 27 de setembro e 1 de novembro, respetivamente. Este desafio oferece duas dist\u00e2ncias: 10 km com 30 obst\u00e1culos e 5 km com 20 obst\u00e1culos, al\u00e9m de uma corrida de 2 km para crian\u00e7as, abrangendo diversos perfis de participantes.<\/p>\n<p>A competi\u00e7\u00e3o est\u00e1 aberta a todos os atletas que podem escolher entre o modo Competitivo, com cronometragem e cumprimento obrigat\u00f3rio dos obst\u00e1culos com penaliza\u00e7\u00f5es, e o modo Open, tamb\u00e9m cronometrado mas focado na divers\u00e3o. As provas decorrem em locais \u00fanicos, como a Tapada Militar de Mafra e a Esta\u00e7\u00e3o Agron\u00f3mica de Oeiras, proporcionando um cen\u00e1rio natural e hist\u00f3rico desafiador.<\/p>\n<p>O circuito Lynx Race oferece uma atmosfera festiva e competitiva, com classifica\u00e7\u00f5es individuais e por equipas, categorias de escal\u00f5es et\u00e1rios e pr\u00e9mios em dinheiro. A s\u00e9rie inclui p\u00f3dios especiais e trof\u00e9us, tornando-se uma experi\u00eancia motivadora para atletas de elite, entusiastas e fam\u00edlias, incluindo eventos espec\u00edficos para crian\u00e7as.<\/p>\n","organizer_description":"<p><strong><a class=\"\" href=\"https:\/\/stopandgo.com.pt\/files\/lynx-race-promocional-circuito-2026\/6941f70d0386d_2.Regulamento%20Geral%20CIRCUITO%20LYNX%202026_Vouzela_Mafra_Oeiras.pdf\" target=\"_new\" rel=\"noopener\">Regulamento \u2197<\/a><\/strong><\/p>\n<p><strong>Categorias\/Divis\u00f5es et\u00e1rias:<\/strong><br \/>\n\u2022 2 km Kids<br \/>\n\u2022 5 km OPEN<br \/>\n\u2022 10 km OPEN<br \/>\n\u2022 10 km COMPETITIVO<\/p>\n<p><strong>Locais de partida\/chegada:<\/strong><br \/>\n\u2022 Vouzela: C\u00e2mara Municipal de Vouzela (Lynx Village em frente \u00e0 C\u00e2mara)<br \/>\n\u2022 Mafra: Tapada Militar de Mafra, Campo dos Pl\u00e1tanos (Lynx Village)<br \/>\n\u2022 Oeiras: Quinta de Cima do Pal\u00e1cio do Marqu\u00eas de Pombal, Esta\u00e7\u00e3o Agron\u00f3mica<\/p>\n<p><strong>Hor\u00e1rios de partida por categoria\/dist\u00e2ncia:<\/strong> Primeira sa\u00edda \u00e0s 09h00 para todas as provas<\/p>\n<p><strong>Hor\u00e1rio e local de levantamento dos kits:<\/strong> Levantamento do kit no dia anterior das 15h \u00e0s 18h ou no dia da prova das 07h30 \u00e0s 10h no local do evento<\/p>\n<p><strong>Prazo final de inscri\u00e7\u00f5es:<\/strong><br \/>\n\u2022 Vouzela: 3 de junho ou at\u00e9 esgotar<br \/>\n\u2022 Mafra: 16 de junho ou at\u00e9 esgotar<br \/>\n\u2022 Oeiras: 20 de outubro ou at\u00e9 esgotar<\/p>\n<p><strong>Tipos de superf\u00edcies:<\/strong> Terreno natural com obst\u00e1culos em parques militares e esta\u00e7\u00e3o agron\u00f3mica<\/p>\n<p><strong>Formato do percurso:<\/strong> Corrida de obst\u00e1culos com 20 obst\u00e1culos em 5 km e 30 obst\u00e1culos em 10 km<\/p>\n<p><strong>Rotas das provas:<\/strong> Anunciadas duas semanas antes, sinalizadas com fitas e setas amarelas<\/p>\n<p><strong>M\u00e9todo de cronometragem:<\/strong> Cronometragem eletr\u00f3nica com aplica\u00e7\u00e3o de penaliza\u00e7\u00f5es<\/p>\n<p><strong>Localiza\u00e7\u00e3o de casas de banho e pontos de apoio:<\/strong> Informa\u00e7\u00f5es no Guia do Atleta<\/p>\n<p><strong>Pr\u00e9mios:<\/strong> Medalhas de participa\u00e7\u00e3o para todos; pr\u00e9mios financeiros para os 3 primeiros da geral e escal\u00f5es; trof\u00e9us para as melhores equipas; medalha exclusiva para quem completar as 3 etapas<\/p>\n","race_benefits":"<p>\ud83c\udfbd Kit atleta: dorsal, touca de nata\u00e7\u00e3o, autocolantes, pulseira do evento<br \/>\n\ud83c\udfc5 Pr\u00e9mio de finalista: medalha de participa\u00e7\u00e3o para todos os finishers<br \/>\n\u23f1\ufe0f Cronometragem eletr\u00f3nica com penaliza\u00e7\u00f5es para obst\u00e1culos falhados<br \/>\n\ud83d\udedf Apoio \u00e0 seguran\u00e7a: marshalls nos obst\u00e1culos, equipas m\u00e9dicas<br \/>\n\ud83d\udee1\ufe0f Seguro: acidentes pessoais e responsabilidade civil inclu\u00eddos<br \/>\n\ud83e\udd64 Pontos de abastecimento com \u00e1gua e fruta durante e no final da prova<br \/>\n\ud83d\udebf Balne\u00e1rios e casas de banho conforme indicado no Guia do Atleta<br \/>\n\ud83d\udcf8 Fotografia profissional dispon\u00edvel<br \/>\n\ud83c\udfc6 Premia\u00e7\u00f5es e pr\u00e9mios em dinheiro para geral, escal\u00f5es e equipas<\/p>\n","event_date_start":"20260614","event_date_end":"20261101","event_start_time":"","event_country":"portugal","event_ticket_url":"https:\/\/stopandgo.net\/events\/lynx-race-promocional-circuito-2026","event_latitude":"39.6621","event_longitude":"-8.1353","event_rating":"","is_hot_event":false,"event_participants_count":"0","organizer_avatar":false,"event_gallery":false,"event_location_text":"Portugal","organizer_website":{"title":"","url":"","target":"","0":""}},"_links":{"self":[{"href":"https:\/\/racefinder.pt\/pt\/wp-json\/wp\/v2\/product\/22895","targetHints":{"allow":["GET"]}}],"collection":[{"href":"https:\/\/racefinder.pt\/pt\/wp-json\/wp\/v2\/product"}],"about":[{"href":"https:\/\/racefinder.pt\/pt\/wp-json\/wp\/v2\/types\/product"}],"replies":[{"embeddable":true,"href":"https:\/\/racefinder.pt\/pt\/wp-json\/wp\/v2\/comments?post=22895"}],"version-history":[{"count":0,"href":"https:\/\/racefinder.pt\/pt\/wp-json\/wp\/v2\/product\/22895\/revisions"}],"wp:featuredmedia":[{"embeddable":true,"href":"https:\/\/racefinder.pt\/pt\/wp-json\/wp\/v2\/media\/22924"}],"wp:attachment":[{"href":"https:\/\/racefinder.pt\/pt\/wp-json\/wp\/v2\/media?parent=22895"}],"wp:term":[{"taxonomy":"product_brand","embeddable":true,"href":"https:\/\/racefinder.pt\/pt\/wp-json\/wp\/v2\/product_brand?post=22895"},{"taxonomy":"product_cat","embeddable":true,"href":"https:\/\/racefinder.pt\/pt\/wp-json\/wp\/v2\/product_cat?post=22895"},{"taxonomy":"product_tag","embeddable":true,"href":"https:\/\/racefinder.pt\/pt\/wp-json\/wp\/v2\/product_tag?post=22895"}],"curies":[{"name":"wp","href":"https:\/\/api.w.org\/{rel}","templated":true}]}}