{"id":22430,"date":"2025-12-16T06:09:29","date_gmt":"2025-12-16T06:09:29","guid":{"rendered":"https:\/\/www.racefinder.pt\/?post_type=product&#038;p=22430"},"modified":"2025-12-16T14:42:41","modified_gmt":"2025-12-16T14:42:41","slug":"triatlo-serpa-super-sprint","status":"publish","type":"product","link":"https:\/\/racefinder.pt\/pt\/event\/triatlo-serpa-super-sprint\/","title":{"rendered":"Triatlo Serpa &#8211; Super Sprint"},"content":{"rendered":"","protected":false},"excerpt":{"rendered":"","protected":false},"featured_media":22641,"comment_status":"open","ping_status":"closed","template":"","meta":{"_acf_changed":false,"footnotes":""},"product_brand":[],"product_cat":[255,132],"product_tag":[],"class_list":{"0":"post-22430","1":"product","2":"type-product","3":"status-publish","4":"has-post-thumbnail","6":"product_cat-super-sprint-pt","7":"product_cat-triatlo","9":"first","10":"instock","11":"shipping-taxable","12":"product-type-variable"},"acf":{"event_short_description":"<p>A Federa\u00e7\u00e3o de Triatlo de Portugal organiza eventos de triatlo ao longo de 2026 em v\u00e1rias localidades de Portugal.<\/p>\n<p>Estas competi\u00e7\u00f5es incluem v\u00e1rias dist\u00e2ncias e categorias, acolhendo atletas de diversos n\u00edveis, incluindo competidores de clubes e individuais.<\/p>\n<p>Os eventos frequentemente fazem parte de campeonatos nacionais, ta\u00e7as regionais e competi\u00e7\u00f5es por grupos et\u00e1rios, apresentando formatos diversos como triatlo cross, duatlo e dist\u00e2ncias sprint, em paisagens portuguesas pitorescas.<\/p>\n","organizer_description":"","race_benefits":"","event_date_start":"20260620","event_date_end":"20260620","event_start_time":"","event_country":"portugal","event_ticket_url":"https:\/\/www.federacao-triatlo.pt\/","event_latitude":"37.9436","event_longitude":"-7.5966","event_rating":"","is_hot_event":false,"event_participants_count":"0","organizer_avatar":false,"event_gallery":false,"organizer_website":{"title":"","url":"","target":"","0":""},"event_location_text":"Serpa"},"_links":{"self":[{"href":"https:\/\/racefinder.pt\/pt\/wp-json\/wp\/v2\/product\/22430","targetHints":{"allow":["GET"]}}],"collection":[{"href":"https:\/\/racefinder.pt\/pt\/wp-json\/wp\/v2\/product"}],"about":[{"href":"https:\/\/racefinder.pt\/pt\/wp-json\/wp\/v2\/types\/product"}],"replies":[{"embeddable":true,"href":"https:\/\/racefinder.pt\/pt\/wp-json\/wp\/v2\/comments?post=22430"}],"version-history":[{"count":0,"href":"https:\/\/racefinder.pt\/pt\/wp-json\/wp\/v2\/product\/22430\/revisions"}],"wp:featuredmedia":[{"embeddable":true,"href":"https:\/\/racefinder.pt\/pt\/wp-json\/wp\/v2\/media\/22641"}],"wp:attachment":[{"href":"https:\/\/racefinder.pt\/pt\/wp-json\/wp\/v2\/media?parent=22430"}],"wp:term":[{"taxonomy":"product_brand","embeddable":true,"href":"https:\/\/racefinder.pt\/pt\/wp-json\/wp\/v2\/product_brand?post=22430"},{"taxonomy":"product_cat","embeddable":true,"href":"https:\/\/racefinder.pt\/pt\/wp-json\/wp\/v2\/product_cat?post=22430"},{"taxonomy":"product_tag","embeddable":true,"href":"https:\/\/racefinder.pt\/pt\/wp-json\/wp\/v2\/product_tag?post=22430"}],"curies":[{"name":"wp","href":"https:\/\/api.w.org\/{rel}","templated":true}]}}