{"id":22379,"date":"2025-12-16T05:58:36","date_gmt":"2025-12-16T05:58:36","guid":{"rendered":"https:\/\/www.racefinder.pt\/?post_type=product&#038;p=22379"},"modified":"2026-03-11T15:13:39","modified_gmt":"2026-03-11T15:13:39","slug":"triatlo-oeiras","status":"publish","type":"product","link":"https:\/\/racefinder.pt\/pt\/event\/triatlo-oeiras\/","title":{"rendered":"Triatlo Oeiras"},"content":{"rendered":"","protected":false},"excerpt":{"rendered":"","protected":false},"featured_media":25349,"comment_status":"open","ping_status":"closed","template":"","meta":{"_acf_changed":false,"footnotes":""},"product_brand":[],"product_cat":[254,132],"product_tag":[],"class_list":{"0":"post-22379","1":"product","2":"type-product","3":"status-publish","4":"has-post-thumbnail","6":"product_cat-sprint-pt","7":"product_cat-triatlo","9":"first","10":"instock","11":"shipping-taxable","12":"purchasable","13":"product-type-variable"},"acf":{"event_short_description":"<p><span style=\"font-weight: 400;\">O XXXIX Triatlo de Oeiras realiza-se nos dias 9 e 10 de maio de 2026, em Oeiras, Portugal. Organizado pela Federa\u00e7\u00e3o de Triatlo de Portugal com o apoio da C\u00e2mara Municipal de Oeiras, o evento integra v\u00e1rias provas de Campeonato Nacional de triatlo na dist\u00e2ncia sprint para atletas Elite, Juniores, Cadetes, Grupos de Idade e Paratriatlo, bem como uma Prova Aberta na dist\u00e2ncia super-sprint. A prova inclui nata\u00e7\u00e3o na Praia da Torre, ciclismo na Marginal em percurso de ida e volta e corrida tamb\u00e9m na Marginal em Oeiras.<\/span><\/p>\n","organizer_description":"<p><a href=\"file:\/\/\/C:\/Users\/camar\/Downloads\/2026-05-09-e-10-regulamento-xxxix-triatlo-oeiras-rev01.pdf\"><span style=\"font-weight: 400;\">Regulamento \u2197<\/span><\/a><\/p>\n<p><b>Data<\/b><b><br \/>\n<\/b><span style=\"font-weight: 400;\">9 e 10 de maio de 2026<\/span><\/p>\n<p><b>Localiza\u00e7\u00e3o<\/b><b><br \/>\n<\/b><span style=\"font-weight: 400;\">Oeiras, Portugal \u2013 Praia da Torre e Avenida Marginal<\/span><\/p>\n<p><b>Partida \/ Chegada<\/b><b><br \/>\n<\/b><span style=\"font-weight: 400;\">Partida: Praia da Torre<\/span><span style=\"font-weight: 400;\"><br \/>\n<\/span><span style=\"font-weight: 400;\">Chegada: Junto \u00e0 Feitoria do Col\u00e9gio Militar, Oeiras<\/span><\/p>\n<p><b>Dist\u00e2ncias<\/b><\/p>\n<p><span style=\"font-weight: 400;\">Dist\u00e2ncia Sprint (Campeonatos Nacionais)<\/span><span style=\"font-weight: 400;\"><br \/>\n<\/span><span style=\"font-weight: 400;\">Nata\u00e7\u00e3o: 750 m<\/span><span style=\"font-weight: 400;\"><br \/>\n<\/span><span style=\"font-weight: 400;\">Ciclismo: 20 km<\/span><span style=\"font-weight: 400;\"><br \/>\n<\/span><span style=\"font-weight: 400;\">Corrida: 5 km<\/span><\/p>\n<p><span style=\"font-weight: 400;\">Dist\u00e2ncia Super-Sprint (Prova Aberta)<\/span><span style=\"font-weight: 400;\"><br \/>\n<\/span><span style=\"font-weight: 400;\">Nata\u00e7\u00e3o: 300 m<\/span><span style=\"font-weight: 400;\"><br \/>\n<\/span><span style=\"font-weight: 400;\">Ciclismo: 10 km<\/span><span style=\"font-weight: 400;\"><br \/>\n<\/span><span style=\"font-weight: 400;\">Corrida: 2,5 km<\/span><\/p>\n<p><b>Hora de Partida<\/b><\/p>\n<p><span style=\"font-weight: 400;\">9 de maio<\/span><span style=\"font-weight: 400;\"><br \/>\n<\/span><span style=\"font-weight: 400;\">15:00 \u2013 Campeonato Nacional Elite, Juniores e Cadetes (Femininos)<\/span><span style=\"font-weight: 400;\"><br \/>\n<\/span><span style=\"font-weight: 400;\">16:30 \u2013 Campeonato Nacional Elite, Juniores e Cadetes (Masculinos)<\/span><span style=\"font-weight: 400;\"><br \/>\n<\/span><span style=\"font-weight: 400;\">18:00 \u2013 Prova Aberta<\/span><\/p>\n<p><span style=\"font-weight: 400;\">10 de maio<\/span><span style=\"font-weight: 400;\"><br \/>\n<\/span><span style=\"font-weight: 400;\">09:30 \u2013 Campeonato Nacional Grupos de Idade (Femininos)<\/span><span style=\"font-weight: 400;\"><br \/>\n<\/span><span style=\"font-weight: 400;\">09:35 \u2013 Campeonato Nacional de Paratriatlo<\/span><span style=\"font-weight: 400;\"><br \/>\n<\/span><span style=\"font-weight: 400;\">11:30\u201311:35 \u2013 Campeonato Nacional Grupos de Idade (Masculinos)<\/span><\/p>\n<p><b>Participa\u00e7\u00e3o<\/b><\/p>\n<p><span style=\"font-weight: 400;\">As provas Elite, Juniores, Cadetes, Grupos de Idade e Paratriatlo est\u00e3o abertas a atletas nascidos at\u00e9 2010.<\/span><span style=\"font-weight: 400;\"><br \/>\n<\/span><span style=\"font-weight: 400;\">A Prova Aberta est\u00e1 aberta a atletas nascidos at\u00e9 2012, em participa\u00e7\u00e3o individual ou em estafeta.<\/span><\/p>\n<p><b>Prazo de Inscri\u00e7\u00e3o<\/b><\/p>\n<p><span style=\"font-weight: 400;\">27 de abril de 2026 \u00e0s 23:59<\/span><\/p>\n<p><b>Tempo Limite<\/b><\/p>\n<p><span style=\"font-weight: 400;\">Cut-off de 45 minutos ap\u00f3s a partida na prova de Grupos de Idade.<\/span><\/p>\n<p><b>Abastecimentos<\/b><\/p>\n<p><span style=\"font-weight: 400;\">Postos de \u00e1gua durante a corrida e zona de recupera\u00e7\u00e3o com \u00e1gua e fruta.<\/span><\/p>\n<p><b>Cronometragem<\/b><\/p>\n<p><span style=\"font-weight: 400;\">Cronometragem oficial atrav\u00e9s de sistema de chip.<\/span><\/p>\n<p><b>Tipo de Piso \/ Percurso<\/b><\/p>\n<p><span style=\"font-weight: 400;\">Nata\u00e7\u00e3o no mar na Praia da Torre.<\/span><span style=\"font-weight: 400;\"><br \/>\n<\/span><span style=\"font-weight: 400;\">Ciclismo e corrida em asfalto na Avenida Marginal em Oeiras.<\/span><\/p>\n<p><b>Programa<\/b><\/p>\n<p><span style=\"font-weight: 400;\">9 de maio<\/span><span style=\"font-weight: 400;\"><br \/>\n<\/span><span style=\"font-weight: 400;\">13:00\u201317:00 \u2013 Secretariado e check-in<\/span><span style=\"font-weight: 400;\"><br \/>\n<\/span><span style=\"font-weight: 400;\">15:00 \u2013 Provas Elite\/Juniores\/Cadetes (Femininos)<\/span><span style=\"font-weight: 400;\"><br \/>\n<\/span><span style=\"font-weight: 400;\">16:30 \u2013 Provas Elite\/Juniores\/Cadetes (Masculinos)<\/span><span style=\"font-weight: 400;\"><br \/>\n<\/span><span style=\"font-weight: 400;\">18:00 \u2013 Prova Aberta<\/span><span style=\"font-weight: 400;\"><br \/>\n<\/span><span style=\"font-weight: 400;\">19:30 \u2013 Cerim\u00f3nia de entrega de pr\u00e9mios<\/span><\/p>\n<p><span style=\"font-weight: 400;\">10 de maio<\/span><span style=\"font-weight: 400;\"><br \/>\n<\/span><span style=\"font-weight: 400;\">07:00\u201309:15 \u2013 Secretariado e check-in<\/span><span style=\"font-weight: 400;\"><br \/>\n<\/span><span style=\"font-weight: 400;\">09:30 \u2013 Grupos de Idade (Femininos)<\/span><span style=\"font-weight: 400;\"><br \/>\n<\/span><span style=\"font-weight: 400;\">09:35 \u2013 Paratriatlo<\/span><span style=\"font-weight: 400;\"><br \/>\n<\/span><span style=\"font-weight: 400;\">11:30\u201311:35 \u2013 Grupos de Idade (Masculinos)<\/span><span style=\"font-weight: 400;\"><br \/>\n<\/span><span style=\"font-weight: 400;\">13:00 \u2013 Cerim\u00f3nia de entrega de pr\u00e9mios<\/span><\/p>\n<p><b>Escal\u00f5es<\/b><\/p>\n<p><span style=\"font-weight: 400;\">Cadetes (2009\u20132010)<\/span><span style=\"font-weight: 400;\"><br \/>\n<\/span><span style=\"font-weight: 400;\">Juniores (2007\u20132008)<\/span><span style=\"font-weight: 400;\"><br \/>\n<\/span><span style=\"font-weight: 400;\">Elite (at\u00e9 2006)<\/span><\/p>\n<p><span style=\"font-weight: 400;\">Grupos de Idade:<\/span><span style=\"font-weight: 400;\"><br \/>\n<\/span><span style=\"font-weight: 400;\">20\u201324, 25\u201329, 30\u201334, 35\u201339, 40\u201344, 45\u201349, 50\u201354, 55\u201359, 60\u201364, 65\u201369, 70\u201374, 75\u201379, 80\u201384, 85\u201389, 90\u201394, 95\u201399.<\/span><\/p>\n","race_benefits":"<p><span style=\"font-weight: 400;\">\ud83c\udfbd Participa\u00e7\u00e3o oficial na prova inclu\u00edda na inscri\u00e7\u00e3o<\/span><span style=\"font-weight: 400;\"><br \/>\n<\/span><span style=\"font-weight: 400;\">\ud83c\udfc5 Trof\u00e9us para os primeiros classificados de cada categoria<\/span><span style=\"font-weight: 400;\"><br \/>\n<\/span><span style=\"font-weight: 400;\">\u23f1 Sistema oficial de cronometragem com chip<\/span><span style=\"font-weight: 400;\"><br \/>\n<\/span><span style=\"font-weight: 400;\">\ud83e\udd64 Postos de abastecimento e zona de recupera\u00e7\u00e3o com \u00e1gua e fruta<\/span><span style=\"font-weight: 400;\"><br \/>\n<\/span><span style=\"font-weight: 400;\">\ud83d\ude91 Assist\u00eancia m\u00e9dica durante o evento<\/span><span style=\"font-weight: 400;\"><br \/>\n<\/span><span style=\"font-weight: 400;\">\ud83d\udee1 Seguro de acidentes pessoais inclu\u00eddo<\/span><\/p>\n","event_date_end":"20260510","event_start_time":"","event_country":"portugal","event_ticket_url":"https:\/\/www.federacao-triatlo.pt\/","event_latitude":"38.6925","event_longitude":"-9.3123","event_rating":"","is_hot_event":false,"event_participants_count":"0","organizer_avatar":false,"event_gallery":false,"event_location_text":"Oeiras","purchasing_all_variations_through_woocommerce":false,"event_faq_headline":"","event_faq_items":false,"optional_extras":false,"event_date_start":"20260510","organizer_website":{"title":"","url":"","target":"","0":""}},"_links":{"self":[{"href":"https:\/\/racefinder.pt\/pt\/wp-json\/wp\/v2\/product\/22379","targetHints":{"allow":["GET"]}}],"collection":[{"href":"https:\/\/racefinder.pt\/pt\/wp-json\/wp\/v2\/product"}],"about":[{"href":"https:\/\/racefinder.pt\/pt\/wp-json\/wp\/v2\/types\/product"}],"replies":[{"embeddable":true,"href":"https:\/\/racefinder.pt\/pt\/wp-json\/wp\/v2\/comments?post=22379"}],"version-history":[{"count":1,"href":"https:\/\/racefinder.pt\/pt\/wp-json\/wp\/v2\/product\/22379\/revisions"}],"predecessor-version":[{"id":37231,"href":"https:\/\/racefinder.pt\/pt\/wp-json\/wp\/v2\/product\/22379\/revisions\/37231"}],"wp:featuredmedia":[{"embeddable":true,"href":"https:\/\/racefinder.pt\/pt\/wp-json\/wp\/v2\/media\/25349"}],"wp:attachment":[{"href":"https:\/\/racefinder.pt\/pt\/wp-json\/wp\/v2\/media?parent=22379"}],"wp:term":[{"taxonomy":"product_brand","embeddable":true,"href":"https:\/\/racefinder.pt\/pt\/wp-json\/wp\/v2\/product_brand?post=22379"},{"taxonomy":"product_cat","embeddable":true,"href":"https:\/\/racefinder.pt\/pt\/wp-json\/wp\/v2\/product_cat?post=22379"},{"taxonomy":"product_tag","embeddable":true,"href":"https:\/\/racefinder.pt\/pt\/wp-json\/wp\/v2\/product_tag?post=22379"}],"curies":[{"name":"wp","href":"https:\/\/api.w.org\/{rel}","templated":true}]}}