{"id":22325,"date":"2025-12-16T05:47:00","date_gmt":"2025-12-16T05:47:00","guid":{"rendered":"https:\/\/www.racefinder.pt\/?post_type=product&#038;p=22325"},"modified":"2026-02-17T12:21:12","modified_gmt":"2026-02-17T12:21:12","slug":"duatlo-jovem-grandola","status":"publish","type":"product","link":"https:\/\/racefinder.pt\/pt\/event\/duatlo-jovem-grandola\/","title":{"rendered":"Duatlo Jovem Grandola"},"content":{"rendered":"","protected":false},"excerpt":{"rendered":"","protected":false},"featured_media":22601,"comment_status":"open","ping_status":"closed","template":"","meta":{"_acf_changed":false,"footnotes":""},"product_brand":[],"product_cat":[141,480],"product_tag":[],"class_list":{"0":"post-22325","1":"product","2":"type-product","3":"status-publish","4":"has-post-thumbnail","6":"product_cat-duatlo","7":"product_cat-jovens-pt-2","9":"first","10":"instock","11":"shipping-taxable","12":"purchasable","13":"product-type-variable"},"acf":{"event_short_description":"<article class=\"text-token-text-primary w-full focus:outline-none [--shadow-height:45px] has-data-writing-block:pointer-events-none has-data-writing-block:-mt-(--shadow-height) has-data-writing-block:pt-(--shadow-height) [&amp;:has([data-writing-block])&gt;*]:pointer-events-auto scroll-mt-(--header-height)\" dir=\"auto\" tabindex=\"-1\" data-turn-id=\"a33c90ee-6318-4188-a7c8-475a4de8647e\" data-testid=\"conversation-turn-13\" data-scroll-anchor=\"false\" data-turn=\"user\"><\/article>\n<article class=\"text-token-text-primary w-full focus:outline-none [--shadow-height:45px] has-data-writing-block:pointer-events-none has-data-writing-block:-mt-(--shadow-height) has-data-writing-block:pt-(--shadow-height) [&amp;:has([data-writing-block])&gt;*]:pointer-events-auto scroll-mt-[calc(var(--header-height)+min(200px,max(70px,20svh)))]\" dir=\"auto\" tabindex=\"-1\" data-turn-id=\"request-WEB:8d81065f-26c7-4ee8-8f0e-5d0d8ba2d675-6\" data-testid=\"conversation-turn-14\" data-scroll-anchor=\"true\" data-turn=\"assistant\">\n<div class=\"text-base my-auto mx-auto pb-10 [--thread-content-margin:--spacing(4)] @w-sm\/main:[--thread-content-margin:--spacing(6)] @w-lg\/main:[--thread-content-margin:--spacing(16)] px-(--thread-content-margin)\">\n<div class=\"[--thread-content-max-width:40rem] @w-lg\/main:[--thread-content-max-width:48rem] mx-auto max-w-(--thread-content-max-width) flex-1 group\/turn-messages focus-visible:outline-hidden relative flex w-full min-w-0 flex-col agent-turn\" tabindex=\"-1\">\n<div class=\"flex max-w-full flex-col grow\">\n<div class=\"min-h-8 text-message relative flex w-full flex-col items-end gap-2 text-start break-words whitespace-normal [.text-message+&amp;]:mt-1\" dir=\"auto\" data-message-author-role=\"assistant\" data-message-id=\"5dfc8e6f-52ab-4e1d-a54f-23b5bf56351d\" data-message-model-slug=\"gpt-5-2\">\n<div class=\"flex w-full flex-col gap-1 empty:hidden first:pt-[1px]\">\n<div class=\"markdown prose dark:prose-invert w-full wrap-break-word dark markdown-new-styling\">\n<p data-start=\"0\" data-end=\"300\">O Duatlo Jovem de Gr\u00e2ndola \u00e9 uma prova de duatlo jovem que se realiza nos dias 28 de fevereiro e 1 de mar\u00e7o de 2026, em Gr\u00e2ndola, Portugal. A competi\u00e7\u00e3o integra o calend\u00e1rio nacional da <span class=\"hover:entity-accent entity-underline inline cursor-pointer align-baseline\"><span class=\"whitespace-normal\">Federa\u00e7\u00e3o de Triatlo de Portugal<\/span><\/span> e \u00e9 organizada com o apoio da <span class=\"hover:entity-accent entity-underline inline cursor-pointer align-baseline\"><span class=\"whitespace-normal\">C\u00e2mara Municipal de Gr\u00e2ndola<\/span><\/span>.<\/p>\n<p data-start=\"302\" data-end=\"631\">O evento \u00e9 especificamente direcionado a jovens atletas, com escal\u00f5es que v\u00e3o de Benjamins a Juvenis, e dist\u00e2ncias adaptadas a cada grupo et\u00e1rio. A competi\u00e7\u00e3o segue o formato tradicional do duatlo: corrida \u2192 ciclismo \u2192 corrida, com dist\u00e2ncias ajustadas de acordo com o ano de nascimento e o regulamento de cada categoria.<\/p>\n<p data-start=\"633\" data-end=\"862\">Com epicentro no Parque de Feiras e Exposi\u00e7\u00f5es de Gr\u00e2ndola, a prova proporciona um ambiente competitivo estruturado e seguro, contribuindo para as classifica\u00e7\u00f5es individuais e coletivas no \u00e2mbito do Campeonato Nacional Jovem.<\/p>\n<p data-start=\"864\" data-end=\"1071\" data-is-last-node=\"\" data-is-only-node=\"\">Ao longo do fim de semana, Gr\u00e2ndola afirma-se como um ponto de refer\u00eancia para o desenvolvimento do multisport jovem, combinando competi\u00e7\u00e3o, esp\u00edrito de clube e o percurso de progress\u00e3o no triatlo portugu\u00eas.<\/p>\n<\/div>\n<\/div>\n<\/div>\n<\/div>\n<\/div>\n<\/div>\n<\/article>\n","organizer_description":"<p data-start=\"0\" data-end=\"29\"><a href=\"https:\/\/www.federacao-triatlo.pt\/ftp2015\/wp-content\/uploads\/2025\/12\/2026-02-28-regulamento-xxx-duatlo-grandola-rev02.pdf\"><strong data-start=\"4\" data-end=\"29\">Regulamento<\/strong><\/a><\/p>\n<p data-start=\"31\" data-end=\"133\"><strong data-start=\"31\" data-end=\"57\">Local de partida\/meta:<\/strong><br data-start=\"57\" data-end=\"60\" \/>Parque das Feiras e Exposi\u00e7\u00f5es de Gr\u00e2ndola, Gr\u00e2ndola, Set\u00fabal, Portugal<\/p>\n<p data-start=\"135\" data-end=\"374\"><strong data-start=\"135\" data-end=\"193\">Levantamento de dorsais (secretariado) \u2013 data e local:<\/strong><br data-start=\"193\" data-end=\"196\" \/>\u2022 <strong data-start=\"198\" data-end=\"231\">28 de fevereiro \u2013 11:00\u201313:00<\/strong> (Secretariado e check-in para o Duatlo Jovem)<br data-start=\"277\" data-end=\"280\" \/>\u2022 <strong data-start=\"282\" data-end=\"292\">Local:<\/strong> Parque das Feiras e Exposi\u00e7\u00f5es de Gr\u00e2ndola (secretariado e parque de transi\u00e7\u00e3o)<\/p>\n<p data-start=\"376\" data-end=\"506\"><strong data-start=\"376\" data-end=\"420\">Hora de partida por categoria\/dist\u00e2ncia:<\/strong><br data-start=\"420\" data-end=\"423\" \/>\u2022 <strong data-start=\"425\" data-end=\"434\">14:00<\/strong> \u2013 In\u00edcio do Campeonato Nacional Jovem de Clubes (duatlo por escal\u00f5es)<\/p>\n<p data-start=\"508\" data-end=\"680\"><strong data-start=\"508\" data-end=\"529\">Formato da prova:<\/strong><br data-start=\"529\" data-end=\"532\" \/>Duatlo Jovem com tr\u00eas segmentos adaptados a cada escal\u00e3o: <strong data-start=\"590\" data-end=\"622\">corrida \u2192 ciclismo \u2192 corrida<\/strong>, com dist\u00e2ncias vari\u00e1veis consoante a categoria et\u00e1ria.<\/p>\n<p data-start=\"682\" data-end=\"727\"><strong data-start=\"686\" data-end=\"725\">Percursos e segmentos por categoria<\/strong><\/p>\n<p data-start=\"728\" data-end=\"803\"><em data-start=\"728\" data-end=\"801\">(Dist\u00e2ncias de acordo com o regulamento oficial e percursos publicados)<\/em><\/p>\n<p data-start=\"805\" data-end=\"893\"><strong data-start=\"805\" data-end=\"840\">Benjamins (nascidos 2017\u20132019):<\/strong><br data-start=\"840\" data-end=\"843\" \/>300 m corrida + 1.000 m ciclismo + 200 m corrida<\/p>\n<p data-start=\"895\" data-end=\"982\"><strong data-start=\"895\" data-end=\"929\">Infantis (nascidos 2015\u20132016):<\/strong><br data-start=\"929\" data-end=\"932\" \/>800 m corrida + 2.000 m ciclismo + 400 m corrida<\/p>\n<p data-start=\"984\" data-end=\"1074\"><strong data-start=\"984\" data-end=\"1019\">Iniciados (nascidos 2013\u20132014):<\/strong><br data-start=\"1019\" data-end=\"1022\" \/>1.000 m corrida + 3.750 m ciclismo + 500 m corrida<\/p>\n<p data-start=\"1076\" data-end=\"1166\"><strong data-start=\"1076\" data-end=\"1109\">Juvenis (nascidos 2011\u20132012):<\/strong><br data-start=\"1109\" data-end=\"1112\" \/>2.000 m corrida + 7.500 m ciclismo + 1.000 m corrida<\/p>\n<p data-start=\"1168\" data-end=\"1456\" data-is-last-node=\"\" data-is-only-node=\"\"><strong data-start=\"1168\" data-end=\"1212\">Instala\u00e7\u00f5es sanit\u00e1rias e abastecimentos:<\/strong><br data-start=\"1212\" data-end=\"1215\" \/>\u2022 Postos de abastecimento (s\u00f3lidos e l\u00edquidos, incluindo \u00e1gua e fruta) dispon\u00edveis na zona de recupera\u00e7\u00e3o e em pontos adicionais ao longo dos percursos de corrida e ciclismo (localiza\u00e7\u00f5es exatas a confirmar pela organiza\u00e7\u00e3o no dia da prova).<\/p>\n","race_benefits":"<article class=\"text-token-text-primary w-full focus:outline-none [--shadow-height:45px] has-data-writing-block:pointer-events-none has-data-writing-block:-mt-(--shadow-height) has-data-writing-block:pt-(--shadow-height) [&amp;:has([data-writing-block])&gt;*]:pointer-events-auto scroll-mt-(--header-height)\" dir=\"auto\" tabindex=\"-1\" data-turn-id=\"3384fd76-3f80-40aa-bdf2-f1d8da0105d0\" data-testid=\"conversation-turn-23\" data-scroll-anchor=\"false\" data-turn=\"user\"><\/article>\n<article class=\"text-token-text-primary w-full focus:outline-none [--shadow-height:45px] has-data-writing-block:pointer-events-none has-data-writing-block:-mt-(--shadow-height) has-data-writing-block:pt-(--shadow-height) [&amp;:has([data-writing-block])&gt;*]:pointer-events-auto scroll-mt-[calc(var(--header-height)+min(200px,max(70px,20svh)))]\" dir=\"auto\" tabindex=\"-1\" data-turn-id=\"request-69945417-bad0-838c-9f1a-f7c1ce641f9f-0\" data-testid=\"conversation-turn-24\" data-scroll-anchor=\"true\" data-turn=\"assistant\">\n<div class=\"text-base my-auto mx-auto pb-10 [--thread-content-margin:--spacing(4)] @w-sm\/main:[--thread-content-margin:--spacing(6)] @w-lg\/main:[--thread-content-margin:--spacing(16)] px-(--thread-content-margin)\">\n<div class=\"[--thread-content-max-width:40rem] @w-lg\/main:[--thread-content-max-width:48rem] mx-auto max-w-(--thread-content-max-width) flex-1 group\/turn-messages focus-visible:outline-hidden relative flex w-full min-w-0 flex-col agent-turn\" tabindex=\"-1\">\n<div class=\"flex max-w-full flex-col grow\">\n<div class=\"min-h-8 text-message relative flex w-full flex-col items-end gap-2 text-start break-words whitespace-normal [.text-message+&amp;]:mt-1\" dir=\"auto\" data-message-author-role=\"assistant\" data-message-id=\"08c91c72-7998-48b5-80a6-10d73f6f8b3e\" data-message-model-slug=\"gpt-5-2\">\n<div class=\"flex w-full flex-col gap-1 empty:hidden first:pt-[1px]\">\n<div class=\"markdown prose dark:prose-invert w-full wrap-break-word dark markdown-new-styling\">\n<p data-start=\"0\" data-end=\"903\" data-is-last-node=\"\" data-is-only-node=\"\">\ud83c\udfbd Kit de atleta: dorsal e acesso \u00e0 zona de transi\u00e7\u00e3o; requisitos t\u00e9cnicos de acordo com o regulamento oficial da prova<br data-start=\"123\" data-end=\"126\" \/>\ud83c\udfc5 Reconhecimento de finisher: medalhas\/trof\u00e9us atribu\u00eddos de acordo com o regulamento do Campeonato Nacional Jovem<br data-start=\"245\" data-end=\"248\" \/>\u23f1\ufe0f Cronometragem eletr\u00f3nica: classifica\u00e7\u00f5es oficiais por escal\u00e3o e g\u00e9nero integradas no sistema nacional da <span class=\"hover:entity-accent entity-underline inline cursor-pointer align-baseline\"><span class=\"whitespace-normal\">Federa\u00e7\u00e3o de Triatlo de Portugal<\/span><\/span><br data-start=\"397\" data-end=\"400\" \/>\ud83d\udedf Seguran\u00e7a e apoio m\u00e9dico: seguro de acidentes pessoais inclu\u00eddo; assist\u00eancia m\u00e9dica no local de acordo com as normas federativas<br data-start=\"535\" data-end=\"538\" \/>\ud83e\udd64 Abastecimentos: \u00e1gua e refor\u00e7o alimentar (incluindo fruta) dispon\u00edveis na zona de recupera\u00e7\u00e3o e em pontos designados do percurso<br data-start=\"673\" data-end=\"676\" \/>\ud83d\udebf Infraestruturas do evento: acesso a instala\u00e7\u00f5es sanit\u00e1rias no Parque de Feiras e Exposi\u00e7\u00f5es de Gr\u00e2ndola<br data-start=\"786\" data-end=\"789\" \/>\ud83c\udfc6 Pr\u00e9mios e classifica\u00e7\u00f5es: pr\u00e9mios individuais e coletivos atribu\u00eddos por escal\u00e3o no \u00e2mbito do Campeonato Nacional Jovem<\/p>\n<\/div>\n<\/div>\n<\/div>\n<\/div>\n<\/div>\n<\/div>\n<\/article>\n","event_date_start":"20260228","event_date_end":"20260228","event_start_time":"","event_country":"portugal","event_ticket_url":"https:\/\/www.federacao-triatlo.pt\/","event_latitude":"38.1765","event_longitude":"-8.5669","event_rating":"","is_hot_event":false,"event_participants_count":"0","organizer_avatar":false,"event_gallery":false,"event_location_text":"Grandola","event_faq_headline":"","event_faq_items":false,"organizer_website":{"title":"","url":"","target":"","0":""}},"_links":{"self":[{"href":"https:\/\/racefinder.pt\/pt\/wp-json\/wp\/v2\/product\/22325","targetHints":{"allow":["GET"]}}],"collection":[{"href":"https:\/\/racefinder.pt\/pt\/wp-json\/wp\/v2\/product"}],"about":[{"href":"https:\/\/racefinder.pt\/pt\/wp-json\/wp\/v2\/types\/product"}],"replies":[{"embeddable":true,"href":"https:\/\/racefinder.pt\/pt\/wp-json\/wp\/v2\/comments?post=22325"}],"version-history":[{"count":1,"href":"https:\/\/racefinder.pt\/pt\/wp-json\/wp\/v2\/product\/22325\/revisions"}],"predecessor-version":[{"id":32499,"href":"https:\/\/racefinder.pt\/pt\/wp-json\/wp\/v2\/product\/22325\/revisions\/32499"}],"wp:featuredmedia":[{"embeddable":true,"href":"https:\/\/racefinder.pt\/pt\/wp-json\/wp\/v2\/media\/22601"}],"wp:attachment":[{"href":"https:\/\/racefinder.pt\/pt\/wp-json\/wp\/v2\/media?parent=22325"}],"wp:term":[{"taxonomy":"product_brand","embeddable":true,"href":"https:\/\/racefinder.pt\/pt\/wp-json\/wp\/v2\/product_brand?post=22325"},{"taxonomy":"product_cat","embeddable":true,"href":"https:\/\/racefinder.pt\/pt\/wp-json\/wp\/v2\/product_cat?post=22325"},{"taxonomy":"product_tag","embeddable":true,"href":"https:\/\/racefinder.pt\/pt\/wp-json\/wp\/v2\/product_tag?post=22325"}],"curies":[{"name":"wp","href":"https:\/\/api.w.org\/{rel}","templated":true}]}}