{"id":22319,"date":"2025-12-16T05:45:18","date_gmt":"2025-12-16T05:45:18","guid":{"rendered":"https:\/\/www.racefinder.pt\/?post_type=product&#038;p=22319"},"modified":"2026-02-12T17:10:12","modified_gmt":"2026-02-12T17:10:12","slug":"triatlo-santo-andre","status":"publish","type":"product","link":"https:\/\/racefinder.pt\/pt\/event\/triatlo-santo-andre\/","title":{"rendered":"Triatlo Santo Andr\u00e9"},"content":{"rendered":"","protected":false},"excerpt":{"rendered":"","protected":false},"featured_media":25358,"comment_status":"open","ping_status":"closed","template":"","meta":{"_acf_changed":false,"footnotes":""},"product_brand":[],"product_cat":[254,132],"product_tag":[],"class_list":{"0":"post-22319","1":"product","2":"type-product","3":"status-publish","4":"has-post-thumbnail","6":"product_cat-sprint-pt","7":"product_cat-triatlo","9":"first","10":"instock","11":"shipping-taxable","12":"purchasable","13":"product-type-variable"},"acf":{"event_short_description":"<p data-start=\"233\" data-end=\"519\">O <strong data-start=\"235\" data-end=\"263\">V Triatlo de Santo Andr\u00e9<\/strong> \u00e9 um triatlo na dist\u00e2ncia sprint que ter\u00e1 lugar a <strong data-start=\"314\" data-end=\"341\">8 de mar\u00e7o de 2026<\/strong>, em Santo Andr\u00e9, Santiago do Cac\u00e9m, Portugal. Integrado como <strong data-start=\"403\" data-end=\"447\">1.\u00aa etapa da Ta\u00e7a de Portugal de Triatlo<\/strong>, o evento inclui 750 m de nata\u00e7\u00e3o, 20 km de ciclismo e 5 km de corrida.<\/p>\n<p data-start=\"521\" data-end=\"857\">A prova \u00e9 aberta a atletas licenciados e n\u00e3o licenciados <strong data-start=\"578\" data-end=\"607\">nascidos em 2010 ou antes<\/strong>, abrangendo cadetes, juniores e todas as categorias de grupos de idade. O percurso inclui nata\u00e7\u00e3o na Lagoa de Santo Andr\u00e9, ciclismo totalmente em estrada entre a lagoa e Vila Nova de Santo Andr\u00e9, e uma corrida plana em duas voltas no centro da vila.<\/p>\n<p data-start=\"859\" data-end=\"1108\">O evento combina ambiente competitivo com esp\u00edrito comunit\u00e1rio, reunindo clubes e atletas de todo o pa\u00eds. \u00c9 organizado pelo <strong data-start=\"983\" data-end=\"1013\">Litoral Alentejano Triatlo<\/strong>, em parceria com a C\u00e2mara Municipal de Santiago do Cac\u00e9m e a Federa\u00e7\u00e3o de Triatlo de Portugal.<\/p>\n","organizer_description":"<p><strong data-start=\"1220\" data-end=\"1249\"><a href=\"https:\/\/www.federacao-triatlo.pt\/ftp2015\/wp-content\/uploads\/2025\/12\/2026-02-15-regulamento-v-triatlo-santo-andre-rev01.pdf\">Link para regulamento \u2197<\/a><br data-start=\"1163\" data-end=\"1166\" \/><\/strong><\/p>\n<p data-start=\"1219\" data-end=\"1259\"><strong data-start=\"1223\" data-end=\"1257\">Categorias \/ Divis\u00f5es et\u00e1rias:<\/strong><\/p>\n<p data-start=\"1260\" data-end=\"1377\">\u2022 Cadetes, Juniores, Sub-23, Elites e Grupos de Idade (20\u201390+)<br data-start=\"1322\" data-end=\"1325\" \/>\u2022 Aberto a atletas <strong data-start=\"1344\" data-end=\"1377\">nascidos em 2010 ou mais cedo<\/strong><\/p>\n<p data-start=\"1384\" data-end=\"1421\"><strong data-start=\"1388\" data-end=\"1419\">Local de partida \/ chegada:<\/strong><\/p>\n<p data-start=\"1422\" data-end=\"1631\">\u2022 <strong data-start=\"1424\" data-end=\"1436\">Partida:<\/strong> Lagoa de Santo Andr\u00e9<br data-start=\"1457\" data-end=\"1460\" \/>\u2022 <strong data-start=\"1462\" data-end=\"1474\">Chegada:<\/strong> Parque Central, Vila Nova de Santo Andr\u00e9<br data-start=\"1515\" data-end=\"1518\" \/>\u2022 <strong data-start=\"1520\" data-end=\"1542\">Transi\u00e7\u00e3o 1 (PT1):<\/strong> Lagoa de Santo Andr\u00e9<br data-start=\"1563\" data-end=\"1566\" \/>\u2022 <strong data-start=\"1568\" data-end=\"1590\">Transi\u00e7\u00e3o 2 (PT2):<\/strong> Parque Central, Vila Nova de Santo Andr\u00e9<\/p>\n<p data-start=\"1638\" data-end=\"1692\"><strong data-start=\"1642\" data-end=\"1690\">Hor\u00e1rios de partida por categoria\/dist\u00e2ncia:<\/strong><\/p>\n<p data-start=\"1693\" data-end=\"1751\">\u2022 Prova Masculina: <strong data-start=\"1712\" data-end=\"1721\">10:30<\/strong><br data-start=\"1721\" data-end=\"1724\" \/>\u2022 Prova Feminina: <strong data-start=\"1742\" data-end=\"1751\">10:40<\/strong><\/p>\n<p data-start=\"1811\" data-end=\"1845\"><strong data-start=\"1815\" data-end=\"1843\">Levantamento de dorsais:<\/strong><\/p>\n<p data-start=\"1846\" data-end=\"2048\">\u2022 <strong data-start=\"1848\" data-end=\"1884\">8 de mar\u00e7o \u2014 08:00 \u00e0s 09:00<\/strong> \u2192 Check-in PT2 (transi\u00e7\u00e3o da corrida)<br data-start=\"1922\" data-end=\"1925\" \/>\u2022 <strong data-start=\"1927\" data-end=\"1963\">8 de mar\u00e7o \u2014 09:00 \u00e0s 10:10<\/strong> \u2192 Check-in PT1 (transi\u00e7\u00e3o da nata\u00e7\u00e3o\/ciclismo)<br data-start=\"2010\" data-end=\"2013\" \/>\u2022 Local: <strong data-start=\"2022\" data-end=\"2029\">PT2<\/strong> seguido de <strong data-start=\"2041\" data-end=\"2048\">PT1<\/strong><\/p>\n<p data-start=\"2110\" data-end=\"2140\"><strong data-start=\"2114\" data-end=\"2138\">Tipos de superf\u00edcie:<\/strong><\/p>\n<p data-start=\"2141\" data-end=\"2241\">\u2022 Nata\u00e7\u00e3o: lagoa<br data-start=\"2157\" data-end=\"2160\" \/>\u2022 Ciclismo: estrada asfaltada<br data-start=\"2189\" data-end=\"2192\" \/>\u2022 Corrida: estrada asfaltada (plana, duas voltas)<\/p>\n<p data-start=\"2248\" data-end=\"2278\"><strong data-start=\"2252\" data-end=\"2276\">Formato do percurso:<\/strong><\/p>\n<p data-start=\"2279\" data-end=\"2411\">\u2022 Triatlo Sprint: <strong data-start=\"2297\" data-end=\"2346\">750 m nata\u00e7\u00e3o \u2022 20 km ciclismo \u2022 5 km corrida<\/strong><br data-start=\"2346\" data-end=\"2349\" \/>\u2022 Nata\u00e7\u00e3o em 1 volta, ciclismo em 1 volta, corrida em 2 voltas<\/p>\n<p data-start=\"2418\" data-end=\"2453\"><strong data-start=\"2422\" data-end=\"2451\">Dist\u00e2ncias dos percursos:<\/strong><\/p>\n<p data-start=\"2454\" data-end=\"2566\">\u2022 Nata\u00e7\u00e3o: 750 m (1 volta)<br data-start=\"2480\" data-end=\"2483\" \/>\u2022 Ciclismo: 20 km (1 volta, estrada, baixa inclina\u00e7\u00e3o)<br data-start=\"2537\" data-end=\"2540\" \/>\u2022 Corrida: 5 km (2 voltas)<\/p>\n<p data-start=\"2573\" data-end=\"2597\"><strong data-start=\"2577\" data-end=\"2595\">Cronometragem:<\/strong><\/p>\n<p data-start=\"2598\" data-end=\"2665\">\u2022 Cronometragem eletr\u00f3nica com chip (inclu\u00eddo para n\u00e3o licenciados)<\/p>\n<p data-start=\"2672\" data-end=\"2690\"><strong data-start=\"2676\" data-end=\"2688\">Pr\u00e9mios:<\/strong><\/p>\n<p data-start=\"2691\" data-end=\"2858\">\u2022 Pr\u00e9mios monet\u00e1rios para os 5 primeiros masculinos e femininos<br data-start=\"2754\" data-end=\"2757\" \/>\u2022 Classifica\u00e7\u00f5es por clubes<br data-start=\"2784\" data-end=\"2787\" \/>\u2022 P\u00f3dios por grupos de idade (conforme regulamento da Ta\u00e7a de Portugal)<\/p>\n","race_benefits":"<p>\ud83c\udfbd Kit do atleta: dorsal (chip inclu\u00eddo para n\u00e3o licenciados)<br data-start=\"2948\" data-end=\"2951\" \/>\u23f1\ufe0f Cronometragem eletr\u00f3nica<br data-start=\"3025\" data-end=\"3028\" \/>\ud83d\udee1\ufe0f Seguro: acidentes pessoais e responsabilidade civil inclu\u00eddos (n\u00e3o licenciados)<br data-start=\"3115\" data-end=\"3118\" \/>\ud83e\udd64 Abastecimentos: dispon\u00edveis no percurso de corrida e na meta<br data-start=\"3185\" data-end=\"3188\" \/>\ud83d\udebf Balne\u00e1rios e duches: Pavilh\u00e3o Municipal Padre Amadeu Pinto<br data-start=\"3253\" data-end=\"3256\" \/>\ud83d\ude8c Transporte PT2 \u2192 PT1 antes da prova<br data-start=\"3298\" data-end=\"3301\" \/>\ud83e\uddf3 Servi\u00e7o de bengaleiro: associado ao n\u00famero de dorsal<br data-start=\"3360\" data-end=\"3363\" \/>\ud83c\udfc6 Pr\u00e9mios monet\u00e1rios e classifica\u00e7\u00f5es por categoria<\/p>\n","event_start_time":"","event_country":"portugal","event_rating":"","is_hot_event":false,"event_participants_count":"0","organizer_avatar":false,"event_gallery":false,"event_location_text":"Santo Andr\u00e9, Santiago do Cac\u00e9m","event_ticket_url":"https:\/\/www.federacao-triatlo.pt\/ftp2015\/events\/v-triatlo-de-santo-andre\/","event_date_start":"20260308","event_date_end":"20260308","event_faq_headline":"","event_faq_items":false,"event_full_address":"","organizer_name":"","event_latitude":"38.0635","event_longitude":"-8.7768","organizer_website":{"title":"","url":"","target":"","0":""}},"_links":{"self":[{"href":"https:\/\/racefinder.pt\/pt\/wp-json\/wp\/v2\/product\/22319","targetHints":{"allow":["GET"]}}],"collection":[{"href":"https:\/\/racefinder.pt\/pt\/wp-json\/wp\/v2\/product"}],"about":[{"href":"https:\/\/racefinder.pt\/pt\/wp-json\/wp\/v2\/types\/product"}],"replies":[{"embeddable":true,"href":"https:\/\/racefinder.pt\/pt\/wp-json\/wp\/v2\/comments?post=22319"}],"version-history":[{"count":2,"href":"https:\/\/racefinder.pt\/pt\/wp-json\/wp\/v2\/product\/22319\/revisions"}],"predecessor-version":[{"id":32056,"href":"https:\/\/racefinder.pt\/pt\/wp-json\/wp\/v2\/product\/22319\/revisions\/32056"}],"wp:featuredmedia":[{"embeddable":true,"href":"https:\/\/racefinder.pt\/pt\/wp-json\/wp\/v2\/media\/25358"}],"wp:attachment":[{"href":"https:\/\/racefinder.pt\/pt\/wp-json\/wp\/v2\/media?parent=22319"}],"wp:term":[{"taxonomy":"product_brand","embeddable":true,"href":"https:\/\/racefinder.pt\/pt\/wp-json\/wp\/v2\/product_brand?post=22319"},{"taxonomy":"product_cat","embeddable":true,"href":"https:\/\/racefinder.pt\/pt\/wp-json\/wp\/v2\/product_cat?post=22319"},{"taxonomy":"product_tag","embeddable":true,"href":"https:\/\/racefinder.pt\/pt\/wp-json\/wp\/v2\/product_tag?post=22319"}],"curies":[{"name":"wp","href":"https:\/\/api.w.org\/{rel}","templated":true}]}}