{"id":2117,"date":"2025-06-10T11:06:38","date_gmt":"2025-06-10T10:06:38","guid":{"rendered":"https:\/\/www.racefinder.pt\/event\/xi-triatlo-de-albufeira\/"},"modified":"2025-09-29T15:59:15","modified_gmt":"2025-09-29T14:59:15","slug":"xi-triatlo-de-albufeira","status":"publish","type":"product","link":"https:\/\/racefinder.pt\/pt\/event\/xi-triatlo-de-albufeira\/","title":{"rendered":"XI Triatlo de Albufeira"},"content":{"rendered":"<p data-start=\"187\" data-end=\"554\">O XI Triatlo de Albufeira \u2013 Capital do Turismo realiza-se no dia <strong data-start=\"252\" data-end=\"277\">19 de outubro de 2025<\/strong>, com partida na <strong data-start=\"294\" data-end=\"325\">Doca de Pescas de Albufeira<\/strong> e chegada \u00e0 <strong data-start=\"338\" data-end=\"361\">Marina de Albufeira<\/strong>. A prova, organizada pelo <strong data-start=\"388\" data-end=\"418\">Futebol Clube de Ferreiras<\/strong>, integra o <strong data-start=\"430\" data-end=\"472\">Campeonato do Algarve e Baixo Alentejo<\/strong> e o <strong data-start=\"477\" data-end=\"512\">Campeonato Individual da regi\u00e3o<\/strong>, sendo disputada na <strong data-start=\"533\" data-end=\"553\">dist\u00e2ncia Sprint<\/strong>.<\/p>\n<p data-start=\"556\" data-end=\"820\">O evento conta com provas individuais e em estafetas, reunindo atletas de v\u00e1rios escal\u00f5es \u2014 dos cadetes aos veteranos. O percurso combina nata\u00e7\u00e3o em mar aberto, ciclismo em estrada e corrida plana ao longo da Marina, oferecendo um desafio equilibrado e din\u00e2mico.<\/p>\n<p data-start=\"822\" data-end=\"933\">Mais do que uma competi\u00e7\u00e3o, o Triatlo de Albufeira celebra o esp\u00edrito do triatlo e o encanto da costa algarvia.<\/p>\n","protected":false},"excerpt":{"rendered":"<p>O XI Triatlo de Albufeira \u2013 Capital do Turismo realiza-se no dia 19 de outubro de 2025, com partida na Doca de Pescas de Albufeira e chegada \u00e0 Marina de Albufeira. A prova, organizada pelo Futebol Clube de Ferreiras, integra o Campeonato do Algarve e Baixo Alentejo e o Campeonato Individual da regi\u00e3o, sendo disputada [&hellip;]<\/p>\n","protected":false},"featured_media":2115,"comment_status":"open","ping_status":"closed","template":"","meta":{"_acf_changed":false,"footnotes":""},"product_brand":[],"product_cat":[132,254],"product_tag":[],"class_list":{"0":"post-2117","1":"product","2":"type-product","3":"status-publish","4":"has-post-thumbnail","6":"product_cat-triatlo","7":"product_cat-sprint-pt","9":"first","10":"instock","11":"shipping-taxable","12":"purchasable","13":"product-type-variable"},"acf":{"event_date_start":"20251019","event_date_end":"","event_start_time":"","event_country":"portugal","event_ticket_url":"https:\/\/www.federacao-triatlo.pt\/","event_latitude":"37.0891","event_longitude":"-8.2479","event_rating":"","is_hot_event":false,"organizer_avatar":false,"event_gallery":false,"event_location_text":"Albufeira","event_short_description":"<p data-start=\"187\" data-end=\"554\">O XI Triatlo de Albufeira \u2013 Capital do Turismo realiza-se no dia <strong data-start=\"252\" data-end=\"277\">19 de outubro de 2025<\/strong>, com partida na <strong data-start=\"294\" data-end=\"325\">Doca de Pescas de Albufeira<\/strong> e chegada \u00e0 <strong data-start=\"338\" data-end=\"361\">Marina de Albufeira<\/strong>. A prova, organizada pelo <strong data-start=\"388\" data-end=\"418\">Futebol Clube de Ferreiras<\/strong>, integra o <strong data-start=\"430\" data-end=\"472\">Campeonato do Algarve e Baixo Alentejo<\/strong> e o <strong data-start=\"477\" data-end=\"512\">Campeonato Individual da regi\u00e3o<\/strong>, sendo disputada na <strong data-start=\"533\" data-end=\"553\">dist\u00e2ncia Sprint<\/strong>.<\/p>\n<p data-start=\"556\" data-end=\"820\">O evento conta com provas individuais e em estafetas, reunindo atletas de v\u00e1rios escal\u00f5es \u2014 dos cadetes aos veteranos. O percurso combina nata\u00e7\u00e3o em mar aberto, ciclismo em estrada e corrida plana ao longo da Marina, oferecendo um desafio equilibrado e din\u00e2mico.<\/p>\n<p data-start=\"822\" data-end=\"933\">Mais do que uma competi\u00e7\u00e3o, o Triatlo de Albufeira celebra o esp\u00edrito do triatlo e o encanto da costa algarvia.<\/p>\n","organizer_name":"Federa\u00e7\u00e3o de Triatlo de Portugal","organizer_description":"<p data-start=\"960\" data-end=\"1024\"><strong><a href=\"https:\/\/www.federacao-triatlo.pt\/ftp2015\/wp-content\/uploads\/2025\/01\/2025-10-19-regulamento-xi-triatlo-albufeira-rev01.pdf\">Link do regulamento<\/a><\/strong><\/p>\n<p data-start=\"960\" data-end=\"1024\">\ud83d\udcc5 <strong data-start=\"963\" data-end=\"972\">Data:<\/strong> 19 de outubro de 2025 (domingo)<br data-start=\"1004\" data-end=\"1007\" \/>\ud83d\udd52 <strong data-start=\"1010\" data-end=\"1022\">Hor\u00e1rio:<\/strong><\/p>\n<ul data-start=\"1025\" data-end=\"1185\">\n<li data-start=\"1025\" data-end=\"1087\">\n<p data-start=\"1027\" data-end=\"1087\">Secretariado: 12h00 \u2013 13h30 (junto ao Parque de Transi\u00e7\u00e3o)<\/p>\n<\/li>\n<li data-start=\"1088\" data-end=\"1115\">\n<p data-start=\"1090\" data-end=\"1115\">Check-in: 12h30 \u2013 13h30<\/p>\n<\/li>\n<li data-start=\"1116\" data-end=\"1134\">\n<p data-start=\"1118\" data-end=\"1134\">Partida: 14h00<\/p>\n<\/li>\n<li data-start=\"1135\" data-end=\"1155\">\n<p data-start=\"1137\" data-end=\"1155\">Check-out: 16h00<\/p>\n<\/li>\n<li data-start=\"1156\" data-end=\"1185\">\n<p data-start=\"1158\" data-end=\"1185\">Entrega de pr\u00e9mios: 16h30<\/p>\n<\/li>\n<\/ul>\n<p data-start=\"1187\" data-end=\"1208\">\ud83d\udccd <strong data-start=\"1190\" data-end=\"1206\">Localiza\u00e7\u00e3o:<\/strong><\/p>\n<ul data-start=\"1209\" data-end=\"1311\">\n<li data-start=\"1209\" data-end=\"1256\">\n<p data-start=\"1211\" data-end=\"1256\">Partida: Doca de Pescas \u2013 Lota de Albufeira<\/p>\n<\/li>\n<li data-start=\"1257\" data-end=\"1311\">\n<p data-start=\"1259\" data-end=\"1311\">Chegada e Parque de Transi\u00e7\u00e3o: Marina de Albufeira<\/p>\n<\/li>\n<\/ul>\n<p data-start=\"1313\" data-end=\"1501\">\ud83c\udfca <strong data-start=\"1316\" data-end=\"1328\">Nata\u00e7\u00e3o:<\/strong> 750 m (1 volta, em linha at\u00e9 \u00e0 Marina)<br data-start=\"1367\" data-end=\"1370\" \/>\ud83d\udeb4 <strong data-start=\"1373\" data-end=\"1386\">Ciclismo:<\/strong> 19,7 km (2 voltas em asfalto com ligeiros desn\u00edveis)<br data-start=\"1439\" data-end=\"1442\" \/>\ud83c\udfc3 <strong data-start=\"1445\" data-end=\"1457\">Corrida:<\/strong> 5 km (2 voltas planas ao longo da Marina)<\/p>\n<p data-start=\"1503\" data-end=\"1525\">\u23f1\ufe0f <strong data-start=\"1506\" data-end=\"1523\">Tempo limite:<\/strong><\/p>\n<ul data-start=\"1526\" data-end=\"1623\">\n<li data-start=\"1526\" data-end=\"1549\">\n<p data-start=\"1528\" data-end=\"1549\">30 min para nata\u00e7\u00e3o<\/p>\n<\/li>\n<li data-start=\"1550\" data-end=\"1582\">\n<p data-start=\"1552\" data-end=\"1582\">1h40 para nata\u00e7\u00e3o + ciclismo<\/p>\n<\/li>\n<li data-start=\"1583\" data-end=\"1623\">\n<p data-start=\"1585\" data-end=\"1623\">2h30 (150 min) para concluir a prova<\/p>\n<\/li>\n<\/ul>\n<p data-start=\"1625\" data-end=\"1690\">\ud83c\udf9f\ufe0f <strong data-start=\"1629\" data-end=\"1648\">Inscri\u00e7\u00f5es at\u00e9:<\/strong> 13 de outubro de 2025<br data-start=\"1670\" data-end=\"1673\" \/>\ud83d\udcb0 <strong data-start=\"1676\" data-end=\"1688\">Valores:<\/strong><\/p>\n<ul data-start=\"1691\" data-end=\"1897\">\n<li data-start=\"1691\" data-end=\"1752\">\n<p data-start=\"1693\" data-end=\"1752\">Triatlo Sprint: 15\u20ac (licenciados) \/ 20\u20ac (n\u00e3o licenciados)<\/p>\n<\/li>\n<li data-start=\"1753\" data-end=\"1897\">\n<p data-start=\"1755\" data-end=\"1897\">Estafetas: 30\u20ac (licenciados) \/ 40\u20ac (n\u00e3o licenciados)<br data-start=\"1807\" data-end=\"1810\" \/>\ud83d\udccb <strong data-start=\"1813\" data-end=\"1828\">Plataforma:<\/strong> <a class=\"decorated-link\" href=\"https:\/\/www.federacao-triatlo.pt\" target=\"_new\" rel=\"noopener\" data-start=\"1829\" data-end=\"1897\">Federa\u00e7\u00e3o de Triatlo de Portugal<\/a><\/p>\n<\/li>\n<\/ul>\n","event_participants_count":"0","race_benefits":"<p data-start=\"1923\" data-end=\"2224\">\ud83c\udfbd Participa\u00e7\u00e3o individual ou em estafetas<br data-start=\"1965\" data-end=\"1968\" \/>\ud83d\udca7 Abastecimentos s\u00f3lidos e l\u00edquidos<br data-start=\"2004\" data-end=\"2007\" \/>\ud83d\udee1\ufe0f Seguro desportivo inclu\u00eddo<br data-start=\"2037\" data-end=\"2040\" \/>\ud83d\udcf8 Cobertura fotogr\u00e1fica e suporte t\u00e9cnico da Federa\u00e7\u00e3o<br data-start=\"2095\" data-end=\"2098\" \/>\ud83c\udfc6 Trof\u00e9us para os 3 primeiros classificados em todas as categorias<br data-start=\"2165\" data-end=\"2168\" \/>\ud83d\udcaa Ambiente competitivo e inspirador na costa algarvia<\/p>\n","organizer_website":{"title":"","url":"","target":"","0":""}},"_links":{"self":[{"href":"https:\/\/racefinder.pt\/pt\/wp-json\/wp\/v2\/product\/2117","targetHints":{"allow":["GET"]}}],"collection":[{"href":"https:\/\/racefinder.pt\/pt\/wp-json\/wp\/v2\/product"}],"about":[{"href":"https:\/\/racefinder.pt\/pt\/wp-json\/wp\/v2\/types\/product"}],"replies":[{"embeddable":true,"href":"https:\/\/racefinder.pt\/pt\/wp-json\/wp\/v2\/comments?post=2117"}],"version-history":[{"count":0,"href":"https:\/\/racefinder.pt\/pt\/wp-json\/wp\/v2\/product\/2117\/revisions"}],"wp:featuredmedia":[{"embeddable":true,"href":"https:\/\/racefinder.pt\/pt\/wp-json\/wp\/v2\/media\/2115"}],"wp:attachment":[{"href":"https:\/\/racefinder.pt\/pt\/wp-json\/wp\/v2\/media?parent=2117"}],"wp:term":[{"taxonomy":"product_brand","embeddable":true,"href":"https:\/\/racefinder.pt\/pt\/wp-json\/wp\/v2\/product_brand?post=2117"},{"taxonomy":"product_cat","embeddable":true,"href":"https:\/\/racefinder.pt\/pt\/wp-json\/wp\/v2\/product_cat?post=2117"},{"taxonomy":"product_tag","embeddable":true,"href":"https:\/\/racefinder.pt\/pt\/wp-json\/wp\/v2\/product_tag?post=2117"}],"curies":[{"name":"wp","href":"https:\/\/api.w.org\/{rel}","templated":true}]}}