{"id":2105,"date":"2025-06-10T10:31:12","date_gmt":"2025-06-10T09:31:12","guid":{"rendered":"https:\/\/www.racefinder.pt\/event\/triatlo-jovem-de-agueda\/"},"modified":"2025-08-29T15:52:19","modified_gmt":"2025-08-29T14:52:19","slug":"triatlo-jovem-de-agueda","status":"publish","type":"product","link":"https:\/\/racefinder.pt\/pt\/event\/triatlo-jovem-de-agueda\/","title":{"rendered":"Triatlo Jovem de \u00c1gueda"},"content":{"rendered":"","protected":false},"excerpt":{"rendered":"","protected":false},"featured_media":2104,"comment_status":"open","ping_status":"closed","template":"","meta":{"_acf_changed":false,"footnotes":""},"product_brand":[],"product_cat":[132,475],"product_tag":[],"class_list":{"0":"post-2105","1":"product","2":"type-product","3":"status-publish","4":"has-post-thumbnail","6":"product_cat-triatlo","7":"product_cat-jovens-pt","9":"first","10":"instock","11":"shipping-taxable","12":"purchasable","13":"product-type-variable"},"acf":{"event_date_start":"20251004","event_date_end":"","event_start_time":"","event_country":"portugal","event_ticket_url":"https:\/\/www.federacao-triatlo.pt\/","event_latitude":"40.5762","event_longitude":"-8.4444","event_rating":"","is_hot_event":false,"organizer_avatar":false,"event_gallery":false,"event_location_text":"\u00c1gueda","event_short_description":"<p data-start=\"3026\" data-end=\"3267\">O <strong data-start=\"3028\" data-end=\"3060\">Triatlo Jovem de \u00c1gueda 2025<\/strong> realiza-se a <strong data-start=\"3074\" data-end=\"3098\">4 de outubro de 2025<\/strong>, em \u00c1gueda. \u00c9 organizado pelo <strong data-start=\"3129\" data-end=\"3165\">Desportivo Atl\u00e9tico de Recard\u00e3es<\/strong> e pela <strong data-start=\"3173\" data-end=\"3203\">C\u00e2mara Municipal de \u00c1gueda<\/strong>, com o apoio t\u00e9cnico da <strong data-start=\"3228\" data-end=\"3264\">Federa\u00e7\u00e3o de Triatlo de Portugal<\/strong>.<\/p>\n<p data-start=\"3269\" data-end=\"3288\">O evento integra:<\/p>\n<ul data-start=\"3290\" data-end=\"3535\">\n<li data-start=\"3290\" data-end=\"3420\">\n<p data-start=\"3292\" data-end=\"3420\">O <strong data-start=\"3294\" data-end=\"3320\">Campeonato Norte Jovem<\/strong> \u2013 destinado a atletas nascidos entre 2008 e 2018, com dist\u00e2ncias adaptadas a cada escal\u00e3o et\u00e1rio.<\/p>\n<\/li>\n<li data-start=\"3421\" data-end=\"3535\">\n<p data-start=\"3423\" data-end=\"3535\">A <strong data-start=\"3425\" data-end=\"3441\">Prova Aberta<\/strong> \u2013 para atletas nascidos em 2007 e antes, disputada com as dist\u00e2ncias do escal\u00e3o de Juvenis.<\/p>\n<\/li>\n<\/ul>\n<p data-start=\"3537\" data-end=\"3734\">As provas decorrem no <strong data-start=\"3559\" data-end=\"3573\">Rio \u00c1gueda<\/strong> e \u00e1reas circundantes, com nata\u00e7\u00e3o em \u00e1guas abertas, ciclismo em BTT por trilhos e estrada, e corrida no passeio ribeirinho at\u00e9 \u00e0 meta na <strong data-start=\"3711\" data-end=\"3731\">Pra\u00e7a 1\u00ba de Maio<\/strong>.<\/p>\n","organizer_name":"Federa\u00e7\u00e3o de Triatlo de Portugal","organizer_description":"<p data-start=\"965\" data-end=\"1049\">\ud83d\udcd1 <a class=\"decorated-link\" href=\"https:\/\/www.federacao-triatlo.pt\/ftp2015\/wp-content\/uploads\/2025\/02\/2025-10-04-regulamento-triatlo-jovem-agueda-rev01.pdf\" target=\"_new\" rel=\"noopener\" data-start=\"968\" data-end=\"1047\">Link do regulamento \u2197<\/a><\/p>\n<p data-start=\"3845\" data-end=\"3896\"><strong data-start=\"3845\" data-end=\"3894\">Data &amp; Hor\u00e1rio \u2013 S\u00e1bado, 4 de outubro de 2025<\/strong><\/p>\n<ul data-start=\"3897\" data-end=\"4237\">\n<li data-start=\"3897\" data-end=\"3945\">\n<p data-start=\"3899\" data-end=\"3945\">13h15\u201314h15: Secretariado (Pra\u00e7a 1\u00ba de Maio)<\/p>\n<\/li>\n<li data-start=\"3946\" data-end=\"4018\">\n<p data-start=\"3948\" data-end=\"4018\">13h30\u201314h30: Check-in &amp; coloca\u00e7\u00e3o de material no Parque de Transi\u00e7\u00e3o<\/p>\n<\/li>\n<li data-start=\"4019\" data-end=\"4065\">\n<p data-start=\"4021\" data-end=\"4065\">14h40: Encerramento do Parque de Transi\u00e7\u00e3o<\/p>\n<\/li>\n<li data-start=\"4066\" data-end=\"4108\">\n<p data-start=\"4068\" data-end=\"4108\">14h45: Reuni\u00e3o t\u00e9cnica com treinadores<\/p>\n<\/li>\n<li data-start=\"4109\" data-end=\"4161\">\n<p data-start=\"4111\" data-end=\"4161\">15h00: In\u00edcio das provas (por escal\u00f5es e g\u00e9nero)<\/p>\n<\/li>\n<li data-start=\"4162\" data-end=\"4194\">\n<p data-start=\"4164\" data-end=\"4194\">17h30: Check-out do material<\/p>\n<\/li>\n<li data-start=\"4195\" data-end=\"4237\">\n<p data-start=\"4197\" data-end=\"4237\">18h00: Cerim\u00f3nia de entrega de pr\u00e9mios<\/p>\n<\/li>\n<\/ul>\n<p data-start=\"4239\" data-end=\"4251\"><strong data-start=\"4239\" data-end=\"4249\">Locais<\/strong><\/p>\n<ul data-start=\"4252\" data-end=\"4464\">\n<li data-start=\"4252\" data-end=\"4295\">\n<p data-start=\"4254\" data-end=\"4295\">Nata\u00e7\u00e3o: Rio \u00c1gueda (circuito circular)<\/p>\n<\/li>\n<li data-start=\"4296\" data-end=\"4358\">\n<p data-start=\"4298\" data-end=\"4358\">Ciclismo: percurso BTT em terra, relva, paralelo e asfalto<\/p>\n<\/li>\n<li data-start=\"4359\" data-end=\"4416\">\n<p data-start=\"4361\" data-end=\"4416\">Corrida: passeio ribeirinho, meta na Pra\u00e7a 1\u00ba de Maio<\/p>\n<\/li>\n<li data-start=\"4417\" data-end=\"4464\">\n<p data-start=\"4419\" data-end=\"4464\">Balne\u00e1rios: Bombeiros Volunt\u00e1rios de \u00c1gueda<\/p>\n<\/li>\n<\/ul>\n<p data-start=\"4466\" data-end=\"4518\"><strong data-start=\"4466\" data-end=\"4516\">Escal\u00f5es &amp; Dist\u00e2ncias (Campeonato Norte Jovem)<\/strong><\/p>\n<ul data-start=\"4519\" data-end=\"4884\">\n<li data-start=\"4519\" data-end=\"4590\">\n<p data-start=\"4521\" data-end=\"4590\">Benjamins (2018\u20132016): 50 m nata\u00e7\u00e3o | 1 km ciclismo | 400 m corrida<\/p>\n<\/li>\n<li data-start=\"4591\" data-end=\"4665\">\n<p data-start=\"4593\" data-end=\"4665\">Infantis (2015\u20132014): 100 m nata\u00e7\u00e3o | 2,35 km ciclismo | 800 m corrida<\/p>\n<\/li>\n<li data-start=\"4666\" data-end=\"4740\">\n<p data-start=\"4668\" data-end=\"4740\">Iniciados (2013\u20132012): 200 m nata\u00e7\u00e3o | 4,43 km ciclismo | 1 km corrida<\/p>\n<\/li>\n<li data-start=\"4741\" data-end=\"4812\">\n<p data-start=\"4743\" data-end=\"4812\">Juvenis (2011\u20132010): 300 m nata\u00e7\u00e3o | 8,3 km ciclismo | 2 km corrida<\/p>\n<\/li>\n<li data-start=\"4813\" data-end=\"4884\">\n<p data-start=\"4815\" data-end=\"4884\">Cadetes (2009\u20132008): 300 m nata\u00e7\u00e3o | 8,3 km ciclismo | 2 km corrida<\/p>\n<\/li>\n<\/ul>\n<p data-start=\"4886\" data-end=\"4979\"><strong data-start=\"4886\" data-end=\"4902\">Prova Aberta<\/strong>: Nascidos em 2007 e antes | 300 m nata\u00e7\u00e3o | 8,3 km ciclismo | 2 km corrida<\/p>\n<p data-start=\"4981\" data-end=\"4996\"><strong data-start=\"4981\" data-end=\"4994\">Inscri\u00e7\u00e3o<\/strong><\/p>\n<ul data-start=\"4997\" data-end=\"5172\">\n<li data-start=\"4997\" data-end=\"5034\">\n<p data-start=\"4999\" data-end=\"5034\">Prazo: at\u00e9 29 de setembro de 2025<\/p>\n<\/li>\n<li data-start=\"5035\" data-end=\"5095\">\n<p data-start=\"5037\" data-end=\"5095\">Licenciados: gratuito | N\u00e3o licenciados: \u20ac5 (com seguro)<\/p>\n<\/li>\n<li data-start=\"5096\" data-end=\"5133\">\n<p data-start=\"5098\" data-end=\"5133\">Fora de prazo: acr\u00e9scimo de \u20ac7,50<\/p>\n<\/li>\n<li data-start=\"5134\" data-end=\"5172\">\n<p data-start=\"5136\" data-end=\"5172\">Inscri\u00e7\u00e3o no local (com acr\u00e9scimo)<\/p>\n<\/li>\n<\/ul>\n<p data-start=\"5174\" data-end=\"5239\"><strong data-start=\"5174\" data-end=\"5192\">Abastecimentos<\/strong>: \u00c1gua e fruta na meta + zona de recupera\u00e7\u00e3o.<\/p>\n<p data-start=\"5241\" data-end=\"5271\"><strong data-start=\"5241\" data-end=\"5269\">Classifica\u00e7\u00f5es &amp; Pr\u00e9mios<\/strong><\/p>\n<ul data-start=\"5272\" data-end=\"5484\">\n<li data-start=\"5272\" data-end=\"5355\">\n<p data-start=\"5274\" data-end=\"5355\">Campeonato Norte Jovem: Individual (por escal\u00e3o e g\u00e9nero) + Coletiva por clubes<\/p>\n<\/li>\n<li data-start=\"5356\" data-end=\"5393\">\n<p data-start=\"5358\" data-end=\"5393\">Prova Aberta: Absoluta por g\u00e9nero<\/p>\n<\/li>\n<li data-start=\"5394\" data-end=\"5484\">\n<p data-start=\"5396\" data-end=\"5484\">Trof\u00e9us para os 3 primeiros de cada escal\u00e3o, absolutos da Aberta, e 5 melhores clubes.<\/p>\n<\/li>\n<\/ul>\n<p data-start=\"2476\" data-end=\"2549\">\n","event_participants_count":"0","race_benefits":"<p data-start=\"5508\" data-end=\"5581\">\ud83c\udfbd Kit de atleta: dorsal, touca de nata\u00e7\u00e3o, seguro, lembran\u00e7a do evento<\/p>\n<p data-start=\"5583\" data-end=\"5646\">\ud83e\udd64 Abastecimentos: \u00e1gua e fruta na meta + zona de recupera\u00e7\u00e3o<\/p>\n<p data-start=\"5648\" data-end=\"5715\">\ud83c\udfc5 Pr\u00e9mios: trof\u00e9us individuais e coletivos (Campeonato + Aberta)<\/p>\n<p data-start=\"5717\" data-end=\"5789\">\ud83d\udebb Balne\u00e1rios e duches dispon\u00edveis nos Bombeiros Volunt\u00e1rios de \u00c1gueda<\/p>\n<p data-start=\"5791\" data-end=\"5823\">\ud83d\udee1\ufe0f Seguro desportivo inclu\u00eddo<\/p>\n<p data-start=\"5825\" data-end=\"5863\">\ud83d\udcf8 Cobertura fotogr\u00e1fica &amp; medi\u00e1tica<\/p>\n<p data-start=\"5865\" data-end=\"5927\">\ud83d\udc65 Reuni\u00e3o t\u00e9cnica com treinadores e zonas de apoio a clubes<\/p>\n","organizer_website":{"title":"","url":"","target":"","0":""}},"_links":{"self":[{"href":"https:\/\/racefinder.pt\/pt\/wp-json\/wp\/v2\/product\/2105","targetHints":{"allow":["GET"]}}],"collection":[{"href":"https:\/\/racefinder.pt\/pt\/wp-json\/wp\/v2\/product"}],"about":[{"href":"https:\/\/racefinder.pt\/pt\/wp-json\/wp\/v2\/types\/product"}],"replies":[{"embeddable":true,"href":"https:\/\/racefinder.pt\/pt\/wp-json\/wp\/v2\/comments?post=2105"}],"version-history":[{"count":0,"href":"https:\/\/racefinder.pt\/pt\/wp-json\/wp\/v2\/product\/2105\/revisions"}],"wp:featuredmedia":[{"embeddable":true,"href":"https:\/\/racefinder.pt\/pt\/wp-json\/wp\/v2\/media\/2104"}],"wp:attachment":[{"href":"https:\/\/racefinder.pt\/pt\/wp-json\/wp\/v2\/media?parent=2105"}],"wp:term":[{"taxonomy":"product_brand","embeddable":true,"href":"https:\/\/racefinder.pt\/pt\/wp-json\/wp\/v2\/product_brand?post=2105"},{"taxonomy":"product_cat","embeddable":true,"href":"https:\/\/racefinder.pt\/pt\/wp-json\/wp\/v2\/product_cat?post=2105"},{"taxonomy":"product_tag","embeddable":true,"href":"https:\/\/racefinder.pt\/pt\/wp-json\/wp\/v2\/product_tag?post=2105"}],"curies":[{"name":"wp","href":"https:\/\/api.w.org\/{rel}","templated":true}]}}