{"id":2093,"date":"2025-06-09T13:13:00","date_gmt":"2025-06-09T12:13:00","guid":{"rendered":"https:\/\/www.racefinder.pt\/event\/ii-triatlo-jovem-de-loule\/"},"modified":"2025-09-03T15:55:30","modified_gmt":"2025-09-03T14:55:30","slug":"ii-triatlo-jovem-de-loule","status":"publish","type":"product","link":"https:\/\/racefinder.pt\/pt\/event\/ii-triatlo-jovem-de-loule\/","title":{"rendered":"II Triatlo Jovem de Loul\u00e9"},"content":{"rendered":"","protected":false},"excerpt":{"rendered":"","protected":false},"featured_media":2091,"comment_status":"open","ping_status":"closed","template":"","meta":{"_acf_changed":false,"footnotes":""},"product_brand":[],"product_cat":[132],"product_tag":[],"class_list":{"0":"post-2093","1":"product","2":"type-product","3":"status-publish","4":"has-post-thumbnail","6":"product_cat-triatlo","8":"first","9":"instock","10":"shipping-taxable","11":"purchasable","12":"product-type-variable"},"acf":{"event_date_start":"20250927","event_date_end":"","event_start_time":"","event_country":"portugal","event_ticket_url":"https:\/\/www.federacao-triatlo.pt\/","event_latitude":"37.1371","event_longitude":"-8.0236","event_rating":"","is_hot_event":false,"organizer_avatar":false,"event_gallery":false,"event_location_text":"Loul\u00e9","event_short_description":"<p data-start=\"2510\" data-end=\"2712\">O <strong data-start=\"2512\" data-end=\"2546\">II Triatlo Jovem de Loul\u00e9 2025<\/strong> realiza-se a <strong data-start=\"2560\" data-end=\"2586\">27 de setembro de 2025<\/strong>, organizado pelo Louletano Desportivo Clube com o apoio da C\u00e2mara Municipal de Loul\u00e9 e da Federa\u00e7\u00e3o de Triatlo de Portugal.<\/p>\n<p data-start=\"2714\" data-end=\"3091\">O evento integra o <strong data-start=\"2733\" data-end=\"2793\">Campeonato Jovem do Algarve e Baixo Alentejo (4.\u00aa etapa)<\/strong> e conta ainda com uma <strong data-start=\"2816\" data-end=\"2832\">Prova Aberta<\/strong> destinada a atletas nascidos antes de 2008. As provas decorrem nas <strong data-start=\"2900\" data-end=\"2932\">Piscinas Municipais de Loul\u00e9<\/strong> e no <strong data-start=\"2938\" data-end=\"2967\">Parque Municipal de Loul\u00e9<\/strong>, acolhendo triatletas jovens de todos os escal\u00f5es, dos <strong data-start=\"3023\" data-end=\"3048\">Benjamins aos Cadetes<\/strong>, bem como participantes da prova aberta.<\/p>\n<p data-start=\"3093\" data-end=\"3298\">Com dist\u00e2ncias adaptadas a cada escal\u00e3o, trata-se de uma competi\u00e7\u00e3o de desenvolvimento, que promove o desporto juvenil, o esp\u00edrito de equipa e a inicia\u00e7\u00e3o ao triatlo num ambiente seguro e bem organizado.<\/p>\n","organizer_name":"Federa\u00e7\u00e3o de Triatlo de Portugal","organizer_description":"<p data-start=\"982\" data-end=\"1130\"><a href=\"https:\/\/www.federacao-triatlo.pt\/ftp2015\/wp-content\/uploads\/2025\/01\/2025-09-27-regulamento-ii-triatlo-jovem-loule-rev01.pdf\"><strong data-start=\"982\" data-end=\"991\">Link do regulamento<\/strong><\/a><\/p>\n<p data-start=\"3334\" data-end=\"3481\"><strong data-start=\"3334\" data-end=\"3343\">Data:<\/strong> S\u00e1bado, 27 de setembro de 2025<br data-start=\"3374\" data-end=\"3377\" \/><strong data-start=\"3377\" data-end=\"3387\">Local:<\/strong> Piscinas Municipais de Loul\u00e9 &amp; Parque Municipal de Loul\u00e9<br data-start=\"3444\" data-end=\"3447\" \/>\ud83d\udccd GPS: 37\u00b008&#8217;29.1&#8243;N 8\u00b001&#8217;03.6&#8243;W<\/p>\n<p data-start=\"3483\" data-end=\"3530\"><strong data-start=\"3483\" data-end=\"3528\">Escal\u00f5es &amp; Dist\u00e2ncias (Campeonato Jovem):<\/strong><\/p>\n<ul data-start=\"3531\" data-end=\"3997\">\n<li data-start=\"3531\" data-end=\"3606\">\n<p data-start=\"3533\" data-end=\"3606\"><strong data-start=\"3533\" data-end=\"3559\">Benjamins (2018\u20132016):<\/strong> Nata\u00e7\u00e3o 50 m | Ciclismo 1 km | Corrida 400 m<\/p>\n<\/li>\n<li data-start=\"3607\" data-end=\"3682\">\n<p data-start=\"3609\" data-end=\"3682\"><strong data-start=\"3609\" data-end=\"3634\">Infantis (2015\u20132014):<\/strong> Nata\u00e7\u00e3o 100 m | Ciclismo 2 km | Corrida 800 m<\/p>\n<\/li>\n<li data-start=\"3683\" data-end=\"3760\">\n<p data-start=\"3685\" data-end=\"3760\"><strong data-start=\"3685\" data-end=\"3711\">Iniciados (2013\u20132012):<\/strong> Nata\u00e7\u00e3o 200 m | Ciclismo 4 km | Corrida 1000 m<\/p>\n<\/li>\n<li data-start=\"3761\" data-end=\"3836\">\n<p data-start=\"3763\" data-end=\"3836\"><strong data-start=\"3763\" data-end=\"3787\">Juvenis (2011\u20132010):<\/strong> Nata\u00e7\u00e3o 300 m | Ciclismo 8 km | Corrida 2000 m<\/p>\n<\/li>\n<li data-start=\"3837\" data-end=\"3912\">\n<p data-start=\"3839\" data-end=\"3912\"><strong data-start=\"3839\" data-end=\"3863\">Cadetes (2009\u20132008):<\/strong> Nata\u00e7\u00e3o 300 m | Ciclismo 8 km | Corrida 2000 m<\/p>\n<\/li>\n<li data-start=\"3913\" data-end=\"3997\">\n<p data-start=\"3915\" data-end=\"3997\"><strong data-start=\"3915\" data-end=\"3948\">Prova Aberta (antes de 2008):<\/strong> Nata\u00e7\u00e3o 300 m | Ciclismo 8 km | Corrida 2000 m<\/p>\n<\/li>\n<\/ul>\n<p data-start=\"3999\" data-end=\"4014\"><strong data-start=\"3999\" data-end=\"4012\">Percurso:<\/strong><\/p>\n<ul data-start=\"4015\" data-end=\"4140\">\n<li data-start=\"4015\" data-end=\"4043\">\n<p data-start=\"4017\" data-end=\"4043\">Nata\u00e7\u00e3o: piscina de 50 m<\/p>\n<\/li>\n<li data-start=\"4044\" data-end=\"4083\">\n<p data-start=\"4046\" data-end=\"4083\">Ciclismo: circuito plano em asfalto<\/p>\n<\/li>\n<li data-start=\"4084\" data-end=\"4140\">\n<p data-start=\"4086\" data-end=\"4140\">Corrida: percurso plano em cal\u00e7ada, ciclovia e relva<\/p>\n<\/li>\n<\/ul>\n<p data-start=\"4142\" data-end=\"4224\"><strong data-start=\"4142\" data-end=\"4157\">Inscri\u00e7\u00f5es:<\/strong> at\u00e9 22 de setembro de 2025, via Federa\u00e7\u00e3o de Triatlo de Portugal<\/p>\n<ul data-start=\"4225\" data-end=\"4335\">\n<li data-start=\"4225\" data-end=\"4282\">\n<p data-start=\"4227\" data-end=\"4282\">Jovens: Gratuito (licenciados) | \u20ac5 (n\u00e3o licenciados)<\/p>\n<\/li>\n<li data-start=\"4283\" data-end=\"4335\">\n<p data-start=\"4285\" data-end=\"4335\">Aberta: \u20ac5 (licenciados) | \u20ac10 (n\u00e3o licenciados)<\/p>\n<\/li>\n<\/ul>\n<p data-start=\"4337\" data-end=\"4350\"><strong data-start=\"4337\" data-end=\"4348\">Outros:<\/strong><\/p>\n<ul data-start=\"4351\" data-end=\"4517\">\n<li data-start=\"4351\" data-end=\"4409\">\n<p data-start=\"4353\" data-end=\"4409\">Secretariado: 13h00\u201314h15 no Parque Municipal de Loul\u00e9<\/p>\n<\/li>\n<li data-start=\"4410\" data-end=\"4448\">\n<p data-start=\"4412\" data-end=\"4448\">Aquecimento: 14h30\u201314h45 (piscina)<\/p>\n<\/li>\n<li data-start=\"4449\" data-end=\"4487\">\n<p data-start=\"4451\" data-end=\"4487\">In\u00edcio: 15h00 (escal\u00f5es por ordem)<\/p>\n<\/li>\n<li data-start=\"4488\" data-end=\"4517\">\n<p data-start=\"4490\" data-end=\"4517\">Entrega de pr\u00e9mios: 18h00<\/p>\n<\/li>\n<\/ul>\n","event_participants_count":"0","race_benefits":"<p data-start=\"4543\" data-end=\"4644\">\ud83c\udfc5 Trof\u00e9us individuais e coletivos para os melhores classificados (Campeonato Jovem + Prova Aberta)<\/p>\n<p data-start=\"4646\" data-end=\"4707\">\ud83e\udd64 Abastecimentos com \u00e1gua e fruta durante e ap\u00f3s as provas<\/p>\n<p data-start=\"4709\" data-end=\"4774\">\ud83d\udee1\ufe0f Seguro de acidentes pessoais (para atletas n\u00e3o licenciados)<\/p>\n<p data-start=\"4776\" data-end=\"4845\">\ud83c\udfbd Apoio t\u00e9cnico e arbitragem pela Federa\u00e7\u00e3o de Triatlo de Portugal<\/p>\n<p data-start=\"4847\" data-end=\"4907\">\ud83d\udebf Balne\u00e1rios dispon\u00edveis nas Piscinas Municipais de Loul\u00e9<\/p>\n<p data-start=\"4909\" data-end=\"4988\">\ud83d\udc65 Classifica\u00e7\u00e3o coletiva para o Campeonato Jovem do Algarve e Baixo Alentejo<\/p>\n","organizer_website":{"title":"","url":"","target":"","0":""}},"_links":{"self":[{"href":"https:\/\/racefinder.pt\/pt\/wp-json\/wp\/v2\/product\/2093","targetHints":{"allow":["GET"]}}],"collection":[{"href":"https:\/\/racefinder.pt\/pt\/wp-json\/wp\/v2\/product"}],"about":[{"href":"https:\/\/racefinder.pt\/pt\/wp-json\/wp\/v2\/types\/product"}],"replies":[{"embeddable":true,"href":"https:\/\/racefinder.pt\/pt\/wp-json\/wp\/v2\/comments?post=2093"}],"version-history":[{"count":0,"href":"https:\/\/racefinder.pt\/pt\/wp-json\/wp\/v2\/product\/2093\/revisions"}],"wp:featuredmedia":[{"embeddable":true,"href":"https:\/\/racefinder.pt\/pt\/wp-json\/wp\/v2\/media\/2091"}],"wp:attachment":[{"href":"https:\/\/racefinder.pt\/pt\/wp-json\/wp\/v2\/media?parent=2093"}],"wp:term":[{"taxonomy":"product_brand","embeddable":true,"href":"https:\/\/racefinder.pt\/pt\/wp-json\/wp\/v2\/product_brand?post=2093"},{"taxonomy":"product_cat","embeddable":true,"href":"https:\/\/racefinder.pt\/pt\/wp-json\/wp\/v2\/product_cat?post=2093"},{"taxonomy":"product_tag","embeddable":true,"href":"https:\/\/racefinder.pt\/pt\/wp-json\/wp\/v2\/product_tag?post=2093"}],"curies":[{"name":"wp","href":"https:\/\/api.w.org\/{rel}","templated":true}]}}