{"id":20536,"date":"2025-11-27T05:23:06","date_gmt":"2025-11-27T05:23:06","guid":{"rendered":"https:\/\/www.racefinder.pt\/?post_type=product&#038;p=20536"},"modified":"2026-03-19T12:08:13","modified_gmt":"2026-03-19T12:08:13","slug":"zezere-swimrun","status":"publish","type":"product","link":"https:\/\/racefinder.pt\/pt\/event\/zezere-swimrun\/","title":{"rendered":"Z\u00caZERE SWIMRUN"},"content":{"rendered":"","protected":false},"excerpt":{"rendered":"","protected":false},"featured_media":38204,"comment_status":"open","ping_status":"closed","template":"","meta":{"_acf_changed":false,"footnotes":""},"product_brand":[],"product_cat":[3612,141,132],"product_tag":[],"class_list":{"0":"post-20536","1":"product","2":"type-product","3":"status-publish","4":"has-post-thumbnail","6":"product_cat-swimrun-pt","7":"product_cat-duatlo","8":"product_cat-triatlo","10":"first","11":"instock","12":"shipping-taxable","13":"product-type-variable"},"acf":{"event_short_description":"<p>O Z\u00eazere Swimrun \u00e9 uma prova de swimrun que ocorrer\u00e1 em 2026 na regi\u00e3o do Centro de Portugal, especificamente na \u00e1rea da Barragem de Castelo de Bode. O evento oferece tr\u00eas dist\u00e2ncias: Standard (24,7 km no total), Sprint (18,2 km no total) e Experience (7,1 km no total), combinando segmentos de nata\u00e7\u00e3o e corrida.<\/p>\n<p>A prova \u00e9 aberta a todos os participantes e segue rotas c\u00e9nicas e desafiantes ao longo da Grande Rota do Z\u00eazere (GRZ), com vistas sobre a barragem de Castelo de Bode, atravessando as aldeias das Fontes e do Souto. A atmosfera da corrida \u00e9 aventureira e exigente, realizada no final do ver\u00e3o com temperaturas quentes ideais para nadar em \u00e1gua doce. A linha de chegada \u00e9 na Praia Fluvial da Aldeia do Mato, mantendo um cen\u00e1rio m\u00e1gico e inspirador.<\/p>\n<p>O evento inclui m\u00faltiplas transi\u00e7\u00f5es entre nata\u00e7\u00e3o e corrida, com ganhos significativos de eleva\u00e7\u00e3o, adequado para atletas que procuram um desafio t\u00e9cnico e de resist\u00eancia num ambiente natural \u00fanico.<\/p>\n","organizer_description":"<p><strong>Locais de partida\/chegada:<\/strong> Partida e chegada na Praia Fluvial da Aldeia do Mato<\/p>\n<p><strong>Tempos limite:<\/strong><br \/>\n\u2022 Standard: 7 horas<br \/>\n\u2022 Sprint: 4 horas<br \/>\n\u2022 Experience: 3 horas<\/p>\n<p><strong>Tipos de superf\u00edcie:<\/strong> Trilhos e nata\u00e7\u00e3o em \u00e1gua doce (barragem)<\/p>\n<p><strong>Formato do percurso:<\/strong> M\u00faltiplas transi\u00e7\u00f5es de nata\u00e7\u00e3o e corrida; Standard e Sprint com 6 transi\u00e7\u00f5es, Experience com 4<\/p>\n<p><strong>Rotas da prova:<\/strong><br \/>\n\u2022 Standard: 24,7 km no total (3,6 km nata\u00e7\u00e3o, 21,1 km corrida), nado mais longo 800 m, corrida mais longa 9 km, ganho de eleva\u00e7\u00e3o 965 m<br \/>\n\u2022 Sprint: 18,2 km no total (3,6 km nata\u00e7\u00e3o, 14,6 km corrida), nado mais longo 800 m, corrida mais longa 5,5 km, ganho de eleva\u00e7\u00e3o 735 m<br \/>\n\u2022 Experience: 7,1 km no total (2,1 km nata\u00e7\u00e3o, 5 km corrida), nado mais longo 800 m, corrida mais longa 2,8 km, ganho de eleva\u00e7\u00e3o 277 m<\/p>\n","race_benefits":"<p>\ud83c\udfbd Kit do atleta: dorsal e gorro de nata\u00e7\u00e3o (impl\u00edcito pelo tipo de evento)<br \/>\n\ud83d\udedf Apoio de seguran\u00e7a: medidas de seguran\u00e7a devido ao ambiente da barragem<\/p>\n","event_date_start":"20261018","event_date_end":"20261018","event_start_time":"","event_country":"portugal","event_ticket_url":"https:\/\/www.swimrunportugal.com\/zezere","event_latitude":"39.5431","event_longitude":"-8.2728","event_rating":"","is_hot_event":false,"event_participants_count":"0","organizer_avatar":false,"event_gallery":false,"event_location_text":"Aldeia do Mato","purchasing_all_variations_through_woocommerce":false,"event_faq_headline":"","event_faq_items":false,"organizer_website":{"title":"","url":"","target":"","0":""},"optional_extras":false},"_links":{"self":[{"href":"https:\/\/racefinder.pt\/pt\/wp-json\/wp\/v2\/product\/20536","targetHints":{"allow":["GET"]}}],"collection":[{"href":"https:\/\/racefinder.pt\/pt\/wp-json\/wp\/v2\/product"}],"about":[{"href":"https:\/\/racefinder.pt\/pt\/wp-json\/wp\/v2\/types\/product"}],"replies":[{"embeddable":true,"href":"https:\/\/racefinder.pt\/pt\/wp-json\/wp\/v2\/comments?post=20536"}],"version-history":[{"count":1,"href":"https:\/\/racefinder.pt\/pt\/wp-json\/wp\/v2\/product\/20536\/revisions"}],"predecessor-version":[{"id":38214,"href":"https:\/\/racefinder.pt\/pt\/wp-json\/wp\/v2\/product\/20536\/revisions\/38214"}],"wp:featuredmedia":[{"embeddable":true,"href":"https:\/\/racefinder.pt\/pt\/wp-json\/wp\/v2\/media\/38204"}],"wp:attachment":[{"href":"https:\/\/racefinder.pt\/pt\/wp-json\/wp\/v2\/media?parent=20536"}],"wp:term":[{"taxonomy":"product_brand","embeddable":true,"href":"https:\/\/racefinder.pt\/pt\/wp-json\/wp\/v2\/product_brand?post=20536"},{"taxonomy":"product_cat","embeddable":true,"href":"https:\/\/racefinder.pt\/pt\/wp-json\/wp\/v2\/product_cat?post=20536"},{"taxonomy":"product_tag","embeddable":true,"href":"https:\/\/racefinder.pt\/pt\/wp-json\/wp\/v2\/product_tag?post=20536"}],"curies":[{"name":"wp","href":"https:\/\/api.w.org\/{rel}","templated":true}]}}