{"id":19741,"date":"2025-11-21T05:18:02","date_gmt":"2025-11-21T05:18:02","guid":{"rendered":"https:\/\/www.racefinder.pt\/?post_type=product&#038;p=19741"},"modified":"2025-11-21T08:12:59","modified_gmt":"2025-11-21T08:12:59","slug":"sao-silvestre-de-lagoa-credito-agricola-acores","status":"publish","type":"product","link":"https:\/\/racefinder.pt\/pt\/event\/sao-silvestre-de-lagoa-credito-agricola-acores\/","title":{"rendered":"S\u00e3o Silvestre de Lagoa | Cr\u00e9dito Agr\u00edcola A\u00e7ores"},"content":{"rendered":"","protected":false},"excerpt":{"rendered":"","protected":false},"featured_media":19966,"comment_status":"open","ping_status":"closed","template":"","meta":{"_acf_changed":false,"footnotes":""},"product_brand":[],"product_cat":[140,129,246,161],"product_tag":[],"class_list":{"0":"post-19741","1":"product","2":"type-product","3":"status-publish","4":"has-post-thumbnail","6":"product_cat-caminhada","7":"product_cat-corrida","8":"product_cat-corrida-de-rua","9":"product_cat-kids-pt","11":"first","12":"instock","13":"shipping-taxable","14":"purchasable","15":"product-type-variable"},"acf":{"event_short_description":"<p>A S\u00e3o Silvestre Cidade de Lagoa \u00e9 um evento de corrida que se realizar\u00e1 a 27 de dezembro de 2025, em Lagoa, A\u00e7ores, oferecendo diversas categorias de prova para envolver toda a comunidade.<\/p>\n<p>O evento \u00e9 aberto a participantes de todas as idades e n\u00edveis, incluindo juniores, seniores, veteranos, jovens, crian\u00e7as e categorias adaptadas. Visa promover a sa\u00fade e a qualidade de vida atrav\u00e9s do desporto, fomentando uma atmosfera festiva e inclusiva, apoiada pela c\u00e2mara municipal e patrocinadores.<\/p>\n<p>Al\u00e9m das corridas principais, existem categorias especiais como corrida baby, caminhadas e marchas de inclus\u00e3o, tornando o evento familiar e com oportunidades para todos participarem.<\/p>\n","organizer_description":"<p><strong><a class=\"\" href=\"https:\/\/lap2go.com\/pt\/event\/ss-lagoa-2025\/regulamento.html\" target=\"_new\" rel=\"noopener\">Regulation link \u2197<\/a><\/strong><\/p>\n<p><strong>Categorias de idade\/divis\u00f5es:<\/strong><br \/>\n\u2022 Bambi (corrida baby) F., M.<br \/>\n\u2022 Infantil F., M.<br \/>\n\u2022 Benjamim A F., M.<br \/>\n\u2022 Benjamim B F., M.<br \/>\n\u2022 Iniciado F., M.<br \/>\n\u2022 Juvenil F., M.<br \/>\n\u2022 J\u00fanior F., M.<br \/>\n\u2022 S\u00e9nior F., M.<br \/>\n\u2022 Veteranos M35, M40, M45, M50, M55, M60<br \/>\n\u2022 Veteranas F35, F40, F45, F50, F55, F60<br \/>\n\u2022 Esc. \u00danico M., F. (para caminhada e marcha inclus\u00e3o)<br \/>\n\u2022 Adaptado S\u00e9nior F., M.<\/p>\n<p><strong>Local de partida\/chegada:<\/strong> Lagoa, A\u00e7ores<\/p>\n<p><strong>Data limite de inscri\u00e7\u00e3o:<\/strong> 23 de dezembro de 2025 \u00e0s 23:59 (hora local)<\/p>\n<p><strong>M\u00e9todo de cronometragem:<\/strong> Cronometragem eletr\u00f3nica<\/p>\n","race_benefits":"<p>\ud83c\udfbd Kit atleta: dorsal<br \/>\n\u23f1\ufe0f Cronometragem eletr\u00f3nica com resultados em direto<br \/>\n\ud83d\udedf Apoio de seguran\u00e7a por organiza\u00e7\u00e3o e autoridades locais<br \/>\n\ud83d\udee1\ufe0f Seguro inclu\u00eddo na inscri\u00e7\u00e3o<br \/>\n\ud83c\udfc5 Medalhas ou pr\u00e9mios de participa\u00e7\u00e3o (impl\u00edcito)<br \/>\n\ud83e\udd64 Postos de apoio (impl\u00edcito, n\u00e3o detalhado)<br \/>\n\ud83d\udcf8 Cobertura fotogr\u00e1fica e v\u00eddeo ao vivo (impl\u00edcito)<\/p>\n","event_date_start":"20251227","event_date_end":"20251227","event_start_time":"","event_country":"portugal","event_ticket_url":"https:\/\/lap2go.com\/pt\/event\/ss-lagoa-2025","event_latitude":"37.7429","event_longitude":"-25.5275","event_rating":"","is_hot_event":false,"event_participants_count":"0","organizer_avatar":false,"event_gallery":false,"event_location_text":"Lagoa","organizer_website":{"title":"","url":"","target":"","0":""}},"_links":{"self":[{"href":"https:\/\/racefinder.pt\/pt\/wp-json\/wp\/v2\/product\/19741","targetHints":{"allow":["GET"]}}],"collection":[{"href":"https:\/\/racefinder.pt\/pt\/wp-json\/wp\/v2\/product"}],"about":[{"href":"https:\/\/racefinder.pt\/pt\/wp-json\/wp\/v2\/types\/product"}],"replies":[{"embeddable":true,"href":"https:\/\/racefinder.pt\/pt\/wp-json\/wp\/v2\/comments?post=19741"}],"version-history":[{"count":0,"href":"https:\/\/racefinder.pt\/pt\/wp-json\/wp\/v2\/product\/19741\/revisions"}],"wp:featuredmedia":[{"embeddable":true,"href":"https:\/\/racefinder.pt\/pt\/wp-json\/wp\/v2\/media\/19966"}],"wp:attachment":[{"href":"https:\/\/racefinder.pt\/pt\/wp-json\/wp\/v2\/media?parent=19741"}],"wp:term":[{"taxonomy":"product_brand","embeddable":true,"href":"https:\/\/racefinder.pt\/pt\/wp-json\/wp\/v2\/product_brand?post=19741"},{"taxonomy":"product_cat","embeddable":true,"href":"https:\/\/racefinder.pt\/pt\/wp-json\/wp\/v2\/product_cat?post=19741"},{"taxonomy":"product_tag","embeddable":true,"href":"https:\/\/racefinder.pt\/pt\/wp-json\/wp\/v2\/product_tag?post=19741"}],"curies":[{"name":"wp","href":"https:\/\/api.w.org\/{rel}","templated":true}]}}