{"id":19424,"date":"2025-11-15T05:16:29","date_gmt":"2025-11-15T05:16:29","guid":{"rendered":"https:\/\/www.racefinder.pt\/?post_type=product&#038;p=19424"},"modified":"2025-12-03T11:34:21","modified_gmt":"2025-12-03T11:34:21","slug":"8th-sao-silvestre-de-alqueidao-da-serra","status":"publish","type":"product","link":"https:\/\/racefinder.pt\/pt\/event\/8th-sao-silvestre-de-alqueidao-da-serra\/","title":{"rendered":"8\u00aa S\u00e3o Silvestre de Alqueid\u00e3o da Serra"},"content":{"rendered":"","protected":false},"excerpt":{"rendered":"","protected":false},"featured_media":19646,"comment_status":"open","ping_status":"closed","template":"","meta":{"_acf_changed":false,"footnotes":""},"product_brand":[],"product_cat":[129,225],"product_tag":[],"class_list":{"0":"post-19424","1":"product","2":"type-product","3":"status-publish","4":"has-post-thumbnail","6":"product_cat-corrida","7":"product_cat-10-km-pt","9":"first","10":"instock","11":"shipping-taxable","12":"purchasable","13":"product-type-variable"},"acf":{"event_short_description":"<p>A 8\u00aa S\u00e3o Silvestre de Alqueid\u00e3o da Serra \u00e9 uma corrida que se realiza a 6 de dezembro de 2025 em Alqueid\u00e3o da Serra, Porto de M\u00f3s. O evento oferece uma dist\u00e2ncia aproximada de 10 km, aberta a atletas de qualquer associa\u00e7\u00e3o, organiza\u00e7\u00f5es populares, escolas ou corredores individuais.<\/p>\n<p>A prova \u00e9 aberta a todos os participantes, sem distin\u00e7\u00e3o de nacionalidade ou sexo, com categorias de idade que v\u00e3o desde juniores at\u00e9 veteranos, com possibilidade de altera\u00e7\u00e3o de escal\u00e3o mediante pedido. A competi\u00e7\u00e3o inclui classifica\u00e7\u00f5es individuais e coletivas, promovendo um ambiente competitivo e inclusivo.<\/p>\n<p>Caracterizada por um ambiente festivo e comunit\u00e1rio, a S\u00e3o Silvestre atribui pr\u00e9mios aos melhores classificados masculinos e femininos, juniores, veteranos e equipas, tornando a prova uma experi\u00eancia gratificante para diversos tipos de participantes.<\/p>\n","organizer_description":"<p><strong><a class=\"\" href=\"https:\/\/drive.google.com\/file\/d\/1DxF1sSH4uziQQ66DTozAEil_MEEeXFLQ\/view\" target=\"_new\" rel=\"noopener\">Link do regulamento \u2197<\/a><\/strong><\/p>\n<p><strong>Escal\u00f5es\/Divis\u00f5es et\u00e1rias:<\/strong><br \/>\n\u2022 Juniores M\/F (2007-2008)<br \/>\n\u2022 Seniores M\/F (2004 at\u00e9 34 anos)<br \/>\n\u2022 Veteranos M35 M\/F (35 a 39 anos)<br \/>\n\u2022 Veteranos M40 M\/F (40 a 44 anos)<br \/>\n\u2022 Veteranos M45 M\/F (45 a 49 anos)<br \/>\n\u2022 Veteranos M50 M\/F (50 a 54 anos)<br \/>\n\u2022 Veteranos M55 M\/F (55 a 59 anos)<br \/>\n\u2022 Veteranos M60 M\/F (60 a 64 anos)<br \/>\n\u2022 Veteranos M65 M\/F (65 anos ou mais)<\/p>\n<p><strong>Local de partida\/chegada:<\/strong> Parque de Desporto e Lazer da Ch\u00e3, Alqueid\u00e3o da Serra<\/p>\n<p><strong>Hor\u00e1rio de partida por categoria\/dist\u00e2ncia:<\/strong> 17:00 para todos os participantes<\/p>\n<p><strong>Hor\u00e1rio e local para levantamento de dorsais:<\/strong> 6 de dezembro de 2025, das 15:00 \u00e0s 16:30 no Parque de Desporto e Lazer da Ch\u00e3<\/p>\n<p><strong>Limite de participantes:<\/strong> 300<\/p>\n<p><strong>Prazo para inscri\u00e7\u00f5es:<\/strong> 5 de dezembro de 2025 \u00e0s 23:59<\/p>\n<p><strong>Formato do percurso:<\/strong> Percurso de corrida com aproximadamente 10 km<\/p>\n<p><strong>Pr\u00e9mios:<\/strong> Pr\u00e9mios individuais e coletivos para os 3 melhores na classifica\u00e7\u00e3o geral masculina e feminina, juniores, veteranos e melhores equipas; medalhas para todos os finishers; classifica\u00e7\u00e3o por regras da IAAF para equipas<\/p>\n","race_benefits":"<p>\ud83c\udfbd Kit atleta: pe\u00e7a de vestu\u00e1rio alusiva ao evento, kit de atleta incluindo dorsal<br \/>\n\ud83c\udfc5 Pr\u00e9mio de finalista: medalha de conclus\u00e3o da prova<br \/>\n\ud83d\udedf Apoio \u00e0 seguran\u00e7a: seguro de acidentes pessoais para atletas sem cobertura desportiva<br \/>\n\ud83e\udd64 Os participantes recebem senhas no valor de 2,5\u20ac para compras no Mercadinho de Natal local<br \/>\n\ud83d\udebf Instala\u00e7\u00f5es para banho dispon\u00edveis para os atletas<\/p>\n","event_date_start":"20251206","event_date_end":"20251206","event_start_time":"","event_country":"portugal","event_ticket_url":"https:\/\/www.recordepessoal.pt\/evento\/8saosilvestredealqueidaodaserra","event_latitude":"39.616","event_longitude":"-8.7833","event_rating":"","is_hot_event":false,"event_participants_count":"0","organizer_avatar":false,"event_gallery":false,"event_location_text":"Alqueid\u00e3o da Serra","organizer_website":{"title":"","url":"","target":"","0":""}},"_links":{"self":[{"href":"https:\/\/racefinder.pt\/pt\/wp-json\/wp\/v2\/product\/19424","targetHints":{"allow":["GET"]}}],"collection":[{"href":"https:\/\/racefinder.pt\/pt\/wp-json\/wp\/v2\/product"}],"about":[{"href":"https:\/\/racefinder.pt\/pt\/wp-json\/wp\/v2\/types\/product"}],"replies":[{"embeddable":true,"href":"https:\/\/racefinder.pt\/pt\/wp-json\/wp\/v2\/comments?post=19424"}],"version-history":[{"count":0,"href":"https:\/\/racefinder.pt\/pt\/wp-json\/wp\/v2\/product\/19424\/revisions"}],"wp:featuredmedia":[{"embeddable":true,"href":"https:\/\/racefinder.pt\/pt\/wp-json\/wp\/v2\/media\/19646"}],"wp:attachment":[{"href":"https:\/\/racefinder.pt\/pt\/wp-json\/wp\/v2\/media?parent=19424"}],"wp:term":[{"taxonomy":"product_brand","embeddable":true,"href":"https:\/\/racefinder.pt\/pt\/wp-json\/wp\/v2\/product_brand?post=19424"},{"taxonomy":"product_cat","embeddable":true,"href":"https:\/\/racefinder.pt\/pt\/wp-json\/wp\/v2\/product_cat?post=19424"},{"taxonomy":"product_tag","embeddable":true,"href":"https:\/\/racefinder.pt\/pt\/wp-json\/wp\/v2\/product_tag?post=19424"}],"curies":[{"name":"wp","href":"https:\/\/api.w.org\/{rel}","templated":true}]}}