{"id":18229,"date":"2025-07-31T13:32:39","date_gmt":"2025-07-31T12:32:39","guid":{"rendered":"https:\/\/www.racefinder.pt\/event\/3o-duatlo-ilhavo\/"},"modified":"2025-07-31T13:32:39","modified_gmt":"2025-07-31T12:32:39","slug":"3o-duatlo-ilhavo","status":"publish","type":"product","link":"https:\/\/racefinder.pt\/pt\/event\/3o-duatlo-ilhavo\/","title":{"rendered":"3\u00ba Duatlo \u00cdlhavo"},"content":{"rendered":"","protected":false},"excerpt":{"rendered":"","protected":false},"featured_media":8564,"comment_status":"open","ping_status":"closed","template":"","meta":{"_acf_changed":false,"footnotes":""},"product_brand":[],"product_cat":[141,239],"product_tag":[],"class_list":{"0":"post-18229","1":"product","2":"type-product","3":"status-publish","4":"has-post-thumbnail","6":"product_cat-duatlo","7":"product_cat-duatlo-2","9":"first","10":"instock","11":"shipping-taxable","12":"purchasable","13":"product-type-variable"},"acf":{"event_date_start":"20251109","event_date_end":"","event_start_time":"","event_country":"portugal","event_ticket_url":"https:\/\/www.sinctime.com\/evento\/375","event_latitude":"40.6023","event_longitude":"-8.6724","event_rating":"","is_hot_event":false,"event_participants_count":"0","organizer_avatar":false,"event_gallery":false,"event_location_text":"\u00cdlhavo","event_short_description":"<p data-start=\"62\" data-end=\"352\">A decorrer a 9 de novembro de 2025, o <strong data-start=\"100\" data-end=\"120\">Duatlo de \u00cdlhavo<\/strong> \u00e9 um duatlo em formato sprint (correr\u2013pedalar\u2013correr), realizado na cidade costeira de \u00cdlhavo. Integra o <strong data-start=\"226\" data-end=\"251\">Desafio Triatlo Norte<\/strong> e oferece uma experi\u00eancia tanto competitiva como de lazer, para atletas individuais ou em estafetas.<\/p>\n<p data-start=\"354\" data-end=\"685\">Aberto a participantes <strong data-start=\"377\" data-end=\"401\">a partir dos 16 anos<\/strong>, o evento promove a inclus\u00e3o de v\u00e1rios escal\u00f5es, g\u00e9neros e categorias, incluindo <strong data-start=\"483\" data-end=\"501\">paratriatletas<\/strong>. O percurso desenrola-se na zona urbana, com partida no <strong data-start=\"558\" data-end=\"584\">Jardim Henriqueta Maia<\/strong> e passagem por pontos emblem\u00e1ticos como as piscinas municipais e o <strong data-start=\"652\" data-end=\"684\">Parque da Ci\u00eancia e Inova\u00e7\u00e3o<\/strong>.<\/p>\n","organizer_description":"<p data-start=\"107\" data-end=\"238\"><strong data-start=\"107\" data-end=\"116\">Data:<\/strong> Domingo, 9 de novembro de 2025<br data-start=\"147\" data-end=\"150\" \/><strong data-start=\"150\" data-end=\"169\">Hora de In\u00edcio:<\/strong> 10:00<br data-start=\"175\" data-end=\"178\" \/><strong data-start=\"178\" data-end=\"207\">Local de Partida\/Chegada:<\/strong> Jardim Henriqueta Maia, \u00cdlhavo<\/p>\n<p data-start=\"240\" data-end=\"257\"><strong data-start=\"240\" data-end=\"255\">Dist\u00e2ncias:<\/strong><\/p>\n<ul data-start=\"258\" data-end=\"373\">\n<li data-start=\"258\" data-end=\"291\">\n<p data-start=\"260\" data-end=\"291\"><strong data-start=\"260\" data-end=\"274\">Corrida 1:<\/strong> 5 km (1 volta)<\/p>\n<\/li>\n<li data-start=\"292\" data-end=\"338\">\n<p data-start=\"294\" data-end=\"338\"><strong data-start=\"294\" data-end=\"307\">Ciclismo:<\/strong> 19,2 km (3 voltas de 6,4 km)<\/p>\n<\/li>\n<li data-start=\"339\" data-end=\"373\">\n<p data-start=\"341\" data-end=\"373\"><strong data-start=\"341\" data-end=\"355\">Corrida 2:<\/strong> 2,5 km at\u00e9 \u00e0 meta<\/p>\n<\/li>\n<\/ul>\n<p data-start=\"375\" data-end=\"392\"><strong data-start=\"375\" data-end=\"390\">Categorias:<\/strong><\/p>\n<ul data-start=\"393\" data-end=\"534\">\n<li data-start=\"393\" data-end=\"429\">\n<p data-start=\"395\" data-end=\"429\">Individual (masculino, feminino)<\/p>\n<\/li>\n<li data-start=\"430\" data-end=\"471\">\n<p data-start=\"432\" data-end=\"471\">Equipas de estafeta (2 participantes)<\/p>\n<\/li>\n<li data-start=\"472\" data-end=\"490\">\n<p data-start=\"474\" data-end=\"490\">Paratriatletas<\/p>\n<\/li>\n<li data-start=\"491\" data-end=\"534\">\n<p data-start=\"493\" data-end=\"534\">Escal\u00f5es et\u00e1rios de AG 16\u201317 at\u00e9 AG 70\u201399<\/p>\n<\/li>\n<\/ul>\n<p data-start=\"536\" data-end=\"578\"><strong data-start=\"536\" data-end=\"553\">Tempo Limite:<\/strong> 2 horas (prova completa)<\/p>\n<p data-start=\"580\" data-end=\"604\"><strong data-start=\"580\" data-end=\"602\">Zona de Transi\u00e7\u00e3o:<\/strong><\/p>\n<ul data-start=\"605\" data-end=\"635\">\n<li data-start=\"605\" data-end=\"620\">\n<p data-start=\"607\" data-end=\"620\">Abre: 08:00<\/p>\n<\/li>\n<li data-start=\"621\" data-end=\"635\">\n<p data-start=\"623\" data-end=\"635\">Fecha: 09:40<\/p>\n<\/li>\n<\/ul>\n<p data-start=\"637\" data-end=\"720\"><strong data-start=\"637\" data-end=\"665\">Levantamento de Dorsais:<\/strong><br data-start=\"665\" data-end=\"668\" \/>08:00\u201309:30 no <strong data-start=\"683\" data-end=\"720\">Pavilh\u00e3o Capit\u00e3o Adriano Nordeste<\/strong><\/p>\n<p data-start=\"722\" data-end=\"785\"><strong data-start=\"722\" data-end=\"743\">Tipo de Percurso:<\/strong><br data-start=\"743\" data-end=\"746\" \/>Percurso urbano; <strong data-start=\"763\" data-end=\"785\">permitido drafting<\/strong><\/p>\n<p data-start=\"787\" data-end=\"885\"><strong data-start=\"787\" data-end=\"811\">Bicicleta Permitida:<\/strong><br data-start=\"811\" data-end=\"814\" \/>Apenas bicicleta de estrada <strong data-start=\"842\" data-end=\"854\">standard<\/strong> (n\u00e3o s\u00e3o permitidas TT ou MTB)<\/p>\n<p data-start=\"887\" data-end=\"941\"><strong data-start=\"887\" data-end=\"905\">Cronometragem:<\/strong><br data-start=\"905\" data-end=\"908\" \/>Chip eletr\u00f3nico pela <strong data-start=\"929\" data-end=\"941\">Sinctime<\/strong><\/p>\n<p data-start=\"943\" data-end=\"1013\"><strong data-start=\"943\" data-end=\"958\">Inscri\u00e7\u00f5es:<\/strong><br data-start=\"958\" data-end=\"961\" \/>Abertas online em <strong data-start=\"979\" data-end=\"995\">sinctime.com<\/strong> at\u00e9 2 de novembro<\/p>\n<p data-start=\"1015\" data-end=\"1039\"><strong data-start=\"1015\" data-end=\"1037\">Mapas de Percurso:<\/strong><\/p>\n<p data-start=\"1015\" data-end=\"1039\"><a class=\"\" href=\"https:\/\/connect.garmin.com\/modern\/course\/311434004\" target=\"_new\" rel=\"noopener\" data-start=\"1576\" data-end=\"1640\">Run <\/a><a class=\"\" href=\"https:\/\/connect.garmin.com\/modern\/course\/311434004\" target=\"_new\" rel=\"noopener\" data-start=\"1576\" data-end=\"1640\">Course<\/a><\/p>\n<p data-start=\"1645\" data-end=\"1712\"><a class=\"\" href=\"https:\/\/connect.garmin.com\/modern\/course\/311434538\" target=\"_new\" rel=\"noopener\" data-start=\"1645\" data-end=\"1710\">Bike Course<\/a><\/p>\n<p data-start=\"1645\" data-end=\"1712\"><strong data-start=\"1715\" data-end=\"1734\">Regulamento<\/strong>:<\/p>\n<p data-start=\"1645\" data-end=\"1712\"><a class=\"\" href=\"https:\/\/www.sinctime.com\/storage\/files\/eventos\/0786\/326d\/534e\/4a3c\/adeb\/ccdf\/dcc5\/eda0.pdf\" target=\"_new\" rel=\"noopener\" data-start=\"1736\" data-end=\"1849\">PDF do regulamento<\/a><\/p>\n<p data-start=\"1645\" data-end=\"1712\">\n","race_benefits":"<p>\ud83c\udfbd <strong data-start=\"79\" data-end=\"97\">Kit do Atleta:<\/strong> Dorsal personalizado (para inscri\u00e7\u00f5es at\u00e9 26 de outubro), chip de cronometragem, postos de abastecimento e snacks p\u00f3s-prova<br data-start=\"221\" data-end=\"224\" \/>\ud83c\udfc5 <strong data-start=\"227\" data-end=\"248\">Pr\u00e9mios Finisher:<\/strong> Trof\u00e9us para os 3 primeiros da classifica\u00e7\u00e3o geral e por escal\u00f5es et\u00e1rios, mais pr\u00e9mios para as 3 melhores equipas de estafeta<br data-start=\"375\" data-end=\"378\" \/>\ud83d\udedf <strong data-start=\"381\" data-end=\"391\">Apoio:<\/strong> Equipa m\u00e9dica, equipa da GNR e volunt\u00e1rios ao longo do percurso<br data-start=\"455\" data-end=\"458\" \/>\ud83d\udee1\ufe0f <strong data-start=\"462\" data-end=\"473\">Seguro:<\/strong> Cobertura de seguro de acidentes pessoais e responsabilidade civil<br data-start=\"540\" data-end=\"543\" \/>\ud83e\udd64 <strong data-start=\"546\" data-end=\"565\">Abastecimentos:<\/strong> Posto de \u00e1gua a meio da corrida e na zona da meta<br data-start=\"615\" data-end=\"618\" \/>\ud83d\udebf <strong data-start=\"621\" data-end=\"637\">Instala\u00e7\u00f5es:<\/strong> Acesso a balne\u00e1rios no <strong data-start=\"661\" data-end=\"698\">Pavilh\u00e3o Capit\u00e3o Adriano Nordeste<\/strong><br data-start=\"698\" data-end=\"701\" \/>\ud83d\udcf8 <strong data-start=\"704\" data-end=\"715\">Extras:<\/strong> Controladores de percurso, cerim\u00f3nia de p\u00f3dio e publica\u00e7\u00e3o de resultados online<\/p>\n","organizer_website":{"title":"","url":"","target":"","0":""}},"_links":{"self":[{"href":"https:\/\/racefinder.pt\/pt\/wp-json\/wp\/v2\/product\/18229","targetHints":{"allow":["GET"]}}],"collection":[{"href":"https:\/\/racefinder.pt\/pt\/wp-json\/wp\/v2\/product"}],"about":[{"href":"https:\/\/racefinder.pt\/pt\/wp-json\/wp\/v2\/types\/product"}],"replies":[{"embeddable":true,"href":"https:\/\/racefinder.pt\/pt\/wp-json\/wp\/v2\/comments?post=18229"}],"version-history":[{"count":0,"href":"https:\/\/racefinder.pt\/pt\/wp-json\/wp\/v2\/product\/18229\/revisions"}],"wp:featuredmedia":[{"embeddable":true,"href":"https:\/\/racefinder.pt\/pt\/wp-json\/wp\/v2\/media\/8564"}],"wp:attachment":[{"href":"https:\/\/racefinder.pt\/pt\/wp-json\/wp\/v2\/media?parent=18229"}],"wp:term":[{"taxonomy":"product_brand","embeddable":true,"href":"https:\/\/racefinder.pt\/pt\/wp-json\/wp\/v2\/product_brand?post=18229"},{"taxonomy":"product_cat","embeddable":true,"href":"https:\/\/racefinder.pt\/pt\/wp-json\/wp\/v2\/product_cat?post=18229"},{"taxonomy":"product_tag","embeddable":true,"href":"https:\/\/racefinder.pt\/pt\/wp-json\/wp\/v2\/product_tag?post=18229"}],"curies":[{"name":"wp","href":"https:\/\/api.w.org\/{rel}","templated":true}]}}