{"id":1779,"date":"2025-06-02T13:04:31","date_gmt":"2025-06-02T12:04:31","guid":{"rendered":"https:\/\/www.racefinder.pt\/event\/corrida-da-baia-de-monte-gordo\/"},"modified":"2025-06-25T04:54:24","modified_gmt":"2025-06-25T04:54:24","slug":"corrida-da-baia-de-monte-gordo","status":"publish","type":"product","link":"https:\/\/racefinder.pt\/pt\/event\/corrida-da-baia-de-monte-gordo\/","title":{"rendered":"Corrida da Ba\u00eda de Monte Gordo"},"content":{"rendered":"","protected":false},"excerpt":{"rendered":"","protected":false},"featured_media":1778,"comment_status":"open","ping_status":"closed","template":"","meta":{"_acf_changed":false,"footnotes":""},"product_brand":[],"product_cat":[129,246],"product_tag":[],"class_list":{"0":"post-1779","1":"product","2":"type-product","3":"status-publish","4":"has-post-thumbnail","6":"product_cat-corrida","7":"product_cat-corrida-de-rua","9":"first","10":"instock","11":"shipping-taxable","12":"purchasable","13":"product-type-variable"},"acf":{"event_date_start":"20250810","event_date_end":"","event_start_time":"","event_country":"portugal","event_ticket_url":"https:\/\/www.crono.aaalgarve.org\/eventos\/26-corrida-da-baia-de-monte-gordo","event_latitude":"","event_longitude":"","event_rating":"","is_hot_event":false,"organizer_avatar":false,"event_gallery":false,"event_location_text":"Monte Gordo","event_short_description":"<p>A Corrida da Ba\u00eda de Monte Gordo celebra a sua 26\u00aa edi\u00e7\u00e3o em 2025, consolidando-se como uma das provas mais emblem\u00e1ticas do ver\u00e3o algarvio. Com um percurso plano e r\u00e1pido de 8 km, o evento decorre junto \u00e0 ic\u00f3nica ba\u00eda de Monte Gordo, oferecendo vistas deslumbrantes e uma atmosfera vibrante.<br \/>\nAberta a atletas federados e n\u00e3o federados, esta corrida \u00e9 ideal tanto para quem procura melhorar tempos pessoais como para quem deseja viver a experi\u00eancia de correr junto ao mar num ambiente descontra\u00eddo. <\/p>\n","organizer_name":"Grupo Despotivo Pic-Nic","organizer_description":"<p data-start=\"191\" data-end=\"231\">\ud83d\udce7 Organizado pelo Grupo Desportivo Pic-Nic<\/p>\n<p data-start=\"233\" data-end=\"463\">Esta prova apresenta um percurso r\u00e1pido e panor\u00e2mico ao longo da costa do Algarve.<br data-start=\"301\" data-end=\"304\">Faz parte do circuito regional oficial e atrai corredores de todos os n\u00edveis todos os ver\u00f5es.<br data-start=\"389\" data-end=\"392\">Espera-se um evento bem organizado, com log\u00edstica eficiente e charme sazonal.<\/p>\n<p>algarve@aaalgarve.org<\/p>\n","race_benefits":"<p>\ud83c\udf0a Percurso costeiro r\u00e1pido e plano<br data-start=\"520\" data-end=\"523\">\ud83d\ude4c Aberto a todos os n\u00edveis de experi\u00eancia<br data-start=\"555\" data-end=\"558\">\ud83d\udcc6 Integrado no calend\u00e1rio da Associa\u00e7\u00e3o de Atletismo do Algarve<br data-start=\"611\" data-end=\"614\">\u2600\ufe0f Excelente ambiente de ver\u00e3o<br data-start=\"640\" data-end=\"643\">\ud83c\udf81 Classifica\u00e7\u00f5es por categoria e poss\u00edvel lembran\u00e7a para finalistas<br data-start=\"692\" data-end=\"695\">\u23f1\ufe0f Cronometragem e organiza\u00e7\u00e3o profissionais<br data-start=\"732\" data-end=\"735\">\ud83c\udfc3 Ideal como objetivo de corrida para o ver\u00e3o<\/p>\n","event_participants_count":"0","organizer_website":{"title":"","url":"https:\/\/www.crono.aaalgarve.org\/eventos\/26-corrida-da-baia-de-monte-gordo","target":""}},"_links":{"self":[{"href":"https:\/\/racefinder.pt\/pt\/wp-json\/wp\/v2\/product\/1779","targetHints":{"allow":["GET"]}}],"collection":[{"href":"https:\/\/racefinder.pt\/pt\/wp-json\/wp\/v2\/product"}],"about":[{"href":"https:\/\/racefinder.pt\/pt\/wp-json\/wp\/v2\/types\/product"}],"replies":[{"embeddable":true,"href":"https:\/\/racefinder.pt\/pt\/wp-json\/wp\/v2\/comments?post=1779"}],"version-history":[{"count":0,"href":"https:\/\/racefinder.pt\/pt\/wp-json\/wp\/v2\/product\/1779\/revisions"}],"wp:featuredmedia":[{"embeddable":true,"href":"https:\/\/racefinder.pt\/pt\/wp-json\/wp\/v2\/media\/1778"}],"wp:attachment":[{"href":"https:\/\/racefinder.pt\/pt\/wp-json\/wp\/v2\/media?parent=1779"}],"wp:term":[{"taxonomy":"product_brand","embeddable":true,"href":"https:\/\/racefinder.pt\/pt\/wp-json\/wp\/v2\/product_brand?post=1779"},{"taxonomy":"product_cat","embeddable":true,"href":"https:\/\/racefinder.pt\/pt\/wp-json\/wp\/v2\/product_cat?post=1779"},{"taxonomy":"product_tag","embeddable":true,"href":"https:\/\/racefinder.pt\/pt\/wp-json\/wp\/v2\/product_tag?post=1779"}],"curies":[{"name":"wp","href":"https:\/\/api.w.org\/{rel}","templated":true}]}}