{"id":1755,"date":"2025-06-02T12:40:54","date_gmt":"2025-06-02T11:40:54","guid":{"rendered":"https:\/\/www.racefinder.pt\/event\/triatlo-da-raia\/"},"modified":"2025-06-25T04:54:26","modified_gmt":"2025-06-25T04:54:26","slug":"triatlo-da-raia","status":"publish","type":"product","link":"https:\/\/racefinder.pt\/pt\/event\/triatlo-da-raia\/","title":{"rendered":"Triatlo da Raia"},"content":{"rendered":"","protected":false},"excerpt":{"rendered":"","protected":false},"featured_media":1754,"comment_status":"open","ping_status":"closed","template":"","meta":{"_acf_changed":false,"footnotes":""},"product_brand":[],"product_cat":[132,254],"product_tag":[],"class_list":{"0":"post-1755","1":"product","2":"type-product","3":"status-publish","4":"has-post-thumbnail","6":"product_cat-triatlo","7":"product_cat-sprint-pt","9":"first","10":"instock","11":"shipping-taxable","12":"purchasable","13":"product-type-variable"},"acf":{"event_date_start":"20250809","event_date_end":"","event_start_time":"","event_country":"portugal","event_ticket_url":"https:\/\/acorrer.pt\/eventos\/3869\/info?fbclid=IwY2xjawKqeI9leHRuA2FlbQIxMAABHuptRZS8ejkCuj3pDDO0KSeRrVLXROnlF7rbw_UDxCV_r96AGrK7T4_HXc3j_aem_AkpmwstYe_92ghhBll5fsQ","event_latitude":"","event_longitude":"","event_rating":"0","is_hot_event":false,"organizer_avatar":false,"event_gallery":false,"event_location_text":"Alfaiates - Aldeia do Bispo - Sabugal , Guarda","event_short_description":"<p>O Triatlo da Raia \u2013 Alfaiates \u00e9 uma prova aberta de triatlo em estrada no formato Sprint, acolhendo atletas de todos os n\u00edveis, com ou sem licen\u00e7a federativa. Realizado na pitoresca regi\u00e3o raiana de Alfaiates, o evento combina um percurso natural e urbano, promovendo o desporto e o conv\u00edvio.<br \/>A participa\u00e7\u00e3o pode ser individual ou em estafetas (2 ou 3 atletas, sem distin\u00e7\u00e3o de g\u00e9nero). Cada atleta da estafeta realiza um segmento da prova. <\/p>\n","organizer_name":"Munic\u00edpio de Sabugal","organizer_description":"<p data-start=\"148\" data-end=\"207\">\ud83d\udce7 Organizado pelo Munic\u00edpio do Sabugal<\/p>\n<p data-start=\"209\" data-end=\"451\">Viva a beleza bruta da paisagem do Sabugal.<br data-start=\"262\" data-end=\"265\">Este evento alia o desafio f\u00edsico ao patrim\u00f3nio cultural, oferecendo uma viagem por trilhos moldados pela hist\u00f3ria.<br data-start=\"378\" data-end=\"381\">Uma corrida com ra\u00edzes locais, valores fortes e paisagens inesquec\u00edveis.<\/p>\n<p data-start=\"209\" data-end=\"451\"><a class=\"cursor-pointer\" rel=\"noopener\" data-start=\"187\" data-end=\"207\">geral@traildaraia.pt<\/a><\/p>\n","race_benefits":"<p>\u23f1\ufe0f Cronometragem e classifica\u00e7\u00e3o oficiais<br data-start=\"213\" data-end=\"216\">\ud83d\udca7 Postos de abastecimento com l\u00edquidos e s\u00f3lidos<br data-start=\"256\" data-end=\"259\">\ud83d\udc86 Acesso a massagens de recupera\u00e7\u00e3o e duches frios<br data-start=\"301\" data-end=\"304\">\ud83d\udee1\ufe0f Cobertura de seguro desportivo<br data-start=\"333\" data-end=\"336\" data-is-only-node=\"\">\u26a7\ufe0f Equipas de estafeta sem distin\u00e7\u00e3o de g\u00e9nero<br data-start=\"362\" data-end=\"365\">\ud83c\udfab Cronometragem por chip (fornecido pela organiza\u00e7\u00e3o)<br data-start=\"405\" data-end=\"408\">\ud83c\udfde\ufe0f Hospitalidade local e percurso c\u00e9nico<br data-start=\"447\" data-end=\"450\">\ud83c\udf7d\ufe0f Almo\u00e7o p\u00f3s-prova opcional dispon\u00edvel<\/p>\n","event_participants_count":"0","organizer_website":{"title":"","url":"https:\/\/traildaraia.pt\/triatlo\/","target":""}},"_links":{"self":[{"href":"https:\/\/racefinder.pt\/pt\/wp-json\/wp\/v2\/product\/1755","targetHints":{"allow":["GET"]}}],"collection":[{"href":"https:\/\/racefinder.pt\/pt\/wp-json\/wp\/v2\/product"}],"about":[{"href":"https:\/\/racefinder.pt\/pt\/wp-json\/wp\/v2\/types\/product"}],"replies":[{"embeddable":true,"href":"https:\/\/racefinder.pt\/pt\/wp-json\/wp\/v2\/comments?post=1755"}],"version-history":[{"count":0,"href":"https:\/\/racefinder.pt\/pt\/wp-json\/wp\/v2\/product\/1755\/revisions"}],"wp:featuredmedia":[{"embeddable":true,"href":"https:\/\/racefinder.pt\/pt\/wp-json\/wp\/v2\/media\/1754"}],"wp:attachment":[{"href":"https:\/\/racefinder.pt\/pt\/wp-json\/wp\/v2\/media?parent=1755"}],"wp:term":[{"taxonomy":"product_brand","embeddable":true,"href":"https:\/\/racefinder.pt\/pt\/wp-json\/wp\/v2\/product_brand?post=1755"},{"taxonomy":"product_cat","embeddable":true,"href":"https:\/\/racefinder.pt\/pt\/wp-json\/wp\/v2\/product_cat?post=1755"},{"taxonomy":"product_tag","embeddable":true,"href":"https:\/\/racefinder.pt\/pt\/wp-json\/wp\/v2\/product_tag?post=1755"}],"curies":[{"name":"wp","href":"https:\/\/api.w.org\/{rel}","templated":true}]}}