{"id":1736,"date":"2025-06-02T11:50:44","date_gmt":"2025-06-02T10:50:44","guid":{"rendered":"https:\/\/www.racefinder.pt\/event\/feirense-backyard-ultra\/"},"modified":"2025-06-25T04:54:27","modified_gmt":"2025-06-25T04:54:27","slug":"feirense-backyard-ultra","status":"publish","type":"product","link":"https:\/\/racefinder.pt\/pt\/event\/feirense-backyard-ultra\/","title":{"rendered":"Feirense Backyard Ultra"},"content":{"rendered":"","protected":false},"excerpt":{"rendered":"","protected":false},"featured_media":1735,"comment_status":"open","ping_status":"closed","template":"","meta":{"_acf_changed":false,"footnotes":""},"product_brand":[],"product_cat":[129,246],"product_tag":[],"class_list":{"0":"post-1736","1":"product","2":"type-product","3":"status-publish","4":"has-post-thumbnail","6":"product_cat-corrida","7":"product_cat-corrida-de-rua","9":"first","10":"instock","11":"shipping-taxable","12":"purchasable","13":"product-type-variable"},"acf":{"event_date_start":"20250726","event_date_end":"","event_start_time":"","event_country":"portugal","event_ticket_url":"https:\/\/lap2go.com\/pt\/event\/feirense-backyard-ultra-2025","event_rating":"","is_hot_event":false,"organizer_avatar":false,"event_gallery":false,"event_latitude":"40.9258","event_longitude":"-8.542099","event_location_text":"Santa Maria da Feira","event_short_description":"<p>O Feirense Backyard Ultra 2025 \u00e9 uma prova de ultra resist\u00eancia \u00fanica, onde o verdadeiro advers\u00e1rio \u00e9 o tempo \u2014 e os pr\u00f3prios limites do atleta. A cada hora, os participantes t\u00eam de completar um loop de 6,7 km. Quem n\u00e3o completar dentro da hora, \u00e9 eliminado. Quem conseguir, recome\u00e7a o loop \u00e0 hora seguinte.<br \/>\nA corrida continua at\u00e9 restar apenas um atleta em prova, que ser\u00e1 o \u00fanico classificado como &#8220;finisher&#8221;.    <\/p>\n","organizer_name":"Feirense Trail \/ CM Santa Maria da Feira","organizer_description":"<p>Organizado pelo Clube Feirense e o Munic\u00edpio de Santa Maria da Feira<br data-start=\"396\" data-end=\"399\">O Feirense Trail \u00e9 reconhecido pelos seus elevados padr\u00f5es e formatos de prova \u00fanicos, atraindo tanto corredores de elite como apaixonados por ultramaratonas.<br \/>Corre pelo cora\u00e7\u00e3o hist\u00f3rico de Santa Maria da Feira, onde o desafio se cruza com o esp\u00edrito comunit\u00e1rio a cada passo. <\/p>\n<p>santamariadafeira@cm-feira.pt<\/p>\n<p>feirense.trail@gmail.com<\/p>\n","race_benefits":"<p>\ud83d\udcaa Desafio extremo de resist\u00eancia f\u00edsica e mental<br data-start=\"600\" data-end=\"603\">\ud83e\udd1d Forte esp\u00edrito de comunidade e ambiente de apoio<br data-start=\"653\" data-end=\"656\">\ud83c\udfaf Perfeito para ultra runners e atletas que gostam de testar os seus limites<br data-start=\"702\" data-end=\"705\">\ud83d\udd01 Organiza\u00e7\u00e3o profissional com circuito bem monitorizado<br data-start=\"759\" data-end=\"762\">\ud83c\udfad Formato \u00fanico e envolvente para atletas e p\u00fablico<br data-start=\"819\" data-end=\"822\">\ud83c\udfdf\ufe0f Excelente apoio e infraestrutura em Santa Maria da Feira<\/p>\n","organizer_website":{"title":"","url":"","target":"","0":"https:\/\/www.facebook.com\/p\/Feirense-Backyard-Ultra-100083529872279\/"}},"_links":{"self":[{"href":"https:\/\/racefinder.pt\/pt\/wp-json\/wp\/v2\/product\/1736","targetHints":{"allow":["GET"]}}],"collection":[{"href":"https:\/\/racefinder.pt\/pt\/wp-json\/wp\/v2\/product"}],"about":[{"href":"https:\/\/racefinder.pt\/pt\/wp-json\/wp\/v2\/types\/product"}],"replies":[{"embeddable":true,"href":"https:\/\/racefinder.pt\/pt\/wp-json\/wp\/v2\/comments?post=1736"}],"version-history":[{"count":0,"href":"https:\/\/racefinder.pt\/pt\/wp-json\/wp\/v2\/product\/1736\/revisions"}],"wp:featuredmedia":[{"embeddable":true,"href":"https:\/\/racefinder.pt\/pt\/wp-json\/wp\/v2\/media\/1735"}],"wp:attachment":[{"href":"https:\/\/racefinder.pt\/pt\/wp-json\/wp\/v2\/media?parent=1736"}],"wp:term":[{"taxonomy":"product_brand","embeddable":true,"href":"https:\/\/racefinder.pt\/pt\/wp-json\/wp\/v2\/product_brand?post=1736"},{"taxonomy":"product_cat","embeddable":true,"href":"https:\/\/racefinder.pt\/pt\/wp-json\/wp\/v2\/product_cat?post=1736"},{"taxonomy":"product_tag","embeddable":true,"href":"https:\/\/racefinder.pt\/pt\/wp-json\/wp\/v2\/product_tag?post=1736"}],"curies":[{"name":"wp","href":"https:\/\/api.w.org\/{rel}","templated":true}]}}