{"id":17039,"date":"2025-10-18T06:18:34","date_gmt":"2025-10-18T05:18:34","guid":{"rendered":"https:\/\/www.racefinder.pt\/?post_type=product&#038;p=17039"},"modified":"2026-03-25T16:22:21","modified_gmt":"2026-03-25T16:22:21","slug":"iv-trail-praia-mag8","status":"publish","type":"product","link":"https:\/\/racefinder.pt\/pt\/event\/iv-trail-praia-mag8\/","title":{"rendered":"IV Trail Praia Mag8"},"content":{"rendered":"","protected":false},"excerpt":{"rendered":"","protected":false},"featured_media":17683,"comment_status":"open","ping_status":"closed","template":"","meta":{"_acf_changed":false,"footnotes":""},"product_brand":[],"product_cat":[139,140,129],"product_tag":[],"class_list":{"0":"post-17039","1":"product","2":"type-product","3":"status-publish","4":"has-post-thumbnail","6":"product_cat-trail-run-pt","7":"product_cat-caminhada","8":"product_cat-corrida","10":"first","11":"instock","12":"shipping-taxable","13":"purchasable","14":"product-type-variable"},"acf":{"event_short_description":"<p>O IV Trail Praia Mag8 \u00e9 um evento de trail running agendado para domingo, 24 de maio de 2026, em Magoito, Sintra, Lisboa. O evento inclui provas competitivas de 19 km (Trail Sprint k19) e 13 km (Trail k13), al\u00e9m de uma caminhada n\u00e3o competitiva de 11 km, oferecendo op\u00e7\u00f5es para corredores experientes e iniciantes.<\/p>\n<p>Aberto a atletas maiores de 18 anos, o evento integra a 2\u00aa edi\u00e7\u00e3o do Circuito Trail das Freguesias, sendo a quarta prova da s\u00e9rie. Os percursos apresentam dificuldade m\u00e9dia com ganhos de eleva\u00e7\u00e3o de 530 m para os 19 km e 400 m para os 13 km, passando por trilhos do Parque Natural Sintra-Cascais, incluindo caminhos costeiros, pinhais, vinhas e vistas para o Oceano Atl\u00e2ntico.<\/p>\n<p>A atmosfera do evento promove o conv\u00edvio, o contato com a natureza e o esp\u00edrito de aventura, acolhendo participantes de diversos n\u00edveis. Paralelamente \u00e0s corridas, uma caminhada para todas as idades, incluindo menores acompanhados, acontece simultaneamente, tornando o evento inclusivo e familiar.<\/p>\n","organizer_description":"<p><strong><a class=\"\" href=\"https:\/\/assets.acorrer.pt\/media\/8084\/68f11603d35e3_regulamento.pdf\" target=\"_new\" rel=\"noopener\">Link do regulamento \u2197<\/a><\/strong><\/p>\n<p>O pack personalizado inclui: dorsal e gola com o nome do atleta<\/p>\n<p><strong>Categorias\/Divis\u00f5es et\u00e1rias:<\/strong><br \/>\n\u2022 Sub23 M\/F (18-22 anos)<br \/>\n\u2022 Seniores M\/F (23-39 anos)<br \/>\n\u2022 Veteranos M\/F 40 (40-44 anos)<br \/>\n\u2022 Veteranos M\/F 45 (45-49 anos)<br \/>\n\u2022 Veteranos M\/F 50 (50-54 anos)<br \/>\n\u2022 Veteranos M\/F 55 (55-59 anos)<br \/>\n\u2022 Veteranos M\/F 60 (60+ anos)<\/p>\n<p><strong>Locais de partida\/chegada:<\/strong> Praia do Magoito, Bar da Praia, Magoito, Sintra<\/p>\n<p><strong>Hor\u00e1rios de partida por categoria\/dist\u00e2ncia:<\/strong><br \/>\n\u2022 Trail Sprint K19: 09:30<br \/>\n\u2022 Trail K13: 09:45<br \/>\n\u2022 Caminhada K11: 10:00<\/p>\n<p><strong>Tempos limite:<\/strong><br \/>\n\u2022 Trail Sprint K19: 4 horas<br \/>\n\u2022 Trail K13: 2 horas e 30 minutos<\/p>\n<p><strong>Hor\u00e1rio e local de levantamento de dorsais:<\/strong><br \/>\n\u2022 23 de maio, 15:30\u201317:30 no Bar da Praia (Magoito)<br \/>\n\u2022 24 de maio, 07:30\u201309:30 no Bar da Praia (Magoito)<\/p>\n<p><strong>Limite de participantes:<\/strong><br \/>\n\u2022 Trail Sprint K19: 500<br \/>\n\u2022 Trail K13: 500<br \/>\n\u2022 Caminhada K11: 120<\/p>\n<p><strong>Data limite de inscri\u00e7\u00e3o:<\/strong> 14 de maio de 2026<\/p>\n<p><strong>Tipos de superf\u00edcie:<\/strong> Trilhos em pinhais, terra batida, single tracks costeiros, vinhas, descidas rochosas e passadi\u00e7os de praia<\/p>\n<p><strong>Formato do percurso:<\/strong> Percursos circulares<\/p>\n<p><strong>Rotas das provas:<\/strong><br \/>\n\u2022 Trail Sprint K19: 19 km, 530 m de desn\u00edvel, trilhos costeiros e florestais, parte do GR11-E9<br \/>\n\u2022 Trail K13: 12,7 km, 400 m de desn\u00edvel, percurso similar ao K19 por\u00e9m mais curto<br \/>\n\u2022 Caminhada K11: 11 km, usa partes dos percursos de Trail<\/p>\n<p><strong>M\u00e9todo de cronometragem:<\/strong> Chip eletr\u00f4nico no dorsal<\/p>\n<p><strong>Sanit\u00e1rios e postos de abastecimento:<\/strong><br \/>\n\u2022 Sanit\u00e1rios na zona de partida\/chegada<br \/>\n\u2022 Abastecimentos l\u00edquidos e s\u00f3lidos nos kms 6,8 e 14 para Trail K19<br \/>\n\u2022 Abastecimento no km 6,8 e meta para Trail K13 e Caminhada K11<\/p>\n<p><strong>Estacionamento e transporte:<\/strong> Estacionamento dispon\u00edvel nos parques de acesso \u00e0 praia do Magoito<\/p>\n<p><strong>Pr\u00e9mios:<\/strong> Pr\u00e9mios simb\u00f3licos para os 3 primeiros gerais masculinos e femininos, por escal\u00e3o et\u00e1rio e equipas; medalhas para todos os finishers<\/p>\n","race_benefits":"<p>\ud83c\udfbd Kit atleta: dorsal com chip descart\u00e1vel, gola alusiva ao evento, t-shirt t\u00e9cnica opcional<br \/>\n\ud83c\udfc5 Pr\u00e9mio finisher: medalha para todos os participantes que terminam<br \/>\n\u23f1\ufe0f Cronometragem e resultados ao vivo via chip eletr\u00f4nico<br \/>\n\ud83d\udedf Apoio de seguran\u00e7a: equipas de socorro e emerg\u00eancia no percurso<br \/>\n\ud83d\udee1\ufe0f Seguro: acidentes pessoais e responsabilidade civil inclu\u00eddos<br \/>\n\ud83e\udd64 Postos de abastecimento: l\u00edquidos e s\u00f3lidos (sem copos pl\u00e1sticos; atletas devem levar seu pr\u00f3prio recipiente)<br \/>\n\ud83d\udebf Banhos: banho de mar e chuveiros exteriores junto ao local do evento<br \/>\n\ud83d\udcf8 Cobertura fotogr\u00e1fica oficial<br \/>\n\ud83c\udfc6 Premia\u00e7\u00f5es no p\u00f3dio para melhores classificados gerais, por idade e equipas<\/p>\n","event_date_start":"20260524","event_date_end":"20260524","event_start_time":"","event_country":"portugal","event_ticket_url":"https:\/\/acorrer.pt\/eventos\/4019\/info","event_rating":"","event_participants_count":"0","organizer_avatar":false,"event_gallery":false,"event_location_text":"Sintra, Lisboa","organizer_name":"Mag8 Nature Events","event_faq_headline":"","event_faq_items":false,"event_latitude":"38.8651","event_longitude":"-9.4491","purchasing_all_variations_through_woocommerce":true,"optional_extras":[{"extra":{"ID":39505,"post_author":"2","post_date":"2026-03-25 09:19:42","post_date_gmt":"2026-03-25 09:19:42","post_content":"","post_title":"Almo\u00e7o","post_excerpt":"","post_status":"publish","comment_status":"closed","ping_status":"closed","post_password":"","post_name":"almoco","to_ping":"","pinged":"","post_modified":"2026-03-25 09:19:42","post_modified_gmt":"2026-03-25 09:19:42","post_content_filtered":"","post_parent":0,"guid":"https:\/\/racefinder.pt\/optional-extras\/almoco\/","menu_order":0,"post_type":"optional_extra","post_mime_type":"","comment_count":"0","filter":"raw"},"price":"4.5"},{"extra":{"ID":39518,"post_author":"692","post_date":"2026-03-25 12:19:03","post_date_gmt":"2026-03-25 12:19:03","post_content":"","post_title":"Almo\u00e7o acompanhante","post_excerpt":"","post_status":"publish","comment_status":"closed","ping_status":"closed","post_password":"","post_name":"almoco-acompanhante","to_ping":"","pinged":"","post_modified":"2026-03-25 12:19:03","post_modified_gmt":"2026-03-25 12:19:03","post_content_filtered":"","post_parent":0,"guid":"https:\/\/racefinder.pt\/optional-extras\/almoco-acompanhante\/","menu_order":0,"post_type":"optional_extra","post_mime_type":"","comment_count":"0","filter":"raw"},"price":"4.5"},{"extra":{"ID":39506,"post_author":"692","post_date":"2026-03-25 10:52:29","post_date_gmt":"2026-03-25 10:52:29","post_content":"","post_title":"T-shirt","post_excerpt":"","post_status":"publish","comment_status":"closed","ping_status":"closed","post_password":"","post_name":"t-shirt","to_ping":"","pinged":"","post_modified":"2026-03-25 10:52:29","post_modified_gmt":"2026-03-25 10:52:29","post_content_filtered":"","post_parent":0,"guid":"https:\/\/racefinder.pt\/optional-extras\/t-shirt\/","menu_order":0,"post_type":"optional_extra","post_mime_type":"","comment_count":"0","filter":"raw"},"price":"3.5"},{"extra":{"ID":39512,"post_author":"692","post_date":"2026-03-25 12:05:45","post_date_gmt":"2026-03-25 12:05:45","post_content":"","post_title":"Personaliza\u00e7\u00e3o t-shirt","post_excerpt":"","post_status":"publish","comment_status":"closed","ping_status":"closed","post_password":"","post_name":"personalizacao-t-shirt","to_ping":"","pinged":"","post_modified":"2026-03-25 12:05:45","post_modified_gmt":"2026-03-25 12:05:45","post_content_filtered":"","post_parent":0,"guid":"https:\/\/racefinder.pt\/optional-extras\/personalizacao-t-shirt\/","menu_order":0,"post_type":"optional_extra","post_mime_type":"","comment_count":"0","filter":"raw"},"price":"1"},{"extra":{"ID":39507,"post_author":"692","post_date":"2026-03-25 11:06:35","post_date_gmt":"2026-03-25 11:06:35","post_content":"","post_title":"Personaliza\u00e7\u00e3o dorsal","post_excerpt":"","post_status":"publish","comment_status":"closed","ping_status":"closed","post_password":"","post_name":"personalizacao-dorsal","to_ping":"","pinged":"","post_modified":"2026-03-25 11:53:12","post_modified_gmt":"2026-03-25 11:53:12","post_content_filtered":"","post_parent":0,"guid":"https:\/\/racefinder.pt\/optional-extras\/personalizacao-dorsal\/","menu_order":0,"post_type":"optional_extra","post_mime_type":"","comment_count":"0","filter":"raw"},"price":"1"},{"extra":{"ID":39508,"post_author":"692","post_date":"2026-03-25 11:07:42","post_date_gmt":"2026-03-25 11:07:42","post_content":"","post_title":"Personaliza\u00e7\u00e3o gola","post_excerpt":"","post_status":"publish","comment_status":"closed","ping_status":"closed","post_password":"","post_name":"personalizacao-dorsal-2","to_ping":"","pinged":"","post_modified":"2026-03-25 11:55:09","post_modified_gmt":"2026-03-25 11:55:09","post_content_filtered":"","post_parent":0,"guid":"https:\/\/racefinder.pt\/optional-extras\/personalizacao-dorsal-2\/","menu_order":0,"post_type":"optional_extra","post_mime_type":"","comment_count":"0","filter":"raw"},"price":"1"},{"extra":{"ID":39509,"post_author":"692","post_date":"2026-03-25 11:08:27","post_date_gmt":"2026-03-25 11:08:27","post_content":"","post_title":"Personaliza\u00e7\u00e3o dorsal & gola","post_excerpt":"","post_status":"publish","comment_status":"closed","ping_status":"closed","post_password":"","post_name":"personalizacao-dorsal-gola","to_ping":"","pinged":"","post_modified":"2026-03-25 11:55:25","post_modified_gmt":"2026-03-25 11:55:25","post_content_filtered":"","post_parent":0,"guid":"https:\/\/racefinder.pt\/optional-extras\/personalizacao-dorsal-gola\/","menu_order":0,"post_type":"optional_extra","post_mime_type":"","comment_count":"0","filter":"raw"},"price":"1.5"},{"extra":{"ID":39540,"post_author":"692","post_date":"2026-03-25 16:04:44","post_date_gmt":"2026-03-25 16:04:44","post_content":"","post_title":"Personaliza\u00e7\u00e3o t-shirt & dorsal & gola","post_excerpt":"","post_status":"publish","comment_status":"closed","ping_status":"closed","post_password":"","post_name":"t-shirt-personalizada-personalizacao-de-dorsal-e-gola","to_ping":"","pinged":"","post_modified":"2026-03-25 16:09:55","post_modified_gmt":"2026-03-25 16:09:55","post_content_filtered":"","post_parent":0,"guid":"https:\/\/racefinder.pt\/optional-extras\/t-shirt-personalizada-personalizacao-de-dorsal-e-gola\/","menu_order":0,"post_type":"optional_extra","post_mime_type":"","comment_count":"0","filter":"raw"},"price":"2"}],"is_hot_event":true,"organizer_website":{"title":"","url":"","target":"","0":""}},"_links":{"self":[{"href":"https:\/\/racefinder.pt\/pt\/wp-json\/wp\/v2\/product\/17039","targetHints":{"allow":["GET"]}}],"collection":[{"href":"https:\/\/racefinder.pt\/pt\/wp-json\/wp\/v2\/product"}],"about":[{"href":"https:\/\/racefinder.pt\/pt\/wp-json\/wp\/v2\/types\/product"}],"replies":[{"embeddable":true,"href":"https:\/\/racefinder.pt\/pt\/wp-json\/wp\/v2\/comments?post=17039"}],"version-history":[{"count":1,"href":"https:\/\/racefinder.pt\/pt\/wp-json\/wp\/v2\/product\/17039\/revisions"}],"predecessor-version":[{"id":35443,"href":"https:\/\/racefinder.pt\/pt\/wp-json\/wp\/v2\/product\/17039\/revisions\/35443"}],"wp:featuredmedia":[{"embeddable":true,"href":"https:\/\/racefinder.pt\/pt\/wp-json\/wp\/v2\/media\/17683"}],"wp:attachment":[{"href":"https:\/\/racefinder.pt\/pt\/wp-json\/wp\/v2\/media?parent=17039"}],"wp:term":[{"taxonomy":"product_brand","embeddable":true,"href":"https:\/\/racefinder.pt\/pt\/wp-json\/wp\/v2\/product_brand?post=17039"},{"taxonomy":"product_cat","embeddable":true,"href":"https:\/\/racefinder.pt\/pt\/wp-json\/wp\/v2\/product_cat?post=17039"},{"taxonomy":"product_tag","embeddable":true,"href":"https:\/\/racefinder.pt\/pt\/wp-json\/wp\/v2\/product_tag?post=17039"}],"curies":[{"name":"wp","href":"https:\/\/api.w.org\/{rel}","templated":true}]}}