{"id":16221,"date":"2025-10-14T06:18:17","date_gmt":"2025-10-14T05:18:17","guid":{"rendered":"https:\/\/www.racefinder.pt\/?post_type=product&#038;p=16221"},"modified":"2025-10-14T09:03:33","modified_gmt":"2025-10-14T08:03:33","slug":"granfondo-paredes","status":"publish","type":"product","link":"https:\/\/racefinder.pt\/pt\/event\/granfondo-paredes\/","title":{"rendered":"Granfondo Paredes"},"content":{"rendered":"","protected":false},"excerpt":{"rendered":"","protected":false},"featured_media":16535,"comment_status":"open","ping_status":"closed","template":"","meta":{"_acf_changed":false,"footnotes":""},"product_brand":[],"product_cat":[130,212],"product_tag":[],"class_list":{"0":"post-16221","1":"product","2":"type-product","3":"status-publish","4":"has-post-thumbnail","6":"product_cat-ciclismo","7":"product_cat-ciclismo-de-estrada","9":"first","10":"instock","11":"shipping-taxable","12":"purchasable","13":"product-type-variable"},"acf":{"event_short_description":"<p>O Granfondo Paredes \u00e9 uma prova de ciclismo realizada em Paredes, com percursos desafiadores que atraem entusiastas do ciclismo. Oferece uma oportunidade \u00fanica de experienciar uma competi\u00e7\u00e3o em um ambiente c\u00eanico.<\/p>\n<p>O evento est\u00e1 aberto a todos os ciclistas, com diferentes dist\u00e2ncias para acomodar v\u00e1rios n\u00edveis de habilidade. A atmosfera da prova equilibra competi\u00e7\u00e3o e camaradagem, tornando a experi\u00eancia inspiradora para os participantes.<\/p>\n","organizer_description":"<p><strong><a class=\"\" href=\"https:\/\/cabreirasolutions.com\/granfondo-paredes\/regulamento\/\" target=\"_new\" rel=\"noopener\">Regulamento \u2197<\/a><\/strong><\/p>\n<p data-start=\"4808\" data-end=\"5292\"><strong data-start=\"4808\" data-end=\"4840\">Escal\u00f5es et\u00e1rios\/categorias:<\/strong><br data-start=\"4840\" data-end=\"4843\" \/>\u2022 <strong data-start=\"4845\" data-end=\"4872\">Granfondo (Masculinos):<\/strong> Elite 19\u201329; M30; M40; M50; M60; M70+<br data-start=\"4910\" data-end=\"4913\" \/>\u2022 <strong data-start=\"4915\" data-end=\"4941\">Granfondo (Femininos):<\/strong> Elite 19\u201329; F30; F40; F50; F60\u201369<br data-start=\"4976\" data-end=\"4979\" \/>\u2022 <strong data-start=\"4981\" data-end=\"5009\">Mediofondo (Masculinos):<\/strong> Elite 19\u201329; M30; M40; M50; M60; M70\u201379; M80\u201389; Paraciclismo*<br data-start=\"5072\" data-end=\"5075\" \/>\u2022 <strong data-start=\"5077\" data-end=\"5104\">Mediofondo (Femininos):<\/strong> Elite 19\u201329; F30; F40; F50; F60\u201369; Paraciclismo*<br data-start=\"5154\" data-end=\"5157\" \/>\u2022 <strong data-start=\"5159\" data-end=\"5173\">Minifondo:<\/strong> Geral Masculinos | Geral Femininos<br data-start=\"5208\" data-end=\"5211\" \/>* Paraciclismo: exige licenciamento FPC como tal e comunica\u00e7\u00e3o pr\u00e9via por email.<\/p>\n<p data-start=\"5294\" data-end=\"5386\"><strong data-start=\"5294\" data-end=\"5314\">Partida\/chegada:<\/strong><br data-start=\"5314\" data-end=\"5317\" \/>\u2022 <strong data-start=\"5319\" data-end=\"5386\">Paredes \u2013 Avenida Granja da Fonseca (junto ao Parque da Cidade)<\/strong><\/p>\n<p data-start=\"5388\" data-end=\"5532\"><strong data-start=\"5388\" data-end=\"5426\">Hor\u00e1rios de partida por dist\u00e2ncia:<\/strong><br data-start=\"5426\" data-end=\"5429\" \/>\u2022 <strong data-start=\"5431\" data-end=\"5470\">Todas as dist\u00e2ncias partem \u00e0s 09h00<\/strong>, com boxes de ~300 atletas (aloca\u00e7\u00e3o por ordem de pagamento).<\/p>\n<p data-start=\"5534\" data-end=\"5660\"><strong data-start=\"5534\" data-end=\"5552\">Tempos limite:<\/strong><br data-start=\"5552\" data-end=\"5555\" \/>\u2022 <strong data-start=\"5557\" data-end=\"5592\">Pontos de controlo com hor\u00e1rios<\/strong>; quem exceder poder\u00e1 ser encaminhado para <strong data-start=\"5635\" data-end=\"5659\">dist\u00e2ncia mais curta<\/strong>.<\/p>\n<p data-start=\"5662\" data-end=\"5831\"><strong data-start=\"5662\" data-end=\"5696\">Levantamento de dorsais\/chips:<\/strong><br data-start=\"5696\" data-end=\"5699\" \/>\u2022 <strong data-start=\"5701\" data-end=\"5746\">Local em Paredes \u2013 a definir (aditamento)<\/strong>.<br data-start=\"5747\" data-end=\"5750\" \/>\u2022 <strong data-start=\"5752\" data-end=\"5769\">Dia de prova:<\/strong> <strong data-start=\"5770\" data-end=\"5797\">26\/07\/2026, 07h30\u201308h30<\/strong> (ap\u00f3s <strong data-start=\"5804\" data-end=\"5813\">08h30<\/strong> n\u00e3o h\u00e1 entregas).<\/p>\n<p data-start=\"5833\" data-end=\"5884\"><strong data-start=\"5833\" data-end=\"5861\">Limite de participantes:<\/strong><br data-start=\"5861\" data-end=\"5864\" \/>\u2022 <strong data-start=\"5866\" data-end=\"5875\">1.000<\/strong> atletas.<\/p>\n<p data-start=\"5886\" data-end=\"6043\"><strong data-start=\"5886\" data-end=\"5915\">Data limite de inscri\u00e7\u00e3o:<\/strong><br data-start=\"5915\" data-end=\"5918\" \/>\u2022 <strong data-start=\"5920\" data-end=\"5934\">21\/07\/2026<\/strong> (23h59) ou antes, se esgotar.<br data-start=\"5964\" data-end=\"5967\" \/>\u2022 Fases: <strong data-start=\"5976\" data-end=\"6001\">15\/12\/2025\u201328\/06\/2026<\/strong> (Fase 1) \u2022 <strong data-start=\"6013\" data-end=\"6033\">29\/06\u201321\/07\/2026<\/strong> (Fase 2).<\/p>\n<p data-start=\"6045\" data-end=\"6109\"><strong data-start=\"6045\" data-end=\"6060\">Superf\u00edcie:<\/strong><br data-start=\"6060\" data-end=\"6063\" \/>\u2022 <strong data-start=\"6065\" data-end=\"6090\">Estradas pavimentadas<\/strong> (tr\u00e2nsito aberto).<\/p>\n<p data-start=\"6111\" data-end=\"6234\"><strong data-start=\"6111\" data-end=\"6135\">Formato do percurso:<\/strong><br data-start=\"6135\" data-end=\"6138\" \/>\u2022 <strong data-start=\"6140\" data-end=\"6155\">3 percursos<\/strong> (Granfondo \/ Mediofondo \/ Minifondo); <strong data-start=\"6194\" data-end=\"6233\">dist\u00e2ncias &amp; altimetrias a anunciar<\/strong>.<\/p>\n<p data-start=\"6236\" data-end=\"6352\"><strong data-start=\"6236\" data-end=\"6257\">Tra\u00e7ado da prova:<\/strong><br data-start=\"6257\" data-end=\"6260\" \/>\u2022 Mapas e localiza\u00e7\u00e3o de abastecimentos <strong data-start=\"6300\" data-end=\"6351\">a publicar em aditamento \/ guia do participante<\/strong>.<\/p>\n<p data-start=\"6354\" data-end=\"6472\"><strong data-start=\"6354\" data-end=\"6372\">Cronometragem:<\/strong><br data-start=\"6372\" data-end=\"6375\" \/>\u2022 <strong data-start=\"6377\" data-end=\"6396\">Chip eletr\u00f3nico<\/strong> (totalidade e\/ou segmentos). <strong data-start=\"6426\" data-end=\"6443\">Placa frontal<\/strong> e chip s\u00e3o <strong data-start=\"6455\" data-end=\"6471\">obrigat\u00f3rios<\/strong>.<\/p>\n<p data-start=\"6474\" data-end=\"6650\"><strong data-start=\"6474\" data-end=\"6506\">Sanit\u00e1rios e abastecimentos:<\/strong><br data-start=\"6506\" data-end=\"6509\" \/>\u2022 <strong data-start=\"6511\" data-end=\"6548\">Abastecimentos l\u00edquidos e s\u00f3lidos<\/strong> ao longo dos percursos (acesso com pulseira). Locais <strong data-start=\"6602\" data-end=\"6615\">a definir<\/strong>. Sanit\u00e1rios <strong data-start=\"6628\" data-end=\"6649\">n\u00e3o especificados<\/strong>.<\/p>\n<p data-start=\"6652\" data-end=\"6717\"><strong data-start=\"6652\" data-end=\"6676\">Mochilas (drop-bag):<\/strong><br data-start=\"6676\" data-end=\"6679\" \/>\u2022 <strong data-start=\"6681\" data-end=\"6701\">N\u00e3o especificado<\/strong> no regulamento.<\/p>\n<p data-start=\"6719\" data-end=\"6917\"><strong data-start=\"6719\" data-end=\"6731\">Pr\u00e9mios:<\/strong><br data-start=\"6731\" data-end=\"6734\" \/>\u2022 Trof\u00e9us aos 3 primeiros de cada categoria; <strong data-start=\"6779\" data-end=\"6819\">vencedores absolutos M\/F (Granfondo)<\/strong>; <strong data-start=\"6821\" data-end=\"6855\">3 melhores equipas (Granfondo)<\/strong>; <strong data-start=\"6857\" data-end=\"6878\">Pr\u00e9mio \u201cBoa Onda\u201d<\/strong>. P\u00f3dio \u00e0s <strong data-start=\"6889\" data-end=\"6898\">13h30<\/strong> (zona de partida).<\/p>\n","race_benefits":"<p>\ud83c\udfbd Kit do atleta: n\u00famero de peito e adesivos do evento<br \/>\n\ud83c\udfc5 Pr\u00eamio de conclus\u00e3o: medalha<br \/>\n\u23f1\ufe0f Cronometragem + resultados ao vivo<br \/>\n\ud83d\udedf Apoio de seguran\u00e7a: equipes m\u00e9dicas e de seguran\u00e7a durante a prova<br \/>\n\ud83d\udee1\ufe0f Seguro: inclu\u00eddo na inscri\u00e7\u00e3o<br \/>\n\ud83e\udd64 Postos de apoio: pontos de hidrata\u00e7\u00e3o e nutri\u00e7\u00e3o<br \/>\n\ud83d\udcf8 Cobertura fotogr\u00e1fica durante a prova<br \/>\n\ud83c\udfc6 Premia\u00e7\u00f5es para os melhores colocados<\/p>\n","event_date_start":"20260726","event_date_end":"20260726","event_start_time":"","event_country":"portugal","event_ticket_url":"https:\/\/cabreirasolutions.com\/event\/granfondo-paredes\/","event_latitude":"41.2078","event_longitude":"-8.3332","event_rating":"","is_hot_event":false,"event_participants_count":"0","organizer_avatar":false,"event_gallery":false,"event_location_text":"Paredes","organizer_website":{"title":"","url":"","target":"","0":""}},"_links":{"self":[{"href":"https:\/\/racefinder.pt\/pt\/wp-json\/wp\/v2\/product\/16221","targetHints":{"allow":["GET"]}}],"collection":[{"href":"https:\/\/racefinder.pt\/pt\/wp-json\/wp\/v2\/product"}],"about":[{"href":"https:\/\/racefinder.pt\/pt\/wp-json\/wp\/v2\/types\/product"}],"replies":[{"embeddable":true,"href":"https:\/\/racefinder.pt\/pt\/wp-json\/wp\/v2\/comments?post=16221"}],"version-history":[{"count":0,"href":"https:\/\/racefinder.pt\/pt\/wp-json\/wp\/v2\/product\/16221\/revisions"}],"wp:featuredmedia":[{"embeddable":true,"href":"https:\/\/racefinder.pt\/pt\/wp-json\/wp\/v2\/media\/16535"}],"wp:attachment":[{"href":"https:\/\/racefinder.pt\/pt\/wp-json\/wp\/v2\/media?parent=16221"}],"wp:term":[{"taxonomy":"product_brand","embeddable":true,"href":"https:\/\/racefinder.pt\/pt\/wp-json\/wp\/v2\/product_brand?post=16221"},{"taxonomy":"product_cat","embeddable":true,"href":"https:\/\/racefinder.pt\/pt\/wp-json\/wp\/v2\/product_cat?post=16221"},{"taxonomy":"product_tag","embeddable":true,"href":"https:\/\/racefinder.pt\/pt\/wp-json\/wp\/v2\/product_tag?post=16221"}],"curies":[{"name":"wp","href":"https:\/\/api.w.org\/{rel}","templated":true}]}}