{"id":1511,"date":"2025-05-29T18:24:13","date_gmt":"2025-05-29T17:24:13","guid":{"rendered":"https:\/\/www.racefinder.pt\/event\/os-chaparros-2025\/"},"modified":"2025-08-27T11:10:50","modified_gmt":"2025-08-27T10:10:50","slug":"os-chaparros-2025","status":"publish","type":"product","link":"https:\/\/racefinder.pt\/pt\/event\/os-chaparros-2025\/","title":{"rendered":"Os Chaparros 2025"},"content":{"rendered":"","protected":false},"excerpt":{"rendered":"","protected":false},"featured_media":1507,"comment_status":"open","ping_status":"closed","template":"","meta":{"_acf_changed":false,"footnotes":""},"product_brand":[],"product_cat":[130,193],"product_tag":[],"class_list":{"0":"post-1511","1":"product","2":"type-product","3":"status-publish","4":"has-post-thumbnail","6":"product_cat-ciclismo","7":"product_cat-btt-pt-2","9":"first","10":"instock","11":"shipping-taxable","12":"purchasable","13":"product-type-variable"},"acf":{"event_date_start":"20251109","event_date_end":"","event_start_time":"","event_country":"portugal","event_ticket_url":"https:\/\/www.meutempo.pt\/prova?chaparros2025","event_rating":"","is_hot_event":false,"organizer_avatar":false,"event_gallery":false,"event_location_text":"Santiago do Cac\u00e9m","event_short_description":"<p data-start=\"2565\" data-end=\"2868\">O <strong data-start=\"2567\" data-end=\"2601\">26\u00ba Passeio Chaparros BTT 2025<\/strong> realiza-se no dia <strong data-start=\"2620\" data-end=\"2645\">9 de novembro de 2025<\/strong>, em <strong data-start=\"2650\" data-end=\"2671\">Santiago do Cac\u00e9m<\/strong>, organizado pela <strong data-start=\"2689\" data-end=\"2725\">Associa\u00e7\u00e3o Os Chaparros BTT Team<\/strong>. Com mais de duas d\u00e9cadas de hist\u00f3ria, este tradicional passeio n\u00e3o competitivo junta ciclistas de todo o pa\u00eds para um dia memor\u00e1vel de BTT.<\/p>\n<p data-start=\"2870\" data-end=\"3046\">O percurso ter\u00e1 <strong data-start=\"2886\" data-end=\"2895\">40 km<\/strong>, de dificuldade m\u00e9dia, atravessando zonas urbanas, rurais e naturais, oferecendo trilhos t\u00e9cnicos e paisagens de grande beleza hist\u00f3rica e cultural.<\/p>\n<p data-start=\"3048\" data-end=\"3235\">Com foco na promo\u00e7\u00e3o do desporto, do fair play e do respeito pelo ambiente, o Passeio Chaparros \u00e9 um verdadeiro encontro festivo que celebra a comunidade e a cultura do BTT no Alentejo.<\/p>\n","organizer_name":"Os Chaparros","organizer_description":"<p data-start=\"949\" data-end=\"1010\"><a class=\"decorated-link\" href=\"https:\/\/meutempo-media.s3.eu-west-1.amazonaws.com\/Regulamentos\/2025\/Chaparros_BTT_2025_Regulamento.pdf\" target=\"_new\" rel=\"noopener\" data-start=\"952\" data-end=\"1008\">Link do regulamento\u2197<\/a><\/p>\n<p data-start=\"3324\" data-end=\"3352\"><strong data-start=\"3324\" data-end=\"3349\">Participa\u00e7\u00e3o &amp; idades<\/strong>:<\/p>\n<ul data-start=\"3353\" data-end=\"3484\">\n<li data-start=\"3353\" data-end=\"3423\">\n<p data-start=\"3355\" data-end=\"3423\">Aberto a todos os ciclistas maiores de 18 anos (federados ou n\u00e3o).<\/p>\n<\/li>\n<li data-start=\"3424\" data-end=\"3484\">\n<p data-start=\"3426\" data-end=\"3484\">Menores de 18 anos apenas com termo de responsabilidade.<\/p>\n<\/li>\n<\/ul>\n<p data-start=\"3486\" data-end=\"3565\"><strong data-start=\"3486\" data-end=\"3505\">Partida\/chegada<\/strong>: Santiago do Cac\u00e9m (percurso detalhado publicado online).<\/p>\n<p data-start=\"3567\" data-end=\"3630\"><strong data-start=\"3567\" data-end=\"3582\">Data &amp; hora<\/strong>: 9 novembro 2025 (domingo), partida \u00e0s 09h00.<\/p>\n<p data-start=\"3632\" data-end=\"3657\"><strong data-start=\"3632\" data-end=\"3654\">Dist\u00e2ncia &amp; perfil<\/strong>:<\/p>\n<ul data-start=\"3658\" data-end=\"3744\">\n<li data-start=\"3658\" data-end=\"3702\">\n<p data-start=\"3660\" data-end=\"3702\">Passeio BTT \u2013 40 km (dificuldade m\u00e9dia).<\/p>\n<\/li>\n<li data-start=\"3703\" data-end=\"3744\">\n<p data-start=\"3705\" data-end=\"3744\">Perfil altim\u00e9trico a publicar online.<\/p>\n<\/li>\n<\/ul>\n<p data-start=\"3746\" data-end=\"3774\"><strong data-start=\"3746\" data-end=\"3762\">Tempo limite<\/strong>: 4 horas.<\/p>\n<p data-start=\"3776\" data-end=\"4021\"><strong data-start=\"3776\" data-end=\"3803\">Equipamento obrigat\u00f3rio<\/strong>: bicicleta BTT (26\u201d, 27.5\u201d, 29\u201d ou el\u00e9trica), capacete, luvas, \u00f3culos, telem\u00f3vel.<br data-start=\"3885\" data-end=\"3888\" \/><strong data-start=\"3888\" data-end=\"3903\">Recomendado<\/strong>: c\u00e2mara de ar, bomba de ar, imperme\u00e1vel, mochila, hidrata\u00e7\u00e3o e alimenta\u00e7\u00e3o, protetor solar, kit primeiros socorros.<\/p>\n<p data-start=\"4023\" data-end=\"4048\"><strong data-start=\"4023\" data-end=\"4045\">Taxas de inscri\u00e7\u00e3o<\/strong>:<\/p>\n<ul data-start=\"4049\" data-end=\"4189\">\n<li data-start=\"4049\" data-end=\"4078\">\n<p data-start=\"4051\" data-end=\"4078\">Passeio \u2013 13 \u20ac (donativo)<\/p>\n<\/li>\n<li data-start=\"4079\" data-end=\"4117\">\n<p data-start=\"4081\" data-end=\"4117\">Passeio + Almo\u00e7o \u2013 25 \u20ac (donativo)<\/p>\n<\/li>\n<li data-start=\"4118\" data-end=\"4146\">\n<p data-start=\"4120\" data-end=\"4146\">Almo\u00e7o \u2013 12 \u20ac (donativo)<\/p>\n<\/li>\n<li data-start=\"4147\" data-end=\"4189\">\n<p data-start=\"4149\" data-end=\"4189\">Almo\u00e7o acompanhantes \u2013 12 \u20ac (donativo)<\/p>\n<\/li>\n<\/ul>\n<p data-start=\"4191\" data-end=\"4265\"><strong data-start=\"4191\" data-end=\"4213\">Prazo de inscri\u00e7\u00e3o<\/strong>: at\u00e9 4 novembro 2025 (limite: 250 participantes).<\/p>\n<p data-start=\"4267\" data-end=\"4357\"><strong data-start=\"4267\" data-end=\"4294\">Levantamento de dorsais<\/strong>: no local (apresenta\u00e7\u00e3o de CC\/BI, individual ou por equipa).<\/p>\n<p data-start=\"4359\" data-end=\"4422\"><strong data-start=\"4359\" data-end=\"4377\">Abastecimentos<\/strong>: 2 postos de refor\u00e7o (l\u00edquidos e s\u00f3lidos).<\/p>\n<p data-start=\"4424\" data-end=\"4492\"><strong data-start=\"4424\" data-end=\"4434\">Seguro<\/strong>: seguro de acidentes pessoais inclu\u00eddo (franquia 60 \u20ac).<\/p>\n","race_benefits":"<p>\ud83c\udfbd <strong data-start=\"4519\" data-end=\"4542\">Kit de participa\u00e7\u00e3o<\/strong>: dorsal, seguro desportivo, lembran\u00e7a do evento.<br data-start=\"4591\" data-end=\"4594\" \/>\ud83e\udd64 <strong data-start=\"4597\" data-end=\"4626\">2 postos de abastecimento<\/strong> com hidrata\u00e7\u00e3o e nutri\u00e7\u00e3o.<br data-start=\"4653\" data-end=\"4656\" \/>\ud83d\udebf <strong data-start=\"4659\" data-end=\"4694\">Balne\u00e1rios e duches dispon\u00edveis<\/strong> para participantes.<br data-start=\"4714\" data-end=\"4717\" \/>\ud83d\udeb2 <strong data-start=\"4720\" data-end=\"4756\">Servi\u00e7o de lavagem de bicicletas<\/strong> inclu\u00eddo.<br data-start=\"4766\" data-end=\"4769\" \/>\ud83d\udee1\ufe0f <strong data-start=\"4773\" data-end=\"4794\">Seguro desportivo<\/strong> obrigat\u00f3rio inclu\u00eddo.<br data-start=\"4816\" data-end=\"4819\" \/>\ud83d\udcf8 <strong data-start=\"4822\" data-end=\"4858\">Fotografia &amp; cobertura medi\u00e1tica<\/strong>.<br data-start=\"4859\" data-end=\"4862\" \/>\ud83c\udf3f <strong data-start=\"4865\" data-end=\"4887\">Pol\u00edtica ambiental<\/strong>: obriga\u00e7\u00e3o de transportar res\u00edduos at\u00e9 abastecimento\/meta.<\/p>\n","event_latitude":"38.0116","event_longitude":"-8.6951","event_participants_count":"0","organizer_website":{"title":"","url":"https:\/\/www.facebook.com\/p\/Os-Chaparros-100064840592167\/?locale=pt_PT","target":""}},"_links":{"self":[{"href":"https:\/\/racefinder.pt\/pt\/wp-json\/wp\/v2\/product\/1511","targetHints":{"allow":["GET"]}}],"collection":[{"href":"https:\/\/racefinder.pt\/pt\/wp-json\/wp\/v2\/product"}],"about":[{"href":"https:\/\/racefinder.pt\/pt\/wp-json\/wp\/v2\/types\/product"}],"replies":[{"embeddable":true,"href":"https:\/\/racefinder.pt\/pt\/wp-json\/wp\/v2\/comments?post=1511"}],"version-history":[{"count":0,"href":"https:\/\/racefinder.pt\/pt\/wp-json\/wp\/v2\/product\/1511\/revisions"}],"wp:featuredmedia":[{"embeddable":true,"href":"https:\/\/racefinder.pt\/pt\/wp-json\/wp\/v2\/media\/1507"}],"wp:attachment":[{"href":"https:\/\/racefinder.pt\/pt\/wp-json\/wp\/v2\/media?parent=1511"}],"wp:term":[{"taxonomy":"product_brand","embeddable":true,"href":"https:\/\/racefinder.pt\/pt\/wp-json\/wp\/v2\/product_brand?post=1511"},{"taxonomy":"product_cat","embeddable":true,"href":"https:\/\/racefinder.pt\/pt\/wp-json\/wp\/v2\/product_cat?post=1511"},{"taxonomy":"product_tag","embeddable":true,"href":"https:\/\/racefinder.pt\/pt\/wp-json\/wp\/v2\/product_tag?post=1511"}],"curies":[{"name":"wp","href":"https:\/\/api.w.org\/{rel}","templated":true}]}}