{"id":15031,"date":"2025-10-01T18:23:42","date_gmt":"2025-10-01T17:23:42","guid":{"rendered":"https:\/\/www.racefinder.pt\/?post_type=product&#038;p=15031"},"modified":"2025-10-02T10:07:01","modified_gmt":"2025-10-02T09:07:01","slug":"sao-silvestre-torres-novas","status":"publish","type":"product","link":"https:\/\/racefinder.pt\/pt\/event\/sao-silvestre-torres-novas\/","title":{"rendered":"S\u00e3o Silvestre Torres Novas"},"content":{"rendered":"","protected":false},"excerpt":{"rendered":"","protected":false},"featured_media":15327,"comment_status":"open","ping_status":"closed","template":"","meta":{"_acf_changed":false,"footnotes":""},"product_brand":[],"product_cat":[140,129,246,161],"product_tag":[],"class_list":{"0":"post-15031","1":"product","2":"type-product","3":"status-publish","4":"has-post-thumbnail","6":"product_cat-caminhada","7":"product_cat-corrida","8":"product_cat-corrida-de-rua","9":"product_cat-kids-pt","11":"first","12":"instock","13":"shipping-taxable","14":"purchasable","15":"product-type-variable"},"acf":{"event_short_description":"<p>A S\u00e3o Silvestre 2025 em Torres Novas \u00e9 uma corrida marcada para 20 de dezembro de 2025. Oferece v\u00e1rias dist\u00e2ncias, incluindo 125m, 500m, 1000m, 1500m, 2500m e 5000m, sendo acess\u00edvel para atletas de todas as idades a partir dos 10 anos.<\/p>\n<p>Esta prova est\u00e1 aberta a todos os participantes e inclui competi\u00e7\u00f5es individuais e por equipas, com trof\u00e9us e pr\u00e9mios monet\u00e1rios para os melhores classificados. O evento tem um ambiente festivo com v\u00e1rias corridas adaptadas a diferentes faixas et\u00e1rias, garantindo uma experi\u00eancia familiar e inclusiva.<\/p>\n<p>Destaques \u00fanicos incluem pr\u00e9mios para as melhores equipas nas categorias jovens e classifica\u00e7\u00f5es espec\u00edficas para v\u00e1rios escal\u00f5es, bem como medalhas e trof\u00e9us para os primeiros classificados nas categorias gerais e espec\u00edficas, real\u00e7ando o car\u00e1cter competitivo e comemorativo do evento.<\/p>\n","organizer_description":"<p><strong>Hor\u00e1rios de partida por categoria\/dist\u00e2ncia:<\/strong> 20 de dezembro de 2025, in\u00edcio \u00e0s 16:00<\/p>\n<p><strong>Local de partida\/chegada:<\/strong> Avenida Dr. Jo\u00e3o Martins de Azevedo, Torres Novas<\/p>\n<p><strong>Categorias\/Divis\u00f5es et\u00e1rias:<\/strong> Todas as idades, com categorias jovens espec\u00edficas incluindo Benjamins, Infantis, Iniciados, Juvenis, Juniores, Seniores e Veteranos<\/p>\n<p><strong>Tipos de superf\u00edcies:<\/strong> Asfalto<\/p>\n","race_benefits":"<p>\ud83c\udfbd Kit do atleta: dorsal<br \/>\n\ud83c\udfc5 Pr\u00e9mio para os finishers: medalhas para os 3 primeiros de cada escal\u00e3o e trof\u00e9us para classifica\u00e7\u00f5es coletivas<br \/>\n\u23f1\ufe0f Cronometragem com resultados e classifica\u00e7\u00f5es oficiais<br \/>\n\ud83d\udedf Apoio de seguran\u00e7a: equipas m\u00e9dicas e pol\u00edcia local<br \/>\n\ud83d\udee1\ufe0f Seguro inclu\u00eddo para os participantes<br \/>\n\ud83e\udd64 Postos de apoio com hidrata\u00e7\u00e3o<br \/>\n\ud83d\udcf8 Cobertura fotogr\u00e1fica oficial<br \/>\n\ud83c\udfc6 Pr\u00e9mios monet\u00e1rios para os melhores classificados individuais<br \/>\n\ud83c\udfc6 Trof\u00e9us para as equipas vencedoras<\/p>\n","event_date_start":"20251220","event_date_end":"20251220","event_start_time":"","event_country":"portugal","event_ticket_url":"https:\/\/www.bol.pt\/Comprar\/Bilhetes\/161861-sao_silvestre_2025-torres_novas\/","event_latitude":"39.4796","event_longitude":"-8.5395","event_rating":"","is_hot_event":false,"event_participants_count":"0","organizer_avatar":false,"event_gallery":false,"event_location_text":"Torres Novas","organizer_website":{"title":"","url":"","target":"","0":""}},"_links":{"self":[{"href":"https:\/\/racefinder.pt\/pt\/wp-json\/wp\/v2\/product\/15031","targetHints":{"allow":["GET"]}}],"collection":[{"href":"https:\/\/racefinder.pt\/pt\/wp-json\/wp\/v2\/product"}],"about":[{"href":"https:\/\/racefinder.pt\/pt\/wp-json\/wp\/v2\/types\/product"}],"replies":[{"embeddable":true,"href":"https:\/\/racefinder.pt\/pt\/wp-json\/wp\/v2\/comments?post=15031"}],"version-history":[{"count":0,"href":"https:\/\/racefinder.pt\/pt\/wp-json\/wp\/v2\/product\/15031\/revisions"}],"wp:featuredmedia":[{"embeddable":true,"href":"https:\/\/racefinder.pt\/pt\/wp-json\/wp\/v2\/media\/15327"}],"wp:attachment":[{"href":"https:\/\/racefinder.pt\/pt\/wp-json\/wp\/v2\/media?parent=15031"}],"wp:term":[{"taxonomy":"product_brand","embeddable":true,"href":"https:\/\/racefinder.pt\/pt\/wp-json\/wp\/v2\/product_brand?post=15031"},{"taxonomy":"product_cat","embeddable":true,"href":"https:\/\/racefinder.pt\/pt\/wp-json\/wp\/v2\/product_cat?post=15031"},{"taxonomy":"product_tag","embeddable":true,"href":"https:\/\/racefinder.pt\/pt\/wp-json\/wp\/v2\/product_tag?post=15031"}],"curies":[{"name":"wp","href":"https:\/\/api.w.org\/{rel}","templated":true}]}}