{"id":1497,"date":"2025-05-29T18:19:09","date_gmt":"2025-05-29T17:19:09","guid":{"rendered":"https:\/\/www.racefinder.pt\/event\/granfondo-portimao\/"},"modified":"2025-10-15T09:32:20","modified_gmt":"2025-10-15T08:32:20","slug":"granfondo-portimao","status":"publish","type":"product","link":"https:\/\/racefinder.pt\/pt\/event\/granfondo-portimao\/","title":{"rendered":"Granfondo Portim\u00e3o"},"content":{"rendered":"","protected":false},"excerpt":{"rendered":"","protected":false},"featured_media":1496,"comment_status":"open","ping_status":"closed","template":"","meta":{"_acf_changed":false,"footnotes":""},"product_brand":[],"product_cat":[130,212],"product_tag":[],"class_list":{"0":"post-1497","1":"product","2":"type-product","3":"status-publish","4":"has-post-thumbnail","6":"product_cat-ciclismo","7":"product_cat-ciclismo-de-estrada","9":"first","10":"instock","11":"shipping-taxable","12":"purchasable","13":"product-type-variable"},"acf":{"event_date_start":"20251102","event_date_end":"","event_start_time":"","event_country":"portugal","event_ticket_url":"https:\/\/cabreirasolutions.com\/event\/granfondo-portimao\/","event_rating":"","is_hot_event":false,"organizer_avatar":false,"event_gallery":false,"event_location_text":"Portim\u00e3o","event_short_description":"<p data-start=\"43\" data-end=\"466\">O <strong data-start=\"45\" data-end=\"67\">Granfondo Portim\u00e3o<\/strong> regressa para a sua <strong data-start=\"88\" data-end=\"131\">2.\u00aa edi\u00e7\u00e3o no dia 2 de novembro de 2025<\/strong>, celebrando a paix\u00e3o pelo ciclismo no Algarve. Com partida e chegada na <strong data-start=\"204\" data-end=\"235\">Zona Ribeirinha de Portim\u00e3o<\/strong>, junto ao Clube Naval, o evento oferece tr\u00eas percursos deslumbrantes pelas estradas e paisagens costeiras da regi\u00e3o \u2014 o <strong data-start=\"356\" data-end=\"389\">Granfondo (130 km, 2100 m D+)<\/strong>, o <strong data-start=\"393\" data-end=\"427\">Mediofondo (104 km, 1300 m D+)<\/strong> e o <strong data-start=\"432\" data-end=\"463\">Minifondo (69 km, 750 m D+)<\/strong>.<\/p>\n<p data-start=\"468\" data-end=\"900\">Aberto a ciclistas de todos os n\u00edveis, este <strong data-start=\"512\" data-end=\"562\">evento de cicloturismo sem car\u00e1ter competitivo<\/strong> alia o desafio pessoal ao esp\u00edrito de conviv\u00eancia, com <strong data-start=\"618\" data-end=\"646\">cronometragem eletr\u00f3nica<\/strong>, apoio m\u00e9dico e acompanhamento policial a garantir uma experi\u00eancia segura e agrad\u00e1vel. Os participantes podem contar com abastecimentos ao longo do percurso, assist\u00eancia mec\u00e2nica, e uma chegada festiva com almo\u00e7o, medalha de finisher e fotos oficiais.<\/p>\n<p data-start=\"902\" data-end=\"1102\" data-is-last-node=\"\" data-is-only-node=\"\">Quer participe no percurso completo ou numa das op\u00e7\u00f5es mais curtas, o <strong data-start=\"972\" data-end=\"987\">GF Portim\u00e3o<\/strong> promete um dia inesquec\u00edvel de ciclismo, comunidade e aventura entre as paisagens \u00fanicas da costa sul de Portugal.<\/p>\n","organizer_name":"Cabreira Solutions","organizer_description":"<p data-start=\"0\" data-end=\"34\"><strong data-start=\"0\" data-end=\"32\">Categorias et\u00e1rias\/divis\u00f5es:<\/strong><\/p>\n<p data-start=\"36\" data-end=\"289\"><strong data-start=\"36\" data-end=\"59\">Granfondo (130 km):<\/strong><br data-start=\"59\" data-end=\"62\" \/>Masculinos \u2014 Elites (19\u201329), Masters A (30\u201339), Masters B (40\u201349), Masters C (50\u201359), Masters D (60\u201369), Masters E (70+)<br data-start=\"182\" data-end=\"185\" \/>Femininos \u2014 Elites (19\u201329), Masters A (30\u201339), Masters B (40\u201349), Masters C (50\u201359), Masters D (60\u201369)<\/p>\n<p data-start=\"291\" data-end=\"596\"><strong data-start=\"291\" data-end=\"315\">Mediofondo (104 km):<\/strong><br data-start=\"315\" data-end=\"318\" \/>Masculinos \u2014 Elites (19\u201329), Masters A (30\u201339), Masters B (40\u201349), Masters C (50\u201359), Masters D (60\u201369), Masters E (70\u201379), Masters F (80\u201389), Paraciclismo*<br data-start=\"474\" data-end=\"477\" \/>Femininos \u2014 Elites (19\u201329), Masters A (30\u201339), Masters B (40\u201349), Masters C (50\u201359), Masters D (60\u201369), Paraciclismo*<\/p>\n<p data-start=\"598\" data-end=\"901\"><strong data-start=\"598\" data-end=\"620\">Minifondo (69 km):<\/strong><br data-start=\"620\" data-end=\"623\" \/>Masculinos \u2014 Elites (19\u201329), Masters A (30\u201339), Masters B (40\u201349), Masters C (50\u201359), Masters D (60\u201369), Masters E (70\u201379), Masters F (80\u201389), Paraciclismo*<br data-start=\"779\" data-end=\"782\" \/>Femininos \u2014 Elites (19\u201329), Masters A (30\u201339), Masters B (40\u201349), Masters C (50\u201359), Masters D (60\u201369), Paraciclismo*<\/p>\n<p data-start=\"903\" data-end=\"987\">* <strong data-start=\"906\" data-end=\"923\">Paraciclismo:<\/strong> requer comunica\u00e7\u00e3o por e-mail \u00e0 organiza\u00e7\u00e3o ap\u00f3s a inscri\u00e7\u00e3o.<\/p>\n<hr data-start=\"989\" data-end=\"992\" \/>\n<p data-start=\"994\" data-end=\"1086\"><strong data-start=\"994\" data-end=\"1023\">Local de partida\/chegada:<\/strong> Zona Ribeirinha de Portim\u00e3o, junto ao Clube Naval (Portim\u00e3o)<\/p>\n<p data-start=\"1088\" data-end=\"1244\"><strong data-start=\"1088\" data-end=\"1136\">Hor\u00e1rios de partida por categoria\/dist\u00e2ncia:<\/strong> 09h00 (partida conjunta para Granfondo, Mediofondo e Minifondo; boxes organizadas por ordem de pagamento)<\/p>\n<p data-start=\"1246\" data-end=\"1355\"><strong data-start=\"1246\" data-end=\"1264\">Tempos limite:<\/strong> A anunciar pela organiza\u00e7\u00e3o (existem limites de passagem em postos de controlo de tempo)<\/p>\n<p data-start=\"1357\" data-end=\"1524\"><strong data-start=\"1357\" data-end=\"1403\">Levantamento de dorsais \u2013 hor\u00e1rio e local:<\/strong> Secretariado em Portim\u00e3o (local a definir em aditamento). No dia do evento, n\u00e3o ser\u00e3o entregues dorsais ap\u00f3s as 08h30.<\/p>\n<p data-start=\"1526\" data-end=\"1570\"><strong data-start=\"1526\" data-end=\"1554\">Limite de participantes:<\/strong> 1.000 atletas<\/p>\n<p data-start=\"1572\" data-end=\"1646\"><strong data-start=\"1572\" data-end=\"1595\">Prazo de inscri\u00e7\u00e3o:<\/strong> 29 de outubro de 2025, \u00e0s 23h59 (ou at\u00e9 esgotar)<\/p>\n<p data-start=\"1648\" data-end=\"1710\"><strong data-start=\"1648\" data-end=\"1669\">Tipo de percurso:<\/strong> Estradas abertas ao tr\u00e2nsito (asfalto)<\/p>\n<p data-start=\"1712\" data-end=\"1878\"><strong data-start=\"1712\" data-end=\"1733\">Formato da prova:<\/strong> 3 percursos definidos pela organiza\u00e7\u00e3o<br data-start=\"1772\" data-end=\"1775\" \/>\u2022 Granfondo \u2014 130 km | 2100 m D+<br data-start=\"1807\" data-end=\"1810\" \/>\u2022 Mediofondo \u2014 104 km | 1300 m D+<br data-start=\"1843\" data-end=\"1846\" \/>\u2022 Minifondo \u2014 69 km | 750 m D+<\/p>\n<p data-start=\"1880\" data-end=\"1974\"><strong data-start=\"1880\" data-end=\"1904\">Mapas e altimetrias:<\/strong> Ser\u00e3o divulgados pela organiza\u00e7\u00e3o (guia do participante\/aditamento)<\/p>\n<p data-start=\"1976\" data-end=\"2092\"><strong data-start=\"1976\" data-end=\"1994\">Cronometragem:<\/strong> Chip eletr\u00f3nico; classifica\u00e7\u00f5es individuais por escal\u00e3o e classifica\u00e7\u00e3o por equipas (Granfondo)<\/p>\n<p data-start=\"2094\" data-end=\"2211\"><strong data-start=\"2094\" data-end=\"2126\">Abastecimentos e sanit\u00e1rios:<\/strong> Pontos de abastecimento s\u00f3lido e l\u00edquido ao longo do percurso; WC n\u00e3o especificado<\/p>\n<p data-start=\"2213\" data-end=\"2257\"><strong data-start=\"2213\" data-end=\"2238\">Pol\u00edtica de drop bag:<\/strong> N\u00e3o especificado<\/p>\n<p data-start=\"2259\" data-end=\"2448\" data-is-last-node=\"\" data-is-only-node=\"\"><strong data-start=\"2259\" data-end=\"2271\">Pr\u00e9mios:<\/strong><br data-start=\"2271\" data-end=\"2274\" \/>\ud83c\udfc6 Trof\u00e9us para os 3 primeiros de cada categoria<br data-start=\"2322\" data-end=\"2325\" \/>\ud83e\udd47 Trof\u00e9u para os vencedores absolutos masculino e feminino (Granfondo)<br data-start=\"2396\" data-end=\"2399\" \/>\ud83e\udd48 Pr\u00e9mios para as 3 melhores equipas (Granfondo)<\/p>\n","race_benefits":"<p>\ud83c\udfbd\u00a0<strong data-start=\"2437\" data-end=\"2453\">Athlete kit:<\/strong>\u00a0frontal (placa) personalizado (at\u00e9 15\/09), chip, pulseira;\u00a0<em data-start=\"2513\" data-end=\"2529\">jersey oficial<\/em>\u00a0para inscri\u00e7\u00f5es validadas at\u00e9 31\/08\/2025<br data-start=\"2570\" data-end=\"2573\" \/>\ud83c\udfc5\u00a0<strong data-start=\"2576\" data-end=\"2595\">Finisher prize:<\/strong>\u00a0medalha de finisher<br data-start=\"2615\" data-end=\"2618\" \/>\u23f1\ufe0f\u00a0<strong data-start=\"2621\" data-end=\"2645\">Timing e resultados:<\/strong>\u00a0cronometragem por chip e classifica\u00e7\u00f5es por escal\u00e3o; equipas no Granfondo<br data-start=\"2719\" data-end=\"2722\" \/>\ud83d\udedf\u00a0<strong data-start=\"2725\" data-end=\"2748\">Apoio de seguran\u00e7a:<\/strong>\u00a0equipas m\u00e9dicas m\u00f3veis e ambul\u00e2ncias; prova enquadrada por for\u00e7as de seguran\u00e7a<br data-start=\"2827\" data-end=\"2830\" \/>\ud83d\udee1\ufe0f\u00a0<strong data-start=\"2834\" data-end=\"2854\">Seguro inclu\u00eddo:<\/strong>\u00a0para n\u00e3o federados (acidentes pessoais; franquia 90\u20ac)<br data-start=\"2908\" data-end=\"2911\" \/>\ud83e\udd64\u00a0<strong data-start=\"2914\" data-end=\"2933\">Abastecimentos:<\/strong>\u00a0pontos com l\u00edquidos e s\u00f3lidos nos tr\u00eas percursos<br data-start=\"2982\" data-end=\"2985\" \/>\ud83e\uddf0\u00a0<strong data-start=\"2988\" data-end=\"3013\">Assist\u00eancia mec\u00e2nica:<\/strong>\u00a0profissional durante a prova (pe\u00e7as n\u00e3o inclu\u00eddas)<br data-start=\"3064\" data-end=\"3067\" \/>\ud83c\udf7d\ufe0f\u00a0<strong data-start=\"3071\" data-end=\"3089\">Refor\u00e7o final:<\/strong>\u00a0almo\u00e7o no final para GF\/MF\/Mini<br data-start=\"3121\" data-end=\"3124\" \/>\ud83d\udcf8\u00a0<strong data-start=\"3127\" data-end=\"3146\">Fotos oficiais:<\/strong>\u00a01\u20132 fotos por atleta no Facebook do evento<br data-start=\"3189\" data-end=\"3192\" \/>\ud83d\udcdc\u00a0<strong data-start=\"3195\" data-end=\"3215\">Diploma digital:<\/strong>\u00a0dispon\u00edvel ap\u00f3s prova<br data-start=\"3237\" data-end=\"3240\" \/>\ud83d\udc55\u00a0<strong data-start=\"3243\" data-end=\"3274\">Brindes e racebook digital:<\/strong>\u00a0inclu\u00eddos no kit do participante<\/p>\n","event_latitude":"37.1387","event_longitude":"-8.536998","event_participants_count":"0","organizer_website":{"title":"","url":"","target":"","0":""}},"_links":{"self":[{"href":"https:\/\/racefinder.pt\/pt\/wp-json\/wp\/v2\/product\/1497","targetHints":{"allow":["GET"]}}],"collection":[{"href":"https:\/\/racefinder.pt\/pt\/wp-json\/wp\/v2\/product"}],"about":[{"href":"https:\/\/racefinder.pt\/pt\/wp-json\/wp\/v2\/types\/product"}],"replies":[{"embeddable":true,"href":"https:\/\/racefinder.pt\/pt\/wp-json\/wp\/v2\/comments?post=1497"}],"version-history":[{"count":0,"href":"https:\/\/racefinder.pt\/pt\/wp-json\/wp\/v2\/product\/1497\/revisions"}],"wp:featuredmedia":[{"embeddable":true,"href":"https:\/\/racefinder.pt\/pt\/wp-json\/wp\/v2\/media\/1496"}],"wp:attachment":[{"href":"https:\/\/racefinder.pt\/pt\/wp-json\/wp\/v2\/media?parent=1497"}],"wp:term":[{"taxonomy":"product_brand","embeddable":true,"href":"https:\/\/racefinder.pt\/pt\/wp-json\/wp\/v2\/product_brand?post=1497"},{"taxonomy":"product_cat","embeddable":true,"href":"https:\/\/racefinder.pt\/pt\/wp-json\/wp\/v2\/product_cat?post=1497"},{"taxonomy":"product_tag","embeddable":true,"href":"https:\/\/racefinder.pt\/pt\/wp-json\/wp\/v2\/product_tag?post=1497"}],"curies":[{"name":"wp","href":"https:\/\/api.w.org\/{rel}","templated":true}]}}