{"id":14899,"date":"2025-10-01T14:05:29","date_gmt":"2025-10-01T13:05:29","guid":{"rendered":"https:\/\/www.racefinder.pt\/?post_type=product&#038;p=14899"},"modified":"2025-10-02T09:38:58","modified_gmt":"2025-10-02T08:38:58","slug":"trail-sarilho-cantanhede","status":"publish","type":"product","link":"https:\/\/racefinder.pt\/pt\/event\/trail-sarilho-cantanhede\/","title":{"rendered":"Trail Sarilho\/Cantanhede"},"content":{"rendered":"","protected":false},"excerpt":{"rendered":"","protected":false},"featured_media":15279,"comment_status":"open","ping_status":"closed","template":"","meta":{"_acf_changed":false,"footnotes":""},"product_brand":[],"product_cat":[140,129,139],"product_tag":[],"class_list":{"0":"post-14899","1":"product","2":"type-product","3":"status-publish","4":"has-post-thumbnail","6":"product_cat-caminhada","7":"product_cat-corrida","8":"product_cat-trail-run-pt","10":"first","11":"instock","12":"shipping-taxable","13":"product-type-variable"},"acf":{"event_short_description":"<p>O Trail do Sarilho \u00e9 uma prova de trail running marcada para o dia 7 de dezembro de 2025, em Cantanhede, Coimbra. O evento oferece uma dist\u00e2ncia de 20 km, proporcionando um percurso desafiante e c\u00eanico.<\/p>\n<p>A corrida est\u00e1 aberta a participantes masculinos e femininos e \u00e9 organizada pela Associa\u00e7\u00e3o de Solidariedade Social Sociedade Columb\u00f3fila Cantanhedense (ASSSCC), com o apoio do Munic\u00edpio de Cantanhede e outros parceiros. Promete uma experi\u00eancia \u00fanica de aventura ao ar livre na regi\u00e3o.<\/p>\n","organizer_description":"<p><strong>Local de partida\/chegada:<\/strong> Uni\u00e3o Das Freguesias De Cantanhede E Pocari\u00e7a, Cantanhede<\/p>\n<p><strong>Categorias\/ divis\u00f5es et\u00e1rias:<\/strong> Aberto a todos os corredores masculinos e femininos<\/p>\n<p><strong>Data limite para inscri\u00e7\u00f5es:<\/strong> 30 de novembro de 2025 \u00e0s 23h59<\/p>\n<p><strong>Tipos de superf\u00edcie:<\/strong> Terreno de trail<\/p>\n","race_benefits":"<p>\ud83c\udfbd Kit do atleta: dorsal<\/p>\n","event_date_start":"20251207","event_date_end":"20251207","event_start_time":"","event_country":"portugal","event_ticket_url":"https:\/\/www.runmanager.net\/Eventos\/trail-do-sarilho\/976","event_latitude":"40.3461","event_longitude":"-8.594","event_rating":"","is_hot_event":false,"event_participants_count":"0","organizer_avatar":false,"event_gallery":false,"event_location_text":"Cantanhede","organizer_website":{"title":"","url":"","target":"","0":""}},"_links":{"self":[{"href":"https:\/\/racefinder.pt\/pt\/wp-json\/wp\/v2\/product\/14899","targetHints":{"allow":["GET"]}}],"collection":[{"href":"https:\/\/racefinder.pt\/pt\/wp-json\/wp\/v2\/product"}],"about":[{"href":"https:\/\/racefinder.pt\/pt\/wp-json\/wp\/v2\/types\/product"}],"replies":[{"embeddable":true,"href":"https:\/\/racefinder.pt\/pt\/wp-json\/wp\/v2\/comments?post=14899"}],"version-history":[{"count":0,"href":"https:\/\/racefinder.pt\/pt\/wp-json\/wp\/v2\/product\/14899\/revisions"}],"wp:featuredmedia":[{"embeddable":true,"href":"https:\/\/racefinder.pt\/pt\/wp-json\/wp\/v2\/media\/15279"}],"wp:attachment":[{"href":"https:\/\/racefinder.pt\/pt\/wp-json\/wp\/v2\/media?parent=14899"}],"wp:term":[{"taxonomy":"product_brand","embeddable":true,"href":"https:\/\/racefinder.pt\/pt\/wp-json\/wp\/v2\/product_brand?post=14899"},{"taxonomy":"product_cat","embeddable":true,"href":"https:\/\/racefinder.pt\/pt\/wp-json\/wp\/v2\/product_cat?post=14899"},{"taxonomy":"product_tag","embeddable":true,"href":"https:\/\/racefinder.pt\/pt\/wp-json\/wp\/v2\/product_tag?post=14899"}],"curies":[{"name":"wp","href":"https:\/\/api.w.org\/{rel}","templated":true}]}}