{"id":1389,"date":"2025-05-29T09:58:37","date_gmt":"2025-05-29T08:58:37","guid":{"rendered":"https:\/\/www.racefinder.pt\/event\/passeio-btt-terras-de-oia-2025\/"},"modified":"2025-06-25T04:55:38","modified_gmt":"2025-06-25T04:55:38","slug":"passeio-btt-terras-de-oia-2025","status":"publish","type":"product","link":"https:\/\/racefinder.pt\/pt\/event\/passeio-btt-terras-de-oia-2025\/","title":{"rendered":"Passeio BTT &#8211; Terras de Oi\u00e3 2025"},"content":{"rendered":"","protected":false},"excerpt":{"rendered":"","protected":false},"featured_media":1872,"comment_status":"open","ping_status":"closed","template":"","meta":{"_acf_changed":false,"footnotes":""},"product_brand":[],"product_cat":[193,130],"product_tag":[],"class_list":{"0":"post-1389","1":"product","2":"type-product","3":"status-publish","4":"has-post-thumbnail","6":"product_cat-btt-pt-2","7":"product_cat-ciclismo","9":"first","10":"instock","11":"shipping-taxable","12":"purchasable","13":"product-type-variable"},"acf":{"event_date_start":"20250726","event_date_end":"","event_start_time":"","event_country":"portugal","event_ticket_url":"https:\/\/www.meutempo.pt\/prova?btt-terras-oia-2025","event_rating":"","is_hot_event":false,"organizer_avatar":false,"event_gallery":false,"event_location_text":"Oi\u00e3","event_short_description":"<p>O Passeio BTT Terras de Oi\u00e3 \u00e9 uma prova ideal para ciclistas que procuram uma experi\u00eancia descontra\u00edda, mas com algum desafio, em contacto direto com a natureza. Com 35 km de percurso, o evento promove o conv\u00edvio, o lazer e a descoberta das paisagens naturais da regi\u00e3o de Oliveira do Bairro, aberto a todos os n\u00edveis de prepara\u00e7\u00e3o. <\/p>\n","organizer_name":"Associa\u00e7\u00e3o Jovem Oianense","organizer_description":"<p>Associa\u00e7\u00e3o Jovem Oianense<\/p>\n<p>ajoianense@hotmail.com<\/p>\n","race_benefits":"<p>\u2705 Percurso acess\u00edvel e bem marcado para todos os n\u00edveis<br data-start=\"2049\" data-end=\"2052\">\u2705 Ambiente amig\u00e1vel e familiar, ideal para conviv\u00eancia e lazer<br data-start=\"2129\" data-end=\"2132\">\u2705 Descubra as paisagens e trilhos naturais da regi\u00e3o de Oliveira do Bairro<br data-start=\"2204\" data-end=\"2207\">\u2705 Inscri\u00e7\u00e3o acess\u00edvel com \u00f3timo custo-benef\u00edcio<br data-start=\"2250\" data-end=\"2253\">\u2705 Organiza\u00e7\u00e3o focada em seguran\u00e7a e boa experi\u00eancia para os participantes<\/p>\n","event_latitude":"40.5176","event_longitude":"-8.5533","organizer_website":{"title":"","url":"","target":"","0":"https:\/\/www.facebook.com\/p\/Passeio-de-BTT-Terras-de-Oi%C3%A3-61554410007845\/"}},"_links":{"self":[{"href":"https:\/\/racefinder.pt\/pt\/wp-json\/wp\/v2\/product\/1389","targetHints":{"allow":["GET"]}}],"collection":[{"href":"https:\/\/racefinder.pt\/pt\/wp-json\/wp\/v2\/product"}],"about":[{"href":"https:\/\/racefinder.pt\/pt\/wp-json\/wp\/v2\/types\/product"}],"replies":[{"embeddable":true,"href":"https:\/\/racefinder.pt\/pt\/wp-json\/wp\/v2\/comments?post=1389"}],"version-history":[{"count":0,"href":"https:\/\/racefinder.pt\/pt\/wp-json\/wp\/v2\/product\/1389\/revisions"}],"wp:featuredmedia":[{"embeddable":true,"href":"https:\/\/racefinder.pt\/pt\/wp-json\/wp\/v2\/media\/1872"}],"wp:attachment":[{"href":"https:\/\/racefinder.pt\/pt\/wp-json\/wp\/v2\/media?parent=1389"}],"wp:term":[{"taxonomy":"product_brand","embeddable":true,"href":"https:\/\/racefinder.pt\/pt\/wp-json\/wp\/v2\/product_brand?post=1389"},{"taxonomy":"product_cat","embeddable":true,"href":"https:\/\/racefinder.pt\/pt\/wp-json\/wp\/v2\/product_cat?post=1389"},{"taxonomy":"product_tag","embeddable":true,"href":"https:\/\/racefinder.pt\/pt\/wp-json\/wp\/v2\/product_tag?post=1389"}],"curies":[{"name":"wp","href":"https:\/\/api.w.org\/{rel}","templated":true}]}}