{"id":1281,"date":"2025-05-28T08:30:13","date_gmt":"2025-05-28T07:30:13","guid":{"rendered":"https:\/\/www.racefinder.pt\/event\/iii-duatlo-jovem-de-azeitao\/"},"modified":"2025-10-07T16:49:53","modified_gmt":"2025-10-07T15:49:53","slug":"iii-duatlo-jovem-de-azeitao","status":"publish","type":"product","link":"https:\/\/racefinder.pt\/pt\/event\/iii-duatlo-jovem-de-azeitao\/","title":{"rendered":"III Duatlo Jovem de Azeit\u00e3o"},"content":{"rendered":"","protected":false},"excerpt":{"rendered":"","protected":false},"featured_media":1280,"comment_status":"open","ping_status":"closed","template":"","meta":{"_acf_changed":false,"footnotes":""},"product_brand":[],"product_cat":[141,480],"product_tag":[],"class_list":{"0":"post-1281","1":"product","2":"type-product","3":"status-publish","4":"has-post-thumbnail","6":"product_cat-duatlo","7":"product_cat-jovens-pt-2","9":"first","10":"instock","11":"shipping-taxable","12":"purchasable","13":"product-type-variable"},"acf":{"event_date_end":"","event_start_time":"","event_country":"portugal","event_ticket_url":"https:\/\/www.federacao-triatlo.pt\/","event_rating":"","is_hot_event":false,"organizer_avatar":false,"event_gallery":false,"event_latitude":"38.5180","event_longitude":"-9.0020","event_location_text":"Azeit\u00e3o","event_short_description":"<p data-start=\"167\" data-end=\"710\">O <strong data-start=\"169\" data-end=\"200\">III Duatlo Jovem de Azeit\u00e3o<\/strong> realiza-se no dia <strong data-start=\"219\" data-end=\"244\">9 de novembro de 2025<\/strong>, na <strong data-start=\"249\" data-end=\"269\">Feira de Azeit\u00e3o<\/strong>, integrando o <strong data-start=\"284\" data-end=\"342\">Campeonato Jovem de Lisboa e Alto Alentejo (8.\u00aa Etapa)<\/strong>.<br data-start=\"343\" data-end=\"346\" \/>Organizado pelo <strong data-start=\"362\" data-end=\"393\">Centro Ciclista Azeitonense<\/strong>, com o apoio da <strong data-start=\"410\" data-end=\"441\">C\u00e2mara Municipal de Set\u00fabal<\/strong>, da <strong data-start=\"446\" data-end=\"479\">Junta de Freguesia de Azeit\u00e3o<\/strong> e o apoio t\u00e9cnico da <strong data-start=\"501\" data-end=\"537\">Federa\u00e7\u00e3o de Triatlo de Portugal<\/strong>, este evento destina-se a jovens atletas nascidos entre <strong data-start=\"594\" data-end=\"609\">2008 e 2018<\/strong>, promovendo o desenvolvimento e o esp\u00edrito desportivo entre as novas gera\u00e7\u00f5es do triatlo e duatlo.<\/p>\n<p data-start=\"712\" data-end=\"907\">O evento decorre num ambiente familiar e seguro, com percursos totalmente controlados e adaptados a cada escal\u00e3o et\u00e1rio, incentivando a participa\u00e7\u00e3o e o gosto pela modalidade desde tenra idade.<\/p>\n","organizer_name":"Federa\u00e7\u00e3o de Triatlo de Portugal","organizer_description":"<ul data-start=\"918\" data-end=\"1347\">\n<li data-start=\"918\" data-end=\"960\">\n<p data-start=\"920\" data-end=\"960\"><a href=\"https:\/\/www.federacao-triatlo.pt\/ftp2015\/wp-content\/uploads\/2025\/01\/2025-11-09-regulamento-iii-duatlo-jovem-azeitao-rev01.pdf\"><strong data-start=\"920\" data-end=\"929\">Regulamento<\/strong><\/a><\/p>\n<\/li>\n<li data-start=\"918\" data-end=\"960\">\n<p data-start=\"920\" data-end=\"960\"><strong data-start=\"950\" data-end=\"959\">Data:<\/strong> Domingo, <strong data-start=\"969\" data-end=\"994\">9 de novembro de 2025<\/strong><\/p>\n<ul data-start=\"948\" data-end=\"1441\">\n<li data-start=\"997\" data-end=\"1075\">\n<p data-start=\"999\" data-end=\"1075\"><strong data-start=\"999\" data-end=\"1009\">Local:<\/strong> Feira de Azeit\u00e3o e ruas adjacentes (\ud83d\udccd38\u00b031&#8217;38.1&#8243;N 9\u00b001&#8217;22.4&#8243;W)<\/p>\n<\/li>\n<li data-start=\"1076\" data-end=\"1124\">\n<p data-start=\"1078\" data-end=\"1124\"><strong data-start=\"1078\" data-end=\"1094\">Organiza\u00e7\u00e3o:<\/strong> Centro Ciclista Azeitonense<\/p>\n<\/li>\n<li data-start=\"1125\" data-end=\"1234\">\n<p data-start=\"1127\" data-end=\"1234\"><strong data-start=\"1127\" data-end=\"1138\">Apoios:<\/strong> C\u00e2mara Municipal de Set\u00fabal, Junta de Freguesia de Azeit\u00e3o e Federa\u00e7\u00e3o de Triatlo de Portugal<\/p>\n<\/li>\n<li data-start=\"1235\" data-end=\"1270\">\n<p data-start=\"1237\" data-end=\"1270\"><strong data-start=\"1237\" data-end=\"1254\">Secretariado:<\/strong> 08h15 \u2013 09h15<\/p>\n<\/li>\n<li data-start=\"1271\" data-end=\"1302\">\n<p data-start=\"1273\" data-end=\"1302\"><strong data-start=\"1273\" data-end=\"1286\">Check-in:<\/strong> 08h30 \u2013 09h30<\/p>\n<\/li>\n<li data-start=\"1303\" data-end=\"1394\">\n<p data-start=\"1305\" data-end=\"1394\"><strong data-start=\"1305\" data-end=\"1327\">In\u00edcio das provas:<\/strong> 10h00 (por escal\u00e3o e g\u00e9nero, come\u00e7ando nos Benjamins masculinos)<\/p>\n<\/li>\n<li data-start=\"1395\" data-end=\"1441\">\n<p data-start=\"1397\" data-end=\"1441\"><strong data-start=\"1397\" data-end=\"1433\">Cerim\u00f3nia de entrega de pr\u00e9mios:<\/strong> 13h45<\/p>\n<\/li>\n<\/ul>\n<\/li>\n<li data-start=\"918\" data-end=\"960\">\n<p data-start=\"1443\" data-end=\"1890\"><strong data-start=\"1443\" data-end=\"1484\">Escal\u00f5es e dist\u00e2ncias (Duatlo Jovem):<\/strong><br data-start=\"1484\" data-end=\"1487\" \/>\ud83c\udfc3\u200d\u2642\ufe0f <strong data-start=\"1493\" data-end=\"1518\">Benjamins (2018\u20132016)<\/strong> \u2013 Corrida 300 m \/ Ciclismo 1 km \/ Corrida 200 m<br data-start=\"1566\" data-end=\"1569\" \/>\ud83c\udfc3\u200d\u2640\ufe0f <strong data-start=\"1575\" data-end=\"1599\">Infantis (2015\u20132014)<\/strong> \u2013 Corrida 800 m \/ Ciclismo 2 km \/ Corrida 400 m<br data-start=\"1647\" data-end=\"1650\" \/>\ud83d\udeb4\u200d\u2642\ufe0f <strong data-start=\"1656\" data-end=\"1681\">Iniciados (2013\u20132012)<\/strong> \u2013 Corrida 1 km \/ Ciclismo 3,75 km \/ Corrida 500 m<br data-start=\"1731\" data-end=\"1734\" \/>\ud83c\udfc3 <strong data-start=\"1737\" data-end=\"1760\">Juvenis (2011\u20132010)<\/strong> \u2013 Corrida 2 km \/ Ciclismo 7,5 km \/ Corrida 1 km<br data-start=\"1808\" data-end=\"1811\" \/>\ud83c\udfc3\u200d\u2640\ufe0f <strong data-start=\"1817\" data-end=\"1840\">Cadetes (2009\u20132008)<\/strong> \u2013 Corrida 2 km \/ Ciclismo 7,5 km \/ Corrida 1 km<\/p>\n<p data-start=\"1892\" data-end=\"2027\"><strong data-start=\"1892\" data-end=\"1906\">Percursos:<\/strong> planos e acess\u00edveis, combinando <strong data-start=\"1939\" data-end=\"1968\">asfalto, terra e gravilha<\/strong>, com zonas amplas e seguras para o p\u00fablico e os atletas.<\/p>\n<p data-start=\"2029\" data-end=\"2046\"><strong data-start=\"2029\" data-end=\"2044\">Inscri\u00e7\u00f5es:<\/strong><\/p>\n<ul data-start=\"2047\" data-end=\"2302\">\n<li data-start=\"2047\" data-end=\"2200\">\n<p data-start=\"2049\" data-end=\"2200\">Atrav\u00e9s do site da <a class=\"decorated-link\" href=\"http:\/\/www.federacao-triatlo.pt\/ftp2015\/aplicacao-de-gestao-ftp\/\" target=\"_new\" rel=\"noopener\" data-start=\"2068\" data-end=\"2168\">Federa\u00e7\u00e3o de Triatlo de Portugal<\/a> at\u00e9 <strong data-start=\"2173\" data-end=\"2198\">3 de novembro de 2025<\/strong><\/p>\n<\/li>\n<li data-start=\"2201\" data-end=\"2238\">\n<p data-start=\"2203\" data-end=\"2238\">Atletas licenciados: <strong data-start=\"2224\" data-end=\"2236\">Gratuito<\/strong><\/p>\n<\/li>\n<li data-start=\"2239\" data-end=\"2302\">\n<p data-start=\"2241\" data-end=\"2302\">Atletas n\u00e3o licenciados: <strong data-start=\"2266\" data-end=\"2273\">5 \u20ac<\/strong> (inclui seguro desportivo)<\/p>\n<\/li>\n<\/ul>\n<\/li>\n<\/ul>\n","event_date_start":"20251109","event_participants_count":"0","race_benefits":"<p>\ud83c\udfc6 <strong data-start=\"2345\" data-end=\"2380\">Trof\u00e9us individuais e coletivos<\/strong> \u2013 para os tr\u00eas primeiros classificados de cada escal\u00e3o e g\u00e9nero, e para os cinco melhores clubes.<br data-start=\"2478\" data-end=\"2481\" \/>\ud83e\udd64 <strong data-start=\"2484\" data-end=\"2521\">Abastecimentos s\u00f3lidos e l\u00edquidos<\/strong> \u2013 dispon\u00edveis na meta e na zona de recupera\u00e7\u00e3o (\u00e1gua e fruta).<br data-start=\"2584\" data-end=\"2587\" \/>\ud83d\udedf <strong data-start=\"2590\" data-end=\"2613\">Seguran\u00e7a garantida<\/strong> \u2013 seguro de acidentes pessoais inclu\u00eddo e apoio t\u00e9cnico especializado.<br data-start=\"2684\" data-end=\"2687\" \/>\ud83d\udeb4\u200d\u2640\ufe0f <strong data-start=\"2693\" data-end=\"2730\">Ambiente educativo e de fair play<\/strong> \u2013 ideal para inicia\u00e7\u00e3o ao duatlo e desenvolvimento desportivo juvenil.<br data-start=\"2801\" data-end=\"2804\" \/>\ud83d\udcf8 <strong data-start=\"2807\" data-end=\"2842\">Localiza\u00e7\u00e3o central e acess\u00edvel<\/strong> \u2013 percursos junto \u00e0 Feira de Azeit\u00e3o, permitindo a presen\u00e7a de familiares e p\u00fablico.<\/p>\n","organizer_website":{"title":"","url":"","target":"","0":""}},"_links":{"self":[{"href":"https:\/\/racefinder.pt\/pt\/wp-json\/wp\/v2\/product\/1281","targetHints":{"allow":["GET"]}}],"collection":[{"href":"https:\/\/racefinder.pt\/pt\/wp-json\/wp\/v2\/product"}],"about":[{"href":"https:\/\/racefinder.pt\/pt\/wp-json\/wp\/v2\/types\/product"}],"replies":[{"embeddable":true,"href":"https:\/\/racefinder.pt\/pt\/wp-json\/wp\/v2\/comments?post=1281"}],"version-history":[{"count":0,"href":"https:\/\/racefinder.pt\/pt\/wp-json\/wp\/v2\/product\/1281\/revisions"}],"wp:featuredmedia":[{"embeddable":true,"href":"https:\/\/racefinder.pt\/pt\/wp-json\/wp\/v2\/media\/1280"}],"wp:attachment":[{"href":"https:\/\/racefinder.pt\/pt\/wp-json\/wp\/v2\/media?parent=1281"}],"wp:term":[{"taxonomy":"product_brand","embeddable":true,"href":"https:\/\/racefinder.pt\/pt\/wp-json\/wp\/v2\/product_brand?post=1281"},{"taxonomy":"product_cat","embeddable":true,"href":"https:\/\/racefinder.pt\/pt\/wp-json\/wp\/v2\/product_cat?post=1281"},{"taxonomy":"product_tag","embeddable":true,"href":"https:\/\/racefinder.pt\/pt\/wp-json\/wp\/v2\/product_tag?post=1281"}],"curies":[{"name":"wp","href":"https:\/\/api.w.org\/{rel}","templated":true}]}}