{"id":1266,"date":"2025-05-28T08:12:56","date_gmt":"2025-05-28T08:12:56","guid":{"rendered":"https:\/\/www.racefinder.pt\/event\/duatlo-de-lousada\/"},"modified":"2025-06-25T04:55:46","modified_gmt":"2025-06-25T04:55:46","slug":"duatlo-de-lousada","status":"publish","type":"product","link":"https:\/\/racefinder.pt\/pt\/event\/duatlo-de-lousada\/","title":{"rendered":"Duatlo de Lousada"},"content":{"rendered":"","protected":false},"excerpt":{"rendered":"","protected":false},"featured_media":1265,"comment_status":"open","ping_status":"closed","template":"","meta":{"_acf_changed":false,"footnotes":""},"product_brand":[],"product_cat":[141],"product_tag":[],"class_list":{"0":"post-1266","1":"product","2":"type-product","3":"status-publish","4":"has-post-thumbnail","6":"product_cat-duatlo","8":"first","9":"instock","10":"shipping-taxable","11":"product-type-simple"},"acf":{"event_date_start":"20250928","event_date_end":"","event_start_time":"","event_country":"portugal","event_ticket_url":"https:\/\/www.federacao-triatlo.pt\/","event_rating":"","is_hot_event":false,"organizer_avatar":false,"event_gallery":false,"event_location_text":"Lousada","event_short_description":"<p>CAMPEONATO NORTE<br \/>\nTipo de Evento:Norte<\/p>\n","organizer_name":"Federa\u00e7\u00e3o de Triatlo de Portugal","organizer_description":"<p>Federa\u00e7\u00e3o de Triatlo de Portugalcompeticoes@federacao-triatlo.pt<\/p>\n","event_latitude":"41.2787","event_longitude":"-8.2785","organizer_website":{"title":"","url":"https:\/\/www.federacao-triatlo.pt\/","target":""}},"_links":{"self":[{"href":"https:\/\/racefinder.pt\/pt\/wp-json\/wp\/v2\/product\/1266","targetHints":{"allow":["GET"]}}],"collection":[{"href":"https:\/\/racefinder.pt\/pt\/wp-json\/wp\/v2\/product"}],"about":[{"href":"https:\/\/racefinder.pt\/pt\/wp-json\/wp\/v2\/types\/product"}],"replies":[{"embeddable":true,"href":"https:\/\/racefinder.pt\/pt\/wp-json\/wp\/v2\/comments?post=1266"}],"version-history":[{"count":0,"href":"https:\/\/racefinder.pt\/pt\/wp-json\/wp\/v2\/product\/1266\/revisions"}],"wp:featuredmedia":[{"embeddable":true,"href":"https:\/\/racefinder.pt\/pt\/wp-json\/wp\/v2\/media\/1265"}],"wp:attachment":[{"href":"https:\/\/racefinder.pt\/pt\/wp-json\/wp\/v2\/media?parent=1266"}],"wp:term":[{"taxonomy":"product_brand","embeddable":true,"href":"https:\/\/racefinder.pt\/pt\/wp-json\/wp\/v2\/product_brand?post=1266"},{"taxonomy":"product_cat","embeddable":true,"href":"https:\/\/racefinder.pt\/pt\/wp-json\/wp\/v2\/product_cat?post=1266"},{"taxonomy":"product_tag","embeddable":true,"href":"https:\/\/racefinder.pt\/pt\/wp-json\/wp\/v2\/product_tag?post=1266"}],"curies":[{"name":"wp","href":"https:\/\/api.w.org\/{rel}","templated":true}]}}