{"id":1148,"date":"2025-05-27T12:49:34","date_gmt":"2025-05-27T11:49:34","guid":{"rendered":"https:\/\/www.racefinder.pt\/event\/rios-ibericos-remax-advenced-duatlo-jovem\/"},"modified":"2025-06-25T04:56:37","modified_gmt":"2025-06-25T04:56:37","slug":"rios-ibericos-remax-advenced-duatlo-jovem","status":"publish","type":"product","link":"https:\/\/racefinder.pt\/pt\/event\/rios-ibericos-remax-advenced-duatlo-jovem\/","title":{"rendered":"Rios Ib\u00e9ricos Remax Advenced Duatlo Jovem"},"content":{"rendered":"","protected":false},"excerpt":{"rendered":"","protected":false},"featured_media":1147,"comment_status":"open","ping_status":"closed","template":"","meta":{"_acf_changed":false,"footnotes":""},"product_brand":[],"product_cat":[141,480],"product_tag":[],"class_list":{"0":"post-1148","1":"product","2":"type-product","3":"status-publish","4":"has-post-thumbnail","6":"product_cat-duatlo","7":"product_cat-jovens-pt-2","9":"first","10":"instock","11":"shipping-taxable","12":"purchasable","13":"product-type-simple"},"acf":{"event_date_start":"20250712","event_date_end":"","event_start_time":"","event_country":"portugal","event_ticket_url":"https:\/\/docs.google.com\/forms\/d\/e\/1FAIpQLScpMHikirATD2DfmF6I1_GJmqkg7yxIgNZsFVPhKyK5P0bKLw\/viewform?fbclid=IwY2xjawKikL9leHRuA2FlbQIxMAABHsgd5Euqfkx-NhqBl1eNPIaAgYPYBDOEtrYrhtiwjPNku_RfFQ85uNHNR49t_aem_85RiusUl4wDYtMtIH1bPTw","event_rating":"","is_hot_event":false,"organizer_avatar":false,"event_gallery":false,"event_latitude":"41.0167","event_longitude":"-8.2667","event_location_text":" Castelo de Paiva","event_short_description":"<p>O Rios Ib\u00e9ricos Remax Advenced Duatlo Jovem realiza-se no dia 12 de julho de 2025 (s\u00e1bado), em Castelo de Paiva, e integra o Campeonato Norte Jovem, com dist\u00e2ncias adaptadas a cada escal\u00e3o et\u00e1rio. Organizado pelo Munic\u00edpio de Castelo de Paiva em parceria com o Centro Sol Nascente, associa\u00e7\u00f5es locais e o IPDJ, o evento conta com o apoio t\u00e9cnico da Federa\u00e7\u00e3o de Triatlo de Portugal. <\/p>\n<p>A prova decorrer\u00e1 nas ruas da vila, com segmentos de corrida e ciclismo em piso asfaltado e de paralelos. \u00c9 aberta a jovens nascidos entre 2008 e 2018, com inscri\u00e7\u00f5es gratuitas e abastecimentos inclu\u00eddos. <\/p>\n","organizer_name":"Munic\u00edpio de Castelo de Paiva","organizer_description":"<p>Organized by the Municipality of Castelo de Paiva with support from the Portuguese Triathlon Federation, this event reflects the region\u2019s strong commitment to youth sport. The goal is to foster participation, health, and talent development in a fun, structured environment. <\/p>\n<p><span data-sheets-root=\"1\">riosibericostriatlo@gmail.com \/ <\/span><span data-sheets-root=\"1\">914550007<\/span><\/p>\n","race_benefits":"<p data-start=\"195\" data-end=\"343\">\ud83c\udfbd Official Northern Youth Championship event<br data-start=\"284\" data-end=\"287\">\ud83d\udccf Distances adapted by age group: Benjamins to Cadets<\/p>\n<p data-start=\"345\" data-end=\"479\">\ud83d\udedf Insurance included for all athletes<br data-start=\"383\" data-end=\"386\">\ud83c\udf49 Water and fruit at the finish line<br data-start=\"423\" data-end=\"426\">\ud83c\udfc6 Individual and team awards across all categories<\/p>\n","organizer_website":{"title":"","url":"","target":"","0":"https:\/\/docs.google.com\/forms\/d\/e\/1FAIpQLScpMHikirATD2DfmF6I1_GJmqkg7yxIgNZsFVPhKyK5P0bKLw\/viewform?fbclid=IwY2xjawKikL9leHRuA2FlbQIxMAABHsgd5Euqfkx-NhqBl1eNPIaAgYPYBDOEtrYrhtiwjPNku_RfFQ85uNHNR49t_aem_85RiusUl4wDYtMtIH1bPTw"}},"_links":{"self":[{"href":"https:\/\/racefinder.pt\/pt\/wp-json\/wp\/v2\/product\/1148","targetHints":{"allow":["GET"]}}],"collection":[{"href":"https:\/\/racefinder.pt\/pt\/wp-json\/wp\/v2\/product"}],"about":[{"href":"https:\/\/racefinder.pt\/pt\/wp-json\/wp\/v2\/types\/product"}],"replies":[{"embeddable":true,"href":"https:\/\/racefinder.pt\/pt\/wp-json\/wp\/v2\/comments?post=1148"}],"version-history":[{"count":0,"href":"https:\/\/racefinder.pt\/pt\/wp-json\/wp\/v2\/product\/1148\/revisions"}],"wp:featuredmedia":[{"embeddable":true,"href":"https:\/\/racefinder.pt\/pt\/wp-json\/wp\/v2\/media\/1147"}],"wp:attachment":[{"href":"https:\/\/racefinder.pt\/pt\/wp-json\/wp\/v2\/media?parent=1148"}],"wp:term":[{"taxonomy":"product_brand","embeddable":true,"href":"https:\/\/racefinder.pt\/pt\/wp-json\/wp\/v2\/product_brand?post=1148"},{"taxonomy":"product_cat","embeddable":true,"href":"https:\/\/racefinder.pt\/pt\/wp-json\/wp\/v2\/product_cat?post=1148"},{"taxonomy":"product_tag","embeddable":true,"href":"https:\/\/racefinder.pt\/pt\/wp-json\/wp\/v2\/product_tag?post=1148"}],"curies":[{"name":"wp","href":"https:\/\/api.w.org\/{rel}","templated":true}]}}