{"id":1068,"date":"2025-05-21T19:38:57","date_gmt":"2025-05-21T19:38:57","guid":{"rendered":"https:\/\/www.racefinder.pt\/event\/x-triatlo-de-altura-sprint\/"},"modified":"2025-06-25T04:56:38","modified_gmt":"2025-06-25T04:56:38","slug":"x-triatlo-de-altura-sprint","status":"publish","type":"product","link":"https:\/\/racefinder.pt\/pt\/event\/x-triatlo-de-altura-sprint\/","title":{"rendered":"X Triatlo de Altura Sprint"},"content":{"rendered":"","protected":false},"excerpt":{"rendered":"","protected":false},"featured_media":1066,"comment_status":"open","ping_status":"closed","template":"","meta":{"_acf_changed":false,"footnotes":""},"product_brand":[],"product_cat":[132,254],"product_tag":[],"class_list":{"0":"post-1068","1":"product","2":"type-product","3":"status-publish","4":"has-post-thumbnail","6":"product_cat-triatlo","7":"product_cat-sprint-pt","9":"first","10":"instock","11":"shipping-taxable","12":"product-type-simple"},"acf":{"event_date_start":"20250525","event_date_end":"","event_start_time":"","event_country":"portugal","event_rating":"","is_hot_event":false,"organizer_avatar":false,"event_gallery":false,"event_short_description":"<p>O X Triatlo de Altura realiza-se no dia 25 de maio de 2025 (domingo), com in\u00edcio \u00e0s 10h00, na vila de Altura, concelho de Castro Marim. A prova, organizada pelo Clube Le\u00f5es do Sul FC, conta com o apoio da C\u00e2mara Municipal de Castro Marim, da Junta de Freguesia de Altura, e com apoio t\u00e9cnico da Federa\u00e7\u00e3o de Triatlo de Portugal. <\/p>\n<p>Disputado na dist\u00e2ncia Sprint, o percurso inclui:<\/p>\n<p>\ud83c\udfca\u200d\u2642\ufe0f 750 m de nata\u00e7\u00e3o (na Praia da Alagoa \u2013 Altura)<\/p>\n<p>\ud83d\udeb4\u200d\u2640\ufe0f 20 km de ciclismo (estradas municipais)<\/p>\n<p>\ud83c\udfc3\u200d\u2642\ufe0f 5 km de corrida (Av. 24 de Junho)<\/p>\n","organizer_name":"Clube Le\u00f5es do Sul FC","organizer_description":"<p>Clube Le\u00f5es do Sul FC<\/p>\n<p>leoes-sul@sapo.pt<\/p>\n","race_benefits":"<p>\u2705 Dist\u00e2ncia sprint ideal para todos os n\u00edveis<br data-start=\"2721\" data-end=\"2724\">\u2705 Cen\u00e1rio de praia, vila e estradas rurais<br data-start=\"2771\" data-end=\"2774\">\u2705 Acesso aberto a atletas federados e n\u00e3o federados<br data-start=\"2845\" data-end=\"2848\">\u2705 Organiza\u00e7\u00e3o local com apoio t\u00e9cnico oficial<br data-start=\"2898\" data-end=\"2901\">\u2705 Prova com classifica\u00e7\u00e3o oficial e percurso seguro<br data-start=\"2954\" data-end=\"2957\">\u2705 Primeira etapa do Campeonato Regional (Algarve e Baixo Alentejo)<\/p>\n","event_ticket_url":"https:\/\/aplicacao.federacao-triatlo.pt\/area-reservada\/","event_latitude":"","event_longitude":"","organizer_website":{"title":"","url":"","target":"","0":"https:\/\/leoesdosul.com\/2025\/05\/12\/vem-ai-o-x-triatlo-de-altura-sprint-estamos-de-volta\/?fbclid=IwY2xjawKbCGBleHRuA2FlbQIxMABicmlkETBOV0RSVm1Cc2R1RVh0ZXFiAR4sll-EVh5JPC1PYLH4vwywNzgrPe0v1NXb4rKEcs49oYS-vcAMkDVf9C4y5Q_aem_6C05rt8vNSvTWgCKspJBJw"}},"_links":{"self":[{"href":"https:\/\/racefinder.pt\/pt\/wp-json\/wp\/v2\/product\/1068","targetHints":{"allow":["GET"]}}],"collection":[{"href":"https:\/\/racefinder.pt\/pt\/wp-json\/wp\/v2\/product"}],"about":[{"href":"https:\/\/racefinder.pt\/pt\/wp-json\/wp\/v2\/types\/product"}],"replies":[{"embeddable":true,"href":"https:\/\/racefinder.pt\/pt\/wp-json\/wp\/v2\/comments?post=1068"}],"version-history":[{"count":0,"href":"https:\/\/racefinder.pt\/pt\/wp-json\/wp\/v2\/product\/1068\/revisions"}],"wp:featuredmedia":[{"embeddable":true,"href":"https:\/\/racefinder.pt\/pt\/wp-json\/wp\/v2\/media\/1066"}],"wp:attachment":[{"href":"https:\/\/racefinder.pt\/pt\/wp-json\/wp\/v2\/media?parent=1068"}],"wp:term":[{"taxonomy":"product_brand","embeddable":true,"href":"https:\/\/racefinder.pt\/pt\/wp-json\/wp\/v2\/product_brand?post=1068"},{"taxonomy":"product_cat","embeddable":true,"href":"https:\/\/racefinder.pt\/pt\/wp-json\/wp\/v2\/product_cat?post=1068"},{"taxonomy":"product_tag","embeddable":true,"href":"https:\/\/racefinder.pt\/pt\/wp-json\/wp\/v2\/product_tag?post=1068"}],"curies":[{"name":"wp","href":"https:\/\/api.w.org\/{rel}","templated":true}]}}