{"id":1052,"date":"2025-05-21T18:06:17","date_gmt":"2025-05-21T18:06:17","guid":{"rendered":"https:\/\/www.racefinder.pt\/event\/ironman\/"},"modified":"2025-06-25T04:56:39","modified_gmt":"2025-06-25T04:56:39","slug":"ironman","status":"publish","type":"product","link":"https:\/\/racefinder.pt\/pt\/event\/ironman\/","title":{"rendered":"Ironman"},"content":{"rendered":"","protected":false},"excerpt":{"rendered":"","protected":false},"featured_media":1051,"comment_status":"open","ping_status":"closed","template":"","meta":{"_acf_changed":false,"footnotes":""},"product_brand":[],"product_cat":[132,252],"product_tag":[],"class_list":{"0":"post-1052","1":"product","2":"type-product","3":"status-publish","4":"has-post-thumbnail","6":"product_cat-triatlo","7":"product_cat-triatlo-de-longa-distancia","9":"first","10":"instock","11":"shipping-taxable","12":"purchasable","13":"product-type-variable"},"acf":{"event_date_start":"20251018","event_date_end":"","event_start_time":"","event_country":"portugal","event_rating":"","is_hot_event":false,"organizer_avatar":false,"event_gallery":false,"event_location_text":"Lisboa","event_short_description":"<p>O Ironman Cascais \u00e9 um evento de triatlo de prest\u00edgio realizado perto de Lisboa, com as dist\u00e2ncias cl\u00e1ssicas do Ironman: 3,8 km de nata\u00e7\u00e3o, 180 km de ciclismo e uma maratona completa de 42 km de corrida. Esta prova desafiadora atrai atletas de todo o mundo que procuram testar a sua resist\u00eancia, for\u00e7a e capacidade mental num cen\u00e1rio costeiro deslumbrante. Com organiza\u00e7\u00e3o profissional, apoio m\u00e9dico e uma multid\u00e3o entusi\u00e1stica, o Ironman Cascais oferece uma experi\u00eancia de triatlo inesquec\u00edvel.  <\/p>\n","organizer_name":"Ironman","organizer_description":"<p><span data-sheets-root=\"1\">Ironman<\/span><\/p>\n<p><span data-sheets-root=\"1\">cascais@ironman.com<\/span><\/p>\n","race_benefits":"<ul>\n<li data-start=\"664\" data-end=\"731\">\n<p data-start=\"666\" data-end=\"731\">Evento oficial Ironman certificado, com cronometragem e classifica\u00e7\u00e3o<\/p>\n<\/li>\n<li data-start=\"732\" data-end=\"798\">\n<p data-start=\"734\" data-end=\"798\">Postos de apoio com nutri\u00e7\u00e3o e hidrata\u00e7\u00e3o ao longo do percurso<\/p>\n<\/li>\n<li data-start=\"799\" data-end=\"858\">\n<p data-start=\"801\" data-end=\"858\">Assist\u00eancia m\u00e9dica e equipas de seguran\u00e7a durante toda a prova<\/p>\n<\/li>\n<li data-start=\"859\" data-end=\"927\">\n<p data-start=\"861\" data-end=\"927\">Percursos costeiros bonitos e desafiadores para nata\u00e7\u00e3o, ciclismo e corrida<\/p>\n<\/li>\n<li data-start=\"928\" data-end=\"991\">\n<p data-start=\"930\" data-end=\"991\">Atividades pr\u00e9 e p\u00f3s-prova, al\u00e9m de suporte aos atletas<\/p>\n<\/li>\n<li data-start=\"992\" data-end=\"1064\">\n<p data-start=\"994\" data-end=\"1064\">Acesso \u00e0 comunidade global Ironman e oportunidades de qualifica\u00e7\u00e3o<\/p>\n<\/li>\n<\/ul>\n","event_ticket_url":"https:\/\/www.ironman.com\/races\/im-cascais","event_latitude":"38.6979","event_longitude":"-9.4215","organizer_website":{"title":"","url":"","target":"","0":"https:\/\/www.ironman.com\/races\/im-cascais"}},"_links":{"self":[{"href":"https:\/\/racefinder.pt\/pt\/wp-json\/wp\/v2\/product\/1052","targetHints":{"allow":["GET"]}}],"collection":[{"href":"https:\/\/racefinder.pt\/pt\/wp-json\/wp\/v2\/product"}],"about":[{"href":"https:\/\/racefinder.pt\/pt\/wp-json\/wp\/v2\/types\/product"}],"replies":[{"embeddable":true,"href":"https:\/\/racefinder.pt\/pt\/wp-json\/wp\/v2\/comments?post=1052"}],"version-history":[{"count":0,"href":"https:\/\/racefinder.pt\/pt\/wp-json\/wp\/v2\/product\/1052\/revisions"}],"wp:featuredmedia":[{"embeddable":true,"href":"https:\/\/racefinder.pt\/pt\/wp-json\/wp\/v2\/media\/1051"}],"wp:attachment":[{"href":"https:\/\/racefinder.pt\/pt\/wp-json\/wp\/v2\/media?parent=1052"}],"wp:term":[{"taxonomy":"product_brand","embeddable":true,"href":"https:\/\/racefinder.pt\/pt\/wp-json\/wp\/v2\/product_brand?post=1052"},{"taxonomy":"product_cat","embeddable":true,"href":"https:\/\/racefinder.pt\/pt\/wp-json\/wp\/v2\/product_cat?post=1052"},{"taxonomy":"product_tag","embeddable":true,"href":"https:\/\/racefinder.pt\/pt\/wp-json\/wp\/v2\/product_tag?post=1052"}],"curies":[{"name":"wp","href":"https:\/\/api.w.org\/{rel}","templated":true}]}}