{"id":1045,"date":"2025-05-21T17:56:35","date_gmt":"2025-05-21T16:56:35","guid":{"rendered":"https:\/\/www.racefinder.pt\/event\/oeiras-open-water-race\/"},"modified":"2026-03-04T15:05:59","modified_gmt":"2026-03-04T15:05:59","slug":"oeiras-open-water-race","status":"publish","type":"product","link":"https:\/\/racefinder.pt\/pt\/event\/oeiras-open-water-race\/","title":{"rendered":"Oeiras Open Water Race"},"content":{"rendered":"","protected":false},"excerpt":{"rendered":"","protected":false},"featured_media":1043,"comment_status":"open","ping_status":"closed","template":"","meta":{"_acf_changed":false,"footnotes":""},"product_brand":[],"product_cat":[131,233],"product_tag":[],"class_list":{"0":"post-1045","1":"product","2":"type-product","3":"status-publish","4":"has-post-thumbnail","6":"product_cat-natacao","7":"product_cat-aguas-abertas","9":"first","10":"instock","11":"shipping-taxable","12":"purchasable","13":"product-type-variable"},"acf":{"event_date_start":"20250503","event_date_end":"","event_start_time":"","event_country":"portugal","event_rating":"","is_hot_event":false,"organizer_avatar":false,"event_gallery":false,"event_location_text":"Lisboa","event_short_description":"<p>A Oeiras Open Water Race \u00e9 uma emocionante prova de nata\u00e7\u00e3o em \u00e1guas abertas realizada nas belas \u00e1guas pr\u00f3ximas a Lisboa. Com dist\u00e2ncias de 750m, 1.500m e 3.000m, a prova recebe nadadores de todos os n\u00edveis que desejam desafiar-se num ambiente seguro e bem organizado. Com apoio profissional, percursos bem definidos e vistas costeiras deslumbrantes, este evento oferece uma experi\u00eancia de nata\u00e7\u00e3o inesquec\u00edvel.  <\/p>\n","organizer_name":"HMS Sports","organizer_description":"<p>HMS Sports<\/p>\n<p>info@oeirasopenwaterrace.pt<\/p>\n","event_ticket_url":"https:\/\/www.oeirasopenwaterrace.pt\/site\/?ln=en","event_latitude":"38.6778","event_longitude":"-9.3197","organizer_website":{"title":"","url":"","target":"","0":"https:\/\/www.oeirasopenwaterrace.pt\/site\/?ln=en"},"race_benefits":""},"_links":{"self":[{"href":"https:\/\/racefinder.pt\/pt\/wp-json\/wp\/v2\/product\/1045","targetHints":{"allow":["GET"]}}],"collection":[{"href":"https:\/\/racefinder.pt\/pt\/wp-json\/wp\/v2\/product"}],"about":[{"href":"https:\/\/racefinder.pt\/pt\/wp-json\/wp\/v2\/types\/product"}],"replies":[{"embeddable":true,"href":"https:\/\/racefinder.pt\/pt\/wp-json\/wp\/v2\/comments?post=1045"}],"version-history":[{"count":1,"href":"https:\/\/racefinder.pt\/pt\/wp-json\/wp\/v2\/product\/1045\/revisions"}],"predecessor-version":[{"id":35674,"href":"https:\/\/racefinder.pt\/pt\/wp-json\/wp\/v2\/product\/1045\/revisions\/35674"}],"wp:featuredmedia":[{"embeddable":true,"href":"https:\/\/racefinder.pt\/pt\/wp-json\/wp\/v2\/media\/1043"}],"wp:attachment":[{"href":"https:\/\/racefinder.pt\/pt\/wp-json\/wp\/v2\/media?parent=1045"}],"wp:term":[{"taxonomy":"product_brand","embeddable":true,"href":"https:\/\/racefinder.pt\/pt\/wp-json\/wp\/v2\/product_brand?post=1045"},{"taxonomy":"product_cat","embeddable":true,"href":"https:\/\/racefinder.pt\/pt\/wp-json\/wp\/v2\/product_cat?post=1045"},{"taxonomy":"product_tag","embeddable":true,"href":"https:\/\/racefinder.pt\/pt\/wp-json\/wp\/v2\/product_tag?post=1045"}],"curies":[{"name":"wp","href":"https:\/\/api.w.org\/{rel}","templated":true}]}}