{"id":10326,"date":"2025-08-25T14:43:48","date_gmt":"2025-08-25T13:43:48","guid":{"rendered":"https:\/\/www.racefinder.pt\/event\/v-maratona-btt-vila-flor\/"},"modified":"2025-08-25T14:43:48","modified_gmt":"2025-08-25T13:43:48","slug":"v-maratona-btt-vila-flor","status":"publish","type":"product","link":"https:\/\/racefinder.pt\/pt\/event\/v-maratona-btt-vila-flor\/","title":{"rendered":"V Maratona BTT Vila Flor"},"content":{"rendered":"","protected":false},"excerpt":{"rendered":"","protected":false},"featured_media":10323,"comment_status":"open","ping_status":"closed","template":"","meta":{"_acf_changed":false,"footnotes":""},"product_brand":[],"product_cat":[193,130],"product_tag":[],"class_list":{"0":"post-10326","1":"product","2":"type-product","3":"status-publish","4":"has-post-thumbnail","6":"product_cat-btt-pt-2","7":"product_cat-ciclismo","9":"first","10":"instock","11":"shipping-taxable","12":"purchasable","13":"product-type-variable"},"acf":{"event_date_start":"20251019","event_date_end":"","event_start_time":"","event_country":"portugal","event_ticket_url":"https:\/\/apedalar.pt\/eventos\/3767\/info","event_latitude":"41.3083","event_longitude":"-7.1535","event_rating":"","is_hot_event":false,"event_participants_count":"0","organizer_avatar":false,"event_gallery":false,"event_location_text":"Vila Flor, Bragan\u00e7a","event_short_description":"<p data-start=\"3041\" data-end=\"3336\">O <strong data-start=\"3043\" data-end=\"3062\">V BTT Vila Flor<\/strong> realiza-se a <strong data-start=\"3076\" data-end=\"3101\">19 de outubro de 2025<\/strong>, em Vila Flor, Bragan\u00e7a, organizado pelo Clube de Ciclismo de Vila Flor. Integrado no <strong data-start=\"3188\" data-end=\"3272\">Open Regional de Maratonas e Meias-Maratonas de Tr\u00e1s-os-Montes da ACB \u2013 Bragan\u00e7a<\/strong>, o evento acolhe atletas competitivos e praticantes de lazer.<\/p>\n<p data-start=\"3338\" data-end=\"3634\">Os participantes podem escolher entre tr\u00eas dist\u00e2ncias: a <strong data-start=\"3395\" data-end=\"3416\">Maratona de 65 km<\/strong>, a <strong data-start=\"3420\" data-end=\"3446\">Meia-Maratona de 35 km<\/strong> e a <strong data-start=\"3451\" data-end=\"3477\">Mini-Maratona de 15 km<\/strong>, com categorias para BTT e E-Bikes. Aberto a todos os atletas, federados ou n\u00e3o, o evento promove a inclus\u00e3o, o fair play e o respeito pelo meio ambiente.<\/p>\n<p data-start=\"3636\" data-end=\"3937\">Os percursos passam por trilhos rurais e florestais, estradas municipais e nacionais do concelho de Vila Flor, juntando o desafio desportivo ao esp\u00edrito comunit\u00e1rio. Com apoio log\u00edstico completo, abastecimentos e equipas de seguran\u00e7a, o evento garante um dia memor\u00e1vel de ciclismo em Tr\u00e1s-os-Montes.<\/p>\n","organizer_description":"<p data-start=\"3961\" data-end=\"3988\"><a href=\"https:\/\/assets.apedalar.pt\/media\/7543\/6870f35a64782_Regulamento.pdf\"><strong data-start=\"3961\" data-end=\"3984\">Link do regulamento<\/strong> \u2197<\/a><\/p>\n<p data-start=\"3990\" data-end=\"4014\"><strong data-start=\"3990\" data-end=\"4012\">Escal\u00f5es\/Divis\u00f5es:<\/strong><\/p>\n<ul data-start=\"4015\" data-end=\"4275\">\n<li data-start=\"4015\" data-end=\"4111\">\n<p data-start=\"4017\" data-end=\"4111\">Maratona BTT (65 km): Juniores (17\u201318), Elites (19\u201329), Masters 30, 35, 40, 45, 50, 55, 60+.<\/p>\n<\/li>\n<li data-start=\"4112\" data-end=\"4159\">\n<p data-start=\"4114\" data-end=\"4159\">Meia-Maratona BTT (35 km): mesmos escal\u00f5es.<\/p>\n<\/li>\n<li data-start=\"4160\" data-end=\"4204\">\n<p data-start=\"4162\" data-end=\"4204\">E-Bikes: Maratona &amp; Meia-Maratona (17+).<\/p>\n<\/li>\n<li data-start=\"4205\" data-end=\"4275\">\n<p data-start=\"4207\" data-end=\"4275\">Mini-Maratona (15 km): Aberto a participantes a partir dos 8 anos.<\/p>\n<\/li>\n<\/ul>\n<p data-start=\"4277\" data-end=\"4365\"><strong data-start=\"4277\" data-end=\"4306\">Local de partida\/chegada:<\/strong> C\u00e2mara Municipal de Vila Flor, Avenida Marechal Carmona.<\/p>\n<p data-start=\"4367\" data-end=\"4411\"><strong data-start=\"4367\" data-end=\"4409\">Hor\u00e1rios de partida (19 outubro 2025):<\/strong><\/p>\n<ul data-start=\"4412\" data-end=\"4533\">\n<li data-start=\"4412\" data-end=\"4449\">\n<p data-start=\"4414\" data-end=\"4449\">09:30 \u2013 Maratona Open XCM (65 km)<\/p>\n<\/li>\n<li data-start=\"4450\" data-end=\"4488\">\n<p data-start=\"4452\" data-end=\"4488\">09:35 \u2013 Meia-Maratona Open (35 km)<\/p>\n<\/li>\n<li data-start=\"4489\" data-end=\"4533\">\n<p data-start=\"4491\" data-end=\"4533\">09:40 \u2013 Mini-Maratona &amp; Promo\u00e7\u00e3o (15 km)<\/p>\n<\/li>\n<\/ul>\n<p data-start=\"4535\" data-end=\"4588\"><strong data-start=\"4535\" data-end=\"4552\">Tempo limite:<\/strong> 14h30 (encerramento do percurso).<\/p>\n<p data-start=\"4590\" data-end=\"4620\"><strong data-start=\"4590\" data-end=\"4618\">Levantamento de dorsais:<\/strong><\/p>\n<ul data-start=\"4621\" data-end=\"4737\">\n<li data-start=\"4621\" data-end=\"4670\">\n<p data-start=\"4623\" data-end=\"4670\">18 de outubro: 16h00\u201319h00 (C\u00e2mara Municipal)<\/p>\n<\/li>\n<li data-start=\"4671\" data-end=\"4737\">\n<p data-start=\"4673\" data-end=\"4737\">19 de outubro: 07h15\u201309h00 (C\u00e2mara Municipal, zona de partida)<\/p>\n<\/li>\n<\/ul>\n<p data-start=\"4739\" data-end=\"4787\"><strong data-start=\"4739\" data-end=\"4767\">Limite de participantes:<\/strong> N\u00e3o especificado.<\/p>\n<p data-start=\"4789\" data-end=\"4843\"><strong data-start=\"4789\" data-end=\"4818\">Data limite de inscri\u00e7\u00e3o:<\/strong> 17 de outubro de 2025.<\/p>\n<p data-start=\"4845\" data-end=\"4937\"><strong data-start=\"4845\" data-end=\"4865\">Tipo de terreno:<\/strong> Trilhos rurais, caminhos florestais, estradas municipais e nacionais.<\/p>\n<p data-start=\"4939\" data-end=\"5048\"><strong data-start=\"4939\" data-end=\"4963\">Formato do percurso:<\/strong> Circuitos circulares com tro\u00e7os em estrada aberta (regras de tr\u00e2nsito aplic\u00e1veis).<\/p>\n<p data-start=\"5050\" data-end=\"5119\"><strong data-start=\"5050\" data-end=\"5068\">Cronometragem:<\/strong> Chip eletr\u00f3nico com postos de controlo surpresa.<\/p>\n<p data-start=\"5121\" data-end=\"5151\"><strong data-start=\"5121\" data-end=\"5149\">Postos de abastecimento:<\/strong><\/p>\n<ul data-start=\"5152\" data-end=\"5280\">\n<li data-start=\"5152\" data-end=\"5192\">\n<p data-start=\"5154\" data-end=\"5192\">1 posto para Mini-Maratona (l\u00edquido)<\/p>\n<\/li>\n<li data-start=\"5193\" data-end=\"5254\">\n<p data-start=\"5195\" data-end=\"5254\">2 postos para Meia-Maratona &amp; Maratona (l\u00edquido + s\u00f3lido)<\/p>\n<\/li>\n<li data-start=\"5255\" data-end=\"5280\">\n<p data-start=\"5257\" data-end=\"5280\">Refor\u00e7o final na meta<\/p>\n<\/li>\n<\/ul>\n<p data-start=\"5282\" data-end=\"5327\"><strong data-start=\"5282\" data-end=\"5307\">Pol\u00edtica de drop bag:<\/strong> N\u00e3o especificado.<\/p>\n<p data-start=\"5329\" data-end=\"5343\"><strong data-start=\"5329\" data-end=\"5341\">Pr\u00e9mios:<\/strong><\/p>\n<ul>\n<li style=\"list-style-type: none;\">\n<ul data-start=\"5344\" data-end=\"5532\">\n<li data-start=\"5344\" data-end=\"5420\">\n<p data-start=\"5346\" data-end=\"5420\">Pr\u00e9mios monet\u00e1rios para os 3 primeiros da geral M\/F na Maratona (65 km).<\/p>\n<\/li>\n<li data-start=\"5421\" data-end=\"5506\">\n<p data-start=\"5423\" data-end=\"5506\">Trof\u00e9us para os 3 primeiros de cada escal\u00e3o e equipas (Maratona &amp; Meia-Maratona).<\/p>\n<\/li>\n<li data-start=\"5507\" data-end=\"5532\">\n<p data-start=\"5509\" data-end=\"5532\">Pr\u00e9mios para E-Bikes.<\/p>\n<\/li>\n<\/ul>\n<\/li>\n<\/ul>\n","race_benefits":"<p data-start=\"5565\" data-end=\"5631\">\ud83c\udfbd Kit atleta: Dorsal, brinde de participa\u00e7\u00e3o, seguro do evento.<\/p>\n<p data-start=\"5633\" data-end=\"5699\">\ud83e\udd64 Abastecimentos: L\u00edquidos e s\u00f3lidos durante a prova e na meta.<\/p>\n<p data-start=\"5701\" data-end=\"5756\">\ud83d\udee1\ufe0f Seguro: Cobertura de acidentes pessoais inclu\u00edda.<\/p>\n<p data-start=\"5758\" data-end=\"5831\">\ud83d\udebf Infraestruturas: Banhos quentes e lavagem de bicicletas dispon\u00edveis.<\/p>\n<p data-start=\"5833\" data-end=\"5904\">\ud83c\udf7d\ufe0f Refei\u00e7\u00e3o p\u00f3s-prova: Inclu\u00edda na inscri\u00e7\u00e3o (sopa, bifana, bebida).<\/p>\n<p data-start=\"5906\" data-end=\"6017\">\ud83c\udfc6 Pr\u00e9mios: Pr\u00e9mios monet\u00e1rios para os primeiros da geral (Maratona), trof\u00e9us por escal\u00e3o, equipas e E-Bikes.<\/p>\n","organizer_website":{"title":"","url":"","target":"","0":""}},"_links":{"self":[{"href":"https:\/\/racefinder.pt\/pt\/wp-json\/wp\/v2\/product\/10326","targetHints":{"allow":["GET"]}}],"collection":[{"href":"https:\/\/racefinder.pt\/pt\/wp-json\/wp\/v2\/product"}],"about":[{"href":"https:\/\/racefinder.pt\/pt\/wp-json\/wp\/v2\/types\/product"}],"replies":[{"embeddable":true,"href":"https:\/\/racefinder.pt\/pt\/wp-json\/wp\/v2\/comments?post=10326"}],"version-history":[{"count":0,"href":"https:\/\/racefinder.pt\/pt\/wp-json\/wp\/v2\/product\/10326\/revisions"}],"wp:featuredmedia":[{"embeddable":true,"href":"https:\/\/racefinder.pt\/pt\/wp-json\/wp\/v2\/media\/10323"}],"wp:attachment":[{"href":"https:\/\/racefinder.pt\/pt\/wp-json\/wp\/v2\/media?parent=10326"}],"wp:term":[{"taxonomy":"product_brand","embeddable":true,"href":"https:\/\/racefinder.pt\/pt\/wp-json\/wp\/v2\/product_brand?post=10326"},{"taxonomy":"product_cat","embeddable":true,"href":"https:\/\/racefinder.pt\/pt\/wp-json\/wp\/v2\/product_cat?post=10326"},{"taxonomy":"product_tag","embeddable":true,"href":"https:\/\/racefinder.pt\/pt\/wp-json\/wp\/v2\/product_tag?post=10326"}],"curies":[{"name":"wp","href":"https:\/\/api.w.org\/{rel}","templated":true}]}}