{"id":1030,"date":"2025-05-21T17:46:33","date_gmt":"2025-05-21T17:46:33","guid":{"rendered":"https:\/\/www.racefinder.pt\/event\/swim-grand-prix\/"},"modified":"2025-06-25T04:56:40","modified_gmt":"2025-06-25T04:56:40","slug":"swim-grand-prix","status":"publish","type":"product","link":"https:\/\/racefinder.pt\/pt\/event\/swim-grand-prix\/","title":{"rendered":"Swim Grand Prix"},"content":{"rendered":"","protected":false},"excerpt":{"rendered":"","protected":false},"featured_media":1029,"comment_status":"open","ping_status":"closed","template":"","meta":{"_acf_changed":false,"footnotes":""},"product_brand":[],"product_cat":[131,233,248],"product_tag":[],"class_list":{"0":"post-1030","1":"product","2":"type-product","3":"status-publish","4":"has-post-thumbnail","6":"product_cat-natacao","7":"product_cat-aguas-abertas","8":"product_cat-kids-pt-2","10":"first","11":"instock","12":"shipping-taxable","13":"purchasable","14":"product-type-variable"},"acf":{"event_date_start":"20250719","event_date_end":"20250720","event_start_time":"","event_country":"portugal","event_rating":"","is_hot_event":false,"organizer_avatar":false,"event_gallery":false,"event_location_text":"Lisboa","event_short_description":"<p>O Swim Grand Prix \u00e9 uma s\u00e9rie de provas de nata\u00e7\u00e3o em \u00e1guas abertas realizada ao longo das deslumbrantes costas de Cascais e Lisboa. Com v\u00e1rias dist\u00e2ncias, desde provas curtas de 1 km at\u00e9 o exigente percurso de 20 km, o evento recebe nadadores de todas as idades e n\u00edveis \u2014 incluindo uma categoria especial para crian\u00e7as. Com cronometragem profissional, apoio \u00e0 seguran\u00e7a e um ambiente acolhedor, o Swim Grand Prix proporciona uma experi\u00eancia inesquec\u00edvel em algumas das \u00e1guas mais bonitas de Portugal.  <\/p>\n","organizer_name":"Swim Gp","organizer_description":"<p>Swim Gp<\/p>\n<table dir=\"ltr\" border=\"1\" cellspacing=\"0\" cellpadding=\"0\" data-sheets-root=\"1\" data-sheets-baot=\"1\">\n<colgroup>\n<col width=\"100\"><\/colgroup>\n<tbody>\n<tr>\n<td colspan=\"1\" rowspan=\"7\">\n<div>registrations@swimgp.com<\/div>\n<\/td>\n<\/tr>\n<\/tbody>\n<\/table>\n","race_benefits":"<ul>\n<li data-start=\"698\" data-end=\"753\">\n<p data-start=\"700\" data-end=\"753\">Cronometragem certificada e organiza\u00e7\u00e3o profissional<\/p>\n<\/li>\n<li data-start=\"754\" data-end=\"814\">\n<p data-start=\"756\" data-end=\"814\">Apoio de embarca\u00e7\u00f5es de seguran\u00e7a e nadadores-salvadores ao longo do percurso<\/p>\n<\/li>\n<li data-start=\"815\" data-end=\"888\">\n<p data-start=\"817\" data-end=\"888\">Diversidade de dist\u00e2ncias para iniciantes, crian\u00e7as e nadadores de elite<\/p>\n<\/li>\n<li data-start=\"889\" data-end=\"956\">\n<p data-start=\"891\" data-end=\"956\">Oportunidade de competir em locais ic\u00f4nicos da costa portuguesa<\/p>\n<\/li>\n<li data-start=\"957\" data-end=\"1024\">\n<p data-start=\"959\" data-end=\"1024\">Eventos sociais e cerim\u00f4nia de premia\u00e7\u00e3o para todos os participantes<\/p>\n<\/li>\n<li data-start=\"1025\" data-end=\"1103\">\n<p data-start=\"1027\" data-end=\"1103\">Inscri\u00e7\u00e3o online e briefings pr\u00e9vios para um dia de prova organizado e tranquilo<\/p>\n<\/li>\n<\/ul>\n","event_ticket_url":"https:\/\/swimgp.com\/","event_latitude":"38.7169","event_longitude":"-9.1399","organizer_website":{"title":"","url":"","target":"","0":"https:\/\/swimgp.com\/"}},"_links":{"self":[{"href":"https:\/\/racefinder.pt\/pt\/wp-json\/wp\/v2\/product\/1030","targetHints":{"allow":["GET"]}}],"collection":[{"href":"https:\/\/racefinder.pt\/pt\/wp-json\/wp\/v2\/product"}],"about":[{"href":"https:\/\/racefinder.pt\/pt\/wp-json\/wp\/v2\/types\/product"}],"replies":[{"embeddable":true,"href":"https:\/\/racefinder.pt\/pt\/wp-json\/wp\/v2\/comments?post=1030"}],"version-history":[{"count":0,"href":"https:\/\/racefinder.pt\/pt\/wp-json\/wp\/v2\/product\/1030\/revisions"}],"wp:featuredmedia":[{"embeddable":true,"href":"https:\/\/racefinder.pt\/pt\/wp-json\/wp\/v2\/media\/1029"}],"wp:attachment":[{"href":"https:\/\/racefinder.pt\/pt\/wp-json\/wp\/v2\/media?parent=1030"}],"wp:term":[{"taxonomy":"product_brand","embeddable":true,"href":"https:\/\/racefinder.pt\/pt\/wp-json\/wp\/v2\/product_brand?post=1030"},{"taxonomy":"product_cat","embeddable":true,"href":"https:\/\/racefinder.pt\/pt\/wp-json\/wp\/v2\/product_cat?post=1030"},{"taxonomy":"product_tag","embeddable":true,"href":"https:\/\/racefinder.pt\/pt\/wp-json\/wp\/v2\/product_tag?post=1030"}],"curies":[{"name":"wp","href":"https:\/\/api.w.org\/{rel}","templated":true}]}}